{"id":394,"date":"2020-01-02T17:42:36","date_gmt":"2020-01-02T17:42:36","guid":{"rendered":"https:\/\/vea.it\/?page_id=394"},"modified":"2025-02-19T18:30:27","modified_gmt":"2025-02-19T18:30:27","slug":"sistemi-di-visione","status":"publish","type":"page","link":"https:\/\/vea.it\/pt\/sistemas-de-visao\/","title":{"rendered":"Sistemas de vis\u00e3o"},"content":{"rendered":"<ul>\n\t\t<li>\t\t\n\t\t\t\t<img decoding=\"async\" src=\"https:\/\/vea.it\/wp-content\/uploads\/2019\/12\/Checkbox_icona8.png\" alt=\"Checkbox_icona8\" title=\"Checkbox_icona8\" itemprop=\"image\"\/>\n\t\tControle de qualidade em PPM e micr\u00f4metros de medi\u00e7\u00e3o<\/li><li>\t\t\n\t\t\t\t<img decoding=\"async\" src=\"https:\/\/vea.it\/wp-content\/uploads\/2020\/01\/Checkbox_icona10.png\" alt=\"Checkbox_icona10\" title=\"Checkbox_icona10\" itemprop=\"image\"\/>\n\t\tAn\u00e1lise de defeitos superficiais<\/li><li>\t\t\n\t\t\t\t<img decoding=\"async\" src=\"https:\/\/vea.it\/wp-content\/uploads\/2020\/01\/Checkbox_icona12.png\" alt=\"Checkbox_icona12\" title=\"Checkbox_icona12\" itemprop=\"image\"\/>\n\t\tOrienta\u00e7\u00e3o robotizada com HMI<\/li><li>\t\t\n\t\t\t\t<img decoding=\"async\" src=\"https:\/\/vea.it\/wp-content\/uploads\/2020\/02\/Micrometri_fotosec.png\" alt=\"Micr\u00f3metros_fotosec\" title=\"Micr\u00f3metros_fotosec\" itemprop=\"image\"\/>\n\t\tat\u00e9 500 fotos\/seg processadas<\/li><li>\t\t\n\t\t\t\t<img decoding=\"async\" src=\"https:\/\/vea.it\/wp-content\/uploads\/2020\/02\/Visione_prezzo.png\" alt=\"Vis\u00e3o_pre\u00e7o\" title=\"Vis\u00e3o_pre\u00e7o\" itemprop=\"image\"\/>\n\t\tInd\u00fastria Econ\u00f4mica e Financeira 4.0<\/li>\t<\/ul>\n\t\t\t\t\t\t\t<p>Leitura de OCR DataMatrix OCV<\/p>\t\t\t\t\t\t\n\t\t\t\t\t\t\t<p>Do sensor ao sistema de vis\u00e3o em um s\u00f3 produto<\/p>\t\t\t\t\t\t\n\t\t\t\t\t\t\t<p>CLP e IHM integrados no sistema de vis\u00e3o<\/p>\t\t\t\t\t\t\n\t\t\t\t\t\t\t<p>Assist\u00eancia remota PRONTA\u00a0<\/p>\t\t\t\t\t\t\n\t<h1>\n\t\tSISTEMAS DE VIS\u00c3O ARTIFICIAL\n\t<\/h1>\n\t<p><strong>Compacto, modular, expans\u00edvel e econ\u00f3mico.<\/strong><\/p>\n<p><strong>IVIS<\/strong> \u00e8 <strong>\"o sistema de vis\u00e3o escal\u00e1vel <\/strong>com uma modularidade t\u00e3o grande que pode substituir desde<strong> sensores<\/strong>\u00a0<strong>de vis\u00e3o<\/strong> at\u00e9 ao mais complexo<strong> sistemas de vis\u00e3o.<\/strong><\/p>\n<p><strong>IVIS<\/strong> \u00e8 <strong>o sistema de vis\u00e3o integrado<\/strong> que inclui um poderoso \"<strong>Vis\u00e3o Plc<\/strong>\"com tempos de varrimento de 1 mS, interface\u00e1vel com qualquer PLC externo, completo com <strong>painel de controlo<\/strong> facilmente configur\u00e1vel.<\/p>\n<p>Gra\u00e7as a estas caracter\u00edsticas e \u00e0 grande variedade de pacotes de software e c\u00e2maras que podem ser integrados, o sistema de vis\u00e3o IVIS \u00e9 capaz de <strong>adaptar-se a todo o tipo de necessidades<\/strong>Pode substituir um sensor de vis\u00e3o de forma f\u00e1cil e econ\u00f3mica e, quando necess\u00e1rio, transformar-se num sistema potente e de elevado desempenho.<\/p>\n<p>Os sistemas IVIS utilizam <strong>IA avan\u00e7ada<\/strong> com uma aprendizagem pr\u00e9-concebida para reconhecer as falhas, reduzindo a incerteza relativamente \u00e0s l\u00f3gicas de auto-aprendizagem.<\/p>\n\t\t\t\t<a href=\"https:\/\/vea.it\/wp-content\/uploads\/2025\/02\/KFU-Cx5-IO-UPS-CAM-02-800q.jpg\" target=\"_self\" itemprop=\"url\" rel=\"noopener\">\n\t\t\t\t<img decoding=\"async\" loading=\"lazy\" src=\"https:\/\/vea.it\/wp-content\/uploads\/2025\/02\/KFU-Cx5-IO-UPS-CAM-02-800q.jpg\" alt=\"SISTEMA DE VIS\u00c3O ARTIFICIAL ESCAL\u00c1VEL\" itemprop=\"image\" height=\"800\" width=\"800\" title=\"KFU-Cx5-IO-UPS-CAM-02-800q\" onerror=\"this.style.display='none'\"  \/>\n\t\t\t\t<\/a>\n<h2>\n\t\tSISTEMAS DE VIS\u00c3O COM INTELIG\u00caNCIA ARTIFICIAL\n\t<\/h2>\n\t\t\t\t<a href=\"https:\/\/vea.it\/wp-content\/uploads\/2021\/01\/machine-learning-1024x576-rosso.jpg\" target=\"_self\" itemprop=\"url\" rel=\"noopener\">\n\t\t\t\t<img decoding=\"async\" loading=\"lazy\" src=\"https:\/\/vea.it\/wp-content\/uploads\/2021\/01\/machine-learning-1024x576-rosso.jpg\" alt=\"Aprendizagem de m\u00e1quina regulamentada\" itemprop=\"image\" height=\"576\" width=\"1024\" title=\"machine-learning-1024x576-rosso\" onerror=\"this.style.display='none'\"  \/>\n\t\t\t\t<\/a>\n\t<p>Desde 2007, a VEA tem usado algoritmos de 'l\u00f3gica h\u00edbrida', que utilizam aprendizagem supervisionada pr\u00e9-definida baseada em parte em redes neurais e em parte em l\u00f3gica estat\u00edstica e matem\u00e1tica para melhorar a estabilidade.<\/p>\n<p>Em 2018, a VEA desenvolveu a tecnologia propriet\u00e1ria. <strong>Aprendizagem por M\u00e1quina Regulamentada<\/strong>. Estes s\u00e3o uma s\u00e9rie de algoritmos h\u00edbridos que utilizam l\u00f3gicas de Aprendizagem Profunda de forma complementar, que aprendem o hist\u00f3rico do caso de defeitos, e l\u00f3gicas de 'supervis\u00e3o' que aumentam a fiabilidade do reconhecimento.<\/p>\n<p>A partir de 2023, os sistemas de vis\u00e3o VEA adoptar\u00e3o algoritmos de <strong>intelig\u00eancia artificial<\/strong>\u00a0com base numa aprendizagem pr\u00e9-concebida. Isto permite reconhecer os defeitos com maior precis\u00e3o, reduzindo significativamente a incerteza em compara\u00e7\u00e3o com as an\u00e1lises efectuadas utilizando a l\u00f3gica tradicional de auto-aprendizagem.<\/p>\n<p>Tamb\u00e9m \u00e9 poss\u00edvel ter 'pacotes' de aprendizagem pr\u00e9-estabelecidos que evitam sess\u00f5es de aprendizagem longas e caras \u00e0s custas do cliente.<\/p>\n\t\t\t<a href=\"https:\/\/vea.it\/contatti\/\" target=\"_self\" rel=\"noopener\">\n\t\t\t\t\t\t\tFALE CONOSCO\n\t\t\t\t\t<\/a>\n<h3>\n\t\tPRODUTOS\n\t<\/h3>\n\t\t<nav>\n\t\t\t<ul>\n\t\t\t\t\t\t\t\t<li data-index=\"0\" tabindex=\"0\">\n\t\t\t\t\t<h4>\n\t\t\t\t\t\t<a href=\"javascript:void(0);\" tabindex=\"-1\">HQV-PPM\n\t\t\t\t\t\t\t\t\t\t\t\t<\/a>\n\t\t\t\t\t<\/h4>\n\t\t\t\t<\/li>\n\t\t\t\t\t\t\t\t<li data-index=\"1\" tabindex=\"0\">\n\t\t\t\t\t<h4>\n\t\t\t\t\t\t<a href=\"javascript:void(0);\" tabindex=\"-1\">HQV\n\t\t\t\t\t\t\t\t\t\t\t\t<\/a>\n\t\t\t\t\t<\/h4>\n\t\t\t\t<\/li>\n\t\t\t\t\t\t\t\t<li data-index=\"2\" tabindex=\"0\">\n\t\t\t\t\t<h4>\n\t\t\t\t\t\t<a href=\"javascript:void(0);\" tabindex=\"-1\">VEDO\n\t\t\t\t\t\t\t\t\t\t\t\t<\/a>\n\t\t\t\t\t<\/h4>\n\t\t\t\t<\/li>\n\t\t\t\t\t\t\t<\/ul>\n\t\t<\/nav>\n\t\t\t\t\t<h4>\n\t\t\t\t\t\t\t\t\t\t\t\tHQV-PPM\n\t\t\t\t\t\t\t\t\t\t\t<\/h4>\n\t\t\t\t\t<div class=\"fl-builder-content fl-builder-content-482 fl-builder-template fl-builder-row-template fl-builder-global-templates-locked\" data-post-id=\"482\"><div class=\"fl-row fl-row-full-width fl-row-bg-none fl-node-5e0fac9068ec3 fl-row-default-height fl-row-align-center\" data-node=\"5e0fac9068ec3\">\n\t<div class=\"fl-row-content-wrap\">\n\t\t\t\t\t\t\t\t<div class=\"fl-row-content fl-row-fixed-width fl-node-content\">\n\t\t\n<div class=\"fl-col-group fl-node-5e0fac9068eba\" data-node=\"5e0fac9068eba\">\n\t\t\t<div class=\"fl-col fl-node-5e0fac9068ebe fl-col-small\" data-node=\"5e0fac9068ebe\">\n\t<div class=\"fl-col-content fl-node-content\"><div class=\"fl-module fl-module-photo fl-node-5e0fac9068ec0\" data-node=\"5e0fac9068ec0\">\n\t<div class=\"fl-module-content fl-node-content\">\n\t\t<div class=\"fl-photo fl-photo-align-center\" itemscope itemtype=\"https:\/\/schema.org\/ImageObject\">\n\t<div class=\"fl-photo-content fl-photo-img-gif\">\n\t\t\t\t<img decoding=\"async\" loading=\"lazy\" width=\"100\" height=\"116\" class=\"fl-photo-img wp-image-484\" src=\"https:\/\/vea.it\/wp-content\/uploads\/2020\/01\/logo_PPM-HQV.gif\" alt=\"logotipo_PPM-HQV\" itemprop=\"image\" title=\"logotipo_PPM-HQV\"  \/>\n\t\t\t\t\t<\/div>\n\t<\/div>\n\t<\/div>\n<\/div>\n<\/div>\n<\/div>\n\t\t\t<div class=\"fl-col fl-node-5e0fac9068ebf\" data-node=\"5e0fac9068ebf\">\n\t<div class=\"fl-col-content fl-node-content\"><div class=\"fl-module fl-module-heading fl-node-5e0fac9068ec1\" data-node=\"5e0fac9068ec1\">\n\t<div class=\"fl-module-content fl-node-content\">\n\t\t<h3 class=\"fl-heading\">\n\t\t<span class=\"fl-heading-text\">Sistemas de vis\u00e3o: HQV-PPM<\/span>\n\t<\/h3>\n\t<\/div>\n<\/div>\n<div class=\"fl-module fl-module-rich-text fl-node-5e0fac9068ec2\" data-node=\"5e0fac9068ec2\">\n\t<div class=\"fl-module-content fl-node-content\">\n\t\t<div class=\"fl-rich-text\">\n\t<p class=\"Testo12\" style=\"text-align: justify;\">\u00c9 o topo do <strong>sistemas de vis\u00e3o integrados<\/strong> EVA. Todos os produtos desta s\u00e9rie t\u00eam o <strong>garantia de satisfa\u00e7\u00e3o ou reembolso na sua aplica\u00e7\u00e3o<\/strong> e s\u00e3o instalados directamente por profissionais de vis\u00e3o da VEA que operam h\u00e1 pelo menos 5 anos.<br \/>\nOs sistemas de vis\u00e3o mec\u00e2nica HQV-PPM s\u00e3o configurados diretamente pelos t\u00e9cnicos da EVA para garantir a m\u00e1xima funcionalidade e confiabilidade.<br \/>\nNesta s\u00e9rie s\u00e3o utilizados os algoritmos mais avan\u00e7ados da \u00faltima gera\u00e7\u00e3o ou s\u00e3o constru\u00eddos <strong>algoritmos optimizados para a sua aplica\u00e7\u00e3o<\/strong>.<br \/>\nEstes sistemas de vis\u00e3o podem ser certificados segundo as normas ISO com pontua\u00e7\u00f5es muito altas e asseguram fiabilidade na ordem de alguns PPM (Parts Per Million).<\/p>\n<\/div>\n\t<\/div>\n<\/div>\n<\/div>\n<\/div>\n\t<\/div>\n\t\t<\/div>\n\t<\/div>\n<\/div>\n<\/div><div class=\"uabb-js-breakpoint\" style=\"display: none;\"><\/div>\t\t\t\t\n\t\t\t\t\t<h4>\n\t\t\t\t\t\t\t\t\t\t\t\tHQV\n\t\t\t\t\t\t\t\t\t\t\t<\/h4>\n\t\t\t\t\t<div class=\"fl-builder-content fl-builder-content-486 fl-builder-template fl-builder-row-template fl-builder-global-templates-locked\" data-post-id=\"486\"><div class=\"fl-row fl-row-full-width fl-row-bg-none fl-node-5e0fad4a11d56 fl-row-default-height fl-row-align-center\" data-node=\"5e0fad4a11d56\">\n\t<div class=\"fl-row-content-wrap\">\n\t\t\t\t\t\t\t\t<div class=\"fl-row-content fl-row-fixed-width fl-node-content\">\n\t\t\n<div class=\"fl-col-group fl-node-5e0fad4a11d4d\" data-node=\"5e0fad4a11d4d\">\n\t\t\t<div class=\"fl-col fl-node-5e0fad4a11d51 fl-col-small\" data-node=\"5e0fad4a11d51\">\n\t<div class=\"fl-col-content fl-node-content\"><div class=\"fl-module fl-module-photo fl-node-5e0fad4a11d53\" data-node=\"5e0fad4a11d53\">\n\t<div class=\"fl-module-content fl-node-content\">\n\t\t<div class=\"fl-photo fl-photo-align-center\" itemscope itemtype=\"https:\/\/schema.org\/ImageObject\">\n\t<div class=\"fl-photo-content fl-photo-img-gif\">\n\t\t\t\t<img decoding=\"async\" loading=\"lazy\" width=\"100\" height=\"116\" class=\"fl-photo-img wp-image-483\" src=\"https:\/\/vea.it\/wp-content\/uploads\/2020\/01\/logo_HQV.gif\" alt=\"HQV_logo\" itemprop=\"image\" title=\"HQV_logo\"  \/>\n\t\t\t\t\t<\/div>\n\t<\/div>\n\t<\/div>\n<\/div>\n<\/div>\n<\/div>\n\t\t\t<div class=\"fl-col fl-node-5e0fad4a11d52\" data-node=\"5e0fad4a11d52\">\n\t<div class=\"fl-col-content fl-node-content\"><div class=\"fl-module fl-module-heading fl-node-5e0fad4a11d54\" data-node=\"5e0fad4a11d54\">\n\t<div class=\"fl-module-content fl-node-content\">\n\t\t<h3 class=\"fl-heading\">\n\t\t<span class=\"fl-heading-text\">Sistemas de vis\u00e3o: HQV<\/span>\n\t<\/h3>\n\t<\/div>\n<\/div>\n<div class=\"fl-module fl-module-rich-text fl-node-5e0fad4a11d55\" data-node=\"5e0fad4a11d55\">\n\t<div class=\"fl-module-content fl-node-content\">\n\t\t<div class=\"fl-rich-text\">\n\t<p class=\"Testo12\" style=\"text-align: justify;\">\u00c9 a s\u00e9rie de <strong>sistemas integrados de vis\u00e3o com alta confiabilidade<\/strong> com a melhor rela\u00e7\u00e3o custo-benef\u00edcio.<br \/>\nNesta s\u00e9rie s\u00e3o utilizados <strong>algoritmos l\u00f3gicos h\u00edbridos<\/strong> que permitem uma an\u00e1lise de imagem de alta precis\u00e3o e fiabilidade. Os sistemas de vis\u00e3o mec\u00e2nica HQV s\u00e3o configurados diretamente pelos t\u00e9cnicos da VEA para garantir a m\u00e1xima funcionalidade e confiabilidade. Estes sistemas de vis\u00e3o podem ser certificados de acordo com os padr\u00f5es ISO e alcan\u00e7ar excelentes resultados.<\/p>\n<\/div>\n\t<\/div>\n<\/div>\n<\/div>\n<\/div>\n\t<\/div>\n\t\t<\/div>\n\t<\/div>\n<\/div>\n<\/div><div class=\"uabb-js-breakpoint\" style=\"display: none;\"><\/div>\t\t\t\t\n\t\t\t\t\t<h4>\n\t\t\t\t\t\t\t\t\t\t\t\tVEDO\n\t\t\t\t\t\t\t\t\t\t\t<\/h4>\n\t\t\t\t\t<div class=\"fl-builder-content fl-builder-content-478 fl-builder-template fl-builder-row-template fl-builder-global-templates-locked\" data-post-id=\"478\"><div class=\"fl-row fl-row-full-width fl-row-bg-none fl-node-5e0fab365a5e2 fl-row-default-height fl-row-align-center\" data-node=\"5e0fab365a5e2\">\n\t<div class=\"fl-row-content-wrap\">\n\t\t\t\t\t\t\t\t<div class=\"fl-row-content fl-row-fixed-width fl-node-content\">\n\t\t\n<div class=\"fl-col-group fl-node-5e0fab365a5da\" data-node=\"5e0fab365a5da\">\n\t\t\t<div class=\"fl-col fl-node-5e0fab365a5dd fl-col-small\" data-node=\"5e0fab365a5dd\">\n\t<div class=\"fl-col-content fl-node-content\"><div class=\"fl-module fl-module-photo fl-node-5e0fab365a5df\" data-node=\"5e0fab365a5df\">\n\t<div class=\"fl-module-content fl-node-content\">\n\t\t<div class=\"fl-photo fl-photo-align-center\" itemscope itemtype=\"https:\/\/schema.org\/ImageObject\">\n\t<div class=\"fl-photo-content fl-photo-img-gif\">\n\t\t\t\t<img decoding=\"async\" loading=\"lazy\" width=\"100\" height=\"115\" class=\"fl-photo-img wp-image-479\" src=\"https:\/\/vea.it\/wp-content\/uploads\/2019\/12\/logo_VEDO.gif\" alt=\"logo_see\" itemprop=\"image\" title=\"logo_see\"  \/>\n\t\t\t\t\t<\/div>\n\t<\/div>\n\t<\/div>\n<\/div>\n<\/div>\n<\/div>\n\t\t\t<div class=\"fl-col fl-node-5e0fab365a5de\" data-node=\"5e0fab365a5de\">\n\t<div class=\"fl-col-content fl-node-content\"><div class=\"fl-module fl-module-heading fl-node-5e0fab365a5e0\" data-node=\"5e0fab365a5e0\">\n\t<div class=\"fl-module-content fl-node-content\">\n\t\t<h3 class=\"fl-heading\">\n\t\t<span class=\"fl-heading-text\">VEDO: o sistema de baixo custo mais vendido.<\/span>\n\t<\/h3>\n\t<\/div>\n<\/div>\n<div class=\"fl-module fl-module-rich-text fl-node-5e0fab365a5e1\" data-node=\"5e0fab365a5e1\">\n\t<div class=\"fl-module-content fl-node-content\">\n\t\t<div class=\"fl-rich-text\">\n\t<p class=\"Testo12\" style=\"text-align: justify;\"><strong>VEDO<\/strong> \u00e9 a s\u00e9rie mais vendida de sistemas de vis\u00e3o escal\u00e1veis e integrados devido \u00e0 sua excelente rela\u00e7\u00e3o pre\u00e7o\/desempenho.<br \/>\nEsta s\u00e9rie foi concebida especificamente para qualquer pessoa que queira usar um sistema de vis\u00e3o directamente de uma forma simples e natural. Estes sistemas de vis\u00e3o t\u00eam um pre\u00e7o extremamente acess\u00edvel, s\u00e3o facilmente configur\u00e1veis e mant\u00eam a mesma interface gr\u00e1fica e a maioria dos algoritmos que decretaram o sucesso e a fiabilidade da s\u00e9rie HQV.<br \/>\nOs sistemas de vis\u00e3o VEDO, apesar de manterem toda a pot\u00eancia e flexibilidade de um verdadeiro sistema de vis\u00e3o, t\u00eam um pre\u00e7o compar\u00e1vel ao de um sensor de vis\u00e3o.<\/p>\n<\/div>\n\t<\/div>\n<\/div>\n<\/div>\n<\/div>\n\t<\/div>\n\t\t<\/div>\n\t<\/div>\n<\/div>\n<\/div><div class=\"uabb-js-breakpoint\" style=\"display: none;\"><\/div>\t\t\t\t\n\t\t\t\t\t<!-- \/content -->\n\t<!-- \/tabs -->\n<h3>\n\t\tTIPOS DE CONTROLES\n\t<\/h3>\n\t<ul>\n\t\t<li>\t\t\n\t\t\t\t<img decoding=\"async\" src=\"https:\/\/vea.it\/wp-content\/uploads\/2019\/12\/Checkbox_icona8.png\" alt=\"Checkbox_icona8\" title=\"Checkbox_icona8\" itemprop=\"image\"\/>\n\t\t<h4>Controle de qualidade em PPM<\/h4><p>V\u00e1rias verifica\u00e7\u00f5es de qualidade simultaneamente, por exemplo, montagem correcta, presen\u00e7a de defeitos, legibilidade das marcas e das letras.<\/p><\/li><li>\t\t\n\t\t\t\t<img decoding=\"async\" src=\"https:\/\/vea.it\/wp-content\/uploads\/2020\/01\/Checkbox_icona10.png\" alt=\"Checkbox_icona10\" title=\"Checkbox_icona10\" itemprop=\"image\"\/>\n\t\t<h4>An\u00e1lise da superf\u00edcie<\/h4><p>Uma s\u00e9rie de algoritmos particularmente avan\u00e7ados permite controlar defeitos de superf\u00edcie como barril, porosidade, opacidade, granula\u00e7\u00e3o, sujeira, rachaduras, descama\u00e7\u00e3o ou arranh\u00f5es.\u00a0<\/p><\/li><li>\t\t\n\t\t\t\t<img decoding=\"async\" src=\"https:\/\/vea.it\/wp-content\/uploads\/2019\/12\/Checkbox_icona7.png\" alt=\"Caixa de sele\u00e7\u00e3o_icona7\" title=\"Caixa de sele\u00e7\u00e3o_icona7\" itemprop=\"image\"\/>\n\t\t<h4>Medi\u00e7\u00e3o em linha de produ\u00e7\u00e3o<\/h4><p>As medi\u00e7\u00f5es podem ser feitas diretamente durante a produ\u00e7\u00e3o, verificando o 100% das pe\u00e7as. A precis\u00e3o \u00e9 microm\u00e9trica, a repetibilidade e a precis\u00e3o s\u00e3o calculadas em tempo real para compensar quaisquer mudan\u00e7as no ambiente.<\/p><\/li><li>\t\t\n\t\t\t\t<img decoding=\"async\" src=\"https:\/\/vea.it\/wp-content\/uploads\/2020\/01\/Checkbox_icona12.png\" alt=\"Checkbox_icona12\" title=\"Checkbox_icona12\" itemprop=\"image\"\/>\n\t\t<h4>Guia do rob\u00f4<\/h4><p>O guia do rob\u00f4 VEA \u00e9 o m\u00f3dulo de software que utiliza l\u00f3gica avan\u00e7ada, tanto para agarrar 2D como 3D, para identificar corretamente o objeto no espa\u00e7o.<\/p>\n<\/li><li>\t\t\n\t\t\t\t<img decoding=\"async\" src=\"https:\/\/vea.it\/wp-content\/uploads\/2019\/12\/Checkbox_icona9.png\" alt=\"Caixa de sele\u00e7\u00e3o_icona9\" title=\"Caixa de sele\u00e7\u00e3o_icona9\" itemprop=\"image\"\/>\n\t\t<h4>Leitura de Datamatrix, OCV OCR<\/h4><p>Os c\u00f3digos impressos na parte inspecionada podem ser lidos, a imagem salva e as informa\u00e7\u00f5es nela contidas podem ser analisadas. Estas m\u00e1quinas tamb\u00e9m podem ser equipadas com um sistema de marca\u00e7\u00e3o para objetivar o produto.<\/p><\/li>\t<\/ul>\n<h2>\n\t\tSISTEMA INTEGRADO DE DESEMPENHO DE VIS\u00c3O MEC\u00c2NICA DA S\u00c9RIE IVIS 'C\n\t<\/h2>\n\t<h3>PAINEL DE OPERADOR E \"VISION PLC\" INTEGRADOS<\/h3>\nTodos os sistemas de vis\u00e3o IVIS integram um <strong data-start=\"131\" data-end=\"147\">\"VISION PLC\"<\/strong> com tempos de varrimento de 1 ms, eliminando o problema de lentid\u00e3o t\u00edpico da interface de sistemas de vis\u00e3o tradicionais com PLCs externos.\nO <strong data-start=\"308\" data-end=\"324\">\"VISION PLC\"<\/strong>Para al\u00e9m de oferecer a funcionalidade cl\u00e1ssica de um PLC, inclui um certo n\u00famero de fun\u00e7\u00f5es avan\u00e7adas espec\u00edficas da vis\u00e3o artificial, tais como o tratamento metrol\u00f3gico, estat\u00edstico e geom\u00e9trico, a interface com sensores externos e a comunica\u00e7\u00e3o com PLC e rob\u00f4s.\nGra\u00e7as ao <strong data-start=\"599\" data-end=\"615\">\"VISION PLC\"<\/strong>Os sistemas de vis\u00e3o IVIS podem processar mais de 500 imagens por segundo em tempo real.\nOs <strong data-start=\"713\" data-end=\"729\">\"VISION PLC\"<\/strong>o sistema de vis\u00e3o e o painel do operador, que est\u00e1 integrado no sistema, comunicam diretamente entre si, assegurando uma configura\u00e7\u00e3o simples e eficiente.\n<p>Sistemas de vis\u00e3o <strong>IVIS<\/strong> foram concebidos especificamente com <strong>o objectivo de resolver problemas reais na ind\u00fastria <\/strong>e para reduzir custos e tempo para os integradores de sistemas de vis\u00e3o.<\/p>\n<p>A arquitetura escalar permite a implementa\u00e7\u00e3o das aplica\u00e7\u00f5es mais simples at\u00e9 os sistemas de vis\u00e3o mais complexos, usando uma \u00fanica linguagem de programa\u00e7\u00e3o.<\/p>\n\t\t\t\t<img decoding=\"async\" loading=\"lazy\" src=\"https:\/\/vea.it\/wp-content\/uploads\/2025\/02\/panop-run.png\" alt=\"painel de controlo\" itemprop=\"image\" height=\"900\" width=\"499\" title=\"corrida de pan\u00f3plia\" onerror=\"this.style.display='none'\"  \/>\n\t\t\t\t<a href=\"https:\/\/vea.it\/wp-content\/uploads\/2020\/01\/micrometri_lenti_2.jpg\" target=\"_self\" itemprop=\"url\" rel=\"noopener\">\n\t\t\t\t<img decoding=\"async\" src=\"https:\/\/vea.it\/wp-content\/uploads\/2020\/01\/micrometri_lenti_2.jpg\" alt=\"Sistemas de vis\u00e3o\" itemprop=\"image\" title=\"micr\u00f3metros_lentes_2\" onerror=\"this.style.display='none'\"  \/>\n\t\t\t\t<\/a>\n\t<p>O sistema de vis\u00e3o <strong>IVIS<\/strong> atrav\u00e9s dos seus pr\u00f3prios m\u00f3dulos de software, \u00e9 capaz de executar <strong>controles de qualidade<\/strong>, <strong>an\u00e1lise de superf\u00edcie<\/strong>, <strong>medidas<\/strong> muito alta precis\u00e3o, leitura ocv-ocr, <strong>datamatrix<\/strong> e <strong>guia do rob\u00f4.<\/strong><\/p>\n<p>A VEA projetou o sistema de vis\u00e3o mec\u00e2nica <strong>IVIS<\/strong>\u00a0de <strong>alt\u00edssima qualidade<\/strong> e desempenho <strong>a um pre\u00e7o barato.<\/strong><\/p>\n\t<p>A VEA simplifica a gest\u00e3o de <strong>controlo de qualidade<\/strong> <strong>usando<\/strong> sistemas de vis\u00e3o <strong>IVIS.<\/strong><\/p>\n<p>Eles s\u00e3o <strong>totalmente configur\u00e1vel<\/strong> atrav\u00e9s de um painel de operador multi-touch e oferecer o<strong> controle total do sistema de vis\u00e3o<\/strong>\u00a0e uma vis\u00e3o completa da an\u00e1lise em curso, assim como os resultados <strong>em tempo real<\/strong>.<\/p>\n\t\t\t\t<a href=\"https:\/\/vea.it\/wp-content\/uploads\/2020\/01\/visione_02.jpg\" target=\"_self\" itemprop=\"url\" rel=\"noopener\">\n\t\t\t\t<img decoding=\"async\" loading=\"lazy\" src=\"https:\/\/vea.it\/wp-content\/uploads\/2020\/01\/visione_02.jpg\" alt=\"Sistemas de vis\u00e3o\" itemprop=\"image\" height=\"1080\" width=\"1920\" title=\"vis\u00e3o_02\" onerror=\"this.style.display='none'\"  \/>\n\t\t\t\t<\/a>\n\t<p>I <strong>sistemas de vis\u00e3o escal\u00e1veis<\/strong> s\u00e3o cada vez mais utilizadas porque combinam<strong>\u00a0desempenho<\/strong> <strong>elevado<\/strong> a um <strong>pre\u00e7o barato.\u00a0<\/strong>Eles tamb\u00e9m permitem aos operadores <strong>aprender um \u00fanico sistema de vis\u00e3o<\/strong> evitando assim a aprendizagem do funcionamento de uma multiplicidade de sensores de vis\u00e3o e c\u00e2maras inteligentes.<\/p>\n\t\t\t<a href=\"https:\/\/vea.it\/contatti\/\" target=\"_self\" rel=\"noopener\">\n\t\t\t\t\t\t\tFALE CONOSCO\n\t\t\t\t\t<\/a>\n<h3>\n\t\tDIMENS\u00d5ES E ARQUITETURA\n\t<\/h3>\n\t\t\t\t<a href=\"https:\/\/vea.it\/wp-content\/uploads\/2020\/07\/micr-100-vd01.jpg\" target=\"_self\" itemprop=\"url\" rel=\"noopener\">\n\t\t\t\t<img decoding=\"async\" loading=\"lazy\" src=\"https:\/\/vea.it\/wp-content\/uploads\/2020\/07\/micr-100-vd01-1024x432.jpg\" alt=\"medidas isoladas\" itemprop=\"image\" height=\"432\" width=\"1024\" title=\"micr-100-vd01\" onerror=\"this.style.display='none'\"  \/>\n\t\t\t\t<\/a>\n\t\t\t\t<a href=\"https:\/\/vea.it\/wp-content\/uploads\/2025\/02\/KFU-Cx5-IO-UPS-01-800q.jpg\" target=\"_self\" itemprop=\"url\" rel=\"noopener\">\n\t\t\t\t<img decoding=\"async\" loading=\"lazy\" src=\"https:\/\/vea.it\/wp-content\/uploads\/2025\/02\/KFU-Cx5-IO-UPS-01-800q.jpg\" alt=\"SISTEMA DE VIS\u00c3O ARTIFICIAL ESCAL\u00c1VEL\" itemprop=\"image\" height=\"800\" width=\"800\" title=\"KFU-Cx5-IO-UPS-01-800q\" onerror=\"this.style.display='none'\"  \/>\n\t\t\t\t<\/a>\n\t<p>A unidade<strong> A base do IVIS C-Series mede apenas 38 mm e \u00e9 compat\u00edvel com<\/strong> com o quase <strong>todas as c\u00e2maras industriais<\/strong> no com\u00e9rcio.<\/p>\n<p>A partir dos modelos de <strong>microc\u00e2mera<\/strong>t\u00e3o pequeno como um sensor M12, at\u00e9 10 c\u00e2meras Mpixel, para at\u00e9 32 c\u00e2meras que podem ser conectadas.<\/p>\n<p>L\u2019 <strong>unidade IVIS<\/strong> est\u00e1 ligado a um<strong> monitor touchscreen<\/strong> reprodu\u00e7\u00e3o de um <strong>expulsor-operador HM<\/strong>Eu e um <strong>1mSec PLC<\/strong> varredura \u00e0 qual eles se conectam<strong> v\u00e1rios m\u00f3dulos de E\/S<\/strong>para um total de 512 entradas e 512 sa\u00eddas.<\/p>\n<p>A alta velocidade de processamento, <strong>500 aquisi\u00e7\u00f5es por segundo<\/strong>permite fazer verifica\u00e7\u00f5es cont\u00ednuas sem fotoc\u00e9lulas, tornando-o <strong>ideal para sistemas de selec\u00e7\u00e3o.<\/strong><\/p>\n<p>Eles v\u00eam sempre. <strong>propostas de consultoria e forma\u00e7\u00e3o<\/strong> para permitir que o pessoal possa interagir com o sistema no seu melhor.<\/p>\n<h3>\n\t\tGALERIA DE V\u00cdDEOS\n\t<\/h3>\n\t\t\t\t\t<a href=\"https:\/\/vimeo.com\/103256138\" aria-label=\"uabb-video-gallery\" data-url=\"https:\/\/player.vimeo.com\/video\/103256138?autoplay=1&#038;version=3&#038;enablejsapi=1&#038;dnt=0\" target=\"_blank\" rel=\"noopener\">\t\t\t\t\t\t\n\t\t\t\t\t\t\t\t\t\t<h4>Sistemas de vis\u00e3o<\/h4>\n\t\t\t\t\t<\/a>\t\t\t\t\n\t\t\t<a href=\"https:\/\/vea.it\/micrometri\/\" target=\"_self\" rel=\"noopener\">\n\t\t\t\t\t\tMICROMETROS\n\t\t\t\t\t<\/a>\n\t\t\t<a href=\"https:\/\/vea.it\/accessori\/\" target=\"_self\" rel=\"noopener\">\n\t\t\t\t\t\t\tACESS\u00d3RIOS\n\t\t\t<\/a>\n\t<p>as especifica\u00e7\u00f5es podem mudar sem aviso pr\u00e9vio<\/p>","protected":false},"excerpt":{"rendered":"<p>Controle de qualidade na medi\u00e7\u00e3o de PPM e micr\u00f4metros An\u00e1lise de defeitos de superf\u00edcie Orienta\u00e7\u00e3o por rob\u00f4 com HMI at\u00e9 500 fotos\/seg. processado Custo-benef\u00edcio e financi\u00e1vel Ind\u00fastria 4.0 DataMatrix OCV leitura OCR Do sensor ao sistema de vis\u00e3o em um produto PLC e interface HMI integrada no sistema de vis\u00e3o Assist\u00eancia remota READY VISION SYSTEMS ...<\/p>\n<p class=\"read-more\"> <a class=\"ast-button\" href=\"https:\/\/vea.it\/pt\/sistemas-de-visao\/\"> <span class=\"screen-reader-text\">Sistemas de vis\u00e3o<\/span> Leia mais \"<\/a><\/p>","protected":false},"author":2,"featured_media":0,"parent":0,"menu_order":0,"comment_status":"closed","ping_status":"closed","template":"","meta":{"site-sidebar-layout":"no-sidebar","site-content-layout":"page-builder","ast-global-header-display":"","ast-main-header-display":"","ast-hfb-above-header-display":"","ast-hfb-below-header-display":"","ast-hfb-mobile-header-display":"","site-post-title":"disabled","ast-breadcrumbs-content":"","ast-featured-img":"disabled","footer-sml-layout":"","theme-transparent-header-meta":"default","adv-header-id-meta":"","stick-header-meta":"default","header-above-stick-meta":"","header-main-stick-meta":"","header-below-stick-meta":"","footnotes":""},"_links":{"self":[{"href":"https:\/\/vea.it\/pt\/wp-json\/wp\/v2\/pages\/394"}],"collection":[{"href":"https:\/\/vea.it\/pt\/wp-json\/wp\/v2\/pages"}],"about":[{"href":"https:\/\/vea.it\/pt\/wp-json\/wp\/v2\/types\/page"}],"author":[{"embeddable":true,"href":"https:\/\/vea.it\/pt\/wp-json\/wp\/v2\/users\/2"}],"replies":[{"embeddable":true,"href":"https:\/\/vea.it\/pt\/wp-json\/wp\/v2\/comments?post=394"}],"version-history":[{"count":19,"href":"https:\/\/vea.it\/pt\/wp-json\/wp\/v2\/pages\/394\/revisions"}],"predecessor-version":[{"id":3564,"href":"https:\/\/vea.it\/pt\/wp-json\/wp\/v2\/pages\/394\/revisions\/3564"}],"wp:attachment":[{"href":"https:\/\/vea.it\/pt\/wp-json\/wp\/v2\/media?parent=394"}],"curies":[{"name":"wp","href":"https:\/\/api.w.org\/{rel}","templated":true}]}}