{"id":3,"date":"2019-12-11T14:39:10","date_gmt":"2019-12-11T14:39:10","guid":{"rendered":"https:\/\/vea.it\/?page_id=3"},"modified":"2021-01-20T19:25:24","modified_gmt":"2021-01-20T19:25:24","slug":"privacy-policy","status":"publish","type":"page","link":"https:\/\/vea.it\/pt\/politica-de-privacidade\/","title":{"rendered":"Pol\u00edtica de Privacidade"},"content":{"rendered":"<h2>Pol\u00edtica de Privacidade<\/h2>\n\n\n<p>N\u00f3s de&nbsp;<strong>vea.it<\/strong>&nbsp;N\u00f3s acreditamos que a privacidade dos nossos visitantes \u00e9 extremamente importante. Este documento detalha os tipos de informa\u00e7\u00f5es pessoais coletadas e registradas pelo nosso site e como elas s\u00e3o utilizadas.<\/p>\n<h3>Ficheiros de registo<\/h3>\n<p>Como muitos outros sites, o nosso usa arquivos de log. Estes arquivos simplesmente registram os visitantes do site - geralmente um procedimento padr\u00e3o de empresas de hospedagem e servi\u00e7os de an\u00e1lise de hospedagem.<\/p>\n<p>As informa\u00e7\u00f5es contidas nos arquivos de registro incluem endere\u00e7os de Protocolo de Internet (IP), tipo de navegador, provedor de servi\u00e7os de Internet (ISP), informa\u00e7\u00f5es como data e hora, p\u00e1ginas de refer\u00eancia, p\u00e1ginas de sa\u00edda e entrada ou o n\u00famero de cliques.<\/p>\n<p>Estas informa\u00e7\u00f5es s\u00e3o usadas para analisar tend\u00eancias, administrar o site, rastrear o movimento do usu\u00e1rio no site e reunir informa\u00e7\u00f5es demogr\u00e1ficas. Os endere\u00e7os IP e outras informa\u00e7\u00f5es n\u00e3o est\u00e3o ligados a informa\u00e7\u00f5es pessoalmente identific\u00e1veis, portanto&nbsp;<strong>todos os dados s\u00e3o recolhidos de uma forma absolutamente an\u00f3nima<\/strong>.<\/p>\n<h3>Este site utiliza Cookies<\/h3>\n<p>Os cookies s\u00e3o pequenos arquivos de texto que s\u00e3o automaticamente colocados no PC do surfista dentro do navegador. Eles cont\u00eam informa\u00e7\u00f5es b\u00e1sicas sobre a navega\u00e7\u00e3o na Internet e s\u00e3o reconhecidos pelo navegador cada vez que o usu\u00e1rio visita o site.<\/p>\n<h3>Pol\u00edtica de Biscoitos<\/h3>\n<p>Este site utiliza cookies, incluindo cookies de terceiros, para melhorar a experi\u00eancia de navega\u00e7\u00e3o, para permitir que os usu\u00e1rios aproveitem qualquer servi\u00e7o online e para monitorar a navega\u00e7\u00e3o no site.<\/p>\n<h3>Como desactivar os cookies<\/h3>\n<p>\u00c9 poss\u00edvel desativar os cookies diretamente do navegador utilizado, acessando as configura\u00e7\u00f5es (prefer\u00eancias ou op\u00e7\u00f5es): esta escolha pode limitar algumas das fun\u00e7\u00f5es de navega\u00e7\u00e3o do site.<\/p>\n<h3>Gest\u00e3o de Cookies<\/h3>\n<p>Os cookies utilizados neste site podem se enquadrar nas categorias descritas abaixo.<\/p>\n<ul>\n<li><strong>Atividades estritamente necess\u00e1rias para a opera\u00e7\u00e3o<\/strong><br \/>Estes cookies s\u00e3o de natureza t\u00e9cnica e permitem que o site funcione adequadamente. Por exemplo, eles mant\u00eam o usu\u00e1rio conectado enquanto navega, impedindo que o site exija que o usu\u00e1rio fa\u00e7a o login v\u00e1rias vezes para acessar as p\u00e1ginas subsequentes.<\/li>\n<li><strong>Salvar prefer\u00eancias<\/strong><br \/>Estes cookies permitem lembrar as prefer\u00eancias selecionadas pelo usu\u00e1rio durante a navega\u00e7\u00e3o, por exemplo, eles permitem definir o idioma.<\/li>\n<li><strong>Actividades estat\u00edsticas e de medi\u00e7\u00e3o de audi\u00eancias (por exemplo, Google Analytics)<\/strong><br \/>Estes cookies ajudam-nos a compreender, atrav\u00e9s de dados recolhidos de forma an\u00f3nima e agregada, como os utilizadores interagem com os sites, fornecendo informa\u00e7\u00f5es relacionadas com as sec\u00e7\u00f5es visitadas, o tempo passado no site, qualquer mau funcionamento. Isto ajuda a melhorar o desempenho dos sites.<\/li>\n<li><strong>Cookies de redes sociais (por exemplo, Facebook)<\/strong><br \/>Estes cookies de terceiros s\u00e3o usados para integrar alguns recursos populares de m\u00eddia social e fornec\u00ea-los dentro do site. Em particular, eles permitem o registro e autentica\u00e7\u00e3o no site via Facebook e Google Connect, compartilhando e comentando p\u00e1ginas do site em redes sociais, possibilitando a funcionalidade \"like\" no Facebook e a funcionalidade \"+1\u2033 no G+\".<\/li>\n<\/ul>\n<h3>Objetivo do tratamento<\/h3>\n<p>Os dados podem ser recolhidos para um ou mais dos seguintes fins:<\/p>\n<ul>\n<li>proporcionar acesso a \u00e1reas restritas do Portal e portais\/sites ligados a este e ao envio de comunica\u00e7\u00f5es, tamb\u00e9m de car\u00e1cter comercial, not\u00edcias, actualiza\u00e7\u00f5es sobre as iniciativas deste site e das empresas controladas e\/ou ligadas e\/ou Patrocinadoras.<\/li>\n<li>poss\u00edvel transfer\u00eancia a terceiros dos dados acima mencionados, sempre com a finalidade de realizar campanhas de e-mail marketing e envio de comunica\u00e7\u00f5es comerciais.<\/li>\n<li>cumprir as obriga\u00e7\u00f5es previstas por leis ou regulamentos;<\/li>\n<li>gest\u00e3o de contactos;<\/li>\n<\/ul>\n<h3>Modalidades de tratamento<\/h3>\n<p>Os dados ser\u00e3o processados das seguintes formas:<\/p>\n<ul>\n<li>coleta de dados em uma base de dados especial;<\/li>\n<li>grava\u00e7\u00e3o e processamento em papel e\/ou suportes magn\u00e9ticos;<\/li>\n<li>organiza\u00e7\u00e3o dos arquivos de uma forma predominantemente automatizada, de acordo com o Regulamento T\u00e9cnico sobre medidas m\u00ednimas de seguran\u00e7a, Anexo B do C\u00f3digo de Privacidade.<\/li>\n<\/ul>\n<h3>Car\u00e1cter obrigat\u00f3rio<\/h3>\n<p>Todos os dados solicitados s\u00e3o obrigat\u00f3rios.<\/p>\n<h3>Direitos da pessoa a quem os dados dizem respeito<\/h3>\n<p>Nos termos do art. 7 (Direito de acesso aos dados pessoais e outros direitos) do C\u00f3digo de Privacidade, informamos que os seus direitos no que diz respeito ao processamento de dados s\u00e3o:<\/p>\n<ul>\n<li>ser informado, atrav\u00e9s do livre acesso, da exist\u00eancia de opera\u00e7\u00f5es de processamento de dados que lhe possam dizer respeito;<\/li>\n<li>ser informado sobre a natureza e o objectivo do processamento<\/li>\n<li>ser obtido pelo titular sem demora:\n<ul>\n<li>confirma\u00e7\u00e3o da exist\u00eancia ou n\u00e3o de dados pessoais relativos ao utilizador, independentemente de j\u00e1 estarem registados, e comunica\u00e7\u00e3o sob forma intelig\u00edvel desses dados e da sua origem, bem como da l\u00f3gica e das finalidades subjacentes ao tratamento; o pedido pode ser renovado, a menos que existam raz\u00f5es fundamentadas, com um intervalo n\u00e3o inferior a noventa dias;<\/li>\n<li>o cancelamento, transforma\u00e7\u00e3o em forma an\u00f3nima ou bloqueio de dados tratados em viola\u00e7\u00e3o da lei, incluindo dados cuja reten\u00e7\u00e3o \u00e9 desnecess\u00e1ria para os fins para os quais os dados foram recolhidos ou posteriormente tratados;<\/li>\n<li>a actualiza\u00e7\u00e3o, rectifica\u00e7\u00e3o ou, quando interessado, integra\u00e7\u00e3o dos dados existentes;<\/li>\n<li>opor-se total ou parcialmente, por raz\u00f5es leg\u00edtimas, ao tratamento dos dados pessoais que lhe dizem respeito, mesmo que sejam pertinentes para a finalidade da recolha;<\/li>\n<\/ul>\n<\/li>\n<\/ul>\n<p>Gostar\u00edamos de salientar que o titular do tratamento para todos os fins legais \u00e9:<\/p>\n<ul>\n<li><strong>VEA SRL<\/strong><\/li>\n<li>P. CUBA 13478090155<\/li>\n<li>Via Fratelli Rosselli, 43 -<\/li>\n<li>20010 - Canegrate ( (MI))<\/li>\n<li>Tel\/Fax: 0331402751<\/li>\n<li>E-mail: vea@vea.it<\/li>\n<\/ul>\n<p>Para exercer os seus direitos ao abrigo do Artigo 7 do C\u00f3digo de Privacidade ou para que os seus dados sejam apagados do arquivo, basta contactar-nos atrav\u00e9s de um dos canais disponibilizados.<\/p>\n<p>Todos os dados s\u00e3o protegidos atrav\u00e9s do uso de antiv\u00edrus, firewall e prote\u00e7\u00e3o por senha.<\/p>\n<h3>Informa\u00e7\u00e3o para crian\u00e7as<\/h3>\n<p>Acreditamos que \u00e9 importante proporcionar protec\u00e7\u00e3o adicional \u00e0s crian\u00e7as online. Encorajamos pais e tutores a passar tempo online com seus filhos para observar, participar e\/ou monitorar e orientar sua atividade online. N\u00f3s n\u00e3o coletamos informa\u00e7\u00f5es pessoais de menores. Se um dos pais ou respons\u00e1vel acreditar que o nosso site tem informa\u00e7\u00f5es pessoais de uma crian\u00e7a na sua base de dados, por favor contacte-nos imediatamente (usando o e-mail fornecido) e faremos todos os esfor\u00e7os para remover essa informa\u00e7\u00e3o o mais rapidamente poss\u00edvel.<\/p>\n<p>Esta pol\u00edtica de privacidade aplica-se apenas \u00e0s nossas actividades online e aplica-se aos visitantes do nosso website e \u00e0s informa\u00e7\u00f5es partilhadas e\/ou recolhidas. Esta pol\u00edtica n\u00e3o se aplica a qualquer informa\u00e7\u00e3o recolhida offline ou atrav\u00e9s de outros canais que n\u00e3o este website.<\/p>\n<h3>Consentimento<\/h3>\n<p>Ao utilizar nosso site, voc\u00ea concorda com nossa pol\u00edtica de privacidade e aceita seus termos. Se desejar mais informa\u00e7\u00f5es ou tiver alguma d\u00favida sobre a nossa pol\u00edtica de privacidade, n\u00e3o hesite em contactar-nos.<\/p>","protected":false},"excerpt":{"rendered":"<p>Pol\u00edtica de Privacidade No vea.co.uk acreditamos que a privacidade dos nossos visitantes \u00e9 extremamente importante. Este documento detalha os tipos de informa\u00e7\u00f5es pessoais coletadas e registradas pelo nosso site e como elas s\u00e3o utilizadas. Arquivos de Log Como muitos outros sites, o nosso usa arquivos de log. Estes arquivos simplesmente registram os visitantes ...<\/p>\n<p class=\"read-more\"> <a class=\"ast-button\" href=\"https:\/\/vea.it\/pt\/politica-de-privacidade\/\"> <span class=\"screen-reader-text\">Pol\u00edtica de Privacidade<\/span> Leia mais \"<\/a><\/p>","protected":false},"author":1,"featured_media":0,"parent":0,"menu_order":0,"comment_status":"closed","ping_status":"closed","template":"","meta":{"site-sidebar-layout":"no-sidebar","site-content-layout":"page-builder","ast-global-header-display":"","ast-main-header-display":"","ast-hfb-above-header-display":"","ast-hfb-below-header-display":"","ast-hfb-mobile-header-display":"","site-post-title":"disabled","ast-breadcrumbs-content":"","ast-featured-img":"disabled","footer-sml-layout":"","theme-transparent-header-meta":"default","adv-header-id-meta":"","stick-header-meta":"default","header-above-stick-meta":"","header-main-stick-meta":"","header-below-stick-meta":"","footnotes":""},"_links":{"self":[{"href":"https:\/\/vea.it\/pt\/wp-json\/wp\/v2\/pages\/3"}],"collection":[{"href":"https:\/\/vea.it\/pt\/wp-json\/wp\/v2\/pages"}],"about":[{"href":"https:\/\/vea.it\/pt\/wp-json\/wp\/v2\/types\/page"}],"author":[{"embeddable":true,"href":"https:\/\/vea.it\/pt\/wp-json\/wp\/v2\/users\/1"}],"replies":[{"embeddable":true,"href":"https:\/\/vea.it\/pt\/wp-json\/wp\/v2\/comments?post=3"}],"version-history":[{"count":0,"href":"https:\/\/vea.it\/pt\/wp-json\/wp\/v2\/pages\/3\/revisions"}],"wp:attachment":[{"href":"https:\/\/vea.it\/pt\/wp-json\/wp\/v2\/media?parent=3"}],"curies":[{"name":"wp","href":"https:\/\/api.w.org\/{rel}","templated":true}]}}