{"id":2130,"date":"2020-08-13T10:13:40","date_gmt":"2020-08-13T10:13:40","guid":{"rendered":"https:\/\/vea.it\/?page_id=2130"},"modified":"2021-01-04T00:54:49","modified_gmt":"2021-01-04T00:54:49","slug":"cookie-policy","status":"publish","type":"page","link":"https:\/\/vea.it\/pt\/politica-de-biscoitos\/","title":{"rendered":"Pol\u00edtica de Biscoitos"},"content":{"rendered":"<div class=\"cli_pg_page_contaner\">\n<h3>Sobre esta pol\u00edtica de cookies<\/h3>\n<div>Esta Pol\u00edtica de Cookie explica o que s\u00e3o cookies e como os usamos. Voc\u00ea deve ler esta pol\u00edtica para entender o que s\u00e3o cookies, como os usamos, os tipos de cookies que usamos, ou seja, as informa\u00e7\u00f5es que coletamos usando cookies e como essas informa\u00e7\u00f5es s\u00e3o usadas e como controlar as prefer\u00eancias dos cookies. Para mais informa\u00e7\u00f5es sobre como usamos, armazenamos e mantemos seus dados pessoais seguros, veja nossa Pol\u00edtica de Privacidade. Voc\u00ea pode a qualquer momento alterar ou retirar seu consentimento da Declara\u00e7\u00e3o de Cookie em nosso site.Saiba mais sobre quem somos, como voc\u00ea pode nos contatar e como processamos seus dados pessoais em nossa Pol\u00edtica de Privacidade.&nbsp;<\/div>\n<h3>O que s\u00e3o cookies?<\/h3>\n<div>Cookies s\u00e3o pequenos arquivos de texto que s\u00e3o usados para armazenar pequenos peda\u00e7os de informa\u00e7\u00e3o. Os cookies s\u00e3o armazenados no seu dispositivo quando o site \u00e9 carregado no seu navegador. Estes cookies nos ajudam a fazer o site funcionar corretamente, tornar o site mais seguro, proporcionar uma melhor experi\u00eancia ao usu\u00e1rio e entender como o site funciona e analisar o que funciona e onde precisa ser melhorado.<\/div>\n<h3>Como usamos os cookies ?<\/h3>\n<div>Como a maioria dos servi\u00e7os on-line, nosso site usa cookies de primeira m\u00e3o e de terceiros para uma s\u00e9rie de fins. Os cookies de primeira m\u00e3o s\u00e3o na sua maioria necess\u00e1rios para que o site funcione correctamente e n\u00e3o recolhem nenhum dado pessoal identific\u00e1vel pelo utilizador.<\/p>\n<p>Os cookies de terceiros usados em nossos sites s\u00e3o usados principalmente para entender como o site funciona, como voc\u00ea interage com nosso site, mantendo nossos servi\u00e7os seguros, fornecendo an\u00fancios que s\u00e3o relevantes para voc\u00ea, e tudo isso proporcionando a voc\u00ea uma melhor e melhor experi\u00eancia de usu\u00e1rio e ajudando a agilizar suas futuras intera\u00e7\u00f5es com nosso site.<\/p>\n<\/div>\n<h3>Que tipos de cookies usamos?<\/h3>\n<div>Essencial: Alguns cookies s\u00e3o essenciais para que voc\u00ea possa experimentar a funcionalidade completa do nosso site. Eles nos permitem manter as sess\u00f5es dos usu\u00e1rios e prevenir qualquer amea\u00e7a \u00e0 seguran\u00e7a. Eles n\u00e3o recolhem nem armazenam qualquer informa\u00e7\u00e3o pessoal. Por exemplo, estes cookies permitem-lhe entrar na sua conta e adicionar produtos ao seu cesto e checkout de forma segura. Estat\u00edsticas: Estes cookies armazenam informa\u00e7\u00f5es como o n\u00famero de visitantes do site, o n\u00famero de visitantes \u00fanicos, quais as p\u00e1ginas do site que foram visitadas, a fonte da visita, etc. Esses dados nos ajudam a entender e analisar o desempenho do site e onde ele precisa ser melhorado. Marketing: Nosso site exibe an\u00fancios. Estes cookies s\u00e3o usados para personalizar os an\u00fancios que lhe mostramos para que sejam significativos para si. As informa\u00e7\u00f5es armazenadas nesses cookies tamb\u00e9m podem ser utilizadas pelos provedores de an\u00fancios de terceiros para mostrar an\u00fancios em outros sites tamb\u00e9m no navegador. Funcionais: Estes s\u00e3o os cookies que ajudam certas funcionalidades n\u00e3o essenciais em nosso site. Estas funcionalidades incluem a incorpora\u00e7\u00e3o de conte\u00fados como v\u00eddeos ou partilha de conte\u00fados no website em plataformas de redes sociais. Prefer\u00eancias: Estes cookies ajudam-nos a armazenar as suas defini\u00e7\u00f5es e prefer\u00eancias de navega\u00e7\u00e3o como prefer\u00eancias de idioma para que tenha uma experi\u00eancia melhor e mais eficiente em futuras visitas ao website.<\/div>\n<h3>Como posso controlar as prefer\u00eancias dos biscoitos?<\/h3>\n<div>Caso decida alterar as suas prefer\u00eancias mais tarde atrav\u00e9s da sua sess\u00e3o de navega\u00e7\u00e3o, pode clicar no separador \"Pol\u00edtica de Privacidade e Cookie\" no seu ecr\u00e3. Isto ir\u00e1 exibir novamente o aviso de consentimento, permitindo-lhe alterar as suas prefer\u00eancias ou retirar totalmente o seu consentimento.<\/p>\n<p>Al\u00e9m disso, diferentes navegadores fornecem diferentes m\u00e9todos para bloquear e excluir cookies utilizados por websites. Voc\u00ea pode alterar as configura\u00e7\u00f5es do seu navegador para bloquear\/eliminar os cookies. Para saber mais sobre como gerenciar e excluir cookies, visite wikipedia.org, www.allaboutcookies.org.<\/p>\n<\/div>\n<\/div>","protected":false},"excerpt":{"rendered":"<p>Sobre esta pol\u00edtica de cookies Esta Pol\u00edtica de Cookie explica o que s\u00e3o cookies e como os utilizamos. Voc\u00ea deve ler esta pol\u00edtica para entender o que s\u00e3o cookies, como os usamos, os tipos de cookies que usamos, ou seja, as informa\u00e7\u00f5es que coletamos usando cookies e como essas informa\u00e7\u00f5es s\u00e3o usadas e como controlar o cookie ...<\/p>\n<p class=\"read-more\"> <a class=\"ast-button\" href=\"https:\/\/vea.it\/pt\/politica-de-biscoitos\/\"> <span class=\"screen-reader-text\">Pol\u00edtica de Biscoitos<\/span> Leia mais \"<\/a><\/p>","protected":false},"author":3,"featured_media":0,"parent":0,"menu_order":0,"comment_status":"closed","ping_status":"closed","template":"","meta":{"site-sidebar-layout":"default","site-content-layout":"default","ast-global-header-display":"","ast-main-header-display":"","ast-hfb-above-header-display":"","ast-hfb-below-header-display":"","ast-hfb-mobile-header-display":"","site-post-title":"","ast-breadcrumbs-content":"","ast-featured-img":"","footer-sml-layout":"","theme-transparent-header-meta":"default","adv-header-id-meta":"","stick-header-meta":"default","header-above-stick-meta":"","header-main-stick-meta":"","header-below-stick-meta":"","footnotes":""},"_links":{"self":[{"href":"https:\/\/vea.it\/pt\/wp-json\/wp\/v2\/pages\/2130"}],"collection":[{"href":"https:\/\/vea.it\/pt\/wp-json\/wp\/v2\/pages"}],"about":[{"href":"https:\/\/vea.it\/pt\/wp-json\/wp\/v2\/types\/page"}],"author":[{"embeddable":true,"href":"https:\/\/vea.it\/pt\/wp-json\/wp\/v2\/users\/3"}],"replies":[{"embeddable":true,"href":"https:\/\/vea.it\/pt\/wp-json\/wp\/v2\/comments?post=2130"}],"version-history":[{"count":0,"href":"https:\/\/vea.it\/pt\/wp-json\/wp\/v2\/pages\/2130\/revisions"}],"wp:attachment":[{"href":"https:\/\/vea.it\/pt\/wp-json\/wp\/v2\/media?parent=2130"}],"curies":[{"name":"wp","href":"https:\/\/api.w.org\/{rel}","templated":true}]}}