{"id":1997,"date":"2020-08-03T10:41:20","date_gmt":"2020-08-03T10:41:20","guid":{"rendered":"https:\/\/vea.it\/?page_id=1997"},"modified":"2025-05-06T14:48:06","modified_gmt":"2025-05-06T14:48:06","slug":"misura","status":"publish","type":"page","link":"https:\/\/vea.it\/pt\/medida\/","title":{"rendered":"MEDI\u00c7\u00c3O"},"content":{"rendered":"<h1>\n\t\tSOLU\u00c7\u00d5ES: <br \/> MEDI\u00c7\u00c3O\n\t<\/h1>\n\t<ul>\n\t\t<li>\t\t\n\t\t\t\t<img decoding=\"async\" src=\"https:\/\/vea.it\/wp-content\/uploads\/2020\/02\/Micrometri_fotosec.png\" alt=\"Micr\u00f3metros_fotosec\" title=\"Micr\u00f3metros_fotosec\" itemprop=\"image\"\/>\n\t\t200 fotos por segundo<\/li><li>\t\t\n\t\t\t\t<img decoding=\"async\" src=\"https:\/\/vea.it\/wp-content\/uploads\/2020\/01\/servizi_icona3.png\" alt=\"icon_services3\" title=\"icon_services3\" itemprop=\"image\"\/>\n\t\tmais de 100.000 medi\u00e7\u00f5es por segundo<\/li><li>\t\t\n\t\t\t\t<img decoding=\"async\" src=\"https:\/\/vea.it\/wp-content\/uploads\/2020\/02\/Micrometri_ripetibilit\u00e0.png\" alt=\"Micr\u00f4metros_repetibilidade\" title=\"Micr\u00f4metros_repetibilidade\" itemprop=\"image\"\/>\n\t\tControle de precis\u00e3o em tempo real<\/li><li>\t\t\n\t\t\t\t<img decoding=\"async\" src=\"https:\/\/vea.it\/wp-content\/uploads\/2020\/02\/Micrometri_variazioni.png\" alt=\"Micr\u00f3metros_varia\u00e7\u00f5es\" title=\"Micr\u00f3metros_varia\u00e7\u00f5es\" itemprop=\"image\"\/>\n\t\tCompensa\u00e7\u00e3o de temperatura e vibra\u00e7\u00e3o<\/li><li>\t\t\n\t\t\t\t<img decoding=\"async\" src=\"https:\/\/vea.it\/wp-content\/uploads\/2020\/02\/Micrometri_precisione.png\" alt=\"Micr\u00f3metros_precis\u00e3o\" title=\"Micr\u00f3metros_precis\u00e3o\" itemprop=\"image\"\/>\n\t\tPrecis\u00e3o Submicrom\u00e9trica<\/li>\t<\/ul>\n<h1>\n\t\tSISTEMAS DE VIS\u00c3O PARA MEDI\u00c7\u00c3O: EXEMPLOS DO MUNDO REAL\n\t<\/h1>\n\t<h5>Os sistemas de vis\u00e3o para medi\u00e7\u00e3o na linha de produ\u00e7\u00e3o s\u00e3o solu\u00e7\u00f5es avan\u00e7adas que utilizam c\u00e2maras, sensores \u00f3pticos e software para efetuar verifica\u00e7\u00f5es dimensionais e de qualidade dos produtos durante o processo de produ\u00e7\u00e3o. Estes sistemas funcionam em tempo real, sem interromper o fluxo de produ\u00e7\u00e3o, garantindo uma elevada precis\u00e3o e rapidez de an\u00e1lise. Uma das principais aplica\u00e7\u00f5es destes sistemas \u00e9 a medi\u00e7\u00e3o sem contacto de dimens\u00f5es cr\u00edticas de produtos<\/h5>\n<h5>O seu funcionamento baseia-se em c\u00e2maras de alta resolu\u00e7\u00e3o e micr\u00f3metros \u00f3pticos que adquirem imagens ou medi\u00e7\u00f5es da pe\u00e7a e as processam atrav\u00e9s de algoritmos avan\u00e7ados. Gra\u00e7as a estas tecnologias, \u00e9 poss\u00edvel verificar com precis\u00e3o as dimens\u00f5es, as toler\u00e2ncias e detetar eventuais defeitos.<\/h5>\n<h5>A velocidade de processamento dos sistemas de vis\u00e3o permite a inspe\u00e7\u00e3o 100% da produ\u00e7\u00e3o, reduzindo a necessidade de verifica\u00e7\u00f5es pontuais e aumentando a efici\u00eancia da produ\u00e7\u00e3o.<\/h5>\n<h5>Os sistemas de vis\u00e3o t\u00eam aplica\u00e7\u00e3o em sectores como o autom\u00f3vel, o aeroespacial e a mec\u00e2nica de precis\u00e3o, onde a qualidade e a repetibilidade das medi\u00e7\u00f5es s\u00e3o essenciais. Ao integrarem-se com rob\u00f4s e software de gest\u00e3o, optimizam os processos de produ\u00e7\u00e3o, reduzem o desperd\u00edcio e melhoram a efici\u00eancia global da linha de produ\u00e7\u00e3o, tornando-os um ativo essencial para a Ind\u00fastria 5.0.<\/h5>\n<h2>\n\t\tsistema de medi\u00e7\u00e3o microm\u00e9trica de uma pe\u00e7a torneada e roscada combinado com o controlo de qualidade\n\t<\/h2>\n<h4>\n\t\tO sistema de vis\u00e3o integrado nesta f\u00e1brica desempenha fun\u00e7\u00f5es avan\u00e7adas de orienta\u00e7\u00e3o do rob\u00f4, medi\u00e7\u00e3o microm\u00e9trica e controlo de qualidade, assegurando uma elevada precis\u00e3o na an\u00e1lise de pe\u00e7as de a\u00e7o maquinadas com superf\u00edcies reflectoras.\n\t<\/h4>\n\t\t\t\t<img decoding=\"async\" loading=\"lazy\" src=\"https:\/\/vea.it\/wp-content\/uploads\/2025\/03\/0875-cb.jpg\" alt=\"sistema de controlo da qualidade da superf\u00edcie e medi\u00e7\u00e3o com micr\u00f3metro \u00f3tico duplo\" itemprop=\"image\" height=\"1056\" width=\"1499\" title=\"0875-cb\" onerror=\"this.style.display='none'\"  \/>\n\t<h3>Carater\u00edsticas do sistema de vis\u00e3o<\/h3>\n<h4>Guia do rob\u00f4<\/h4>\n<p>O sistema foi concebido para otimizar a recolha robotizada de componentes com superf\u00edcies altamente reflectoras. As pe\u00e7as, colocadas aleatoriamente num tapete rolante, s\u00e3o reconhecidas e recolhidas com precis\u00e3o para serem transferidas para esta\u00e7\u00f5es de an\u00e1lise sem risco de danos.<\/p>\n\t<h4 data-start=\"378\" data-end=\"431\"><strong data-start=\"383\" data-end=\"429\">Medi\u00e7\u00e3o e controlo de qualidade simult\u00e2neos<\/strong><\/h4>\n<p>Um \u00fanico sistema tem \u00e0 disposi\u00e7\u00e3o dois micr\u00f3metros \u00f3pticos de 100 mm de di\u00e2metro e uma c\u00e2mara dedicada para inspecionar a parte inferior da pe\u00e7a. Durante o ciclo de an\u00e1lise, o componente roda durante tr\u00eas segundos, per\u00edodo durante o qual s\u00e3o efectuadas 180 sess\u00f5es de medi\u00e7\u00e3o, cada uma com mais de 50 detec\u00e7\u00f5es. Em paralelo, o controlo de qualidade detecta defeitos como mossas, grava\u00e7\u00f5es, rebarbas e oxida\u00e7\u00e3o.<\/p>\n<p>Para garantir a m\u00e1xima precis\u00e3o, os micr\u00f3metros \u00f3pticos adoptam um sistema de auto-calibra\u00e7\u00e3o baseado num conjunto de refer\u00eancia de at\u00e9 10 pe\u00e7as calibradas. Esta abordagem permite o cumprimento dos regulamentos mais rigorosos relativos aos equipamentos de medi\u00e7\u00e3o da linha de produ\u00e7\u00e3o, garantindo uma fiabilidade e precis\u00e3o constantes.<\/p>\n\t\t\t\t<img decoding=\"async\" loading=\"lazy\" src=\"https:\/\/vea.it\/wp-content\/uploads\/2025\/03\/0875-vd01.jpg\" alt=\"captura de ecr\u00e3 medi\u00e7\u00e3o microm\u00e9trica \u00f3tica e controlo da qualidade da superf\u00edcie\" itemprop=\"image\" height=\"562\" width=\"1333\" title=\"0875-vd01\" onerror=\"this.style.display='none'\"  \/>\n\t\t\t\t<img decoding=\"async\" loading=\"lazy\" src=\"https:\/\/vea.it\/wp-content\/uploads\/2025\/03\/micr-0875-02.jpg\" alt=\"medi\u00e7\u00e3o e controlo da qualidade de superf\u00edcies micr\u00f3metro \u00f3tico\" itemprop=\"image\" height=\"800\" width=\"800\" title=\"micr-0875-02\" onerror=\"this.style.display='none'\"  \/>\n<h2>\n\t\tsistema de medi\u00e7\u00e3o do estator e controlo das limalhas\n\t<\/h2>\n<h4>\n\t\tSistema de vis\u00e3o com c\u00e2mara dupla para orienta\u00e7\u00e3o do rob\u00f4 e medi\u00e7\u00e3o do estator. Orienta as pe\u00e7as, verifica as toler\u00e2ncias, verifica os res\u00edduos e armazena os dados para rastreabilidade, garantindo a qualidade e a integra\u00e7\u00e3o total com o robot e a f\u00e1brica.\n\t<\/h4>\n\t\t\t\t<img decoding=\"async\" loading=\"lazy\" src=\"https:\/\/vea.it\/wp-content\/uploads\/2025\/05\/1028-pz01-400x300-1.webp\" alt=\"estator de motor el\u00e9trico\" itemprop=\"image\" height=\"300\" width=\"400\" title=\"1028-pz01-400x300\" onerror=\"this.style.display='none'\"  \/>\n\t<h3>Carater\u00edsticas do sistema de vis\u00e3o<\/h3>\n<h4>Guia do robot para orienta\u00e7\u00e3o da placa do estator<\/h4>\n<p>Antes de ser carregado na m\u00e1quina, o estator deve ser corretamente orientado com uma precis\u00e3o de d\u00e9cimos de grau. Uma c\u00e2mara verifica a pe\u00e7a e corrige a orienta\u00e7\u00e3o, transmitindo a corre\u00e7\u00e3o ao robot.<\/p>\n\t<h4 data-start=\"378\" data-end=\"431\"><strong data-start=\"383\" data-end=\"429\">Medi\u00e7\u00e3o do estator<\/strong><\/h4>\n<p>Seguindo as especifica\u00e7\u00f5es de medi\u00e7\u00e3o ditadas pelo cliente, o sistema reconstr\u00f3i a geometria necess\u00e1ria para detetar as medi\u00e7\u00f5es desejadas, para cada estator as medi\u00e7\u00f5es s\u00e3o verificadas, se as medi\u00e7\u00f5es estiverem fora da toler\u00e2ncia a pe\u00e7a \u00e9 rejeitada. Em qualquer caso, os dados medidos s\u00e3o arquivados para permitir a rastreabilidade.<\/p>\n<p>&nbsp;<\/p>\n<h4>Controlo de qualidade dos estatores<\/h4>\n<p>Para al\u00e9m das medi\u00e7\u00f5es, \u00e9 efectuado um controlo da presen\u00e7a de res\u00edduos no produto.<\/p>\n\t\t\t\t<img decoding=\"async\" loading=\"lazy\" src=\"https:\/\/vea.it\/wp-content\/uploads\/2025\/05\/1028-vd01-1920x1080-1.webp\" alt=\"medi\u00e7\u00e3o do estator\" itemprop=\"image\" height=\"1080\" width=\"1920\" title=\"1028-vd01-1920x1080\" onerror=\"this.style.display='none'\"  \/>\n\t\t\t\t<img decoding=\"async\" loading=\"lazy\" src=\"https:\/\/vea.it\/wp-content\/uploads\/2025\/05\/1028-vd02-1561x866-1.webp\" alt=\"controlo de qualidade do estator\" itemprop=\"image\" height=\"866\" width=\"1561\" title=\"1028-vd02-1561x866\" onerror=\"this.style.display='none'\"  \/>","protected":false},"excerpt":{"rendered":"<p>SOLU\u00c7\u00d5ES: MEDI\u00c7\u00c3O 200 fotos por segundo mais de 100 000 medi\u00e7\u00f5es por segundo Controlo da precis\u00e3o em tempo real Compensa\u00e7\u00e3o das varia\u00e7\u00f5es t\u00e9rmicas e vibrat\u00f3rias Precis\u00e3o submicrom\u00e9trica SISTEMAS DE VIS\u00c3O PARA MEDI\u00c7\u00c3O: EXEMPLOS REAIS Os sistemas de vis\u00e3o para a medi\u00e7\u00e3o na linha de produ\u00e7\u00e3o s\u00e3o solu\u00e7\u00f5es avan\u00e7adas que utilizam c\u00e2maras, sensores \u00f3pticos e software para medir a ...<\/p>\n<p class=\"read-more\"> <a class=\"ast-button\" href=\"https:\/\/vea.it\/pt\/medida\/\"> <span class=\"screen-reader-text\">MEDI\u00c7\u00c3O<\/span> Leia mais \"<\/a><\/p>","protected":false},"author":2,"featured_media":0,"parent":0,"menu_order":0,"comment_status":"closed","ping_status":"closed","template":"","meta":{"site-sidebar-layout":"no-sidebar","site-content-layout":"page-builder","ast-global-header-display":"","ast-main-header-display":"","ast-hfb-above-header-display":"","ast-hfb-below-header-display":"","ast-hfb-mobile-header-display":"","site-post-title":"disabled","ast-breadcrumbs-content":"","ast-featured-img":"disabled","footer-sml-layout":"","theme-transparent-header-meta":"default","adv-header-id-meta":"","stick-header-meta":"default","header-above-stick-meta":"","header-main-stick-meta":"","header-below-stick-meta":"","footnotes":""},"_links":{"self":[{"href":"https:\/\/vea.it\/pt\/wp-json\/wp\/v2\/pages\/1997"}],"collection":[{"href":"https:\/\/vea.it\/pt\/wp-json\/wp\/v2\/pages"}],"about":[{"href":"https:\/\/vea.it\/pt\/wp-json\/wp\/v2\/types\/page"}],"author":[{"embeddable":true,"href":"https:\/\/vea.it\/pt\/wp-json\/wp\/v2\/users\/2"}],"replies":[{"embeddable":true,"href":"https:\/\/vea.it\/pt\/wp-json\/wp\/v2\/comments?post=1997"}],"version-history":[{"count":4,"href":"https:\/\/vea.it\/pt\/wp-json\/wp\/v2\/pages\/1997\/revisions"}],"predecessor-version":[{"id":3709,"href":"https:\/\/vea.it\/pt\/wp-json\/wp\/v2\/pages\/1997\/revisions\/3709"}],"wp:attachment":[{"href":"https:\/\/vea.it\/pt\/wp-json\/wp\/v2\/media?parent=1997"}],"curies":[{"name":"wp","href":"https:\/\/api.w.org\/{rel}","templated":true}]}}