{"id":18,"date":"2019-12-15T10:07:40","date_gmt":"2019-12-15T10:07:40","guid":{"rendered":"https:\/\/vea.it\/?page_id=18"},"modified":"2025-04-02T14:52:15","modified_gmt":"2025-04-02T14:52:15","slug":"homepage","status":"publish","type":"page","link":"https:\/\/vea.it\/pt\/","title":{"rendered":"P\u00e1gina inicial"},"content":{"rendered":"<ul>\n\t\t<li>\t\t\n\t\t\t\t<img decoding=\"async\" src=\"https:\/\/vea.it\/wp-content\/uploads\/2020\/02\/Micrometri_fotosec.png\" alt=\"Micr\u00f3metros_fotosec\" title=\"Micr\u00f3metros_fotosec\" itemprop=\"image\">\n\t\t<h3>Vis\u00e3o Artificial<\/h3><p>H\u00e1 mais de 25 anos que desenhamos m\u00e1quinas de vis\u00e3o mec\u00e2nica dedicadas ao ambiente industrial.&nbsp;<\/p><\/li><li>\t\t\t\t\n\t\t<h3>Solu\u00e7\u00f5es <\/h3><p>N\u00e3o s\u00f3 produtos, mas sobretudo solu\u00e7\u00f5es dedicadas aos nossos clientes<\/p><\/li><li>\t\t\n\t\t\t\t<img decoding=\"async\" src=\"https:\/\/vea.it\/wp-content\/uploads\/2019\/12\/Checkbox_icona6.png\" alt=\"eletr\u00f3nica\" title=\"Checkbox_icona6\" itemprop=\"image\">\n\t\t<h3>Eletr\u00f3nica Ad Hoc<\/h3><p>Conce\u00e7\u00e3o e fabrico de eletr\u00f3nica por medida para uso civil e industrial, sensores por medida, placas de CPU, iluminadores<\/p><\/li><li>\t\t\n\t\t\t\t<img decoding=\"async\" src=\"https:\/\/vea.it\/wp-content\/uploads\/2019\/12\/icone_misura.png\" alt=\"\u00edcones_medida\" title=\"\u00edcones_medida\" itemprop=\"image\">\n\t\t<h3>Projectos industriais<\/h3><p>Concebemos e fabricamos m\u00e1quinas complexas que satisfazem os requisitos mais exigentes<\/p><\/li><li>\t\t\n\t\t\t\t<img decoding=\"async\" src=\"https:\/\/vea.it\/wp-content\/uploads\/2019\/12\/icone_industria.png\" alt=\"\u00edcones_ind\u00fastria\" title=\"\u00edcones_ind\u00fastria\" itemprop=\"image\">\n\t\t<h3>Ind\u00fastria 5.0<\/h3><p>As nossas m\u00e1quinas j\u00e1 est\u00e3o preparadas para a interconex\u00e3o com os processos industriais, conforme exigido pelas diretrizes da \"Ind\u00fastria 5.0\".&nbsp;<\/p><\/li>\t<\/ul>\n\tProjeto, instala\u00e7\u00e3o, treinamento.<br>\nOs nossos produtos s\u00e3o apenas uma parte das solu\u00e7\u00f5es que oferecemos.\n\t\t\t<a href=\"https:\/\/vea.it\/contatti\/\" target=\"_self\" rel=\"noopener\">\n\t\t\t\t\t\t\tCONSELHO DE BUSCA\n\t\t\t\t\t<\/a>\n\t\t\t<a href=\"https:\/\/vea.it\/galleria-video\/\" target=\"_self\" rel=\"noopener\">\n\t\t\t\t\t\t\tEXPLORE A GALERIA DE V\u00cdDEOS\n\t\t\t\t\t<\/a>\n\t<ul>\n\t\t<li>\t\t\n\t\t\t\t<img decoding=\"async\" src=\"https:\/\/vea.it\/wp-content\/uploads\/2020\/01\/servizi_icona1.png\" alt=\"servi\u00e7os_icona1\" title=\"servi\u00e7os_icona1\" itemprop=\"image\">\n\t\t<h4>Consultoria<\/h4><\/li><li>\t\t\n\t\t\t\t<img decoding=\"async\" src=\"https:\/\/vea.it\/wp-content\/uploads\/2020\/01\/servizi_icona2.png\" alt=\"icon_services2\" title=\"icon_services2\" itemprop=\"image\">\n\t\t<h4>Instala\u00e7\u00e3o<\/h4><\/li><li>\t\t\n\t\t\t\t<img decoding=\"async\" src=\"https:\/\/vea.it\/wp-content\/uploads\/2020\/01\/servizi_icona3.png\" alt=\"icon_services3\" title=\"icon_services3\" itemprop=\"image\">\n\t\t<h4>Calibra\u00e7\u00e3o<\/h4><\/li><li>\t\t\n\t\t\t\t<img decoding=\"async\" src=\"https:\/\/vea.it\/wp-content\/uploads\/2020\/01\/servizi_icona4.png\" alt=\"icon_services4\" title=\"icon_services4\" itemprop=\"image\">\n\t\t<h4>Certifica\u00e7\u00e3o<\/h4><\/li><li>\t\t\n\t\t\t\t<img decoding=\"async\" src=\"https:\/\/vea.it\/wp-content\/uploads\/2020\/01\/servizi_icona6.png\" alt=\"icon_services6\" title=\"icon_services6\" itemprop=\"image\">\n\t\t<h4>Forma\u00e7\u00e3o<\/h4><\/li>\t<\/ul>\n\t\t\t<a href=\"https:\/\/vea.it\/servizi\/\" target=\"_self\" rel=\"noopener\">\n\t\t\t\t\t\t\tCONHE\u00c7A OS NOSSOS SERVI\u00c7OS\n\t\t\t\t\t<\/a>\n<h1>\n\t\tN\u00d3S SOMOS\n\t<\/h1>\n\t\t\t\t<img decoding=\"async\" src=\"https:\/\/vea.it\/wp-content\/uploads\/2020\/01\/chi-siamo-fiera.jpg\" alt=\"C\u00c2MERA DIGITAL DA OLYMPUS\" itemprop=\"image\" title=\"C\u00c2MERA DIGITAL DA OLYMPUS\" onerror=\"this.style.display='none'\">\n\t<p>Desde 1992, temos lidado com <strong>sistemas de vis\u00e3o artificial<\/strong>Ao longo dos anos, torn\u00e1mo-nos uma refer\u00eancia internacional para sistemas de vis\u00e3o e equipamento integrado de controlo de qualidade e medi\u00e7\u00e3o com uma fiabilidade muito elevada. O nosso<strong> sistemas de vis\u00e3o <\/strong>totalmente integrado no seu processo de produ\u00e7\u00e3o <strong>garantindo controles de qualidade com confiabilidade em PPM (Parts Per Million) e controles metrol\u00f3gicos com precis\u00e3o microm\u00e9trica em 100% das pe\u00e7as produzidas.<\/strong><\/p>\n<p>Gra\u00e7as \u00e0 linha Checkbox <strong>podemos realizar controles autom\u00e1ticos de qualidade e medi\u00e7\u00f5es diretamente nas linhas de produ\u00e7\u00e3o<\/strong>e aumentou significativamente a qualidade da produ\u00e7\u00e3o da empresa.<\/p>\n\t\t\t<a href=\"https:\/\/vea.it\/chi-siamo\/\" target=\"_self\" rel=\"noopener\">\n\t\t\t\t\t\t\tDESCOBRIR MAIS\n\t\t\t\t\t<\/a>\n\t\t<!-- Comment to fix spacing issue\n\t-->\n\t\t0\nSistemas de vis\u00e3o\n\t<!-- Comment to fix spacing issue\n\t-->\t\n\t\t<!-- Comment to fix spacing issue\n\t-->\n\t\t0\nSistemas de vis\u00e3o artificial\n\t<!-- Comment to fix spacing issue\n\t-->\t\n\t\t<!-- Comment to fix spacing issue\n\t-->\n\t\t0\nCheckBox\n\t<!-- Comment to fix spacing issue\n\t-->\t\n\t\t<!-- Comment to fix spacing issue\n\t-->\n\t\t0\nParceiros internacionais\n\t<!-- Comment to fix spacing issue\n\t-->\t\n<h2>\n\t\tCERTIFICA\u00c7\u00d5ES E ASSOCIA\u00c7\u00d5ES\n\t<\/h2>\n<h4>\n\t\tATEN\u00c7\u00c3O: de momento, a transfer\u00eancia s\u00f3 funciona quando se selecciona a L\u00cdNGUA ITALIANA\n\t<\/h4>\n\t\t\t\t\t\t\t\t<a href=\"#\" id=\"fl-tabs--label-0\" data-index=\"0\" aria-selected=\"true\" aria-controls=\"fl-tabs--panel-0\" aria-expanded=\"true\" role=\"tab\" tabindex=\"0\">\t\t\t\tISO 9001\t\t\t\t<\/a>\n\t\t\t\t\t\t\t\t<a href=\"#\" id=\"fl-tabs--label-1\" data-index=\"1\" aria-selected=\"false\" aria-controls=\"fl-tabs--panel-1\" aria-expanded=\"false\" role=\"tab\" tabindex=\"0\">\t\t\t\tASSOCIA\u00c7\u00d5ES\t\t\t\t<\/a>\n\t\t\t\t\t\tISO 9001\n\t\t\t\t\t\t\t\t\t\t\t<p>A empresa VEA S.r.l. \u00e9 <strong>a primeira empresa na It\u00e1lia <\/strong>Certificado UNI EN ISO9001 (n. 393)<strong> para a concep\u00e7\u00e3o, fabrico, instala\u00e7\u00e3o e manuten\u00e7\u00e3o de sistemas de vis\u00e3o artificial<\/strong>.<\/p>\n<p><img decoding=\"async\" src=\"https:\/\/vea.it\/wp-content\/uploads\/2023\/08\/ISO-9001-2023-qualita_orizz-350x240-1.png\" alt=\"LOGOTIPO ISO 9001\"><\/p>\n<p>Fa\u00e7a o download do certificado.<\/p>\n<p>\t\t\t\t<div class=\"email_download_link\">\r\n\t\t\t\t\t\t<form action=\"#\" method=\"post\" class=\"ed_form\" id=\"ed_form_1775945414\" data-no-translation=\"\" data-no-auto-translation=\"\" data-trp-original-action=\"#\">\r\n\t\t\t\t<p><span class=\"name\">Name *<\/span><br><input type=\"text\" name=\"name\" id=\"name\" placeholder=\"Name\" value=\"\" maxlength=\"50\" required><\/p>\t\t\t\t<p><span class=\"email\">Email *<\/span><br><input class=\"\" type=\"email\" id=\"email\" name=\"email\" value=\"\" placeholder=\"Email *\"  maxlength=\"225\" required><\/p>\t\t\t\t\t\t\t\t<p><span class=\"email\">Downloads *<\/span><br><select name=\"group\" id=\"group\" required><option value=\"\">Select<\/option><option value=\"bpnsta-jtmzwr-bfuqtv-urbzhw-vgyboq\">IQNET 2023<\/option><option value=\"syetdc-tlmefx-tnawrf-crlbei-hrkztd\">ISO 9001 2023<\/option><\/select><\/p>\t\t\t\t\t\t\t\t\t\t\t\t<br \/>\r\n\t\t\t\t<input name=\"submit\" class=\"submit\" id=\"ed_form_submit_1775945414\" value=\"Send Download Link\" type=\"submit\" \/>\r\n\t\t\t\t<span class=\"ed_form_spinner\" id=\"loading-image\" style=\"display:none;\">\r\n\t\t\t\t\t<img src=\"https:\/\/vea.it\/wp-content\/plugins\/email-download-link\/images\/ajax-loader.gif\" \/>\r\n\t\t\t\t<\/span>\r\n\t\t\t\t<input name=\"guid\" id=\"guid\" value=\"group-option\" type=\"hidden\"\/>\r\n\t\t\t\t<input type=\"text\" style=\"display:none;\" id=\"email_name\" name=\"email_name\" value=\"\"\/>\r\n\t\t\t\t<input name=\"form_nonce\" id=\"form_nonce\" value=\"abb8b96fab\" type=\"hidden\"\/>\r\n\t\t\t\t<input name=\"name_mand\" id=\"name_mand\" value=\"YES\" type=\"hidden\"\/>\r\n\t\t\t\t<input name=\"gdpr_mand\" id=\"gdpr_mand\" value=\"NO\" type=\"hidden\"\/>\r\n\t\t\t\t<input name=\"phone_mand\" id=\"phone_mand\" value=\"\" type=\"hidden\"\/>\r\n\t\t\t<input type=\"hidden\" name=\"trp-form-language\" value=\"pt\"\/><\/form>\t\r\n\t\t\t<span class=\"ed_form_message\" id=\"ed_form_message_1775945414\"><\/span>\r\n\t\t<\/div>\r\n\t com o pedido deste link autorizo a VEA s.r.l. para a conserva\u00e7\u00e3o do correio<\/p>\n\t\t\t\t\t\tASSOCIA\u00c7\u00d5ES\n\t\t\t\t\t\t\t\t\t\t\t<p><a href=\"https:\/\/www.confindustria-am.it\/\" target=\"_blank\" rel=\"noopener\"><img decoding=\"async\" loading=\"lazy\" src=\"https:\/\/vea.it\/wp-content\/uploads\/2025\/03\/confind-a-m-300x114.webp\" alt=\"Confindustria Alto Milanese\" width=\"300\" height=\"114\"><\/a><\/p>\n\t\t\t<a href=\"https:\/\/vea.it\/sistemi-di-visione\/\" target=\"_self\" rel=\"noopener\">\n\t\t\t\t\t\t\tSISTEMAS DE VIS\u00c3O\n\t\t\t\t\t<\/a>","protected":false},"excerpt":{"rendered":"<p>Vis\u00e3o artificial H\u00e1 mais de 25 anos que concebemos m\u00e1quinas de vis\u00e3o artificial dedicadas ao ambiente industrial Solu\u00e7\u00f5es N\u00e3o apenas produtos, mas sobretudo solu\u00e7\u00f5es dedicadas aos nossos clientes Eletr\u00f3nica Ad Hoc Conce\u00e7\u00e3o e fabrico de eletr\u00f3nica personalizada para uso civil e industrial, sensores personalizados, placas de CPU, iluminadores Projectos industriais Concebemos e fabricamos m\u00e1quinas complexas que respondem \u00e0s exig\u00eancias ...<\/p>\n<p class=\"read-more\"> <a class=\"ast-button\" href=\"https:\/\/vea.it\/pt\/\"> <span class=\"screen-reader-text\">P\u00e1gina inicial<\/span> Leia mais \"<\/a><\/p>","protected":false},"author":1,"featured_media":0,"parent":0,"menu_order":0,"comment_status":"closed","ping_status":"closed","template":"","meta":{"site-sidebar-layout":"no-sidebar","site-content-layout":"page-builder","ast-global-header-display":"","ast-main-header-display":"","ast-hfb-above-header-display":"","ast-hfb-below-header-display":"","ast-hfb-mobile-header-display":"","site-post-title":"disabled","ast-breadcrumbs-content":"","ast-featured-img":"disabled","footer-sml-layout":"","theme-transparent-header-meta":"default","adv-header-id-meta":"","stick-header-meta":"default","header-above-stick-meta":"","header-main-stick-meta":"","header-below-stick-meta":"","footnotes":""},"_links":{"self":[{"href":"https:\/\/vea.it\/pt\/wp-json\/wp\/v2\/pages\/18"}],"collection":[{"href":"https:\/\/vea.it\/pt\/wp-json\/wp\/v2\/pages"}],"about":[{"href":"https:\/\/vea.it\/pt\/wp-json\/wp\/v2\/types\/page"}],"author":[{"embeddable":true,"href":"https:\/\/vea.it\/pt\/wp-json\/wp\/v2\/users\/1"}],"replies":[{"embeddable":true,"href":"https:\/\/vea.it\/pt\/wp-json\/wp\/v2\/comments?post=18"}],"version-history":[{"count":21,"href":"https:\/\/vea.it\/pt\/wp-json\/wp\/v2\/pages\/18\/revisions"}],"predecessor-version":[{"id":3698,"href":"https:\/\/vea.it\/pt\/wp-json\/wp\/v2\/pages\/18\/revisions\/3698"}],"wp:attachment":[{"href":"https:\/\/vea.it\/pt\/wp-json\/wp\/v2\/media?parent=18"}],"curies":[{"name":"wp","href":"https:\/\/api.w.org\/{rel}","templated":true}]}}