{"id":1790,"date":"2020-07-30T14:41:37","date_gmt":"2020-07-30T14:41:37","guid":{"rendered":"https:\/\/vea.it\/?page_id=1790"},"modified":"2021-06-25T13:07:22","modified_gmt":"2021-06-25T13:07:22","slug":"checkbox-diecast","status":"publish","type":"page","link":"https:\/\/vea.it\/pt\/checkbox-diecast\/","title":{"rendered":"CheckBox diecast"},"content":{"rendered":"<ul>\n\t\t<li>\t\t\n\t\t\t\t<img decoding=\"async\" src=\"https:\/\/vea.it\/wp-content\/uploads\/2019\/12\/Checkbox_icona1.png\" alt=\"Caixa de sele\u00e7\u00e3o_icona1\" title=\"Caixa de sele\u00e7\u00e3o_icona1\" itemprop=\"image\">\n\t\tAlgoritmos otimizados de fundi\u00e7\u00e3o sob press\u00e3o<\/li><li>\t\t\n\t\t\t\t<img decoding=\"async\" src=\"https:\/\/vea.it\/wp-content\/uploads\/2020\/02\/Micrometri_precisione.png\" alt=\"Micr\u00f3metros_precis\u00e3o\" title=\"Micr\u00f3metros_precis\u00e3o\" itemprop=\"image\">\n\t\tConfiabilidade em PPM (Partes por Milh\u00e3o)<\/li><li>\t\t\n\t\t\t\t<img decoding=\"async\" src=\"https:\/\/vea.it\/wp-content\/uploads\/2020\/08\/ICON-cbdiecast-2.png\" alt=\"ICON-cbdiecast-2\" title=\"ICON-cbdiecast-2\" itemprop=\"image\">\n\t\tInd\u00fastria 4.0 PRONTO<\/li><li>\t\t\n\t\t\t\t<img decoding=\"async\" src=\"https:\/\/vea.it\/wp-content\/uploads\/2020\/08\/ICON-cbdiecast-1.png\" alt=\"ICON-cbdiecast-1\" title=\"ICON-cbdiecast-1\" itemprop=\"image\">\n\t\tNenhum operador especializado<\/li>\t<\/ul>\n\t\t\t\t\t\t\t<p>Reduz os custos da falta de qualidade<\/p>\t\t\t\t\t\t\n\t\t\t\t\t\t\t<p>Solu\u00e7\u00f5es personalizadas<\/p>\t\t\t\t\t\t\n\t\t\t\t\t\t\t<p>Programa\u00e7\u00e3o f\u00e1cil e flex\u00edvel<\/p>\t\t\t\t\t\t\n\t<h1>\n\t\tCAIXA DE SELE\u00c7\u00c3O: CONTROLE DE QUALIDADE DE FUNDI\u00c7\u00c3O SOB PRESS\u00c3O\n\t<\/h1>\n<h2>\n\t\tA CheckBox Diecasting \u00e9 uma m\u00e1quina concebida para realizar automaticamente o controlo de qualidade e a medi\u00e7\u00e3o 100% da produ\u00e7\u00e3o de pe\u00e7as fundidas sob press\u00e3o, poupando tempo e custos.\n\t<\/h2>\n\t\t\t\t<a href=\"https:\/\/vea.it\/wp-content\/uploads\/2020\/07\/cb-692-robot-01-800.jpg\" target=\"_self\" itemprop=\"url\" rel=\"noopener\">\n\t\t\t\t<img decoding=\"async\" src=\"https:\/\/vea.it\/wp-content\/uploads\/2020\/07\/cb-692-robot-01-800.jpg\" alt=\"cb-692-robot-01-800\" itemprop=\"image\" title=\"cb-692-robot-01-800\" onerror=\"this.style.display='none'\">\n\t\t\t\t<\/a>\n\t\t\t\t<a href=\"https:\/\/vea.it\/wp-content\/uploads\/2020\/07\/cb-pr-misura-01.jpg\" target=\"_self\" itemprop=\"url\" rel=\"noopener\">\n\t\t\t\t<img decoding=\"async\" loading=\"lazy\" src=\"https:\/\/vea.it\/wp-content\/uploads\/2020\/07\/cb-pr-misura-01.jpg\" alt=\"cb-pr-medida-01\" itemprop=\"image\" height=\"945\" width=\"963\" title=\"cb-pr-medida-01\" onerror=\"this.style.display='none'\">\n\t\t\t\t<\/a>\n\tA CheckBox Diecasting \u00e9 a m\u00e1quina ideal para todas as empresas que fornecem aos seus clientes produtos com defeitos na gama PPM (Parts Per Million).<br>\nO controlo de qualidade automatizado em compara\u00e7\u00e3o com o controlo de qualidade manual permite alcan\u00e7ar valores de fiabilidade mais elevados por muitas raz\u00f5es.<br>\nAvalie os produtos de forma consistente com uma regra precisa.<br>\nEstabiliza o n\u00edvel de qualidade do produto.<br>\nN\u00e3o \u00e9 mais necess\u00e1rio sobrestimar o defeito para compensar a variabilidade da an\u00e1lise humana. Como resultado, o n\u00famero de pe\u00e7as rejeitadas por pequenos defeitos \u00e9 reduzido.<br>\nA forma\u00e7\u00e3o do pessoal de controlo de qualidade j\u00e1 n\u00e3o \u00e9 necess\u00e1ria.<br>\nEstas m\u00e1quinas reduzem o n\u00famero de devolu\u00e7\u00f5es e recolhas.<br>\nEstes sistemas reduzem significativamente os custos de falhas de qualidade ao longo de toda a cadeia de fornecimento, desde o tratamento de reclama\u00e7\u00f5es at\u00e9 \u00e0 verifica\u00e7\u00e3o ou substitui\u00e7\u00e3o.\nO software CheckBox Diecasting torna poss\u00edvel identificar defeitos t\u00edpicos de fundi\u00e7\u00e3o e poss\u00edveis falhas de processamento.<br>\nAl\u00e9m do controle de qualidade, a Checkbox Diecasting pode realizar medi\u00e7\u00f5es de qualquer tipo.\n<h3>\n\t\tDefeitos encontrados\n\t<\/h3>\n\t<ul>\n\t\t<li>\t\t\n\t\t\t\t<img decoding=\"async\" src=\"https:\/\/vea.it\/wp-content\/uploads\/2020\/08\/ICON-cb-def-1.png\" alt=\"ICON-cb-def-1\" title=\"ICON-cb-def-1\" itemprop=\"image\">\n\t\tAmolgadelas<\/li><li>\t\t\n\t\t\t\t<img decoding=\"async\" src=\"https:\/\/vea.it\/wp-content\/uploads\/2020\/08\/ICON-cb-def-2.png\" alt=\"ICON-cb-def-2\" title=\"ICON-cb-def-2\" itemprop=\"image\">\n\t\tQueimaduras e deforma\u00e7\u00f5es<\/li><li>\t\t\n\t\t\t\t<img decoding=\"async\" src=\"https:\/\/vea.it\/wp-content\/uploads\/2020\/08\/ICON-cb-def-3.png\" alt=\"ICON-cb-def-3\" title=\"ICON-cb-def-3\" itemprop=\"image\">\n\t\tQuebras e falhas<\/li><li>\t\t\n\t\t\t\t<img decoding=\"async\" src=\"https:\/\/vea.it\/wp-content\/uploads\/2020\/08\/ICON-cb-def-4.png\" alt=\"ICON-cb-def-4\" title=\"ICON-cb-def-4\" itemprop=\"image\">\n\t\tRetiradas e fissuras<\/li><li>\t\t\n\t\t\t\t<img decoding=\"async\" src=\"https:\/\/vea.it\/wp-content\/uploads\/2020\/08\/ICON-cb-def-5.png\" alt=\"ICON-cb-def-5\" title=\"ICON-cb-def-5\" itemprop=\"image\">\n\t\tLamina\u00e7\u00f5es<\/li><li>\t\t\n\t\t\t\t<img decoding=\"async\" src=\"https:\/\/vea.it\/wp-content\/uploads\/2020\/08\/ICON-cb-def-6.png\" alt=\"ICON-cb-def-6\" title=\"ICON-cb-def-6\" itemprop=\"image\">\n\t\tContamina\u00e7\u00f5es<\/li>\t<\/ul>\n<h3>\n\t\tExtrema versatilidade com o m\u00ednimo de reequipamento\n\t<\/h3>\n\tCheckBox Diecasting utiliza um rob\u00f4 anti-proporcional para mover as pe\u00e7as na frente das c\u00e2meras de controle e medi\u00e7\u00e3o.<br>\nSe a forma das pe\u00e7as mudar, o reequipamento \u00e9 m\u00ednimo: apenas um minuto \u00e9 suficiente para substituir as pin\u00e7as do rob\u00f4 e chamar o novo programa.<br>\nOs objetos a serem inspecionados s\u00e3o colocados em uma esteira de alimenta\u00e7\u00e3o aleatoriamente, a posi\u00e7\u00e3o n\u00e3o \u00e9 importante porque o rob\u00f4 ser\u00e1 guiado para dentro da tomada pelo sistema de vis\u00e3o.<br>\nA pe\u00e7a retirada da pin\u00e7a \u00e9 orientada em v\u00e1rios \u00e2ngulos em frente de uma ou mais c\u00e2meras para inspecion\u00e1-la.<br>\nPara um controlo de qualidade muito r\u00e1pido e abrangente, a Checkbox Diecasting emprega v\u00e1rias c\u00e2maras que verificam simultaneamente a pe\u00e7a de diferentes pontos de vista em cada movimento do rob\u00f4.\n\t\t\t\t<a href=\"https:\/\/vea.it\/wp-content\/uploads\/2020\/07\/cb-873-robot-01-800.jpg\" target=\"_self\" itemprop=\"url\" rel=\"noopener\">\n\t\t\t\t<img decoding=\"async\" src=\"https:\/\/vea.it\/wp-content\/uploads\/2020\/07\/cb-873-robot-01-800.jpg\" alt=\"cb-873-robot-01-800\" itemprop=\"image\" title=\"cb-873-robot-01-800\" onerror=\"this.style.display='none'\">\n\t\t\t\t<\/a>\n<h3>\n\t\tMedi\u00e7\u00e3o integrada e controle de qualidade\n\t<\/h3>\n\t\t\t\t<a href=\"https:\/\/vea.it\/wp-content\/uploads\/2020\/07\/cb-pr-misura-02.jpg\" target=\"_self\" itemprop=\"url\" rel=\"noopener\">\n\t\t\t\t<img decoding=\"async\" loading=\"lazy\" src=\"https:\/\/vea.it\/wp-content\/uploads\/2020\/07\/cb-pr-misura-02.jpg\" alt=\"cb-pr-medida-02\" itemprop=\"image\" height=\"747\" width=\"476\" title=\"cb-pr-medida-02\" onerror=\"this.style.display='none'\">\n\t\t\t\t<\/a>\n\tO software CheckBox Diecasting utiliza algoritmos inovadores de \"l\u00f3gica h\u00edbrida\" optimizados para a inspec\u00e7\u00e3o de defeitos t\u00edpicos de fundi\u00e7\u00e3o sob press\u00e3o. Estes algoritmos permitem a identifica\u00e7\u00e3o do defeito de forma segura, minimizando o problema de falsos rejeitos t\u00edpicos dos algoritmos cl\u00e1ssicos.<br>\nQualquer tipo de an\u00e1lise pode ser realizada em pe\u00e7as n\u00e3o maquinadas, tombadas ou jateadas e at\u00e9 mesmo usinadas.\n<p>Uma s\u00e9rie de ferramentas permite uma an\u00e1lise exaustiva das superf\u00edcies, filtrando as irregularidades de colora\u00e7\u00e3o devidas ao material ou a v\u00e1rios tratamentos.<\/p>\n<p>Muitas vezes o controle de qualidade de uma pe\u00e7a n\u00e3o \u00e9 definido apenas pela an\u00e1lise da sua superf\u00edcie, mas tamb\u00e9m \u00e9 necess\u00e1rio um controle dimensional.<\/p>\n<p>Checkbox Diecasting pode realizar todos os tipos de medi\u00e7\u00f5es com precis\u00e3o centesimal de forma r\u00e1pida e precisa diretamente com a pe\u00e7a no pulso do rob\u00f4.<\/p>\n<p>\u00c9 poss\u00edvel realizar medi\u00e7\u00f5es microm\u00e9tricas, por exemplo, em opera\u00e7\u00f5es de usinagem, implementando micr\u00f4metros \u00f3pticos ou apalpadores na m\u00e1quina.<\/p>\n<p>Existem tamb\u00e9m m\u00f3dulos especiais para testar a dureza do material ou para a detec\u00e7\u00e3o de fissuras internas.<\/p>\n<h3>\n\t\tM\u00e1xima flexibilidade\n\t<\/h3>\n\tCheckBox Diecast \u00e9 uma m\u00e1quina concebida para ser flex\u00edvel e para controlar produtos com diferentes formas.<br>\nSabemos que no processo de produ\u00e7\u00e3o de hoje, os produtos s\u00e3o muitas vezes de curta dura\u00e7\u00e3o e sujeitos a altera\u00e7\u00f5es.<br>\n\u00c9 por isso que a CheckBox Diecast foi concebida para que o utilizador final possa implementar independentemente novos produtos para al\u00e9m dos produtos iniciais.\n\t\t\t\t<a href=\"https:\/\/vea.it\/wp-content\/uploads\/2020\/07\/cb-873-01-800.jpg\" target=\"_self\" itemprop=\"url\" rel=\"noopener\">\n\t\t\t\t<img decoding=\"async\" src=\"https:\/\/vea.it\/wp-content\/uploads\/2020\/07\/cb-873-01-800.jpg\" alt=\"cb-873-01-800\" itemprop=\"image\" title=\"cb-873-01-800\" onerror=\"this.style.display='none'\">\n\t\t\t\t<\/a>\n\t\t\t\t<a href=\"https:\/\/vea.it\/wp-content\/uploads\/2020\/07\/cb-pr-vd-01-800-2.png\" target=\"_self\" itemprop=\"url\" rel=\"noopener\">\n\t\t\t\t<img decoding=\"async\" src=\"https:\/\/vea.it\/wp-content\/uploads\/2020\/07\/cb-pr-vd-01-800-2.png\" alt=\"cb-pr-vd-01-800\" itemprop=\"image\" title=\"cb-pr-vd-01-800\" onerror=\"this.style.display='none'\">\n\t\t\t\t<\/a>\n\tA opera\u00e7\u00e3o da m\u00e1quina \u00e9 simplificada pelo uso de um \u00fanico grande painel do operador 23\u2033 touchscreen.<br>\nO painel n\u00e3o s\u00f3 permite o controle em tempo real do funcionamento do sistema, mas tamb\u00e9m permite que os par\u00e2metros de qualidade e medi\u00e7\u00e3o sejam modificados enquanto o sistema est\u00e1 em funcionamento.<br>\nIsto optimiza a funcionalidade da m\u00e1quina sem afectar a produtividade.\n\t<p>A CheckBox Diecast pode ser equipada com um laser ou outro marcador para objectivar a verifica\u00e7\u00e3o e para marcar, por exemplo, um n\u00famero de s\u00e9rie ou um c\u00f3digo datamatrix. A qualidade e correc\u00e7\u00e3o da marca\u00e7\u00e3o \u00e9 verificada por uma c\u00e2mara.<\/p>\n\t\t\t\t<a href=\"https:\/\/vea.it\/wp-content\/uploads\/2020\/07\/cb-873-laser-02-800.jpg\" target=\"_self\" itemprop=\"url\" rel=\"noopener\">\n\t\t\t\t<img decoding=\"async\" src=\"https:\/\/vea.it\/wp-content\/uploads\/2020\/07\/cb-873-laser-02-800.jpg\" alt=\"cb-873-laser-02-800\" itemprop=\"image\" title=\"cb-873-laser-02-800\" onerror=\"this.style.display='none'\">\n\t\t\t\t<\/a>\n\t\t\t\t<a href=\"https:\/\/vea.it\/wp-content\/uploads\/2020\/07\/Industry-4-800.jpg\" target=\"_self\" itemprop=\"url\" rel=\"noopener\">\n\t\t\t\t<img decoding=\"async\" src=\"https:\/\/vea.it\/wp-content\/uploads\/2020\/07\/Industry-4-800.jpg\" alt=\"Ind\u00fastria 4-800\" itemprop=\"image\" title=\"Ind\u00fastria 4-800\" onerror=\"this.style.display='none'\">\n\t\t\t\t<\/a>\n\tA CheckBox Diecast j\u00e1 est\u00e1 preparada para interconex\u00e3o com processos industriais, conforme exigido pelas diretrizes \"Industry 4.0\".<br>\nO software permite armazenar dados estat\u00edsticos de produ\u00e7\u00e3o ou dados e imagens relacionados com cada produto individual.\n<h2>\n\t\tGALERIA DE V\u00cdDEOS\n\t<\/h2>\n\t\t\t\t\t<a href=\"https:\/\/www.youtube.com\/watch?v=64y9-lKUEg4\" data-url=\"https:\/\/www.youtube.com\/embed\/64y9-lKUEg4?autoplay=1&amp;version=3&amp;enablejsapi=1\" target=\"_blank\" rel=\"noopener\">\t\t\t\t\t\t\n\t\t\t\t\t\t\t\t\t\t<h4>CheckBox Diecast Ingl\u00eas<\/h4>\n\t\t\t\t\t<\/a>\t\t\t\t\n\t\t\t\t\t<a href=\"https:\/\/www.youtube.com\/watch?v=UebgS92uvIY\" data-url=\"https:\/\/www.youtube.com\/embed\/UebgS92uvIY?autoplay=1&amp;version=3&amp;enablejsapi=1\" target=\"_blank\" rel=\"noopener\">\t\t\t\t\t\t\n\t\t\t\t\t\t\t\t\t\t<h4>CheckBox Marca\u00e7\u00e3o op\u00e7\u00e3o Ingl\u00eas<\/h4>\n\t\t\t\t\t<\/a>\t\t\t\t\n\t\t\t\t\t<a href=\" https:\/\/www.youtube.com\/watch?v=luiUPMdiBx0\" data-url=\"https:\/\/www.youtube.com\/embed\/luiUPMdiBx0?autoplay=1&amp;version=3&amp;enablejsapi=1\">\t\t\t\t\t\t\n\t\t\t\t\t\t\t\t\t\t<h4>CheckBox Diecast Ingl\u00eas<\/h4>\n\t\t\t\t\t<\/a>\t\t\t\t\n\t\t\t<a href=\"https:\/\/vea.it\/checkbox\/\" target=\"_self\" role=\"button\" rel=\"noopener\">\n\t\t\t\t\t\t\tCHECKBOX\n\t\t\t\t\t<\/a>","protected":false},"excerpt":{"rendered":"<p>Algoritmos optimizados para fundi\u00e7\u00e3o sob press\u00e3o Fiabilidade em PPM (Parts Per Million) Ind\u00fastria 4.0 READY Sem operador especializado Reduz os custos de falhas de qualidade Solu\u00e7\u00f5es personalizadas Programa\u00e7\u00e3o f\u00e1cil e flex\u00edvel DIECASTING CHECKBOX: PRESS\u00c3O DE CONTROLO DE QUALIDADE DIECASTING CheckBox Diecasting \u00e9 uma m\u00e1quina concebida para efectuar automaticamente o controlo de qualidade e medi\u00e7\u00e3o das pe\u00e7as de produ\u00e7\u00e3o 100% de uma m\u00e1quina de fundi\u00e7\u00e3o sob press\u00e3o.<\/p>\n<p class=\"read-more\"> <a class=\"ast-button\" href=\"https:\/\/vea.it\/pt\/checkbox-diecast\/\"> <span class=\"screen-reader-text\">CheckBox diecast<\/span> Leia mais \"<\/a><\/p>","protected":false},"author":2,"featured_media":0,"parent":0,"menu_order":0,"comment_status":"closed","ping_status":"closed","template":"","meta":{"site-sidebar-layout":"no-sidebar","site-content-layout":"page-builder","ast-global-header-display":"","ast-main-header-display":"","ast-hfb-above-header-display":"","ast-hfb-below-header-display":"","ast-hfb-mobile-header-display":"","site-post-title":"disabled","ast-breadcrumbs-content":"","ast-featured-img":"disabled","footer-sml-layout":"","theme-transparent-header-meta":"default","adv-header-id-meta":"","stick-header-meta":"default","header-above-stick-meta":"","header-main-stick-meta":"","header-below-stick-meta":"","footnotes":""},"_links":{"self":[{"href":"https:\/\/vea.it\/pt\/wp-json\/wp\/v2\/pages\/1790"}],"collection":[{"href":"https:\/\/vea.it\/pt\/wp-json\/wp\/v2\/pages"}],"about":[{"href":"https:\/\/vea.it\/pt\/wp-json\/wp\/v2\/types\/page"}],"author":[{"embeddable":true,"href":"https:\/\/vea.it\/pt\/wp-json\/wp\/v2\/users\/2"}],"replies":[{"embeddable":true,"href":"https:\/\/vea.it\/pt\/wp-json\/wp\/v2\/comments?post=1790"}],"version-history":[{"count":2,"href":"https:\/\/vea.it\/pt\/wp-json\/wp\/v2\/pages\/1790\/revisions"}],"predecessor-version":[{"id":2954,"href":"https:\/\/vea.it\/pt\/wp-json\/wp\/v2\/pages\/1790\/revisions\/2954"}],"wp:attachment":[{"href":"https:\/\/vea.it\/pt\/wp-json\/wp\/v2\/media?parent=1790"}],"curies":[{"name":"wp","href":"https:\/\/api.w.org\/{rel}","templated":true}]}}