{"id":1765,"date":"2020-07-30T14:12:30","date_gmt":"2020-07-30T14:12:30","guid":{"rendered":"https:\/\/vea.it\/?page_id=1765"},"modified":"2025-03-03T10:34:56","modified_gmt":"2025-03-03T10:34:56","slug":"ups-a-supercondensatori","status":"publish","type":"page","link":"https:\/\/vea.it\/pt\/matizes\/","title":{"rendered":"HUE-UPS"},"content":{"rendered":"<p><h2>UPS industrial de 24V sem manuten\u00e7\u00e3o<\/h2><\/p>\t\t\t\t\t\t\n\t\t\t\t\t\t\t<p><h2>M\u00f3dulo de convers\u00e3o sempre ativo<\/h2><\/p>\t\t\t\t\t\t\n\t\t\t\t\t\t\t<p><h2>UPSs de supercapacitores para PCs industriais<\/h2><\/p>\t\t\t\t\t\t\n\t\t\t\t\t\t\t<p><h2>Desacoplador e estabilizador para instrumenta\u00e7\u00e3o de 24V<\/h2><\/p>\t\t\t\t\t\t\n\t\t\t\t\t\t\t<p><h2>Sem elimina\u00e7\u00e3o de pilhas, impacto ecol\u00f3gico reduzido\u00a0<\/h2><\/p>\t\t\t\t\t\t\n\t\t\t\t\t\t\t<p><h2>Sem risco de combust\u00e3o ou explos\u00e3o<\/h2><\/p>\t\t\t\t\t\t\n\t<h1>\n\t\tUPS INDUSTRIAIS SEM MANUTEN\u00c7\u00c3O COM SUPERCONDENSADORES DE 24V\n\t<\/h1>\n\t<h2><a href=\"https:\/\/www.atelpi.com\/categories\/ups\/\" target=\"_blank\" rel=\"noopener\">Compre agora diretamente em\u00a0<\/a> <a href=\"https:\/\/www.atelpi.com\/categories\/ups\/\" target=\"_blank\" rel=\"noopener\"><img decoding=\"async\" loading=\"lazy\" src=\"https:\/\/vea.it\/wp-content\/uploads\/2025\/02\/logo-atelpi-su-bianco-mask-200x54-1.png\" alt=\"atelpi.com\" width=\"200\" height=\"54\" \/><\/a><\/h2>\n<h2>\n\t\tFonte de alimenta\u00e7\u00e3o ininterrupta de supercapacitores ON-LINE sem manuten\u00e7\u00e3o (sem bateria) com convers\u00e3o em linha e tempo de disparo zero\n\t<\/h2>\n\t<p>As HUE-UPS-SC s\u00e3o UPSs de supercapacitores compactas que se montam numa calha DIN, ocupando apenas 35 mm de largura, e s\u00e3o concebidas para PLCs ou outros dispositivos industriais.<\/p>\n<p>As CEU-SCA s\u00e3o UPSs de supercapacitores compactas, montadas numa calha DIN, ocupando 58 mm de largura, e concebidas para PCs industriais, PLCs ou outros dispositivos industriais.<\/p>\n<p>Estas UPS tornam obsoletas as fontes de alimenta\u00e7\u00e3o ininterrupta cl\u00e1ssicas, uma vez que a bateria recarreg\u00e1vel \u00e9 substitu\u00edda pela <b>supercapacitores<\/b>.<\/p>\n<h4>Os supercapacitores instalados nas nossas UPS t\u00eam uma vida \u00fatil de mais de 50 anos (calculada para 10 ciclos completos de carga\/descarga por dia).<\/h4>\n<p>A HUE-UPS-SC e a CEU-SCA t\u00eam tempos de carregamento de alguns segundos.<\/p>\nA CEU-SCA \u00e9 ideal como UPS para PCs industriais, tem um microprocessador RISC de 32 bits, um ecr\u00e3 OLED e dete\u00e7\u00e3o autom\u00e1tica de encerramento do PC atrav\u00e9s de an\u00e1lise de carga.<br \/>\nO CEU-SCA \u00e9 proposto em 8 modelos:\n<ul>\n<li>CEU-SCA-080-15-24 IN 24 V - OUT 24 V - 80 W - 1,5 kWs<\/li>\n<li>CEU-SCA-080-15-20 IN 24 V - OUT 20 V - 80 W - 1,5 kWs<\/li>\n<li>CEU-SCA-080-15-19 IN 24 V - OUT 19 V - 80 W - 1,5 kWs<\/li>\n<li>CEU-SCA-080-15-15 IN 24 V - OUT 15 V - 80 W - 1,5 kWs<\/li>\n<li>CEU-SCA-080-15-12 IN 24 V - OUT 12 V - 80 W - 1,5 kWs<\/li>\n<li>CEU-SCA-100-34-24 ENTRADA 24 V - SA\u00cdDA 24 V - 100 W - 3,4 kWs<\/li>\n<li>CEU-SCA-100-34-20 IN 24 V - OUT 20 V - 100 W - 3,4 kWs<\/li>\n<li>CEU-SCA-100-34-19 ENTRADA 24 V - SA\u00cdDA 19 V - 100 W - 3,4 kWs<\/li>\n<\/ul>\n<p>A HUE-UPS-SC \u00e9 de f\u00e1cil utiliza\u00e7\u00e3o e est\u00e1 dispon\u00edvel em 2 modelos:<\/p>\n<ul>\n<li>HUE-UPS-SC-02 \/ IN 24 V - OUT 24 V - 4 A - 1.1 kWs Ideal para automa\u00e7\u00e3o industrial, para UPSs PLC, para fazer instala\u00e7\u00f5es com PLCs compat\u00edveis com INDUSTRIA 4.0 e como desacoplador para instrumenta\u00e7\u00e3o de 24V<\/li>\n<li>HUE-UPS-SC-01 \/ IN 24 V - OUT 19 V - 5 A - 1,1 kWs Vers\u00e3o de fonte de alimenta\u00e7\u00e3o para PC com gest\u00e3o de desativa\u00e7\u00e3o atrav\u00e9s de entradas digitais<\/li>\n<\/ul>\n<h2>\n\t\tUPS de supercapacitor sem manuten\u00e7\u00e3o CEU-SCA-080\n\t<\/h2>\n<h4>\n\t\tInstala\u00e7\u00e3o simples e sem programa\u00e7\u00e3o.\n\t<\/h4>\n\tBasta ligar os terminais '24V IN' \u00e0 fonte de alimenta\u00e7\u00e3o normal de 24V e ligar os terminais de sa\u00edda 'OUT' diretamente ao PC ou a outros dispositivos.<br \/>\nLigar o cabo USB ao PC.<br \/>\n<a href=\"#doc\">Descarregue o software para o seu PC aqui.<\/a>\n<h4>\n\t\tGest\u00e3o avan\u00e7ada da carga de absor\u00e7\u00e3o\n\t<\/h4>\n\t<p>Dete\u00e7\u00e3o autom\u00e1tica do encerramento do PC a partir da an\u00e1lise do consumo de energia atrav\u00e9s de um microprocessador RISC de 32 bits e 160 MHz<\/p>\n<h4>\n\t\tTodas as informa\u00e7\u00f5es de que necessita apresentadas no ecr\u00e3 OLED\n\t<\/h4>\n\t<ul>\n<li>\u00cdcone que indica a quantidade de carga ou descarga<\/li>\n<li>Percentagem de carga<\/li>\n<li>Vers\u00e3o do firmware<\/li>\n<li>Tens\u00e3o de carga dos super-capacitores<\/li>\n<li>W de descarga<\/li>\n<li>Indica\u00e7\u00f5es do estado da UPS\n<ul>\n<li>Carregamento da UPS<\/li>\n<li>sobretens\u00e3o de entrada com indica\u00e7\u00e3o de tens\u00e3o<\/li>\n<li>tens\u00e3o de entrada inst\u00e1vel<\/li>\n<li>comando de encerramento enviado para o PC<\/li>\n<li>an\u00e1lise da pot\u00eancia de carga<\/li>\n<li>controlo da pot\u00eancia de carga<\/li>\n<li>Encerramento da UPS com contagem decrescente<\/li>\n<\/ul>\n<\/li>\n<\/ul>\n\t\t\t\t<a href=\"https:\/\/vea.it\/wp-content\/uploads\/2025\/02\/CEU-SCA-XX0-web1.png\" target=\"_self\" itemprop=\"url\" rel=\"noopener\">\n\t\t\t\t<img decoding=\"async\" loading=\"lazy\" src=\"https:\/\/vea.it\/wp-content\/uploads\/2025\/02\/CEU-SCA-XX0-web1.png\" alt=\"CEU-SCA\" itemprop=\"image\" height=\"534\" width=\"467\" title=\"CEU-SCA-XX0-web1\" onerror=\"this.style.display='none'\"  \/>\n\t\t\t\t<\/a>\n\t\tSUPERCAPACITOR UPS\n<h2>\n\t\tPorqu\u00ea utilizar a UPS com SUPERCONDENSADORES\n\t<\/h2>\n\t\t\t\t<a href=\"https:\/\/vea.it\/wp-content\/uploads\/2020\/07\/iso-02-800.jpg\" target=\"_self\" itemprop=\"url\" rel=\"noopener\">\n\t\t\t\t<img decoding=\"async\" src=\"https:\/\/vea.it\/wp-content\/uploads\/2020\/07\/iso-02-800.jpg\" alt=\"ISO9001\" itemprop=\"image\" title=\"iso-02-800\" onerror=\"this.style.display='none'\"  \/>\n\t\t\t\t<\/a>\n<h3>\n\t\tPara colocar o equipamento industrial em conformidade com os regulamentos italianos da Ind\u00fastria 4.0\n\t<\/h3>\n\t<ul>\n<li>A integra\u00e7\u00e3o automatizada da instala\u00e7\u00e3o com o sistema log\u00edstico ou a rede de abastecimento da f\u00e1brica deve ser assegurada em todas as condi\u00e7\u00f5es, mesmo em caso de falha de energia.<\/li>\n<li>\n<h4>As UPSs sem manuten\u00e7\u00e3o da VEA tornam os PLCs totalmente compat\u00edveis com as normas italianas da Ind\u00fastria 4.0, garantindo a transfer\u00eancia de informa\u00e7\u00f5es para servidores externos, mesmo em caso de falha de energia.<\/h4>\n<\/li>\n<\/ul>\n<h3>\n\t\tPara configurar corretamente a parte pneum\u00e1tica ap\u00f3s uma queda de tens\u00e3o\n\t<\/h3>\n\t<ul>\n<li>Alguns sistemas ap\u00f3s uma queda de tens\u00e3o podem posicionar os atuadores pneum\u00e1ticos em uma posi\u00e7\u00e3o tal que possam produzir danos, talvez descansando sobre pe\u00e7as ainda em movimento por in\u00e9rcia.<\/li>\n<li>A alimenta\u00e7\u00e3o UPS do PLC e de algumas electrov\u00e1lvulas, mesmo que apenas por alguns segundos, permite proteger a parte pneum\u00e1tica sem utilizar as v\u00e1lvulas biest\u00e1veis, mais caras.<\/li>\n<\/ul>\n\t\t\t\t<a href=\"https:\/\/vea.it\/wp-content\/uploads\/2020\/07\/emerg-pn-01-800q.jpg\" target=\"_self\" itemprop=\"url\" rel=\"noopener\">\n\t\t\t\t<img decoding=\"async\" src=\"https:\/\/vea.it\/wp-content\/uploads\/2020\/07\/emerg-pn-01-800q.jpg\" alt=\"V\u00e1lvulas biest\u00e1veis\" itemprop=\"image\" title=\"emerg-pn-01-800q\" onerror=\"this.style.display='none'\"  \/>\n\t\t\t\t<\/a>\n\t\t\t\t<a href=\"https:\/\/vea.it\/wp-content\/uploads\/2020\/07\/lvdt-sens-01-800.jpg\" target=\"_self\" itemprop=\"url\" rel=\"noopener\">\n\t\t\t\t<img decoding=\"async\" src=\"https:\/\/vea.it\/wp-content\/uploads\/2020\/07\/lvdt-sens-01-800.jpg\" alt=\"sensores de precis\u00e3o\" itemprop=\"image\" title=\"lvdt-sens-01-800\" onerror=\"this.style.display='none'\"  \/>\n\t\t\t\t<\/a>\n<h3>\n\t\tPara estabilizar a tens\u00e3o ao utilizar sensores de precis\u00e3o ou outros instrumentos sens\u00edveis\n\t<\/h3>\n\t<ul>\n<li>Ao contr\u00e1rio de outras UPS existentes no mercado, o m\u00f3dulo de convers\u00e3o \u00fanico sempre ligado (ON-LINE) estabiliza a tens\u00e3o de sa\u00edda de quaisquer flutua\u00e7\u00f5es na tens\u00e3o de entrada.<\/li>\n<li>A tens\u00e3o de entrada \u00e9 sempre separada eletronicamente, apenas 0 V \u00e9 comum.<\/li>\n<li>Os sensores de precis\u00e3o e o equipamento de medi\u00e7\u00e3o aumentam a sua fiabilidade porque a HUE-UPS cancela as perturba\u00e7\u00f5es da fonte de alimenta\u00e7\u00e3o de 24V.<\/li>\n<\/ul>\n<h3>\n\t\tFonte de alimenta\u00e7\u00e3o sem manuten\u00e7\u00e3o e UPS para PCs\n\t<\/h3>\n\t<ul>\n<li>Esta unidade compacta permite que um PC com uma entrada de 12V ou 15V ou 19V ou 20V ou 24V seja alimentado a partir de uma fonte de 24V, mesmo com grandes flutua\u00e7\u00f5es (20V-28V).<\/li>\n<li>Al\u00e9m disso, a fonte de alimenta\u00e7\u00e3o ininterrupta permite que o PC seja desligado corretamente quando a tens\u00e3o de entrada falha.<\/li>\n<\/ul>\n\t\t\t\t<a href=\"https:\/\/vea.it\/wp-content\/uploads\/2020\/07\/pc-01-800.jpg\" target=\"_self\" itemprop=\"url\" rel=\"noopener\">\n\t\t\t\t<img decoding=\"async\" src=\"https:\/\/vea.it\/wp-content\/uploads\/2020\/07\/pc-01-800.jpg\" alt=\"UPS PARA PC\" itemprop=\"image\" title=\"pc-01-800\" onerror=\"this.style.display='none'\"  \/>\n\t\t\t\t<\/a>\n<h2>\n\t\tPorqu\u00ea utilizar supercapacitores em vez de baterias\n\t<\/h2>\n\t\t\t\t<a href=\"https:\/\/vea.it\/wp-content\/uploads\/2020\/07\/hue-ups-sc-02-800Q.jpg\" target=\"_self\" itemprop=\"url\" rel=\"noopener\">\n\t\t\t\t<img decoding=\"async\" loading=\"lazy\" src=\"https:\/\/vea.it\/wp-content\/uploads\/2020\/07\/hue-ups-sc-02-800Q.jpg\" alt=\"UPS\" itemprop=\"image\" height=\"800\" width=\"800\" title=\"matizes-sc-02 800Q\" onerror=\"this.style.display='none'\"  \/>\n\t\t\t\t<\/a>\n\t\tHUE-UPS-SC-02\n\t<ul>\n<li>Um supercapacitor \u00e9 um condensador particular que tem a caracter\u00edstica de acumular uma quantidade excepcionalmente grande de carga el\u00e9ctrica em compara\u00e7\u00e3o com os condensadores tradicionais.<\/li>\n<li>A aus\u00eancia de manuten\u00e7\u00e3o elimina a elimina\u00e7\u00e3o das baterias, o que representa um impacto ambiental quase nulo.<\/li>\n<li>N\u00e3o h\u00e1 risco de \"fuga t\u00e9rmica\", ou seja, o processo que leva \u00e0 combust\u00e3o ou explos\u00e3o das baterias.<\/li>\n<li>Nas baterias electroqu\u00edmicas (CHUMBO\/GEL\/AGM\/L\u00cdTIO), ocorre uma rea\u00e7\u00e3o qu\u00edmica que leva \u00e0 deteriora\u00e7\u00e3o do desempenho e da vida \u00fatil; nos supercondensadores, n\u00e3o h\u00e1 rea\u00e7\u00e3o qu\u00edmica.<\/li>\n<li>Os supercapacitores t\u00eam uma vida \u00fatil pelo menos 200 vezes superior \u00e0 das baterias electroqu\u00edmicas.<\/li>\n<li>Os supercapacitores podem funcionar durante pelo menos 50 anos com 10 ciclos de carga\/descarga por dia.<\/li>\n<li>Os supercondensadores, precisamente porque n\u00e3o ocorre qualquer rea\u00e7\u00e3o qu\u00edmica, n\u00e3o t\u00eam os problemas de seguran\u00e7a das pilhas.<\/li>\n<\/ul>\n\t<ul>\n<li>Em compara\u00e7\u00e3o com as baterias, t\u00eam a vantagem de poderem ser carregadas ou descarregadas quase instantaneamente, garantindo assim uma pot\u00eancia espec\u00edfica muito elevada.<\/li>\n<li>T\u00eam pelo menos 100 vezes mais ciclos de carga\/descarga do que as baterias normais, garantindo uma manuten\u00e7\u00e3o praticamente nula.<\/li>\n<\/ul>\n\t\t\t\t<a href=\"https:\/\/vea.it\/wp-content\/uploads\/2020\/07\/Super_capacitor_ch1.jpg\" target=\"_self\" itemprop=\"url\" rel=\"noopener\">\n\t\t\t\t<img decoding=\"async\" src=\"https:\/\/vea.it\/wp-content\/uploads\/2020\/07\/Super_capacitor_ch1.jpg\" alt=\"supercap\" itemprop=\"image\" title=\"Super_capacitor_ch1\" onerror=\"this.style.display='none'\"  \/>\n\t\t\t\t<\/a>\n<h3>\n\t\tExemplos de UPS-SC instalados em um gabinete el\u00e9trico<br \/>(fotos gentilmente cedidas pelos nossos clientes)\n\t<\/h3>\n\t\t\t\t<a href=\"https:\/\/vea.it\/wp-content\/uploads\/2020\/07\/hue-ups-sc-installed1-800x640-1.jpg\" target=\"_self\" itemprop=\"url\" rel=\"noopener\">\n\t\t\t\t<img decoding=\"async\" src=\"https:\/\/vea.it\/wp-content\/uploads\/2020\/07\/hue-ups-sc-installed1-800x640-1.jpg\" alt=\"UPS\" itemprop=\"image\" title=\"hue-ups-sc-installed1-800x640\" onerror=\"this.style.display='none'\"  \/>\n\t\t\t\t<\/a>\n\t\t\t\t<a href=\"https:\/\/vea.it\/wp-content\/uploads\/2020\/07\/hue-ups-sc-installed2-800x640-1.jpg\" target=\"_self\" itemprop=\"url\" rel=\"noopener\">\n\t\t\t\t<img decoding=\"async\" src=\"https:\/\/vea.it\/wp-content\/uploads\/2020\/07\/hue-ups-sc-installed2-800x640-1.jpg\" alt=\"UPS\" itemprop=\"image\" title=\"hue-ups-sc-installed2-800x640\" onerror=\"this.style.display='none'\"  \/>\n\t\t\t\t<\/a>\n<h2>\n\t\t<\/h2><h2 id=\"doc\"> DOWNLOAD\n\t<\/h2>\n\t\t\t\t\t\t\t\t<a href=\"#\" id=\"fl-tabs--label-0\" data-index=\"0\" aria-selected=\"true\" aria-controls=\"fl-tabs--panel-0\" aria-expanded=\"true\" role=\"tab\" tabindex=\"0\">\t\t\t\tCAT\u00c1LOGOS\t\t\t\t<\/a>\n\t\t\t\t\t\t\t\t<a href=\"#\" id=\"fl-tabs--label-1\" data-index=\"1\" aria-selected=\"false\" aria-controls=\"fl-tabs--panel-1\" aria-expanded=\"false\" role=\"tab\" tabindex=\"0\">\t\t\t\tDOCUMENTA\u00c7\u00c3O T\u00c9CNICA\t\t\t\t<\/a>\n\t\t\t\t\t\t\t\t<a href=\"#\" id=\"fl-tabs--label-2\" data-index=\"2\" aria-selected=\"false\" aria-controls=\"fl-tabs--panel-2\" aria-expanded=\"false\" role=\"tab\" tabindex=\"0\">\t\t\t\tSOFTWARE AT\u00c9 2024\t\t\t\t<\/a>\n\t\t\t\t\t\t\t\t<a href=\"#\" id=\"fl-tabs--label-3\" data-index=\"3\" aria-selected=\"false\" aria-controls=\"fl-tabs--panel-3\" aria-expanded=\"false\" role=\"tab\" tabindex=\"0\">\t\t\t\tSOFTWARE A PARTIR DE 2025\t\t\t\t<\/a>\n\t\t\t\t\t\tCAT\u00c1LOGOS\n\t\t\t\t\t\t\t\t\t\t\t<p>O sufixo indica a l\u00edngua do documento.<\/p>\n<p>\t\t\t\t<div class=\"email_download_link\">\r\n\t\t\t\t\t\t<form action=\"#\" method=\"post\" class=\"ed_form\" id=\"ed_form_1775686812\" data-no-translation=\"\" data-no-auto-translation=\"\" data-trp-original-action=\"#\">\r\n\t\t\t\t<p><span class=\"name\">Name *<\/span><br><input type=\"text\" name=\"name\" id=\"name\" placeholder=\"Name\" value=\"\" maxlength=\"50\" required><\/p>\t\t\t\t<p><span class=\"email\">Email *<\/span><br><input class=\"\" type=\"email\" id=\"email\" name=\"email\" value=\"\" placeholder=\"Email *\"  maxlength=\"225\" required><\/p>\t\t\t\t\t\t\t\t<p><span class=\"email\">Downloads *<\/span><br><select name=\"group\" id=\"group\" required><option value=\"\">Select<\/option><\/select><\/p>\t\t\t\t\t\t\t\t\t\t\t\t<br \/>\r\n\t\t\t\t<input name=\"submit\" class=\"submit\" id=\"ed_form_submit_1775686812\" value=\"Send Download Link\" type=\"submit\" \/>\r\n\t\t\t\t<span class=\"ed_form_spinner\" id=\"loading-image\" style=\"display:none;\">\r\n\t\t\t\t\t<img src=\"https:\/\/vea.it\/wp-content\/plugins\/email-download-link\/images\/ajax-loader.gif\" \/>\r\n\t\t\t\t<\/span>\r\n\t\t\t\t<input name=\"guid\" id=\"guid\" value=\"group-option\" type=\"hidden\"\/>\r\n\t\t\t\t<input type=\"text\" style=\"display:none;\" id=\"email_name\" name=\"email_name\" value=\"\"\/>\r\n\t\t\t\t<input name=\"form_nonce\" id=\"form_nonce\" value=\"a02c878aca\" type=\"hidden\"\/>\r\n\t\t\t\t<input name=\"name_mand\" id=\"name_mand\" value=\"YES\" type=\"hidden\"\/>\r\n\t\t\t\t<input name=\"gdpr_mand\" id=\"gdpr_mand\" value=\"NO\" type=\"hidden\"\/>\r\n\t\t\t\t<input name=\"phone_mand\" id=\"phone_mand\" value=\"\" type=\"hidden\"\/>\r\n\t\t\t<input type=\"hidden\" name=\"trp-form-language\" value=\"pt\"\/><\/form>\t\r\n\t\t\t<span class=\"ed_form_message\" id=\"ed_form_message_1775686812\"><\/span>\r\n\t\t<\/div>\r\n\t com o pedido deste link autorizo a VEA s.r.l. para a conserva\u00e7\u00e3o do correio<\/p>\n\t\t\t\t\t\tDOCUMENTA\u00c7\u00c3O T\u00c9CNICA\n\t\t\t\t\t\t\t\t\t\t\t<p>O sufixo indica a l\u00edngua do documento.<\/p>\n<p>\t\t\t\t<div class=\"email_download_link\">\r\n\t\t\t\t\t\t<form action=\"#\" method=\"post\" class=\"ed_form\" id=\"ed_form_1775686812\" data-no-translation=\"\" data-no-auto-translation=\"\" data-trp-original-action=\"#\">\r\n\t\t\t\t<p><span class=\"name\">Name *<\/span><br><input type=\"text\" name=\"name\" id=\"name\" placeholder=\"Name\" value=\"\" maxlength=\"50\" required><\/p>\t\t\t\t<p><span class=\"email\">Email *<\/span><br><input class=\"\" type=\"email\" id=\"email\" name=\"email\" value=\"\" placeholder=\"Email *\"  maxlength=\"225\" required><\/p>\t\t\t\t\t\t\t\t<p><span class=\"email\">Downloads *<\/span><br><select name=\"group\" id=\"group\" required><option value=\"\">Select<\/option><option value=\"nklrhu-awtuvd-ardkjv-dtyzof-mkdtoq\">Vsc-hue-ups-sc-datasheet-it<\/option><option value=\"aefnsm-paicqo-ufride-dnsurb-vwclpx\">Vsc-hue-ups-sc-datasheet-en<\/option><option value=\"pulsra-eixugf-ajnlpf-fvecir-gthlsk\">Vsc-CEU-SCA-XX0-datasheet-it<\/option><option value=\"ykhjwa-rwnqsu-dvbzhs-ladsgj-awkejf\">Vsc-CEU-SCA-XX0-datasheet-en<\/option><\/select><\/p>\t\t\t\t\t\t\t\t\t\t\t\t<br \/>\r\n\t\t\t\t<input name=\"submit\" class=\"submit\" id=\"ed_form_submit_1775686812\" value=\"Send Download Link\" type=\"submit\" \/>\r\n\t\t\t\t<span class=\"ed_form_spinner\" id=\"loading-image\" style=\"display:none;\">\r\n\t\t\t\t\t<img src=\"https:\/\/vea.it\/wp-content\/plugins\/email-download-link\/images\/ajax-loader.gif\" \/>\r\n\t\t\t\t<\/span>\r\n\t\t\t\t<input name=\"guid\" id=\"guid\" value=\"group-option\" type=\"hidden\"\/>\r\n\t\t\t\t<input type=\"text\" style=\"display:none;\" id=\"email_name\" name=\"email_name\" value=\"\"\/>\r\n\t\t\t\t<input name=\"form_nonce\" id=\"form_nonce\" value=\"a02c878aca\" type=\"hidden\"\/>\r\n\t\t\t\t<input name=\"name_mand\" id=\"name_mand\" value=\"YES\" type=\"hidden\"\/>\r\n\t\t\t\t<input name=\"gdpr_mand\" id=\"gdpr_mand\" value=\"NO\" type=\"hidden\"\/>\r\n\t\t\t\t<input name=\"phone_mand\" id=\"phone_mand\" value=\"\" type=\"hidden\"\/>\r\n\t\t\t<input type=\"hidden\" name=\"trp-form-language\" value=\"pt\"\/><\/form>\t\r\n\t\t\t<span class=\"ed_form_message\" id=\"ed_form_message_1775686812\"><\/span>\r\n\t\t<\/div>\r\n\t com o pedido deste link autorizo a VEA s.r.l. para a conserva\u00e7\u00e3o do correio<\/p>\n\t\t\t\t\t\tSOFTWARE AT\u00c9 2024\n\t\t\t\t\t\t\t\t\t\t\t<p>O sufixo indica a l\u00edngua do documento.<\/p>\n<p>\t\t\t\t<div class=\"email_download_link\">\r\n\t\t\t\t\t\t<form action=\"#\" method=\"post\" class=\"ed_form\" id=\"ed_form_1775686812\" data-no-translation=\"\" data-no-auto-translation=\"\" data-trp-original-action=\"#\">\r\n\t\t\t\t<p><span class=\"name\">Name *<\/span><br><input type=\"text\" name=\"name\" id=\"name\" placeholder=\"Name\" value=\"\" maxlength=\"50\" required><\/p>\t\t\t\t<p><span class=\"email\">Email *<\/span><br><input class=\"\" type=\"email\" id=\"email\" name=\"email\" value=\"\" placeholder=\"Email *\"  maxlength=\"225\" required><\/p>\t\t\t\t\t\t\t\t<p><span class=\"email\">Downloads *<\/span><br><select name=\"group\" id=\"group\" required><option value=\"\">Select<\/option><option value=\"pyiulo-hcmqje-mxrpbj-mnvaip-kdtzgo\">UPS VEA_v1.4<\/option><option value=\"pvkftb-yhelrq-spemzq-qaciwl-qlekyi\">UPS VEA_v1.5<\/option><option value=\"smjkwv-epfbia-jkislh-erzqdm-xsaofe\">UPS VEA_v1.6<\/option><option value=\"etnpza-rcpfhi-abvspl-rjgmnb-htpqwn\">UPS VEA_v1.7<\/option><option value=\"pxaflo-wfrobz-ltomca-rjkxvy-wjcefr\">UPS VEA_v1.8<\/option><option value=\"wnoybs-yeanup-xqghic-iencgb-tfahli\">UPS VEA_v1.9<\/option><option value=\"dvsulf-owyjpi-mnoarf-mrowlz-caupeq\">UPS VEA_v2.0<\/option><option value=\"tcxlbf-qnvokh-gvibco-sbnoaw-vblpnx\">UPS VEA_v2.1<\/option><option value=\"udtepv-pnbdeo-sjhxeo-ajbipq-sqvjrp\">driver CH340 guide<\/option><option value=\"kyfxan-cxnqtp-awolky-ajcxev-nertpj\">UPS VEA_v2.2<\/option><\/select><\/p>\t\t\t\t\t\t\t\t\t\t\t\t<br \/>\r\n\t\t\t\t<input name=\"submit\" class=\"submit\" id=\"ed_form_submit_1775686812\" value=\"Send Download Link\" type=\"submit\" \/>\r\n\t\t\t\t<span class=\"ed_form_spinner\" id=\"loading-image\" style=\"display:none;\">\r\n\t\t\t\t\t<img src=\"https:\/\/vea.it\/wp-content\/plugins\/email-download-link\/images\/ajax-loader.gif\" \/>\r\n\t\t\t\t<\/span>\r\n\t\t\t\t<input name=\"guid\" id=\"guid\" value=\"group-option\" type=\"hidden\"\/>\r\n\t\t\t\t<input type=\"text\" style=\"display:none;\" id=\"email_name\" name=\"email_name\" value=\"\"\/>\r\n\t\t\t\t<input name=\"form_nonce\" id=\"form_nonce\" value=\"a02c878aca\" type=\"hidden\"\/>\r\n\t\t\t\t<input name=\"name_mand\" id=\"name_mand\" value=\"YES\" type=\"hidden\"\/>\r\n\t\t\t\t<input name=\"gdpr_mand\" id=\"gdpr_mand\" value=\"NO\" type=\"hidden\"\/>\r\n\t\t\t\t<input name=\"phone_mand\" id=\"phone_mand\" value=\"\" type=\"hidden\"\/>\r\n\t\t\t<input type=\"hidden\" name=\"trp-form-language\" value=\"pt\"\/><\/form>\t\r\n\t\t\t<span class=\"ed_form_message\" id=\"ed_form_message_1775686812\"><\/span>\r\n\t\t<\/div>\r\n\t com o pedido deste link autorizo a VEA s.r.l. para a conserva\u00e7\u00e3o do correio<\/p>\n\t\t\t\t\t\tSOFTWARE A PARTIR DE 2025\n\t\t\t\t\t\t\t\t\t\t\t<p>O sufixo indica a l\u00edngua do documento.<\/p>\n<p>\t\t\t\t<div class=\"email_download_link\">\r\n\t\t\t\t\t\t<form action=\"#\" method=\"post\" class=\"ed_form\" id=\"ed_form_1775686812\" data-no-translation=\"\" data-no-auto-translation=\"\" data-trp-original-action=\"#\">\r\n\t\t\t\t<p><span class=\"name\">Name *<\/span><br><input type=\"text\" name=\"name\" id=\"name\" placeholder=\"Name\" value=\"\" maxlength=\"50\" required><\/p>\t\t\t\t<p><span class=\"email\">Email *<\/span><br><input class=\"\" type=\"email\" id=\"email\" name=\"email\" value=\"\" placeholder=\"Email *\"  maxlength=\"225\" required><\/p>\t\t\t\t\t\t\t\t<p><span class=\"email\">Downloads *<\/span><br><select name=\"group\" id=\"group\" required><option value=\"\">Select<\/option><option value=\"hpkrof-zgaptb-yacnop-slfocm-lvhasy\">UPS VEA_v3.0<\/option><option value=\"bleupm-ovmfyu-cjvfse-zgcvmh-reuwhv\">UPS VEA_v4.0<\/option><\/select><\/p>\t\t\t\t\t\t\t\t\t\t\t\t<br \/>\r\n\t\t\t\t<input name=\"submit\" class=\"submit\" id=\"ed_form_submit_1775686812\" value=\"Send Download Link\" type=\"submit\" \/>\r\n\t\t\t\t<span class=\"ed_form_spinner\" id=\"loading-image\" style=\"display:none;\">\r\n\t\t\t\t\t<img src=\"https:\/\/vea.it\/wp-content\/plugins\/email-download-link\/images\/ajax-loader.gif\" \/>\r\n\t\t\t\t<\/span>\r\n\t\t\t\t<input name=\"guid\" id=\"guid\" value=\"group-option\" type=\"hidden\"\/>\r\n\t\t\t\t<input type=\"text\" style=\"display:none;\" id=\"email_name\" name=\"email_name\" value=\"\"\/>\r\n\t\t\t\t<input name=\"form_nonce\" id=\"form_nonce\" value=\"a02c878aca\" type=\"hidden\"\/>\r\n\t\t\t\t<input name=\"name_mand\" id=\"name_mand\" value=\"YES\" type=\"hidden\"\/>\r\n\t\t\t\t<input name=\"gdpr_mand\" id=\"gdpr_mand\" value=\"NO\" type=\"hidden\"\/>\r\n\t\t\t\t<input name=\"phone_mand\" id=\"phone_mand\" value=\"\" type=\"hidden\"\/>\r\n\t\t\t<input type=\"hidden\" name=\"trp-form-language\" value=\"pt\"\/><\/form>\t\r\n\t\t\t<span class=\"ed_form_message\" id=\"ed_form_message_1775686812\"><\/span>\r\n\t\t<\/div>\r\n\t com o pedido deste link autorizo a VEA s.r.l. para a conserva\u00e7\u00e3o do correio<\/p>\n\t\t\t<a href=\"https:\/\/vea.it\/illuminatori\/\" target=\"_self\" rel=\"noopener\">\n\t\t\t\t\t\t\tILUMINADORES\n\t\t\t\t\t<\/a>","protected":false},"excerpt":{"rendered":"<p>UPS industrial de 24V sem manuten\u00e7\u00e3o M\u00f3dulo de convers\u00e3o sem manuten\u00e7\u00e3o UPS de supercapacitor sempre ligado para PCs industriais Desacoplador e estabilizador para instrumenta\u00e7\u00e3o de 24V Sem elimina\u00e7\u00e3o de bateria, impacto ecol\u00f3gico reduzido Sem risco de combust\u00e3o ou explos\u00e3o UPS de supercapacitor industrial de 24V sem manuten\u00e7\u00e3o Compre agora diretamente na ON-LINE UPS de supercapacitor sem manuten\u00e7\u00e3o (sem manuten\u00e7\u00e3o, sem ...<\/p>\n<p class=\"read-more\"> <a class=\"ast-button\" href=\"https:\/\/vea.it\/pt\/matizes\/\"> <span class=\"screen-reader-text\">HUE-UPS<\/span> Leia mais \"<\/a><\/p>","protected":false},"author":2,"featured_media":0,"parent":0,"menu_order":0,"comment_status":"closed","ping_status":"closed","template":"","meta":{"site-sidebar-layout":"no-sidebar","site-content-layout":"page-builder","ast-global-header-display":"","ast-main-header-display":"","ast-hfb-above-header-display":"","ast-hfb-below-header-display":"","ast-hfb-mobile-header-display":"","site-post-title":"disabled","ast-breadcrumbs-content":"","ast-featured-img":"disabled","footer-sml-layout":"","theme-transparent-header-meta":"default","adv-header-id-meta":"","stick-header-meta":"default","header-above-stick-meta":"","header-main-stick-meta":"","header-below-stick-meta":"","footnotes":""},"_links":{"self":[{"href":"https:\/\/vea.it\/pt\/wp-json\/wp\/v2\/pages\/1765"}],"collection":[{"href":"https:\/\/vea.it\/pt\/wp-json\/wp\/v2\/pages"}],"about":[{"href":"https:\/\/vea.it\/pt\/wp-json\/wp\/v2\/types\/page"}],"author":[{"embeddable":true,"href":"https:\/\/vea.it\/pt\/wp-json\/wp\/v2\/users\/2"}],"replies":[{"embeddable":true,"href":"https:\/\/vea.it\/pt\/wp-json\/wp\/v2\/comments?post=1765"}],"version-history":[{"count":22,"href":"https:\/\/vea.it\/pt\/wp-json\/wp\/v2\/pages\/1765\/revisions"}],"predecessor-version":[{"id":3602,"href":"https:\/\/vea.it\/pt\/wp-json\/wp\/v2\/pages\/1765\/revisions\/3602"}],"wp:attachment":[{"href":"https:\/\/vea.it\/pt\/wp-json\/wp\/v2\/media?parent=1765"}],"curies":[{"name":"wp","href":"https:\/\/api.w.org\/{rel}","templated":true}]}}