{"id":1240,"date":"2020-02-05T10:28:43","date_gmt":"2020-02-05T10:28:43","guid":{"rendered":"https:\/\/vea.it\/?page_id=1240"},"modified":"2025-04-02T13:51:19","modified_gmt":"2025-04-02T13:51:19","slug":"telecamere","status":"publish","type":"page","link":"https:\/\/vea.it\/pt\/maquinas-fotograficas\/","title":{"rendered":"C\u00e2meras"},"content":{"rendered":"<h1>\n\t\tC\u00c2MARAS INDUSTRIAIS PARA SISTEMAS DE VIS\u00c3O MEC\u00c2NICA\n\t<\/h1>\n\t<h2><a href=\"https:\/\/www.atelpi.com\/categories\/cameras\/\" target=\"_blank\" rel=\"noopener\">Compre agora diretamente em&nbsp;<\/a> <a href=\"https:\/\/atelpi.com\/\" target=\"_blank\" rel=\"noopener\"><img decoding=\"async\" loading=\"lazy\" src=\"https:\/\/vea.it\/wp-content\/uploads\/2025\/02\/logo-atelpi-su-bianco-mask-200x54-1.png\" alt=\"atelpi.com\" width=\"200\" height=\"54\"><\/a><\/h2>\n\t<h5><strong>C\u00e2maras industriais VEA para sistemas de vis\u00e3o mec\u00e2nica <\/strong>s\u00e3o dedicados aos profissionais da vis\u00e3o mec\u00e2nica.<\/h5>\n<p>Estas c\u00e2maras utilizam sensores de qualidade muito elevada com resolu\u00e7\u00f5es at\u00e9 151 Mpixel e t\u00eam uma excelente rela\u00e7\u00e3o pre\u00e7o\/desempenho.<\/p>\n<p>Para produzir as nossas c\u00e2maras, utilizamos principalmente sensores com 'obturador global' em vez de 'obturador rotativo' (<a href=\"https:\/\/www.premiumbeat.com\/blog\/know-the-basics-of-global-shutter-vs-rolling-shutter\/\" target=\"_blank\" rel=\"noopener\">explica\u00e7\u00e3o<\/a>) que d\u00e3o maiores garantias de precis\u00e3o nas aplica\u00e7\u00f5es de orienta\u00e7\u00e3o e metrologia de rob\u00f4s.<\/p>\n<h5>Todas as c\u00e2maras VEA utilizam \"<strong>transfer\u00eancia de calor<\/strong>\" para transferir o calor dos componentes electr\u00f3nicos para o chassis, minimizando o ru\u00eddo do sensor CMOS e aumentando a vida \u00fatil dos componentes electr\u00f3nicos.<\/h5>\n<h2>\n\t\tC\u00c2MARAS PARA SISTEMAS DE VIS\u00c3O COM A SUA MARCA\n\t<\/h2>\n\t<p>Os suplementos de vis\u00e3o mec\u00e2nica precisam por vezes dos seus pr\u00f3prios produtos de marca ou sem marca.<\/p>\n<p>A VEA oferece um servi\u00e7o de 'rebranding' mesmo para algumas pe\u00e7as.<\/p>\n<p>As nossas c\u00e2maras podem ser fornecidas com a marca VEA, sem marca ou com uma marca escolhida pelo cliente.<\/p>\n<h2>\n\t\tC\u00c2MARAS INDUSTRIAIS 10 GIGE\n\t<\/h2>\n\t<strong>10GigE c\u00e2maras industriais para sistemas de vis\u00e3o <\/strong>s\u00e3o 10 vezes mais r\u00e1pidos que uma c\u00e2mara GigE e cerca de 3 vezes mais r\u00e1pidos que uma c\u00e2mara USB3. Em compara\u00e7\u00e3o com as normas Camera Link e CoaXPress, t\u00eam custos de sistema mais baixos e suportam dist\u00e2ncias de instala\u00e7\u00e3o at\u00e9 100m.<br>\nResolu\u00e7\u00f5es<strong> de 12 Mpixel para 151 Mpixel<\/strong> preto e branco ou de cor.<br>\nPasso \u00f3ptico C, M58, M72, F.\n<p><strong>Velocidade m\u00e1xima de 68 fps (imagens por segundo) a 12 Mpixel&nbsp;<\/strong><\/p>\n<p>Tamb\u00e9m dispon\u00edvel com compensa\u00e7\u00e3o t\u00e9rmica para medi\u00e7\u00f5es metrol\u00f3gicas microm\u00e9tricas.<\/p>\n<p><a href=\"#doc\"><strong>Descarregue a ficha de dados na sec\u00e7\u00e3o DOCUMENTA\u00c7\u00c3O dos downloads.<\/strong><\/a><\/p>\n<p><a href=\"#doc\"><strong>Descarregue o software na sec\u00e7\u00e3o SOFTWARE das transfer\u00eancias.<\/strong><\/a><\/p>\n\t\t\t\t<img decoding=\"async\" loading=\"lazy\" src=\"https:\/\/vea.it\/wp-content\/uploads\/2022\/12\/camera-10gige-600.jpg\" alt=\"m\u00e1quina fotogr\u00e1fica industrial 10gige\" itemprop=\"image\" height=\"282\" width=\"600\" title=\"camera-10gige-600\" onerror=\"this.style.display='none'\">\n<h2>\n\t\tC\u00c2MARAS INDUSTRIAIS USB 3.0\n\t<\/h2>\n\t\t\t\t<img decoding=\"async\" loading=\"lazy\" src=\"https:\/\/vea.it\/wp-content\/uploads\/2022\/12\/camera-usb-600.jpg\" alt=\"c\u00e2mara industrial usb 3.0\" itemprop=\"image\" height=\"281\" width=\"600\" title=\"camera-usb-600\" onerror=\"this.style.display='none'\">\n\t<strong>C\u00e2maras Industriais USB 3.0<\/strong> (<a href=\"https:\/\/www.automate.org\/a3-content\/usb3-vision-standard\" target=\"_blank\" rel=\"noopener\">explica\u00e7\u00e3o<\/a>) s\u00e3o muito r\u00e1pidos, t\u00eam resolu\u00e7\u00f5es<strong> at\u00e9 25 Mpixel<\/strong> preto e branco ou de cor.<br>\nSuportam dist\u00e2ncias de instala\u00e7\u00e3o de at\u00e9 10m em modo directo e at\u00e9 50m com extens\u00f5es activas.<br>\nPasso \u00f3ptico C, M58, F.\n<p><strong>Velocidade m\u00e1xima de 526 fps e at\u00e9 2800 fps com formato 320\u00d7240 pixel<\/strong><\/p>\n<p>Tamb\u00e9m dispon\u00edvel com compensa\u00e7\u00e3o t\u00e9rmica para medi\u00e7\u00f5es metrol\u00f3gicas microm\u00e9tricas.<\/p>\n<p><a href=\"#doc\"><strong>Descarregue a ficha de dados na sec\u00e7\u00e3o DOCUMENTA\u00c7\u00c3O dos downloads.<\/strong><\/a><\/p>\n<p><a href=\"#doc\"><strong>Descarregue o software na sec\u00e7\u00e3o SOFTWARE das transfer\u00eancias.<\/strong><\/a><\/p>\n<h2>\n\t\tC\u00c2MARAS INDUSTRIAIS GIGE\n\t<\/h2>\n\t<strong>C\u00e2meras GIGE<\/strong> (<a href=\"https:\/\/www.automate.org\/a3-content\/vision-standards-gige-vision\" target=\"_blank\" rel=\"noopener\">explica\u00e7\u00e3o<\/a>) para instala\u00e7\u00f5es <strong>onde s\u00e3o necess\u00e1rias longas dist\u00e2ncias<\/strong> (100m) com resolu\u00e7\u00f5es <strong>at\u00e9 25 Mpixel<\/strong> preto e branco ou de cor.<br>\nPasso \u00f3ptico C, M58, F.\n<p>Velocidade m\u00e1xima de 125 fps (imagens por segundo)<\/p>\n<p>Tamb\u00e9m dispon\u00edvel com compensa\u00e7\u00e3o t\u00e9rmica para medi\u00e7\u00f5es metrol\u00f3gicas microm\u00e9tricas.<\/p>\n<p><a href=\"#doc\"><strong>Descarregue a ficha de dados na sec\u00e7\u00e3o DOCUMENTA\u00c7\u00c3O dos downloads.<\/strong><\/a><\/p>\n<p><a href=\"#doc\"><strong>Descarregue o software na sec\u00e7\u00e3o SOFTWARE das transfer\u00eancias.<\/strong><\/a><\/p>\n\t\t\t\t<img decoding=\"async\" loading=\"lazy\" src=\"https:\/\/vea.it\/wp-content\/uploads\/2022\/12\/camera-gige-600.jpg\" alt=\"m\u00e1quina fotogr\u00e1fica industrial gige\" itemprop=\"image\" height=\"272\" width=\"600\" title=\"camera-gige-600\" onerror=\"this.style.display='none'\">\n<h2>\n\t\tMICRO-C\u00c2MARAS USB INDUSTRIAIS\n\t<\/h2>\n\t\t\t\t<img decoding=\"async\" src=\"https:\/\/vea.it\/wp-content\/uploads\/2020\/01\/hct-vsc-31-02.jpg\" alt=\"C\u00e2mara industrial M12\" itemprop=\"image\" title=\"hct-vsc-31-02\" onerror=\"this.style.display='none'\">\n\t<h2><strong>HCT-VSC-AF5<\/strong><\/h2>\n<h4><strong>Microc\u00e2mara industrial de 5 megapix\u00e9is com focagem autom\u00e1tica ou focagem ajust\u00e1vel atrav\u00e9s de SW, econ\u00f3mica e compacta em caixa M12 de 48 mm de comprimento com \u00edndice de prote\u00e7\u00e3o IP67<\/strong><\/h4>\n<p>Velocidade 30 fps.<\/p>\n<p>Foco control\u00e1vel por software com fun\u00e7\u00e3o <strong>focagem autom\u00e1tica ou focagem ajust\u00e1vel atrav\u00e9s de sw<\/strong><\/p>\n<p><strong>iluminador LED<\/strong> intensidade ajust\u00e1vel <strong>integrado.<\/strong><\/p>\n<p><a href=\"#doc\"><strong>Descarregue a ficha de dados na sec\u00e7\u00e3o DOCUMENTA\u00c7\u00c3O dos downloads.<\/strong><\/a><\/p>\n<p><a href=\"#doc\"><strong>Descarregue o software na sec\u00e7\u00e3o SOFTWARE das transfer\u00eancias.<\/strong><\/a><\/p>\n\t<h2><strong>HCT-VS2-AF5<\/strong><\/h2>\n<h4><strong>Microc\u00e2mara industrial de 5 megapix\u00e9is com focagem autom\u00e1tica ou com focagem regul\u00e1vel por meio de teclas, econ\u00f3mica e compacta com dimens\u00f5es de \"c\u00e2mara mini-paralelep\u00edpedo<\/strong><\/h4>\n<strong>C\u00e2mara industrial multi-resolu\u00e7\u00e3o <\/strong>USB 2.0 <strong>compacto<\/strong> 46 x 31 x 18 mm, <strong>econ\u00f3mico<\/strong>Fixa\u00e7\u00e3o por meio de parafusos M3 com passo de 25,4 mm Prote\u00e7\u00e3o IP54.<br>\n5 Mpixel a cores; resolu\u00e7\u00e3o program\u00e1vel de 160 x 120 pix\u00e9is a 2592 x 1944 pix\u00e9is.\n<p>Velocidade de 3 a 30 fps.<\/p>\n<p><strong>Iluminador LED<\/strong> intensidade ajust\u00e1vel <strong>integrado<\/strong>.<\/p>\n<p>Foco control\u00e1vel por software com fun\u00e7\u00e3o <strong>autofocus<\/strong>.<\/p>\n<p>Novo pol\u00edmero de grafeno e caixa em a\u00e7o inoxid\u00e1vel para uma dissipa\u00e7\u00e3o m\u00e1xima.<\/p>\n<p><a href=\"#doc\"><strong>Descarregue a ficha de dados na sec\u00e7\u00e3o DOCUMENTA\u00c7\u00c3O dos downloads.<\/strong><\/a><\/p>\n<p><a href=\"#doc\"><strong>Descarregue o software na sec\u00e7\u00e3o SOFTWARE das transfer\u00eancias.<\/strong><\/a><\/p>\n\t\t\t\t<img decoding=\"async\" loading=\"lazy\" src=\"https:\/\/vea.it\/wp-content\/uploads\/2023\/10\/hct-vs2-af5-01-800x578-1.jpg\" alt=\"hct-vs2-af5-01-800x578\" itemprop=\"image\" height=\"578\" width=\"800\" title=\"hct-vs2-af5-01-800x578\" onerror=\"this.style.display='none'\">\n\t\t\t\t<img decoding=\"async\" loading=\"lazy\" src=\"https:\/\/vea.it\/wp-content\/uploads\/2023\/10\/hct-vs2-af5-luce-01-800x560-1.jpg\" alt=\"hct-vs2-af5-luce-01-800x560\" itemprop=\"image\" height=\"560\" width=\"800\" title=\"hct-vs2-af5-luce-01-800x560\" onerror=\"this.style.display='none'\">\n\t\t\t<a href=\"contatti\" target=\"_self\" rel=\"noopener\">\n\t\t\t\t\t\t\tCONSELHO DE BUSCA\n\t\t\t\t\t<\/a>\n<h2>\n\t\t<\/h2><h2 id=\"doc\">DOWNLOAD\n\t<\/h2>\n\t\t\t\t\t\t\t\t<a href=\"#\" id=\"fl-tabs--label-0\" data-index=\"0\" aria-selected=\"true\" aria-controls=\"fl-tabs--panel-0\" aria-expanded=\"true\" role=\"tab\" tabindex=\"0\">\t\t\t\tCAT\u00c1LOGOS\t\t\t\t<\/a>\n\t\t\t\t\t\t\t\t<a href=\"#\" id=\"fl-tabs--label-1\" data-index=\"1\" aria-selected=\"false\" aria-controls=\"fl-tabs--panel-1\" aria-expanded=\"false\" role=\"tab\" tabindex=\"0\">\t\t\t\tDOCUMENTA\u00c7\u00c3O\t\t\t\t<\/a>\n\t\t\t\t\t\t\t\t<a href=\"#\" id=\"fl-tabs--label-2\" data-index=\"2\" aria-selected=\"false\" aria-controls=\"fl-tabs--panel-2\" aria-expanded=\"false\" role=\"tab\" tabindex=\"0\">\t\t\t\tARQUIVOS CAD\t\t\t\t<\/a>\n\t\t\t\t\t\t\t\t<a href=\"#\" id=\"fl-tabs--label-3\" data-index=\"3\" aria-selected=\"false\" aria-controls=\"fl-tabs--panel-3\" aria-expanded=\"false\" role=\"tab\" tabindex=\"0\">\t\t\t\tSOFTWARE\t\t\t\t<\/a>\n\t\t\t\t\t\tCAT\u00c1LOGOS\n\t\t\t\t\t\t\t\t\t\t\t<p>O sufixo indica a l\u00edngua do documento.<\/p>\n<p>\t\t\t\t<div class=\"email_download_link\">\r\n\t\t\t\t\t\t<form action=\"#\" method=\"post\" class=\"ed_form\" id=\"ed_form_1777212970\" data-no-translation=\"\" data-no-auto-translation=\"\" data-trp-original-action=\"#\">\r\n\t\t\t\t<p><span class=\"name\">Name *<\/span><br><input type=\"text\" name=\"name\" id=\"name\" placeholder=\"Name\" value=\"\" maxlength=\"50\" required><\/p>\t\t\t\t<p><span class=\"email\">Email *<\/span><br><input class=\"\" type=\"email\" id=\"email\" name=\"email\" value=\"\" placeholder=\"Email *\"  maxlength=\"225\" required><\/p>\t\t\t\t\t\t\t\t<p><span class=\"email\">Downloads *<\/span><br><select name=\"group\" id=\"group\" required><option value=\"\">Select<\/option><\/select><\/p>\t\t\t\t\t\t\t\t\t\t\t\t<br \/>\r\n\t\t\t\t<input name=\"submit\" class=\"submit\" id=\"ed_form_submit_1777212970\" value=\"Send Download Link\" type=\"submit\" \/>\r\n\t\t\t\t<span class=\"ed_form_spinner\" id=\"loading-image\" style=\"display:none;\">\r\n\t\t\t\t\t<img src=\"https:\/\/vea.it\/wp-content\/plugins\/email-download-link\/images\/ajax-loader.gif\" \/>\r\n\t\t\t\t<\/span>\r\n\t\t\t\t<input name=\"guid\" id=\"guid\" value=\"group-option\" type=\"hidden\"\/>\r\n\t\t\t\t<input type=\"text\" style=\"display:none;\" id=\"email_name\" name=\"email_name\" value=\"\"\/>\r\n\t\t\t\t<input name=\"form_nonce\" id=\"form_nonce\" value=\"1e5f120071\" type=\"hidden\"\/>\r\n\t\t\t\t<input name=\"name_mand\" id=\"name_mand\" value=\"YES\" type=\"hidden\"\/>\r\n\t\t\t\t<input name=\"gdpr_mand\" id=\"gdpr_mand\" value=\"NO\" type=\"hidden\"\/>\r\n\t\t\t\t<input name=\"phone_mand\" id=\"phone_mand\" value=\"\" type=\"hidden\"\/>\r\n\t\t\t<input type=\"hidden\" name=\"trp-form-language\" value=\"pt\"\/><\/form>\t\r\n\t\t\t<span class=\"ed_form_message\" id=\"ed_form_message_1777212970\"><\/span>\r\n\t\t<\/div>\r\n\t com o pedido deste link autorizo a VEA s.r.l. para a conserva\u00e7\u00e3o do correio<\/p>\n\t\t\t\t\t\tDOCUMENTA\u00c7\u00c3O\n\t\t\t\t\t\t\t\t\t\t\t<p>O sufixo indica a l\u00edngua do documento.<\/p>\n<p>\t\t\t\t<div class=\"email_download_link\">\r\n\t\t\t\t\t\t<form action=\"#\" method=\"post\" class=\"ed_form\" id=\"ed_form_1777212970\" data-no-translation=\"\" data-no-auto-translation=\"\" data-trp-original-action=\"#\">\r\n\t\t\t\t<p><span class=\"name\">Name *<\/span><br><input type=\"text\" name=\"name\" id=\"name\" placeholder=\"Name\" value=\"\" maxlength=\"50\" required><\/p>\t\t\t\t<p><span class=\"email\">Email *<\/span><br><input class=\"\" type=\"email\" id=\"email\" name=\"email\" value=\"\" placeholder=\"Email *\"  maxlength=\"225\" required><\/p>\t\t\t\t\t\t\t\t<p><span class=\"email\">Downloads *<\/span><br><select name=\"group\" id=\"group\" required><option value=\"\">Select<\/option><option value=\"bnlxwg-xpfyth-qpmlyb-jgexvy-apifnz\">Vsc-hct-vs2-af5-datasheet-en<\/option><option value=\"trlhgy-jtlzvp-bpcrmg-jgufec-wpjicr\">Vsc-hct-vsc-31-datasheet-en<\/option><option value=\"lachsp-wdeurt-fmhszl-xhiful-tnwbvd\">Vsc-HCT-ATC-G720-313G datasheet-en<\/option><option value=\"heyxvm-vznyxp-abvkjg-uaokte-eijxot\">Vsc-HCT-ATC-G720-526U-datasheet-en<\/option><option value=\"svwzle-xohvwj-pyozqc-uymwts-dsozck\">Vsc-HCT-ATC-G1300-91G-datasheet-en<\/option><option value=\"povgbt-ewsthl-ivhwcm-ydawnr-koidzl\">Vsc-HCT-ATC-G1300-201U-datasheet-en<\/option><option value=\"kbdzvi-kusiqc-aengwo-dljpsq-bakngp\">Vsc-HCT-ATC-G1920-51G-datasheet-en<\/option><option value=\"lkxfuy-zynaup-xnzfqv-cziqhe-bukvxs\">Vsc-HCT-ATC-G2440-47U-datasheet-en<\/option><option value=\"mikbld-ubplti-hnlepy-jsnrcw-zrqwsi\">Vsc-HCT-ATC-G2500-23G-datasheet-en<\/option><option value=\"rgecda-fudstj-dtvelb-dszvpb-apcmvq\">Vsc-HCT-ATC-G4112-30U-datasheet-en<\/option><option value=\"pjnozi-xbqgth-flmhaw-bzusvf-bwxyid\">Vsc-HCT-ATC-G5120-14U-datasheet-en<\/option><option value=\"pzhdcq-xbyqge-hxwmpd-jkbygp-fbxodr\">Vsc-HCT-ATC-G5120-31TM-M58-datasheet-en<\/option><option value=\"hdnyco-ladnrb-tbhvkc-xnibuy-lyvite\">Vsc-HCT-ATC-G5328-35TM-datasheet-en<\/option><option value=\"gdjqml-zwhvpn-vqoizh-pevsfk-inlhsw\">Vsc-HCT-ATC-G9344-15T-M58-datasheet-en<\/option><option value=\"vafeql-nhigrt-wqryeb-yjuktm-sdjgcn\">Vsc-HCT-ATC-R3072-60U-datasheet-en<\/option><option value=\"muegsy-mrigzh-zwfsme-hjkrvp-exlqbn\">Vsc-HCT-ATC-R4000-32U-datasheet-en<\/option><option value=\"gtwqof-czixqe-uaoizv-nhfgjk-nkqhvo\">Vsc-HCT-ATC-R14208-6TM-M72-datasheet-en<\/option><option value=\"dmxvfs-whalsi-tpfakl-uzogbm-vbroic\">Vsc-HCT-ATC-G9344-15T-F-datasheet-en<\/option><option value=\"lxjrqh-meisdb-ofdhpl-coulzi-kduile\">Vsc-HCT-ATC-G1936-132U-datasheet-en<\/option><option value=\"hcmqsy-yefxja-cfhqxw-kdnzpo-ztoujn\">Vma-hct-vs2-af5<\/option><option value=\"uadrpf-ctqmaz-rwqlme-jcnesd-shtqel\">Vsc-HCT-VSC-AF5-datasheet-en<\/option><\/select><\/p>\t\t\t\t\t\t\t\t\t\t\t\t<br \/>\r\n\t\t\t\t<input name=\"submit\" class=\"submit\" id=\"ed_form_submit_1777212970\" value=\"Send Download Link\" type=\"submit\" \/>\r\n\t\t\t\t<span class=\"ed_form_spinner\" id=\"loading-image\" style=\"display:none;\">\r\n\t\t\t\t\t<img src=\"https:\/\/vea.it\/wp-content\/plugins\/email-download-link\/images\/ajax-loader.gif\" \/>\r\n\t\t\t\t<\/span>\r\n\t\t\t\t<input name=\"guid\" id=\"guid\" value=\"group-option\" type=\"hidden\"\/>\r\n\t\t\t\t<input type=\"text\" style=\"display:none;\" id=\"email_name\" name=\"email_name\" value=\"\"\/>\r\n\t\t\t\t<input name=\"form_nonce\" id=\"form_nonce\" value=\"1e5f120071\" type=\"hidden\"\/>\r\n\t\t\t\t<input name=\"name_mand\" id=\"name_mand\" value=\"YES\" type=\"hidden\"\/>\r\n\t\t\t\t<input name=\"gdpr_mand\" id=\"gdpr_mand\" value=\"NO\" type=\"hidden\"\/>\r\n\t\t\t\t<input name=\"phone_mand\" id=\"phone_mand\" value=\"\" type=\"hidden\"\/>\r\n\t\t\t<input type=\"hidden\" name=\"trp-form-language\" value=\"pt\"\/><\/form>\t\r\n\t\t\t<span class=\"ed_form_message\" id=\"ed_form_message_1777212970\"><\/span>\r\n\t\t<\/div>\r\n\t com o pedido deste link autorizo a VEA s.r.l. para a conserva\u00e7\u00e3o do correio<\/p>\n\t\t\t\t\t\tARQUIVOS CAD\n\t\t\t\t\t\t\t\t\t\t\t<p>O sufixo indica a l\u00edngua do documento.<\/p>\n<p>\t\t\t\t<div class=\"email_download_link\">\r\n\t\t\t\t\t\t<form action=\"#\" method=\"post\" class=\"ed_form\" id=\"ed_form_1777212970\" data-no-translation=\"\" data-no-auto-translation=\"\" data-trp-original-action=\"#\">\r\n\t\t\t\t<p><span class=\"name\">Name *<\/span><br><input type=\"text\" name=\"name\" id=\"name\" placeholder=\"Name\" value=\"\" maxlength=\"50\" required><\/p>\t\t\t\t<p><span class=\"email\">Email *<\/span><br><input class=\"\" type=\"email\" id=\"email\" name=\"email\" value=\"\" placeholder=\"Email *\"  maxlength=\"225\" required><\/p>\t\t\t\t\t\t\t\t<p><span class=\"email\">Downloads *<\/span><br><select name=\"group\" id=\"group\" required><option value=\"\">Select<\/option><option value=\"hmvbuz-mqpjdr-gqyxcb-wbdiqa-bphjed\">HCT-ATC-G720-313G<\/option><option value=\"agykib-jahcrv-shjluv-ajkzby-wbpdqi\">HCT-ATC-G720-526U<\/option><option value=\"qrxyga-todsab-gbeyxk-yuhvlj-vlbyrs\">HCT-ATC-G1300-91G<\/option><option value=\"ediaqs-iewhvm-aphyti-upgjih-urtlma\">HCT-ATC-G1300-201U<\/option><option value=\"junyaz-ykphqz-iloyzc-thambs-zlayhv\">HCT-ATC-G1920-51G<\/option><option value=\"wgnult-txrwsi-jfpdzt-nzvkmd-lfbxnc\">HCT-ATC-G2440-47U<\/option><option value=\"vaiyfu-blpaou-kzpdoh-gekcot-rcivwo\">HCT-ATC-G2500-23G<\/option><option value=\"kztoyn-wcyjsb-aqcrei-ilyzng-fjoszn\">HCT-ATC-G4112-30U<\/option><option value=\"aztpgh-csvpui-devlwo-jlbzps-bajmet\">HCT-ATC-G5120-14U<\/option><option value=\"hrsbmq-rhkcjy-nbjtyu-fncylu-pdnrwz\">HCT-ATC-G5120-31TM-M58S-NF<\/option><option value=\"riuwom-slzriu-hxdeku-sjuirq-nqsath\">HCT-ATC-G5328-35TM-C<\/option><option value=\"ujmczw-jazobk-tjkicn-gduepn-wntdyb\">HCT-ATC-G5328-35TM-M58<\/option><option value=\"bguxwf-hwgdts-uhojwv-opwguk-glvcer\">HCT-ATC-G9344-15T-M58<\/option><option value=\"lvzwmh-vyeotr-gfpyls-symgdw-zcrfxe\">HCT-ATC-R3072-60U<\/option><option value=\"nhgmsr-hvwcxn-ivdzyo-ypdjmi-ntvasw\">HCT-ATC-R4000-32U<\/option><option value=\"omdghs-jqfndp-nwxikl-oztkiq-fqxdch\">HCT-ATC-R14208-6TM-M72<\/option><option value=\"doihtj-mxfylc-gpjkhw-rqwmod-goujpb\">HCT-ATC-G9344-15T-F<\/option><option value=\"ukhtxf-snfvyw-xomeun-cwqjos-lobfke\">HCT-ATC-G1936-132U<\/option><\/select><\/p>\t\t\t\t\t\t\t\t\t\t\t\t<br \/>\r\n\t\t\t\t<input name=\"submit\" class=\"submit\" id=\"ed_form_submit_1777212970\" value=\"Send Download Link\" type=\"submit\" \/>\r\n\t\t\t\t<span class=\"ed_form_spinner\" id=\"loading-image\" style=\"display:none;\">\r\n\t\t\t\t\t<img src=\"https:\/\/vea.it\/wp-content\/plugins\/email-download-link\/images\/ajax-loader.gif\" \/>\r\n\t\t\t\t<\/span>\r\n\t\t\t\t<input name=\"guid\" id=\"guid\" value=\"group-option\" type=\"hidden\"\/>\r\n\t\t\t\t<input type=\"text\" style=\"display:none;\" id=\"email_name\" name=\"email_name\" value=\"\"\/>\r\n\t\t\t\t<input name=\"form_nonce\" id=\"form_nonce\" value=\"1e5f120071\" type=\"hidden\"\/>\r\n\t\t\t\t<input name=\"name_mand\" id=\"name_mand\" value=\"YES\" type=\"hidden\"\/>\r\n\t\t\t\t<input name=\"gdpr_mand\" id=\"gdpr_mand\" value=\"NO\" type=\"hidden\"\/>\r\n\t\t\t\t<input name=\"phone_mand\" id=\"phone_mand\" value=\"\" type=\"hidden\"\/>\r\n\t\t\t<input type=\"hidden\" name=\"trp-form-language\" value=\"pt\"\/><\/form>\t\r\n\t\t\t<span class=\"ed_form_message\" id=\"ed_form_message_1777212970\"><\/span>\r\n\t\t<\/div>\r\n\t com o pedido deste link autorizo a VEA s.r.l. para a conserva\u00e7\u00e3o do correio<\/p>\n\t\t\t\t\t\tSOFTWARE\n\t\t\t\t\t\t\t\t\t\t\t<p>O sufixo indica a l\u00edngua do documento.<\/p>\n<p>\t\t\t\t<div class=\"email_download_link\">\r\n\t\t\t\t\t\t<form action=\"#\" method=\"post\" class=\"ed_form\" id=\"ed_form_1777212970\" data-no-translation=\"\" data-no-auto-translation=\"\" data-trp-original-action=\"#\">\r\n\t\t\t\t<p><span class=\"name\">Name *<\/span><br><input type=\"text\" name=\"name\" id=\"name\" placeholder=\"Name\" value=\"\" maxlength=\"50\" required><\/p>\t\t\t\t<p><span class=\"email\">Email *<\/span><br><input class=\"\" type=\"email\" id=\"email\" name=\"email\" value=\"\" placeholder=\"Email *\"  maxlength=\"225\" required><\/p>\t\t\t\t\t\t\t\t<p><span class=\"email\">Downloads *<\/span><br><select name=\"group\" id=\"group\" required><option value=\"\">Select<\/option><option value=\"pwloku-qodrnj-atdqkb-yblsgj-logwjv\">HCT-VS MultiCameraViewer<\/option><option value=\"sbhjwt-csjtrq-qadfmr-aguonw-clnhst\">HCT-AT software<\/option><option value=\"hrcbpa-waxyfj-rguenx-dxzlag-sptedw\">HCT-VS-VEA visualizer v1.7<\/option><option value=\"uacmhr-yvbfwp-amqycl-narpcg-eapvbw\">HCT-VS-VEA visualizer v2.1<\/option><\/select><\/p>\t\t\t\t\t\t\t\t\t\t\t\t<br \/>\r\n\t\t\t\t<input name=\"submit\" class=\"submit\" id=\"ed_form_submit_1777212970\" value=\"Send Download Link\" type=\"submit\" \/>\r\n\t\t\t\t<span class=\"ed_form_spinner\" id=\"loading-image\" style=\"display:none;\">\r\n\t\t\t\t\t<img src=\"https:\/\/vea.it\/wp-content\/plugins\/email-download-link\/images\/ajax-loader.gif\" \/>\r\n\t\t\t\t<\/span>\r\n\t\t\t\t<input name=\"guid\" id=\"guid\" value=\"group-option\" type=\"hidden\"\/>\r\n\t\t\t\t<input type=\"text\" style=\"display:none;\" id=\"email_name\" name=\"email_name\" value=\"\"\/>\r\n\t\t\t\t<input name=\"form_nonce\" id=\"form_nonce\" value=\"1e5f120071\" type=\"hidden\"\/>\r\n\t\t\t\t<input name=\"name_mand\" id=\"name_mand\" value=\"YES\" type=\"hidden\"\/>\r\n\t\t\t\t<input name=\"gdpr_mand\" id=\"gdpr_mand\" value=\"NO\" type=\"hidden\"\/>\r\n\t\t\t\t<input name=\"phone_mand\" id=\"phone_mand\" value=\"\" type=\"hidden\"\/>\r\n\t\t\t<input type=\"hidden\" name=\"trp-form-language\" value=\"pt\"\/><\/form>\t\r\n\t\t\t<span class=\"ed_form_message\" id=\"ed_form_message_1777212970\"><\/span>\r\n\t\t<\/div>\r\n\t com o pedido deste link autorizo a VEA s.r.l. para a conserva\u00e7\u00e3o do correio<\/p>\n\t\t\t<a href=\"https:\/\/vea.it\/micrometri\/\" target=\"_self\" rel=\"noopener\">\n\t\t\t\t\t\tMICROMETROS\n\t\t\t\t\t<\/a>\n\t\t\t<a href=\"https:\/\/vea.it\/illuminatori\/\" target=\"_self\" rel=\"noopener\">\n\t\t\t\t\t\t\tILUMINADORES\n\t\t\t<\/a>\n\t\t\t<a href=\"https:\/\/vea.it\/ottiche\/\" target=\"_self\" rel=\"noopener\">\n\t\t\t\t\t\t\t\u00d3PTICA\n\t\t\t\t\t<\/a>\n\t<p>as especifica\u00e7\u00f5es podem mudar sem aviso pr\u00e9vio<\/p>","protected":false},"excerpt":{"rendered":"<p>C\u00c2MARAS INDUSTRIAIS PARA SISTEMAS DE VIS\u00c3O M\u00c1QUINA Compre agora diretamente na VEA As c\u00e2maras industriais para sistemas de vis\u00e3o mec\u00e2nica s\u00e3o dedicadas aos profissionais de vis\u00e3o mec\u00e2nica. Estas c\u00e2maras utilizam sensores de qualidade muito elevada com resolu\u00e7\u00f5es at\u00e9 151 Mpixel e t\u00eam uma excelente rela\u00e7\u00e3o pre\u00e7o\/desempenho. Para produzir as nossas c\u00e2maras, utilizamos principalmente ...<\/p>\n<p class=\"read-more\"> <a class=\"ast-button\" href=\"https:\/\/vea.it\/pt\/maquinas-fotograficas\/\"> <span class=\"screen-reader-text\">C\u00e2meras<\/span> Leia mais \"<\/a><\/p>","protected":false},"author":5,"featured_media":0,"parent":0,"menu_order":0,"comment_status":"closed","ping_status":"closed","template":"","meta":{"site-sidebar-layout":"no-sidebar","site-content-layout":"page-builder","ast-global-header-display":"","ast-main-header-display":"","ast-hfb-above-header-display":"","ast-hfb-below-header-display":"","ast-hfb-mobile-header-display":"","site-post-title":"disabled","ast-breadcrumbs-content":"","ast-featured-img":"disabled","footer-sml-layout":"","theme-transparent-header-meta":"default","adv-header-id-meta":"","stick-header-meta":"default","header-above-stick-meta":"","header-main-stick-meta":"","header-below-stick-meta":"","footnotes":""},"_links":{"self":[{"href":"https:\/\/vea.it\/pt\/wp-json\/wp\/v2\/pages\/1240"}],"collection":[{"href":"https:\/\/vea.it\/pt\/wp-json\/wp\/v2\/pages"}],"about":[{"href":"https:\/\/vea.it\/pt\/wp-json\/wp\/v2\/types\/page"}],"author":[{"embeddable":true,"href":"https:\/\/vea.it\/pt\/wp-json\/wp\/v2\/users\/5"}],"replies":[{"embeddable":true,"href":"https:\/\/vea.it\/pt\/wp-json\/wp\/v2\/comments?post=1240"}],"version-history":[{"count":58,"href":"https:\/\/vea.it\/pt\/wp-json\/wp\/v2\/pages\/1240\/revisions"}],"predecessor-version":[{"id":3694,"href":"https:\/\/vea.it\/pt\/wp-json\/wp\/v2\/pages\/1240\/revisions\/3694"}],"wp:attachment":[{"href":"https:\/\/vea.it\/pt\/wp-json\/wp\/v2\/media?parent=1240"}],"curies":[{"name":"wp","href":"https:\/\/api.w.org\/{rel}","templated":true}]}}