{"id":1213,"date":"2020-01-26T16:42:49","date_gmt":"2020-01-26T16:42:49","guid":{"rendered":"https:\/\/vea.it\/?page_id=1213"},"modified":"2022-10-21T13:12:51","modified_gmt":"2022-10-21T13:12:51","slug":"illuminatori-per-sistemi-di-visione","status":"publish","type":"page","link":"https:\/\/vea.it\/pt\/iluminadores\/","title":{"rendered":"Iluminadores"},"content":{"rendered":"<p>Direto<\/p>\n\t\t\t\t<img decoding=\"async\" loading=\"lazy\" src=\"https:\/\/vea.it\/wp-content\/uploads\/2020\/07\/ico-ill-direct1.jpg\" alt=\"luz direta\" itemprop=\"image\" height=\"168\" width=\"250\" title=\"ico-ill-directo1\" onerror=\"this.style.display='none'\"  \/>\n\t\t\t<a href=\"https:\/\/vea.it\/illuminatori-lec-c\/\" target=\"_self\" role=\"button\" rel=\"noopener\">\n\t\t\t\t\t\tModular LEC-C\n\t\t\t\t\t<\/a>\n\t\t\t<a href=\"https:\/\/vea.it\/illuminatori-lef-c-e-ler-c\/\" target=\"_self\" role=\"button\" rel=\"noopener\">\n\t\t\t\t\t\tLEF-C grande\n\t\t\t\t\t<\/a>\n\t\t\t<a href=\"\" target=\"_self\" role=\"button\" rel=\"noopener\">\n\t\t\t\t\t\tLEC-80 distante\n\t\t\t\t\t<\/a>\n\t<p>Em \u00e2ngulo<\/p>\n\t\t\t\t<img decoding=\"async\" loading=\"lazy\" src=\"https:\/\/vea.it\/wp-content\/uploads\/2020\/07\/ico-ill-low-angle1.jpg\" alt=\"luz angular baixa\" itemprop=\"image\" height=\"168\" width=\"250\" title=\"ico--il-\u00e2ngulo baixo1\" onerror=\"this.style.display='none'\"  \/>\n\t\t\t<a href=\"https:\/\/vea.it\/illuminatori-lec-c\/\" target=\"_self\" role=\"button\" rel=\"noopener\">\n\t\t\t\t\t\tModular LEC-C\n\t\t\t\t\t<\/a>\n\t\t\t<a href=\"https:\/\/vea.it\/illuminatori-lineari-per-sistemi-di-visione\/\" target=\"_self\" role=\"button\" rel=\"noopener\">\n\t\t\t\t\t\tLEL linear\n\t\t\t\t\t<\/a>\n\t\t\t<a href=\"\" target=\"_self\" role=\"button\" rel=\"noopener\">\n\t\t\t\t\t\tespecial LER-S\n\t\t\t\t\t<\/a>\n\t<p>Spot<\/p>\n\t\t\t\t<img decoding=\"async\" loading=\"lazy\" src=\"https:\/\/vea.it\/wp-content\/uploads\/2020\/07\/ico-ill-spot1.jpg\" alt=\"luz direta no local\" itemprop=\"image\" height=\"168\" width=\"250\" title=\"ico-ill-spot1\" onerror=\"this.style.display='none'\"  \/>\n\t\t\t<a href=\"https:\/\/vea.it\/illuminatori-lineari-per-sistemi-di-visione\/\" target=\"_self\" role=\"button\" rel=\"noopener\">\n\t\t\t\t\t\tLEL linear\n\t\t\t\t\t<\/a>\n\t\t\t<a href=\"\" target=\"_self\" role=\"button\" rel=\"noopener\">\n\t\t\t\t\t\tlugar LEF\n\t\t\t\t\t<\/a>\n\t\t\t<a href=\"\" target=\"_self\" role=\"button\" rel=\"noopener\">\n\t\t\t\t\t\tmarcador LEM\n\t\t\t\t\t<\/a>\n\t\t\t<a href=\"\" target=\"_self\" role=\"button\" rel=\"noopener\">\n\t\t\t\t\t\tespecial LER-S\n\t\t\t\t\t<\/a>\n\t<p>C\u00fapula<\/p>\n\t\t\t\t<img decoding=\"async\" loading=\"lazy\" src=\"https:\/\/vea.it\/wp-content\/uploads\/2020\/07\/ico-ill-dome1.jpg\" alt=\"luz difusa em c\u00fapula\" itemprop=\"image\" height=\"168\" width=\"250\" title=\"ico-ill-dome1\" onerror=\"this.style.display='none'\"  \/>\n\t\t\t<a href=\"https:\/\/vea.it\/illuminatori-lec-c\/\" target=\"_self\" role=\"button\" rel=\"noopener\">\n\t\t\t\t\t\tModular LEC-C\n\t\t\t\t\t<\/a>\n\t\t\t<a href=\"https:\/\/vea.it\/illuminatori-elettroluminescenti\/\" target=\"_self\" role=\"button\" rel=\"noopener\">\n\t\t\t\t\t\tEL electrolum.\n\t\t\t\t\t<\/a>\n\t<p>Retroilumina\u00e7\u00e3o<\/p>\n\t\t\t\t<img decoding=\"async\" loading=\"lazy\" src=\"https:\/\/vea.it\/wp-content\/uploads\/2020\/07\/ico-ill-retro1.jpg\" alt=\"backlighting\" itemprop=\"image\" height=\"168\" width=\"250\" title=\"ico-ill-retro1\" onerror=\"this.style.display='none'\"  \/>\n\t\t\t<a href=\"https:\/\/vea.it\/illuminatori-elettroluminescenti\/\" target=\"_self\" role=\"button\" rel=\"noopener\">\n\t\t\t\t\t\tEL electrolum.\n\t\t\t\t\t<\/a>\n\t\t\t<a href=\"https:\/\/vea.it\/illuminatori-lef-c-e-ler-c\/\" target=\"_self\" role=\"button\" rel=\"noopener\">\n\t\t\t\t\t\tLER-C grande\n\t\t\t\t\t<\/a>\n\t\t\t<a href=\"\" target=\"_self\" role=\"button\" rel=\"noopener\">\n\t\t\t\t\t\tespecial LER-S\n\t\t\t\t\t<\/a>\n\t\t\t<a href=\"\" target=\"_self\" role=\"button\" rel=\"noopener\">\n\t\t\t\t\t\tLEP Telec\u00eantrico\n\t\t\t\t\t<\/a>\n<h1>\n\t\tILUMINADORES PARA VIS\u00c3O MEC\u00c2NICA\n\t<\/h1>\n<h3>\n\t\tModularidade, funcionalidade e tecnologia sempre foram uma prerrogativa dos iluminadores VEA.\n\t<\/h3>\n\tOs iluminadores VEA s\u00e3o concebidos e fabricados com a experi\u00eancia de algu\u00e9m que integra sistemas de vis\u00e3o h\u00e1 mais de 25 anos.<br \/>\nEstamos muito familiarizados com os problemas de ilumina\u00e7\u00e3o na vis\u00e3o e conhecemos as vantagens de um iluminador adequado e funcional.\nOs iluminadores LEF-C s\u00e3o ideais para aplica\u00e7\u00f5es de orienta\u00e7\u00e3o de rob\u00f4s, j\u00e1 t\u00eam uma c\u00e2mara de fixa\u00e7\u00e3o inclu\u00edda e gra\u00e7as aos perfis ranhurados podem ser facilmente fixados a qualquer suporte.<br \/>\nO uso de LEDs selecionados e subdimensionados permite uma vida \u00fatil superior a 10 anos sem qualquer perda de brilho.\nA s\u00e9rie LEC-C, gra\u00e7as \u00e0 sua modularidade, tornou poss\u00edvel resolver in\u00fameros problemas de vis\u00e3o, em sensores de vis\u00e3o, c\u00e2meras inteligentes e sistemas de vis\u00e3o.<br \/>\nEsta s\u00e9rie utiliza os mais recentes materiais e tecnologias.<br \/>\nO uso do grafeno melhora a condu\u00e7\u00e3o t\u00e9rmica dos iluminadores, tornando-os leves e conformes com as directivas ISO em vigor para instala\u00e7\u00f5es industriais.<br \/>\nA tecnologia FDC-LED (Full Dissipated Chip LED) permite alta luminosidade, baixo consumo de energia e baixa temperatura.<br \/>\nA eletr\u00f4nica inclu\u00edda na estrutura do iluminador permite manter o brilho constante mesmo com grandes varia\u00e7\u00f5es na tens\u00e3o de entrada.\n<p>A s\u00e9rie EL utiliza tecnologia de electroluminesc\u00eancia, que permite produzir iluminadores flex\u00edveis com apenas 0,3 mm de espessura.<\/p>\n<p>A pedido, projetamos e fabricamos iluminadores sob medida.<\/p>\n<h4>\n\t\t<a href=\"https:\/\/vea.it\/illuminatori-lec-c\/\" title=\"LEC-C modular - &lt;b&gt;&lt;i&gt;MARCA NOVO&lt;\/b&gt;&lt;\/i&gt;\" target=\"_self\" rel=\"noopener\">\n\t\tModular LEC-C - <b><i>MARCA NOVO<\/i><\/b>\n\t\t<\/a>\n\t<\/h4>\n\t<p><strong>Tipologia<\/strong>:<\/p>\n<ul>\n<li>ilumina\u00e7\u00e3o multi-\u00e2ngulo<\/li>\n<li>ilumina\u00e7\u00e3o directa<\/li>\n<li>ilumina\u00e7\u00e3o coaxial<\/li>\n<li>\u00c2ngulo baixo circular<\/li>\n<li>c\u00fapula<\/li>\n<li>ilumina\u00e7\u00e3o conc\u00eantrica<\/li>\n<li>leve para vis\u00e3o de pulso de rob\u00f4<\/li>\n<li>electr\u00f3nica de estabiliza\u00e7\u00e3o integrada<\/li>\n<\/ul>\n<h2>grande capacidade de combina\u00e7\u00e3o concebida para resolver problemas complexos de ilumina\u00e7\u00e3o<\/h2>\n<h4>\n\t\t<a href=\"https:\/\/vea.it\/illuminatori-lef-c-e-ler-c\/\" title=\"LEF-C grande porte\" target=\"_self\" rel=\"noopener\">\n\t\tLEF-C grande porte\n\t\t<\/a>\n\t<\/h4>\n\t<p><strong>Tipologia:<\/strong><\/p>\n<ul>\n<li>ilumina\u00e7\u00e3o direta difusa<\/li>\n<li>ilumina\u00e7\u00e3o coaxial<\/li>\n<li>guia do rob\u00f4<\/li>\n<\/ul>\n<h4>\n\t\t<a href=\"https:\/\/vea.it\/illuminatori-elettroluminescenti\/\" title=\"EL electroluminescente\" target=\"_self\" rel=\"noopener\">\n\t\tEL electroluminescente\n\t\t<\/a>\n\t<\/h4>\n\t<p><strong>Tipologia:<\/strong><\/p>\n<ul>\n<li>folhas eletroluminescentes<\/li>\n<li>backlighting<\/li>\n<li>ilumina\u00e7\u00e3o difusa<\/li>\n<li>ilumina\u00e7\u00e3o especial<\/li>\n<\/ul>\n<h4>\n\t\t<a href=\"https:\/\/vea.it\/illuminatori-lineari-per-sistemi-di-visione\/\" title=\"LEL linear\" target=\"_self\" rel=\"noopener\">\n\t\tLEL linear\n\t\t<\/a>\n\t<\/h4>\n\t<p><strong>Tipologia<\/strong>:<\/p>\n<ul>\n<li>ilumina\u00e7\u00e3o directa<\/li>\n<li>ilumina\u00e7\u00e3o pontual<\/li>\n<li>luz de pastagem<\/li>\n<\/ul>\n<h4>\n\t\t<a href=\"https:\/\/vea.it\/illuminatori-lef-c-e-ler-c\/\" title=\"LER-C tamanho grande\" target=\"_self\" rel=\"noopener\">\n\t\tLER-C tamanho grande\n\t\t<\/a>\n\t<\/h4>\n\t<p><strong>Tipologia:<\/strong><\/p>\n<ul>\n<li>backlighting<\/li>\n<li>ilumina\u00e7\u00e3o indirecta difusa<\/li>\n<\/ul>\n<h4>\n\t\tLEPs Telec\u00eantricos\n\t<\/h4>\n\t<p><strong>Tipologia:<\/strong><\/p>\n<ul>\n<li>retroilumina\u00e7\u00e3o para metrologia<\/li>\n<li>ilumina\u00e7\u00e3o pontual para metrologia<\/li>\n<\/ul>\n<h4>\n\t\tmarcador LEM\n\t<\/h4>\n\t<p><strong>Tipologia<\/strong>:<\/p>\n<ul>\n<li>marcadores codificados por metrologia para espa\u00e7os amplos<\/li>\n<\/ul>\n<h4>\n\t\tLER-S especial \/ LEF spot\n\t<\/h4>\n\t<p><strong>Tipologia:<\/strong><\/p>\n<ul>\n<li>backlighting<\/li>\n<li>ilumina\u00e7\u00e3o indirecta<\/li>\n<li>ilumina\u00e7\u00e3o pontual<\/li>\n<\/ul>\n<h4>\n\t\tLEC-80 coaxial\n\t<\/h4>\n\t<p><strong>Tipologia:<\/strong><\/p>\n<ul>\n<li>ilumina\u00e7\u00e3o directa<\/li>\n<li>ilumina\u00e7\u00e3o coaxial<\/li>\n<\/ul>","protected":false},"excerpt":{"rendered":"<p>Direto LEC-C modular LEF-C grande LEC-80 distante em \u00e2ngulo LEC-C modular LEL linear LER-S especial Spot LEL linear LEF spot LEM marcador LER-S especial Dome LEC-C modular EL electrolum. Luz de fundo EL electrolum. LER-C grande LER-S especial LEP telec\u00eantrico ARTIFICIAL VISION ILUMINADORES LER-C Modularidade, funcionalidade e tecnologia sempre foram uma prerrogativa dos iluminadores VEA.<\/p>\n<p class=\"read-more\"> <a class=\"ast-button\" href=\"https:\/\/vea.it\/pt\/iluminadores\/\"> <span class=\"screen-reader-text\">Iluminadores<\/span> Leia mais \"<\/a><\/p>","protected":false},"author":2,"featured_media":0,"parent":0,"menu_order":0,"comment_status":"closed","ping_status":"closed","template":"","meta":{"site-sidebar-layout":"no-sidebar","site-content-layout":"page-builder","ast-global-header-display":"","ast-main-header-display":"","ast-hfb-above-header-display":"","ast-hfb-below-header-display":"","ast-hfb-mobile-header-display":"","site-post-title":"disabled","ast-breadcrumbs-content":"","ast-featured-img":"disabled","footer-sml-layout":"","theme-transparent-header-meta":"default","adv-header-id-meta":"","stick-header-meta":"default","header-above-stick-meta":"","header-main-stick-meta":"","header-below-stick-meta":"","footnotes":""},"_links":{"self":[{"href":"https:\/\/vea.it\/pt\/wp-json\/wp\/v2\/pages\/1213"}],"collection":[{"href":"https:\/\/vea.it\/pt\/wp-json\/wp\/v2\/pages"}],"about":[{"href":"https:\/\/vea.it\/pt\/wp-json\/wp\/v2\/types\/page"}],"author":[{"embeddable":true,"href":"https:\/\/vea.it\/pt\/wp-json\/wp\/v2\/users\/2"}],"replies":[{"embeddable":true,"href":"https:\/\/vea.it\/pt\/wp-json\/wp\/v2\/comments?post=1213"}],"version-history":[{"count":5,"href":"https:\/\/vea.it\/pt\/wp-json\/wp\/v2\/pages\/1213\/revisions"}],"predecessor-version":[{"id":3266,"href":"https:\/\/vea.it\/pt\/wp-json\/wp\/v2\/pages\/1213\/revisions\/3266"}],"wp:attachment":[{"href":"https:\/\/vea.it\/pt\/wp-json\/wp\/v2\/media?parent=1213"}],"curies":[{"name":"wp","href":"https:\/\/api.w.org\/{rel}","templated":true}]}}