{"id":1020,"date":"2020-01-16T17:11:27","date_gmt":"2020-01-16T17:11:27","guid":{"rendered":"https:\/\/vea.it\/?page_id=1020"},"modified":"2020-12-23T16:45:22","modified_gmt":"2020-12-23T16:45:22","slug":"case-study","status":"publish","type":"page","link":"https:\/\/vea.it\/pt\/estudo-de-caso\/","title":{"rendered":"ESTUDO DE CASO"},"content":{"rendered":"<h1>\n\t\tSOLU\u00c7\u00d5ES\n\t<\/h1>\n<h2>\n\t\tAPLICA\u00c7\u00c3O DE SOLU\u00c7\u00d5ES DE ERVAN\u00c1RIA\n\t<\/h2>\n\t<p>Apresentamos aqui uma s\u00e9rie de Estudos de Caso com o objectivo de descrever <strong>as vantagens que os nossos clientes t\u00eam tido ao adoptarem as solu\u00e7\u00f5es propostas pela VEA<\/strong>. Em geral, a <strong>sistemas de vis\u00e3o<\/strong> licen\u00e7as por medida <strong>custos menores<\/strong> poder intervir directamente sobre as pe\u00e7as durante a fase de produ\u00e7\u00e3o. Seguindo o mesmo princ\u00edpio, obviamente tamb\u00e9m <strong>os tempos est\u00e3o a ficar mais curtos<\/strong> e os sistemas s\u00e3o facilmente geridos a partir de um \u00fanico painel.<\/p>\n<p>A aplica\u00e7\u00e3o de <strong>Caixa de sele\u00e7\u00e3o<\/strong> tem as mesmas vantagens e existem modelos concebidos para diferentes aplica\u00e7\u00f5es. \u00c9 poss\u00edvel fazer an\u00e1lises de superf\u00edcie, medi\u00e7\u00f5es microm\u00e9tricas, controle de qualidade e leitura de matriz de dados.<\/p>\n<p>Mesmo a <strong>acess\u00f3rios<\/strong> s\u00e3o o tema dos nossos estudos de caso, que dividimos por assunto e n\u00e3o por produto. <strong>Medida<\/strong>, <strong>Controle<\/strong> <strong>qualidade<\/strong>,<strong> Guia do Rob\u00f4<\/strong>, <strong>Separa\u00e7\u00e3o autom\u00e1tica<\/strong>, <strong>Montagem correta<\/strong>, <strong>An\u00e1lise da superf\u00edcie<\/strong>, <strong>OCR - OCV - Matriz de dados<\/strong>. Tornamos todas estas ac\u00e7\u00f5es autom\u00e1ticas e f\u00e1ceis de gerir. Al\u00e9m disso, cada sistema ou sistema de vis\u00e3o oferece, al\u00e9m do projeto, treinamento adequado para otimizar seu uso.<\/p>\n<p>A Vea tem mais de <strong>700 sistemas de vis\u00e3o instalados<\/strong> e mais do que <strong>250 sistemas integrados de vis\u00e3o mec\u00e2nica constru\u00eddos<\/strong>. A rede de integra\u00e7\u00e3o de sistemas VEA oferece assist\u00eancia na It\u00e1lia e no mundo, garantindo sistemas de vis\u00e3o de alto desempenho mesmo em aplica\u00e7\u00f5es complexas. A rede de integra\u00e7\u00e3o de plantas VEA realiza sistemas de automa\u00e7\u00e3o e controle de natureza diferente, mesmo sem sistemas de vis\u00e3o artificial.<\/p>\n<p><a href=\"https:\/\/vea.it\/contatti\/\"><strong>Contacte-nos em<\/strong> <\/a>para obter informa\u00e7\u00f5es sobre os sistemas ou para fazer parte da nossa rede de integra\u00e7\u00e3o.<\/p>\n\t\t\t\t<img decoding=\"async\" loading=\"lazy\" src=\"https:\/\/vea.it\/wp-content\/uploads\/bb-plugin\/cache\/checkbox_dettaglio3-landscape.jpg\" alt=\"Guia do rob\u00f4\" itemprop=\"image\" height=\"1440\" width=\"1920\" title=\"C\u00c2MERA DIGITAL DA OLYMPUS\" onerror=\"this.style.display='none'\">\n<h4>MEDI\u00c7\u00c3O<\/h4>\t\t\n\t\t\t\t<img decoding=\"async\" loading=\"lazy\" src=\"https:\/\/vea.it\/wp-content\/uploads\/bb-plugin\/cache\/checkbox_dettaglio3-landscape.jpg\" alt=\"Guia do rob\u00f4\" itemprop=\"image\" height=\"1440\" width=\"1920\" title=\"C\u00c2MERA DIGITAL DA OLYMPUS\" onerror=\"this.style.display='none'\">\n<h4>CONTROLO DE QUALIDADE<\/h4>\t\t\n\t\t\t\t<img decoding=\"async\" loading=\"lazy\" src=\"https:\/\/vea.it\/wp-content\/uploads\/bb-plugin\/cache\/checkbox_dettaglio3-landscape.jpg\" alt=\"Guia do rob\u00f4\" itemprop=\"image\" height=\"1440\" width=\"1920\" title=\"C\u00c2MERA DIGITAL DA OLYMPUS\" onerror=\"this.style.display='none'\">\n<h4>CONDU\u00c7\u00c3O DE MOTAS<\/h4>\t\t\n\t\t\t\t<img decoding=\"async\" loading=\"lazy\" src=\"https:\/\/vea.it\/wp-content\/uploads\/bb-plugin\/cache\/checkbox_dettaglio3-landscape.jpg\" alt=\"Guia do rob\u00f4\" itemprop=\"image\" height=\"1440\" width=\"1920\" title=\"C\u00c2MERA DIGITAL DA OLYMPUS\" onerror=\"this.style.display='none'\">\n<h4>TRIAGEM AUTOM\u00c1TICA<\/h4>\t\t\n\t\t\t\t<img decoding=\"async\" loading=\"lazy\" src=\"https:\/\/vea.it\/wp-content\/uploads\/bb-plugin\/cache\/checkbox_dettaglio3-landscape.jpg\" alt=\"Guia do rob\u00f4\" itemprop=\"image\" height=\"1440\" width=\"1920\" title=\"C\u00c2MERA DIGITAL DA OLYMPUS\" onerror=\"this.style.display='none'\">\n<h4>MONTAGEM ADEQUADA<\/h4>\t\t\n\t\t\t\t<img decoding=\"async\" loading=\"lazy\" src=\"https:\/\/vea.it\/wp-content\/uploads\/bb-plugin\/cache\/checkbox_dettaglio3-landscape.jpg\" alt=\"Guia do rob\u00f4\" itemprop=\"image\" height=\"1440\" width=\"1920\" title=\"C\u00c2MERA DIGITAL DA OLYMPUS\" onerror=\"this.style.display='none'\">\n<h4>AN\u00c1LISE DE SUPERF\u00cdCIE<\/h4>\t\t\n\t\t\t\t<img decoding=\"async\" loading=\"lazy\" src=\"https:\/\/vea.it\/wp-content\/uploads\/bb-plugin\/cache\/checkbox_dettaglio3-landscape.jpg\" alt=\"Guia do rob\u00f4\" itemprop=\"image\" height=\"1440\" width=\"1920\" title=\"C\u00c2MERA DIGITAL DA OLYMPUS\" onerror=\"this.style.display='none'\">\n<h4>OCR - OCV DATAMATRIX<\/h4>","protected":false},"excerpt":{"rendered":"<p>SOLU\u00c7\u00d5ES APLICA\u00c7\u00c3O DE SOLU\u00c7\u00d5ES VEA Apresentamos aqui uma s\u00e9rie de Casos de Estudo para descrever as vantagens que os nossos clientes t\u00eam tido ao adoptarem solu\u00e7\u00f5es VEA. Em geral, os sistemas de vis\u00e3o personalizados permitem-lhe reduzir custos, podendo intervir directamente nas pe\u00e7as durante a produ\u00e7\u00e3o. Seguindo o mesmo princ\u00edpio, \u00e9 claro ...<\/p>\n<p class=\"read-more\"> <a class=\"ast-button\" href=\"https:\/\/vea.it\/pt\/estudo-de-caso\/\"> <span class=\"screen-reader-text\">ESTUDO DE CASO<\/span> Leia mais \"<\/a><\/p>","protected":false},"author":1,"featured_media":0,"parent":0,"menu_order":0,"comment_status":"closed","ping_status":"closed","template":"","meta":{"site-sidebar-layout":"no-sidebar","site-content-layout":"page-builder","ast-global-header-display":"","ast-main-header-display":"","ast-hfb-above-header-display":"","ast-hfb-below-header-display":"","ast-hfb-mobile-header-display":"","site-post-title":"disabled","ast-breadcrumbs-content":"","ast-featured-img":"disabled","footer-sml-layout":"","theme-transparent-header-meta":"default","adv-header-id-meta":"","stick-header-meta":"default","header-above-stick-meta":"","header-main-stick-meta":"","header-below-stick-meta":"","footnotes":""},"_links":{"self":[{"href":"https:\/\/vea.it\/pt\/wp-json\/wp\/v2\/pages\/1020"}],"collection":[{"href":"https:\/\/vea.it\/pt\/wp-json\/wp\/v2\/pages"}],"about":[{"href":"https:\/\/vea.it\/pt\/wp-json\/wp\/v2\/types\/page"}],"author":[{"embeddable":true,"href":"https:\/\/vea.it\/pt\/wp-json\/wp\/v2\/users\/1"}],"replies":[{"embeddable":true,"href":"https:\/\/vea.it\/pt\/wp-json\/wp\/v2\/comments?post=1020"}],"version-history":[{"count":0,"href":"https:\/\/vea.it\/pt\/wp-json\/wp\/v2\/pages\/1020\/revisions"}],"wp:attachment":[{"href":"https:\/\/vea.it\/pt\/wp-json\/wp\/v2\/media?parent=1020"}],"curies":[{"name":"wp","href":"https:\/\/api.w.org\/{rel}","templated":true}]}}