{"id":901,"date":"2020-01-05T16:04:25","date_gmt":"2020-01-05T16:04:25","guid":{"rendered":"https:\/\/vea.it\/?page_id=901"},"modified":"2025-04-02T15:21:53","modified_gmt":"2025-04-02T15:21:53","slug":"casi-di-studio-analisi-delle-superfici","status":"publish","type":"page","link":"https:\/\/vea.it\/fr\/etude-de-cas-analyse-de-surface\/","title":{"rendered":"ANALYSE DE SURFACE"},"content":{"rendered":"<h1>\n\t\tSOLUTIONS : <br> ANALYSE DE SURFACE\n\t<\/h1>\n\t<ul>\n\t\t<li>\t\t\n\t\t\t\t<img decoding=\"async\" src=\"https:\/\/vea.it\/wp-content\/uploads\/2020\/02\/Micrometri_fotosec.png\" alt=\"Microm\u00e8tre_photosec\" title=\"Microm\u00e8tre_photosec\" itemprop=\"image\">\n\t\t200 photos par seconde<\/li><li>\t\t\n\t\t\t\t<img decoding=\"async\" src=\"https:\/\/vea.it\/wp-content\/uploads\/2020\/01\/servizi_icona3.png\" alt=\"icon_services3\" title=\"icon_services3\" itemprop=\"image\">\n\t\tjusqu'\u00e0 100 m\/min<\/li><li>\t\t\n\t\t\t\t<img decoding=\"async\" src=\"https:\/\/vea.it\/wp-content\/uploads\/2020\/01\/Checkbox_icona10.png\" alt=\"Checkbox_icona10\" title=\"Checkbox_icona10\" itemprop=\"image\">\n\t\tAnalyse du manque d'uniformit\u00e9<\/li><li>\t\t\n\t\t\t\t<img decoding=\"async\" src=\"https:\/\/vea.it\/wp-content\/uploads\/2020\/08\/ICON-cb-def-4.png\" alt=\"ic\u00f4ne\" title=\"ICON-cb-def-4\" itemprop=\"image\">\n\t\tAnalyse des rayures, des bosses et des diff\u00e9rences de couleur<\/li><li>\t\t\n\t\t\t\t<img decoding=\"async\" src=\"https:\/\/vea.it\/wp-content\/uploads\/2020\/08\/ICON-cb-def-5.png\" alt=\"ic\u00f4ne\" title=\"ICON-cb-def-5\" itemprop=\"image\">\n\t\tSur plastique, m\u00e9tal, papier, tissu, mat\u00e9riaux sp\u00e9ciaux<\/li>\t<\/ul>\n<h1>\n\t\tSYST\u00c8MES DE VISION POUR L'ANALYSE DE SURFACE : EXEMPLES DU MONDE R\u00c9EL\n\t<\/h1>\n\t<h5 data-sourcepos=\"3:1-3:328\">Dans l'industrie, le contr\u00f4le de la qualit\u00e9 des surfaces joue un r\u00f4le crucial pour assurer la qualit\u00e9 et la fiabilit\u00e9 des produits. Dans ce contexte, les syst\u00e8mes de vision industrielle se sont impos\u00e9s comme des outils indispensables, capables de d\u00e9tecter les d\u00e9fauts et les imperfections avec une pr\u00e9cision et une rapidit\u00e9 sans pr\u00e9c\u00e9dent.<\/h5>\n<h5 data-sourcepos=\"5:1-5:390\">Ces syst\u00e8mes, bas\u00e9s sur des cam\u00e9ras \u00e0 haute r\u00e9solution et des algorithmes de traitement d'images, permettent d'examiner les surfaces en d\u00e9tail et de d\u00e9tecter les anomalies telles que les rayures, les bosses, les fissures, les variations de couleur et les d\u00e9fauts de texture. Le contr\u00f4le de la qualit\u00e9 des surfaces peut \u00eatre effectu\u00e9 aussi bien sur des surfaces planes que sur des objets tridimensionnels, s'adaptant ainsi aux diff\u00e9rentes exigences de production.<\/h5>\n<h5 data-sourcepos=\"7:1-7:93\">L'utilisation de syst\u00e8mes de vision pour l'analyse des surfaces pr\u00e9sente de nombreux avantages :<\/h5>\n<ul data-sourcepos=\"9:1-13:0\">\n<li data-sourcepos=\"9:1-9:175\">\n<h5><strong>Une plus grande pr\u00e9cision :<\/strong> Les syst\u00e8mes de vision industrielle sont capables de d\u00e9tecter des d\u00e9fauts qui \u00e9chapperaient \u00e0 l'\u0153il humain, ce qui garantit un contr\u00f4le de qualit\u00e9 plus pr\u00e9cis.<\/h5>\n<\/li>\n<li data-sourcepos=\"10:1-10:154\">\n<h5><strong>Augmentation de la productivit\u00e9 :<\/strong> L'automatisation du processus d'inspection permet de r\u00e9duire le temps de production et d'augmenter la capacit\u00e9 de production.<\/h5>\n<\/li>\n<li data-sourcepos=\"11:1-11:152\">\n<h5><strong>R\u00e9duction des co\u00fbts :<\/strong> L'identification pr\u00e9coce des d\u00e9fauts minimise les d\u00e9chets de production et r\u00e9duit les co\u00fbts de reprise.<\/h5>\n<\/li>\n<li data-sourcepos=\"12:1-13:0\">\n<h5><strong>Tra\u00e7abilit\u00e9 et documentation :<\/strong> Les syst\u00e8mes de vision industrielle peuvent g\u00e9n\u00e9rer des rapports d\u00e9taill\u00e9s sur l'analyse des surfaces, garantissant ainsi la tra\u00e7abilit\u00e9 des produits et la conformit\u00e9 aux r\u00e9glementations.<\/h5>\n<\/li>\n<\/ul>\n<h5 data-sourcepos=\"14:1-14:303\">Les applications de ces syst\u00e8mes sont multiples et vont de l'industrie automobile \u00e0 l'\u00e9lectronique, de la m\u00e9tallurgie \u00e0 la production de biens de consommation. Dans chaque secteur, les syst\u00e8mes de vision industrielle contribuent \u00e0 am\u00e9liorer la qualit\u00e9 des produits et \u00e0 optimiser les processus de production.<\/h5>\n<h5 data-sourcepos=\"14:1-14:303\">Vous trouverez les composants n\u00e9cessaires \u00e0 la r\u00e9alisation de ces applications \u00e0 l'adresse suivante <a href=\"https:\/\/www.atelpi.com\/\" target=\"_blank\" rel=\"noopener\"><strong>atelpi.com<\/strong><\/a>.<\/h5>\n<h2>\n\t\tsyst\u00e8me de vision pour l'analyse de la surface d'une pi\u00e8ce tourn\u00e9e\n\t<\/h2>\n<h4>\n\t\tLe syst\u00e8me de vision int\u00e9gr\u00e9 \u00e0 cette installation remplit des fonctions avanc\u00e9es de guidage du robot, de mesure microm\u00e9trique et de contr\u00f4le de la qualit\u00e9, garantissant une grande pr\u00e9cision dans l'analyse des pi\u00e8ces d'acier usin\u00e9es avec des surfaces r\u00e9fl\u00e9chissantes.\n\t<\/h4>\n\t\t\t\t<img decoding=\"async\" loading=\"lazy\" src=\"https:\/\/vea.it\/wp-content\/uploads\/2025\/03\/0875-cb.jpg\" alt=\"Syst\u00e8me de contr\u00f4le de la qualit\u00e9 des surfaces et mesure avec un double microm\u00e8tre optique\" itemprop=\"image\" height=\"1056\" width=\"1499\" title=\"0875-cb\" onerror=\"this.style.display='none'\">\n\t<h3>Caract\u00e9ristiques du syst\u00e8me de vision<\/h3>\n<h4>Guide du robot<\/h4>\n<p>Le syst\u00e8me est con\u00e7u pour optimiser le pr\u00e9l\u00e8vement robotis\u00e9 de composants aux surfaces hautement r\u00e9fl\u00e9chissantes. Les pi\u00e8ces, plac\u00e9es au hasard sur un tapis roulant, sont reconnues et saisies avec pr\u00e9cision pour \u00eatre transf\u00e9r\u00e9es vers des stations d'analyse sans risque d'endommagement.<\/p>\n\t<h4 data-start=\"378\" data-end=\"431\"><strong data-start=\"383\" data-end=\"429\">Mesures simultan\u00e9es et contr\u00f4le de la qualit\u00e9<\/strong><\/h4>\n<p>Un seul syst\u00e8me g\u00e8re deux microm\u00e8tres optiques de 100 mm de diam\u00e8tre et une cam\u00e9ra d\u00e9di\u00e9e \u00e0 l'inspection du fond de la pi\u00e8ce. Pendant le cycle d'analyse, la pi\u00e8ce tourne pendant trois secondes, au cours desquelles 180 sessions de mesure sont effectu\u00e9es, chacune avec plus de 50 d\u00e9tections. Parall\u00e8lement, le contr\u00f4le de la qualit\u00e9 de la surface d\u00e9tecte les d\u00e9fauts tels que les bosses, les gravures, les bavures et l'oxydation.<\/p>\n<p>Pour garantir une pr\u00e9cision maximale, les microm\u00e8tres optiques adoptent un syst\u00e8me d'auto-\u00e9talonnage bas\u00e9 sur un ensemble de r\u00e9f\u00e9rence comprenant jusqu'\u00e0 10 pi\u00e8ces \u00e9talonn\u00e9es. Cette approche permet de se conformer aux r\u00e9glementations les plus strictes en mati\u00e8re d'\u00e9quipements de mesure sur les cha\u00eenes de production, tout en garantissant une fiabilit\u00e9 et une pr\u00e9cision constantes.<\/p>\n\t\t\t\t<img decoding=\"async\" loading=\"lazy\" src=\"https:\/\/vea.it\/wp-content\/uploads\/2025\/03\/0875-vd01.jpg\" alt=\"capture d&#039;\u00e9cran mesure au microm\u00e8tre optique et contr\u00f4le de la qualit\u00e9 des surfaces\" itemprop=\"image\" height=\"562\" width=\"1333\" title=\"0875-vd01\" onerror=\"this.style.display='none'\">\n\t\t\t\t<img decoding=\"async\" loading=\"lazy\" src=\"https:\/\/vea.it\/wp-content\/uploads\/2025\/03\/micr-0875-02.jpg\" alt=\"mesure et contr\u00f4le de la qualit\u00e9 des surfaces microm\u00e8tre optique\" itemprop=\"image\" height=\"800\" width=\"800\" title=\"micr-0875-02\" onerror=\"this.style.display='none'\">","protected":false},"excerpt":{"rendered":"<p>SOLUTIONS : ANALYSE DE SURFACE 200 photos par seconde jusqu'\u00e0 100 m\/min Analyse des in\u00e9galit\u00e9s Analyse des rayures, bosses, diff\u00e9rences de couleur Sur plastique, m\u00e9tal, papier, tissu, mat\u00e9riaux sp\u00e9ciaux SYST\u00c8MES DE VISION POUR L'ANALYSE DE SURFACE : EXEMPLES R\u00c9ELS Dans l'industrie, le contr\u00f4le de la qualit\u00e9 des surfaces joue un r\u00f4le crucial dans l'assurance de la qualit\u00e9 et dans la production de produits de qualit\u00e9.<\/p>\n<p class=\"read-more\"> <a class=\"ast-button\" href=\"https:\/\/vea.it\/fr\/etude-de-cas-analyse-de-surface\/\"> <span class=\"screen-reader-text\">ANALYSE DE SURFACE<\/span> Lire la suite \"<\/a><\/p>","protected":false},"author":1,"featured_media":0,"parent":0,"menu_order":0,"comment_status":"closed","ping_status":"closed","template":"","meta":{"site-sidebar-layout":"no-sidebar","site-content-layout":"page-builder","ast-global-header-display":"","ast-main-header-display":"","ast-hfb-above-header-display":"","ast-hfb-below-header-display":"","ast-hfb-mobile-header-display":"","site-post-title":"disabled","ast-breadcrumbs-content":"","ast-featured-img":"","footer-sml-layout":"","theme-transparent-header-meta":"default","adv-header-id-meta":"","stick-header-meta":"default","header-above-stick-meta":"","header-main-stick-meta":"","header-below-stick-meta":"","footnotes":""},"_links":{"self":[{"href":"https:\/\/vea.it\/fr\/wp-json\/wp\/v2\/pages\/901"}],"collection":[{"href":"https:\/\/vea.it\/fr\/wp-json\/wp\/v2\/pages"}],"about":[{"href":"https:\/\/vea.it\/fr\/wp-json\/wp\/v2\/types\/page"}],"author":[{"embeddable":true,"href":"https:\/\/vea.it\/fr\/wp-json\/wp\/v2\/users\/1"}],"replies":[{"embeddable":true,"href":"https:\/\/vea.it\/fr\/wp-json\/wp\/v2\/comments?post=901"}],"version-history":[{"count":7,"href":"https:\/\/vea.it\/fr\/wp-json\/wp\/v2\/pages\/901\/revisions"}],"predecessor-version":[{"id":3704,"href":"https:\/\/vea.it\/fr\/wp-json\/wp\/v2\/pages\/901\/revisions\/3704"}],"wp:attachment":[{"href":"https:\/\/vea.it\/fr\/wp-json\/wp\/v2\/media?parent=901"}],"curies":[{"name":"wp","href":"https:\/\/api.w.org\/{rel}","templated":true}]}}