{"id":890,"date":"2020-01-05T16:00:34","date_gmt":"2020-01-05T16:00:34","guid":{"rendered":"https:\/\/vea.it\/?page_id=890"},"modified":"2025-05-07T10:57:12","modified_gmt":"2025-05-07T10:57:12","slug":"casi-di-studio-guida-robot","status":"publish","type":"page","link":"https:\/\/vea.it\/fr\/etude-de-cas-guide-robot\/","title":{"rendered":"LA CONDUITE DES ROBOTS"},"content":{"rendered":"<h1>\n\t\tSOLUTIONS : <br \/> LA CONDUITE DES ROBOTS\n\t<\/h1>\n\t<ul>\n\t\t<li>\t\t\n\t\t\t\t<img decoding=\"async\" src=\"https:\/\/vea.it\/wp-content\/uploads\/2020\/01\/Checkbox_icona12.png\" alt=\"robot industriel\" title=\"Case \u00e0 cocher_icona12\" itemprop=\"image\"\/>\n\t\tUn syst\u00e8me de vision pour toutes les marques de robots<\/li><li>\t\t\n\t\t\t\t<img decoding=\"async\" src=\"https:\/\/vea.it\/wp-content\/uploads\/2020\/01\/Checkbox_icona13.png\" alt=\"intelligence artificielle\" title=\"Case \u00e0 cocher_icona13\" itemprop=\"image\"\/>\n\t\tIntelligence artificielle pour la reconnaissance dans des conditions d\u00e9favorables<\/li><li>\t\t\n\t\t\t\t<img decoding=\"async\" src=\"https:\/\/vea.it\/wp-content\/uploads\/2020\/08\/ICON-hus17-1.png\" alt=\"ic\u00f4ne\" title=\"ICON-hus17-1\" itemprop=\"image\"\/>\n\t\tUn syst\u00e8me peut piloter plusieurs robots simultan\u00e9ment<\/li>\t<\/ul>\n<h1>\n\t\tSYST\u00c8MES DE VISION POUR LE GUIDAGE DES ROBOTS : EXEMPLES CONCRETS\n\t<\/h1>\n\t<p>&nbsp;<\/p>\n<h3><strong>Vision artificielle pour le guidage des robots industriels : pr\u00e9cision m\u00eame dans des conditions difficiles<\/strong><\/h3>\n<p>Le <strong>vision artificielle<\/strong> est l'un des \u00e9l\u00e9ments cl\u00e9s de l'automatisation moderne et joue un r\u00f4le crucial dans la mise en \u0153uvre de la strat\u00e9gie de l'entreprise. <strong>la conduite de robots industriels<\/strong>. Gr\u00e2ce \u00e0 des cam\u00e9ras haute r\u00e9solution et \u00e0 des algorithmes avanc\u00e9s, les syst\u00e8mes de vision permettent aux robots de reconna\u00eetre, de localiser et de manipuler des objets de mani\u00e8re autonome et pr\u00e9cise.<\/p>\n<p>L'un des aspects les plus critiques est la capacit\u00e9 du syst\u00e8me \u00e0 <strong>la gestion de conditions environnementales complexes<\/strong>. Dans de nombreux contextes industriels, les pi\u00e8ces peuvent \u00eatre <strong>humide, r\u00e9fl\u00e9chissante, sale ou h\u00e9t\u00e9rog\u00e8ne<\/strong>caract\u00e9ristiques qui peuvent \u00eatre d\u00e9routantes pour les syst\u00e8mes traditionnels. A <strong>syst\u00e8me de vision avanc\u00e9<\/strong> peut d\u00e9tecter avec pr\u00e9cision les contours et les caract\u00e9ristiques, m\u00eame dans ces situations, ce qui permet de garantir la s\u00e9curit\u00e9 de l'utilisateur. <strong>fiabilit\u00e9 op\u00e9rationnelle<\/strong> e <strong>la r\u00e9duction des d\u00e9chets<\/strong>.<\/p>\n<p>Ce type de technologie est essentiel pour <strong>assemblage, contr\u00f4le de la qualit\u00e9, pr\u00e9l\u00e8vement et mise en place<\/strong> e <strong>palettisation<\/strong>o\u00f9 la variabilit\u00e9 des pi\u00e8ces est \u00e9lev\u00e9e. L'int\u00e9gration de robots intelligents permet une production flexible et optimis\u00e9e, en parfaite ad\u00e9quation avec les principes de la politique de l'entreprise.<strong>l'industrie 5.0<\/strong>.<\/p>\n<p>S'appuyer sur un syst\u00e8me de vision de pointe, c'est augmenter la dur\u00e9e de vie de l'appareil. <strong>pr\u00e9cision<\/strong>l <strong>la productivit\u00e9<\/strong> et le <strong>tra\u00e7abilit\u00e9<\/strong>m\u00eame dans les conditions les plus difficiles.<\/p>","protected":false},"excerpt":{"rendered":"<p>SOLUTIONS : CONDUITE DE ROBOT Un syst\u00e8me de vision pour toute marque de robot Une intelligence artificielle pour la reconnaissance dans des conditions d\u00e9favorables Un syst\u00e8me peut piloter plusieurs robots en m\u00eame temps SYST\u00c8MES DE VISION POUR LA CONDUITE DE ROBOT : EXEMPLES R\u00c9ELS Vision artificielle pour le guidage de robots industriels : pr\u00e9cision m\u00eame dans des conditions difficiles La vision artificielle est l'un des \u00e9l\u00e9ments les plus importants ...<\/p>\n<p class=\"read-more\"> <a class=\"ast-button\" href=\"https:\/\/vea.it\/fr\/etude-de-cas-guide-robot\/\"> <span class=\"screen-reader-text\">LA CONDUITE DES ROBOTS<\/span> Lire la suite \"<\/a><\/p>","protected":false},"author":1,"featured_media":0,"parent":0,"menu_order":0,"comment_status":"closed","ping_status":"closed","template":"","meta":{"site-sidebar-layout":"no-sidebar","site-content-layout":"page-builder","ast-global-header-display":"","ast-main-header-display":"","ast-hfb-above-header-display":"","ast-hfb-below-header-display":"","ast-hfb-mobile-header-display":"","site-post-title":"disabled","ast-breadcrumbs-content":"","ast-featured-img":"","footer-sml-layout":"","theme-transparent-header-meta":"default","adv-header-id-meta":"","stick-header-meta":"default","header-above-stick-meta":"","header-main-stick-meta":"","header-below-stick-meta":"","footnotes":""},"_links":{"self":[{"href":"https:\/\/vea.it\/fr\/wp-json\/wp\/v2\/pages\/890"}],"collection":[{"href":"https:\/\/vea.it\/fr\/wp-json\/wp\/v2\/pages"}],"about":[{"href":"https:\/\/vea.it\/fr\/wp-json\/wp\/v2\/types\/page"}],"author":[{"embeddable":true,"href":"https:\/\/vea.it\/fr\/wp-json\/wp\/v2\/users\/1"}],"replies":[{"embeddable":true,"href":"https:\/\/vea.it\/fr\/wp-json\/wp\/v2\/comments?post=890"}],"version-history":[{"count":3,"href":"https:\/\/vea.it\/fr\/wp-json\/wp\/v2\/pages\/890\/revisions"}],"predecessor-version":[{"id":3721,"href":"https:\/\/vea.it\/fr\/wp-json\/wp\/v2\/pages\/890\/revisions\/3721"}],"wp:attachment":[{"href":"https:\/\/vea.it\/fr\/wp-json\/wp\/v2\/media?parent=890"}],"curies":[{"name":"wp","href":"https:\/\/api.w.org\/{rel}","templated":true}]}}