{"id":887,"date":"2020-01-05T15:58:28","date_gmt":"2020-01-05T15:58:28","guid":{"rendered":"https:\/\/vea.it\/?page_id=887"},"modified":"2025-05-07T13:21:19","modified_gmt":"2025-05-07T13:21:19","slug":"casi-di-studio-controllo-qualita","status":"publish","type":"page","link":"https:\/\/vea.it\/fr\/etude-de-cas-controle-de-la-qualite\/","title":{"rendered":"LE CONTR\u00d4LE DE LA QUALIT\u00c9"},"content":{"rendered":"<h1>\n\t\tSOLUTIONS : <br \/>LE CONTR\u00d4LE DE LA QUALIT\u00c9\n\t<\/h1>\n\t<ul>\n\t\t<li>\t\t\n\t\t\t\t<img decoding=\"async\" src=\"https:\/\/vea.it\/wp-content\/uploads\/2020\/02\/Micrometri_fotosec.png\" alt=\"Microm\u00e8tre_photosec\" title=\"Microm\u00e8tre_photosec\" itemprop=\"image\"\/>\n\t\t200 photos par seconde<\/li><li>\t\t\n\t\t\t\t<img decoding=\"async\" src=\"https:\/\/vea.it\/wp-content\/uploads\/2020\/01\/servizi_icona3.png\" alt=\"icon_services3\" title=\"icon_services3\" itemprop=\"image\"\/>\n\t\tplus de 100 000 analyses par seconde<\/li><li>\t\t\n\t\t\t\t<img decoding=\"async\" src=\"https:\/\/vea.it\/wp-content\/uploads\/2020\/01\/Checkbox_icona10.png\" alt=\"Checkbox_icona10\" title=\"Checkbox_icona10\" itemprop=\"image\"\/>\n\t\tAnalyse avanc\u00e9e des surfaces<\/li><li>\t\t\n\t\t\t\t<img decoding=\"async\" src=\"https:\/\/vea.it\/wp-content\/uploads\/2020\/08\/ICON-cb-def-4.png\" alt=\"ic\u00f4ne\" title=\"ICON-cb-def-4\" itemprop=\"image\"\/>\n\t\tD\u00e9tection des bosses et des marques<\/li><li>\t\t\n\t\t\t\t<img decoding=\"async\" src=\"https:\/\/vea.it\/wp-content\/uploads\/2020\/01\/Checkbox_icona13.png\" alt=\"intelligence artificielle\" title=\"Case \u00e0 cocher_icona13\" itemprop=\"image\"\/>\n\t\tRecherche de d\u00e9fauts gr\u00e2ce \u00e0 l'intelligence artificielle<\/li>\t<\/ul>\n<h1>\n\t\tSYST\u00c8MES DE VISION POUR LE CONTR\u00d4LE DE LA QUALIT\u00c9 : EXEMPLES CONCRETS\n\t<\/h1>\n\t<h5 data-sourcepos=\"3:1-3:299\">\u00c0 l'\u00e8re de l'industrie 5.0, la vision industrielle s'impose comme un pilier fondamental du contr\u00f4le qualit\u00e9. Cette technologie permet d'automatiser l'inspection des produits, en d\u00e9tectant avec pr\u00e9cision et rapidit\u00e9 des d\u00e9fauts imperceptibles \u00e0 l'\u0153il humain.<\/h5>\n<h5 data-sourcepos=\"5:1-5:321\">Les syst\u00e8mes de vision artificielle, bas\u00e9s sur des cam\u00e9ras \u00e0 haute r\u00e9solution et des algorithmes de traitement d'images, analysent chaque d\u00e9tail des produits sur la cha\u00eene de production. Des microfractures des composants \u00e9lectroniques aux imperfections des surfaces m\u00e9talliques, aucun d\u00e9faut n'\u00e9chappe \u00e0 leur \u0153il num\u00e9rique.<\/h5>\n<h5 data-sourcepos=\"7:1-7:89\">L'application de la vision industrielle au contr\u00f4le de la qualit\u00e9 offre de nombreux avantages :<\/h5>\n<ul data-sourcepos=\"9:1-13:0\">\n<li data-sourcepos=\"9:1-9:109\">\n<h5><strong>Efficacit\u00e9 accrue<\/strong>l'automatisation de l'inspection r\u00e9duit le temps de production et les co\u00fbts d'exploitation.<\/h5>\n<\/li>\n<li data-sourcepos=\"10:1-10:144\">\n<h5><strong>Am\u00e9lioration de la qualit\u00e9<\/strong>La pr\u00e9cision et la r\u00e9p\u00e9tabilit\u00e9 des syst\u00e8mes de vision industrielle garantissent des normes de qualit\u00e9 \u00e9lev\u00e9es.<\/h5>\n<\/li>\n<li data-sourcepos=\"11:1-11:147\">\n<h5><strong>R\u00e9duction des d\u00e9chets<\/strong>l'identification pr\u00e9coce des d\u00e9fauts permet une intervention rapide, ce qui minimise le gaspillage de mat\u00e9riaux.<\/h5>\n<\/li>\n<li data-sourcepos=\"12:1-13:0\">\n<h5><strong>Tra\u00e7abilit\u00e9<\/strong>Les donn\u00e9es collect\u00e9es par les syst\u00e8mes de vision industrielle permettent de suivre chaque \u00e9tape du processus de production, garantissant ainsi le respect des r\u00e9glementations.<\/h5>\n<\/li>\n<\/ul>\n<h5 data-sourcepos=\"14:1-14:216\">De l'industrie automobile \u00e0 l'\u00e9lectronique, de l'industrie pharmaceutique \u00e0 l'industrie alimentaire, la vision industrielle s'av\u00e8re \u00eatre un outil indispensable pour garantir la qualit\u00e9 des produits et la comp\u00e9titivit\u00e9 des entreprises.<\/h5>\n\t<p><a name=\"tabella\"><\/a><\/p>\n\t\t\t\t<input type=\"text\" placeholder=\"Recherche...\" name=\"toSearch\" id=\"searchHere\"\/>\n\t\t\t\t<table>\n\t\t\t\t\t<thead>\n\t\t\t\t\t\t\t\t\t\t\t\t\t\t<th rowspan=\"\" colspan=\"\">\n\t\t\t\t\t\t\t\t\t\t Type de produit \n\t\t\t\t\t\t\t\t\t\t\t\t\t\t\t\t\t<\/th>\n\t\t\t\t\t\t\t\t\t\t\t\t\t\t<th rowspan=\"\" colspan=\"\">\n\t\t\t\t\t\t\t\t\t\t Mat\u00e9riau \n\t\t\t\t\t\t\t\t\t\t\t\t\t\t\t\t\t<\/th>\n\t\t\t\t\t\t\t\t\t\t\t\t\t\t<th rowspan=\"\" colspan=\"\">\n\t\t\t\t\t\t\t\t\t\t Caract\u00e9ristiques sp\u00e9ciales \n\t\t\t\t\t\t\t\t\t\t\t\t\t\t\t\t\t<\/th>\n\t\t\t\t\t\t\t\t\t\t\t<\/thead>\n\t\t\t\t\t<tbody>\n\t\t\t\t\t\t\t\t\t\t\t\t\t\t\t<tr>\n\t\t\t\t\t\t\t\t\t\t\t\t\t\t\t\t\t\t\t\t<td colspan=\"\" rowspan=\"\">\n\t\t\t\t\t\t\t\t\t\t\t\t\t<a href=\"#tornito\" target=\"_self\" rel=\"noopener\">\n\t\t\t\t\t\t\t\t\t\t\t\t\t\t Pi\u00e8ces tourn\u00e9es \n\t\t\t\t\t\t\t\t\t\t\t\t\t\t\t\t\t\t\t\t\t\t\t\t\t\t\t<\/a>\n\t\t\t\t\t\t\t\t\t\t\t\t\t\t\t\t\t\t\t<\/td>\n\t\t\t\t\t\t\t\t\t\t\t\t\t\t\t\t<td colspan=\"\" rowspan=\"\">\n\t\t\t\t\t\t\t\t\t\t\t\t\t<a href=\"#tornito\" target=\"_self\" rel=\"noopener\">\n\t\t\t\t\t\t\t\t\t\t\t\t\t\t Acier \n\t\t\t\t\t\t\t\t\t\t\t\t\t\t\t\t\t\t\t\t\t\t\t\t\t\t\t<\/a>\n\t\t\t\t\t\t\t\t\t\t\t\t\t\t\t\t\t\t\t<\/td>\n\t\t\t\t\t\t\t\t\t\t\t\t\t\t\t\t<td colspan=\"\" rowspan=\"\">\n\t\t\t\t\t\t\t\t\t\t\t\t\t<a href=\"#tornito\" target=\"_self\" rel=\"noopener\">\n\t\t\t\t\t\t\t\t\t\t\t\t\t\t Mesures microm\u00e9triques et contr\u00f4le des surfaces \u00e0 grande vitesse \n\t\t\t\t\t\t\t\t\t\t\t\t\t\t\t\t\t\t\t\t\t\t\t\t\t\t\t<\/a>\n\t\t\t\t\t\t\t\t\t\t\t\t\t\t\t\t\t\t\t<\/td>\n\t\t\t\t\t\t\t\t\t\t\t\t\t\t\t<\/tr><tr>\n\t\t\t\t\t\t\t\t\t\t\t\t\t\t\t\t\t\t\t\t<td colspan=\"\" rowspan=\"\">\n\t\t\t\t\t\t\t\t\t\t\t\t\t<a href=\"#sinterizzato\" target=\"_self\" rel=\"noopener\">\n\t\t\t\t\t\t\t\t\t\t\t\t\t\t Pi\u00e8ces fritt\u00e9es \n\t\t\t\t\t\t\t\t\t\t\t\t\t\t\t\t\t\t\t\t\t\t\t\t\t\t\t<\/a>\n\t\t\t\t\t\t\t\t\t\t\t\t\t\t\t\t\t\t\t<\/td>\n\t\t\t\t\t\t\t\t\t\t\t\t\t\t\t\t<td colspan=\"\" rowspan=\"\">\n\t\t\t\t\t\t\t\t\t\t\t\t\t<a href=\"#sinterizzato\" target=\"_self\" rel=\"noopener\">\n\t\t\t\t\t\t\t\t\t\t\t\t\t\t M\u00e9tal \n\t\t\t\t\t\t\t\t\t\t\t\t\t\t\t\t\t\t\t\t\t\t\t\t\t\t\t<\/a>\n\t\t\t\t\t\t\t\t\t\t\t\t\t\t\t\t\t\t\t<\/td>\n\t\t\t\t\t\t\t\t\t\t\t\t\t\t\t\t<td colspan=\"\" rowspan=\"\">\n\t\t\t\t\t\t\t\t\t\t\t\t\t<a href=\"#sinterizzato\" target=\"_self\" rel=\"noopener\">\n\t\t\t\t\t\t\t\t\t\t\t\t\t\t V\u00e9rification des cassures dentaires et autres d\u00e9fauts \n\t\t\t\t\t\t\t\t\t\t\t\t\t\t\t\t\t\t\t\t\t\t\t\t\t\t\t<\/a>\n\t\t\t\t\t\t\t\t\t\t\t\t\t\t\t\t\t\t\t<\/td>\n\t\t\t\t\t\t\t\t\t\t\t\t\t\t\t<\/tr><tr>\n\t\t\t\t\t\t\t\t\t\t\t\t\t\t\t\t\t\t\t\t<td colspan=\"\" rowspan=\"\">\n\t\t\t\t\t\t\t\t\t\t\t\t\t<a href=\"#statore\" target=\"_self\" rel=\"noopener\">\n\t\t\t\t\t\t\t\t\t\t\t\t\t\t Stators \u00e9lectriques \n\t\t\t\t\t\t\t\t\t\t\t\t\t\t\t\t\t\t\t\t\t\t\t\t\t\t\t<\/a>\n\t\t\t\t\t\t\t\t\t\t\t\t\t\t\t\t\t\t\t<\/td>\n\t\t\t\t\t\t\t\t\t\t\t\t\t\t\t\t<td colspan=\"\" rowspan=\"\">\n\t\t\t\t\t\t\t\t\t\t\t\t\t<a href=\"#statore\" target=\"_self\" rel=\"noopener\">\n\t\t\t\t\t\t\t\t\t\t\t\t\t\t M\u00e9tal et plastique \n\t\t\t\t\t\t\t\t\t\t\t\t\t\t\t\t\t\t\t\t\t\t\t\t\t\t\t<\/a>\n\t\t\t\t\t\t\t\t\t\t\t\t\t\t\t\t\t\t\t<\/td>\n\t\t\t\t\t\t\t\t\t\t\t\t\t\t\t\t<td colspan=\"\" rowspan=\"\">\n\t\t\t\t\t\t\t\t\t\t\t\t\t<a href=\"#statore\" target=\"_self\" rel=\"noopener\">\n\t\t\t\t\t\t\t\t\t\t\t\t\t\t Guidage du robot angulaire, mesure cent\u00e9simale et contr\u00f4le de la qualit\u00e9 \n\t\t\t\t\t\t\t\t\t\t\t\t\t\t\t\t\t\t\t\t\t\t\t\t\t\t\t<\/a>\n\t\t\t\t\t\t\t\t\t\t\t\t\t\t\t\t\t\t\t<\/td>\n\t\t\t\t\t\t\t\t\t\t\t<\/tr><\/tbody>\n\t\t\t\t<\/table>\n\t<p><a name=\"tornito\"><\/a><\/p>\n<h2>\n\t\tsyst\u00e8me de contr\u00f4le de la qualit\u00e9 de la surface d'une pi\u00e8ce tourn\u00e9e\n\t<\/h2>\n<h4>\n\t\tLe syst\u00e8me de vision int\u00e9gr\u00e9 \u00e0 cette installation remplit des fonctions avanc\u00e9es de guidage du robot, de mesure microm\u00e9trique et de contr\u00f4le de la qualit\u00e9, garantissant une grande pr\u00e9cision dans l'analyse des pi\u00e8ces d'acier usin\u00e9es avec des surfaces r\u00e9fl\u00e9chissantes.\n\t<\/h4>\n\t\t\t\t<img decoding=\"async\" loading=\"lazy\" src=\"https:\/\/vea.it\/wp-content\/uploads\/2025\/03\/0875-cb.jpg\" alt=\"Syst\u00e8me de contr\u00f4le de la qualit\u00e9 des surfaces et mesure avec un double microm\u00e8tre optique\" itemprop=\"image\" height=\"1056\" width=\"1499\" title=\"0875-cb\" onerror=\"this.style.display='none'\"  \/>\n\t<h3>Caract\u00e9ristiques du syst\u00e8me de vision<\/h3>\n<h4>Guide du robot<\/h4>\n<p>Le syst\u00e8me est con\u00e7u pour optimiser le pr\u00e9l\u00e8vement robotis\u00e9 de composants aux surfaces hautement r\u00e9fl\u00e9chissantes. Les pi\u00e8ces, plac\u00e9es au hasard sur un tapis roulant, sont reconnues et saisies avec pr\u00e9cision pour \u00eatre transf\u00e9r\u00e9es vers des stations d'analyse sans risque d'endommagement.<\/p>\n\t<h4 data-start=\"378\" data-end=\"431\"><strong data-start=\"383\" data-end=\"429\">Mesures simultan\u00e9es et contr\u00f4le de la qualit\u00e9<\/strong><\/h4>\n<p>Un seul syst\u00e8me g\u00e8re deux microm\u00e8tres optiques de 100 mm de diam\u00e8tre et une cam\u00e9ra d\u00e9di\u00e9e \u00e0 l'inspection du fond de la pi\u00e8ce. Pendant le cycle d'analyse, la pi\u00e8ce tourne pendant trois secondes, au cours desquelles 180 sessions de mesure sont effectu\u00e9es, chacune avec plus de 50 d\u00e9tections. Parall\u00e8lement, le contr\u00f4le de la qualit\u00e9 d\u00e9tecte les d\u00e9fauts tels que les bosses, les gravures, les bavures et l'oxydation.<\/p>\n<p>Pour garantir une pr\u00e9cision maximale, les microm\u00e8tres optiques adoptent un syst\u00e8me d'auto-\u00e9talonnage bas\u00e9 sur un ensemble de r\u00e9f\u00e9rence comprenant jusqu'\u00e0 10 pi\u00e8ces \u00e9talonn\u00e9es. Cette approche permet de se conformer aux r\u00e9glementations les plus strictes en mati\u00e8re d'\u00e9quipements de mesure sur les cha\u00eenes de production, tout en garantissant une fiabilit\u00e9 et une pr\u00e9cision constantes.<\/p>\n\t\t\t<a href=\"#tabella\" target=\"_self\" rel=\"noopener\">\n\t\t\t\t\t\tAller \u00e0 la table\n\t\t\t\t\t<\/a>\n\t\t\t\t<img decoding=\"async\" loading=\"lazy\" src=\"https:\/\/vea.it\/wp-content\/uploads\/2025\/03\/0875-vd01.jpg\" alt=\"capture d&#039;\u00e9cran mesure au microm\u00e8tre optique et contr\u00f4le de la qualit\u00e9 des surfaces\" itemprop=\"image\" height=\"562\" width=\"1333\" title=\"0875-vd01\" onerror=\"this.style.display='none'\"  \/>\n\t\t\t\t<img decoding=\"async\" loading=\"lazy\" src=\"https:\/\/vea.it\/wp-content\/uploads\/2025\/03\/micr-0875-02.jpg\" alt=\"mesure et contr\u00f4le de la qualit\u00e9 des surfaces microm\u00e8tre optique\" itemprop=\"image\" height=\"800\" width=\"800\" title=\"micr-0875-02\" onerror=\"this.style.display='none'\"  \/>\n\t<p><a name=\"sinterizzato\"><\/a><\/p>\n<h2>\n\t\tsyst\u00e8me de contr\u00f4le de la qualit\u00e9 des pi\u00e8ces fritt\u00e9es, contr\u00f4le des fissures sur les dents\n\t<\/h2>\n<h4>\n\t\tInstallation automatis\u00e9e avec syst\u00e8me de vision int\u00e9gr\u00e9 pour la manipulation, la mesure et le contr\u00f4le de la qualit\u00e9 des pi\u00e8ces fritt\u00e9es. Le syst\u00e8me assure la pr\u00e9hension \u00e0 partir de la bande, l'inspection dans la pince robotis\u00e9e et l'analyse d\u00e9taill\u00e9e sur la table rotative \u00e0 l'aide de quatre cam\u00e9ras \u00e0 grande vitesse (150 ips), ce qui garantit la pr\u00e9cision, l'efficacit\u00e9 et l'automatisation compl\u00e8te du processus.\n\t<\/h4>\n\t\t\t\t<img decoding=\"async\" loading=\"lazy\" src=\"https:\/\/vea.it\/wp-content\/uploads\/2025\/03\/macchina-completa.jpg\" alt=\"syst\u00e8me de contr\u00f4le de la qualit\u00e9 et de mesure avec contr\u00f4le des pinces et de la table rotative\" itemprop=\"image\" height=\"1081\" width=\"1920\" title=\"0897-02\" onerror=\"this.style.display='none'\"  \/>\n\t<h3>Caract\u00e9ristiques du syst\u00e8me de vision<\/h3>\n<h4>Guide du robot<\/h4>\n<p>Un syst\u00e8me de vision guide un robot anthropomorphe dans la manipulation pr\u00e9cise de pi\u00e8ces fritt\u00e9es. Le syst\u00e8me excelle dans le \"bulk picking\", c'est-\u00e0-dire l'identification et le pr\u00e9l\u00e8vement de composants dispos\u00e9s au hasard sur une bande, ce qui \u00e9limine le besoin de pr\u00e9positionnement et accro\u00eet l'efficacit\u00e9.<\/p>\n\t<h4 data-sourcepos=\"3:1-3:38\"><strong>V\u00e9rification des fissures sur les dents et autres d\u00e9fauts.<\/strong><\/h4>\nLe contr\u00f4le et la mesure de la qualit\u00e9 s'effectuent dans le cadre d'un processus int\u00e9gr\u00e9 en deux \u00e9tapes. <em>Tout d'abord<\/em>la pi\u00e8ce, fra\u00eechement pr\u00e9lev\u00e9e et toujours dans la pince du robot, subit un contr\u00f4le visuel rapide pour d\u00e9tecter les d\u00e9fauts macroscopiques. Ensuite, le composant est plac\u00e9 sur une table rotative \u00e0 grande vitesse. La rotation contr\u00f4l\u00e9e, combin\u00e9e \u00e0 un syst\u00e8me de vision \u00e0 quatre cam\u00e9ras (150 fps), permet une acquisition multi-angle compl\u00e8te. Le logiciel traite les images haute r\u00e9solution en vue d'une analyse d\u00e9taill\u00e9e : il identifie les d\u00e9fauts mineurs (par exemple les fissures), mesure les param\u00e8tres g\u00e9om\u00e9triques critiques et v\u00e9rifie les dimensions avec une pr\u00e9cision de 0,1 mm, garantissant ainsi la conformit\u00e9 aux sp\u00e9cifications. Ce processus automatis\u00e9 garantit le contr\u00f4le de la qualit\u00e9 \u00e0 100%.\n\t\t\t<a href=\"#tabella\" target=\"_self\" rel=\"noopener\">\n\t\t\t\t\t\tAller \u00e0 la table\n\t\t\t\t\t<\/a>\n\t\t\t\t<img decoding=\"async\" loading=\"lazy\" src=\"https:\/\/vea.it\/wp-content\/uploads\/2025\/03\/CRICCA.jpg\" alt=\"Contr\u00f4le des fissures sur la table rotative\" itemprop=\"image\" height=\"562\" width=\"1672\" title=\"0897-03\" onerror=\"this.style.display='none'\"  \/>\n\t\t\t\t<img decoding=\"async\" loading=\"lazy\" src=\"https:\/\/vea.it\/wp-content\/uploads\/2025\/03\/P7195592.jpg\" alt=\"Contr\u00f4le de qualit\u00e9 sur table rotative\" itemprop=\"image\" height=\"362\" width=\"500\" title=\"0897-01\" onerror=\"this.style.display='none'\"  \/>\n\t<p><a name=\"statore\"><\/a><\/p>\n<h2>\n\t\tsyst\u00e8me de mesure du stator et contr\u00f4le des copeaux\n\t<\/h2>\n<h4>\n\t\tSyst\u00e8me de vision avec double cam\u00e9ra pour le guidage du robot et la mesure du stator. Il oriente les pi\u00e8ces, v\u00e9rifie les tol\u00e9rances, contr\u00f4le les rebuts et stocke les donn\u00e9es pour la tra\u00e7abilit\u00e9, garantissant ainsi la qualit\u00e9 et l'int\u00e9gration totale avec le robot et l'usine.\n\t<\/h4>\n\t\t\t\t<img decoding=\"async\" loading=\"lazy\" src=\"https:\/\/vea.it\/wp-content\/uploads\/2025\/05\/1028-pz01-400x300-1.webp\" alt=\"stator de moteur \u00e9lectrique\" itemprop=\"image\" height=\"300\" width=\"400\" title=\"1028-pz01-400x300\" onerror=\"this.style.display='none'\"  \/>\n\t<h3>Caract\u00e9ristiques du syst\u00e8me de vision<\/h3>\n<h4>Guide robot pour l'orientation de la plaque du stator<\/h4>\n<p>Avant d'\u00eatre charg\u00e9 dans la machine, le stator doit \u00eatre correctement orient\u00e9 au dixi\u00e8me de degr\u00e9 pr\u00e8s. Une cam\u00e9ra contr\u00f4le la pi\u00e8ce et corrige l'orientation en transmettant la correction au robot.<\/p>\n\t<h4 data-start=\"378\" data-end=\"431\"><strong data-start=\"383\" data-end=\"429\">Mesure du stator<\/strong><\/h4>\n<p>Suivant les sp\u00e9cifications de mesure dict\u00e9es par le client, le syst\u00e8me reconstruit la g\u00e9om\u00e9trie n\u00e9cessaire pour d\u00e9tecter les mesures souhait\u00e9es, pour chaque stator les mesures sont v\u00e9rifi\u00e9es, si les mesures sont hors tol\u00e9rance la pi\u00e8ce est rejet\u00e9e. Dans tous les cas, les donn\u00e9es mesur\u00e9es sont archiv\u00e9es pour permettre la tra\u00e7abilit\u00e9.<\/p>\n<p>&nbsp;<\/p>\n<h4>Contr\u00f4le de la qualit\u00e9 des stators<\/h4>\n<p>En plus des mesures, il y a un contr\u00f4le de la pr\u00e9sence de d\u00e9chets dans le produit.<\/p>\n\t\t\t<a href=\"#tabella\" target=\"_self\" rel=\"noopener\">\n\t\t\t\t\t\tAller \u00e0 la table\n\t\t\t\t\t<\/a>\n\t\t\t\t<img decoding=\"async\" loading=\"lazy\" src=\"https:\/\/vea.it\/wp-content\/uploads\/2025\/05\/1028-vd01-1920x1080-1.webp\" alt=\"mesure du stator\" itemprop=\"image\" height=\"1080\" width=\"1920\" title=\"1028-vd01-1920x1080\" onerror=\"this.style.display='none'\"  \/>\n\t\t\t\t<img decoding=\"async\" loading=\"lazy\" src=\"https:\/\/vea.it\/wp-content\/uploads\/2025\/05\/1028-vd02-1561x866-1.webp\" alt=\"contr\u00f4le de la qualit\u00e9 du stator\" itemprop=\"image\" height=\"866\" width=\"1561\" title=\"1028-vd02-1561x866\" onerror=\"this.style.display='none'\"  \/>","protected":false},"excerpt":{"rendered":"<p>SOLUTIONS : CONTR\u00d4LE DE LA QUALIT\u00c9 200 photos par seconde plus de 100 000 analyses par seconde Analyse de surface avanc\u00e9e D\u00e9tection de bosses et de marques D\u00e9tection de d\u00e9fauts avec l'intelligence artificielle SYST\u00c8MES DE VISION POUR LE CONTR\u00d4LE DE LA QUALIT\u00c9 : EXEMPLES R\u00c9ELS \u00c0 l'\u00e8re de l'industrie 5.0, la vision industrielle s'impose comme un pilier fondamental du contr\u00f4le de la qualit\u00e9. Cette technologie permet ...<\/p>\n<p class=\"read-more\"> <a class=\"ast-button\" href=\"https:\/\/vea.it\/fr\/etude-de-cas-controle-de-la-qualite\/\"> <span class=\"screen-reader-text\">LE CONTR\u00d4LE DE LA QUALIT\u00c9<\/span> Lire la suite \"<\/a><\/p>","protected":false},"author":1,"featured_media":0,"parent":0,"menu_order":0,"comment_status":"closed","ping_status":"closed","template":"","meta":{"site-sidebar-layout":"no-sidebar","site-content-layout":"page-builder","ast-global-header-display":"","ast-main-header-display":"","ast-hfb-above-header-display":"","ast-hfb-below-header-display":"","ast-hfb-mobile-header-display":"","site-post-title":"disabled","ast-breadcrumbs-content":"","ast-featured-img":"","footer-sml-layout":"","theme-transparent-header-meta":"default","adv-header-id-meta":"","stick-header-meta":"default","header-above-stick-meta":"","header-main-stick-meta":"","header-below-stick-meta":"","footnotes":""},"_links":{"self":[{"href":"https:\/\/vea.it\/fr\/wp-json\/wp\/v2\/pages\/887"}],"collection":[{"href":"https:\/\/vea.it\/fr\/wp-json\/wp\/v2\/pages"}],"about":[{"href":"https:\/\/vea.it\/fr\/wp-json\/wp\/v2\/types\/page"}],"author":[{"embeddable":true,"href":"https:\/\/vea.it\/fr\/wp-json\/wp\/v2\/users\/1"}],"replies":[{"embeddable":true,"href":"https:\/\/vea.it\/fr\/wp-json\/wp\/v2\/comments?post=887"}],"version-history":[{"count":12,"href":"https:\/\/vea.it\/fr\/wp-json\/wp\/v2\/pages\/887\/revisions"}],"predecessor-version":[{"id":3728,"href":"https:\/\/vea.it\/fr\/wp-json\/wp\/v2\/pages\/887\/revisions\/3728"}],"wp:attachment":[{"href":"https:\/\/vea.it\/fr\/wp-json\/wp\/v2\/media?parent=887"}],"curies":[{"name":"wp","href":"https:\/\/api.w.org\/{rel}","templated":true}]}}