{"id":3670,"date":"2025-03-21T16:00:30","date_gmt":"2025-03-21T16:00:30","guid":{"rendered":"https:\/\/vea.it\/?page_id=3670"},"modified":"2025-03-21T16:11:47","modified_gmt":"2025-03-21T16:11:47","slug":"modulo-plc","status":"publish","type":"page","link":"https:\/\/vea.it\/fr\/plc-module-2\/","title":{"rendered":"Module PLC"},"content":{"rendered":"<p><\/p><h3>Automate programmable open source<\/h3><p><\/p>\t\t\t\t\t\t\n\t\t\t\t\t\t\t<p><\/p><h3>Enti\u00e8rement compatible avec Arduino<\/h3><p><\/p>\t\t\t\t\t\t\n\t<h1>\n\t\tIRUINO\n\t<\/h1>\n<h2>\n\t\tEntr\u00e9e\/sortie PLC compatible Arduino\n\t<\/h2>\n\t<p>IRUINO est un automate open source de seulement 35 mm de large, mont\u00e9 sur rail DIN, mais ne vous laissez pas tromper par sa taille. Malgr\u00e9 son faible encombrement, l'automate abrite 8 entr\u00e9es num\u00e9riques opto-isol\u00e9es et 8 sorties num\u00e9riques opto-isol\u00e9es de haute puissance 2A continu et 9A cr\u00eate, enti\u00e8rement prot\u00e9g\u00e9es contre les surintensit\u00e9s et les courts-circuits. IRUINO dispose de 2 entr\u00e9es analogiques qui peuvent \u00eatre g\u00e9r\u00e9es en tension (0-10V) et en courant (0-20 mA), et d'un r\u00e9seau de communication I2C avec adaptateur de niveau (3,3V 5V) pour la connexion avec d'autres modules IRUINO ou des dispositifs Arduino compatibles.<\/p>\n<p>Le microprocesseur 32bit dual core de 240 MHz fait d'IRUINO l'un des automates les plus rapides et les plus efficaces de l'industrie.<\/p>\n<p>L'\u00e9cran oled permet de garder facilement un \u0153il sur l'\u00e9tat d'IRUINO.<\/p>\n<p>L'opto-isolation totale des entr\u00e9es et sorties num\u00e9riques permet d'utiliser l'IRUINO comme une E\/S \u00e0 distance, garantissant une protection compl\u00e8te du PC par rapport \u00e0 l'installation industrielle.<\/p>\n<p>La partie de sortie de l'IRUINO est con\u00e7ue avec des transistors MOS-FET \u00e0 tr\u00e8s faible r\u00e9sistance et \u00e0 courant \u00e9lev\u00e9 de 9A cr\u00eate et 2A continu, avec des circuits de protection contre les surintensit\u00e9s et les courts-circuits.<\/p>\n<p>Les pinces amovibles et l'avant compl\u00e8tement d\u00e9gag\u00e9 font d'IRUINO un produit pratique et hautement professionnel.<\/p>\n<h4>IRUINO est un v\u00e9ritable appareil industriel dot\u00e9 d'une architecture professionnelle pour ceux qui souhaitent d\u00e9passer en toute confiance la phase de prototypage qui a caract\u00e9ris\u00e9 les appareils \u00e0 code source ouvert jusqu'\u00e0 pr\u00e9sent.<\/h4>\n<h2>\n\t\tPLC, REMOTE I\/O, ARDUINO COMPATIBLE DEVICE\n\t<\/h2>\n<h4>\n\t\tTrois modes de fonctionnement.\n\t<\/h4>\n<h3>\n\t\t1) PLC IEC 61131-3\n\t<\/h3>\n\tDans ce mode, IRUINO peut \u00eatre utilis\u00e9 comme un automate normal avec la norme IEC 61131-3 en utilisant le programme OpenPLC ou VeaPLC, qui dispose en plus de la gestion de l'affichage OLED.<br>\nLes deux versions sont enti\u00e8rement gratuites et sont <a href=\"#doc\">t\u00e9l\u00e9chargeable ici dans la section Logiciels<\/a>.\n<h3>\n\t\t2) E\/S \u00e0 distance pour les applications PC\n\t<\/h3>\n\t<p>Gr\u00e2ce au protocole Vision-IO, il peut devenir un outil puissant car il permet les fonctionnalit\u00e9s suivantes :<\/p>\n<ul>\n<li>cl\u00e9 mat\u00e9rielle programmable pour prot\u00e9ger le logiciel du PC<\/li>\n<li>entr\u00e9es d'interruption configurables<\/li>\n<li>lecture rapide des donn\u00e9es<\/li>\n<li>r\u00e9diger des sorties rapides<\/li>\n<li>filtre d'entr\u00e9e<\/li>\n<li>synchroniseur pour pilotes d'illuminateurs \u00e0 led avec une r\u00e9solution de l'ordre de la microseconde<\/li>\n<li>gestion avanc\u00e9e des tables rotatives \u00e0 vitesse constante avec plusieurs stations d'entr\u00e9e et de sortie<\/li>\n<li>gestion avanc\u00e9e des processus continus synchronis\u00e9s par des encodeurs<\/li>\n<\/ul>\n<p>Le manuel contenant le protocole peut \u00eatre <a href=\"#doc\">t\u00e9l\u00e9charg\u00e9e ici dans la section documentation<\/a>.<\/p>\n<h3>\n\t\t3) Unit\u00e9 compatible avec Arduino\n\t<\/h3>\n\t<p>Un dispositif Arduino compatible avec le processeur double c\u0153ur ESP32 240Mhz avec :<\/p>\n<ul>\n<li>8 sorties num\u00e9riques opto-isol\u00e9es 24V DC avec MOS-FET 9A et sortie continue 2A, prot\u00e9g\u00e9es contre les courts-circuits et les surintensit\u00e9s<\/li>\n<li>8 entr\u00e9es num\u00e9riques opto-isol\u00e9es 12V et 24V compatibles avec la logique<\/li>\n<li>2 entr\u00e9es analogiques<\/li>\n<li>Interface I2C avec convertisseur de niveau<\/li>\n<\/ul>\n<p>Exemples et instructions <a href=\"#doc\">t\u00e9l\u00e9chargeable ici dans la section Logiciels<\/a>.<\/p>\n\t\t\t\t<a href=\"https:\/\/vea.it\/wp-content\/uploads\/2025\/02\/HCE-IOV-104-N-01-mask-500q.png\" target=\"_self\" itemprop=\"url\" rel=\"noopener\">\n\t\t\t\t<img decoding=\"async\" loading=\"lazy\" src=\"https:\/\/vea.it\/wp-content\/uploads\/2025\/02\/HCE-IOV-104-N-01-mask-500q.png\" alt=\"HCE-IOV-104-N-01-mask-500q\" itemprop=\"image\" height=\"500\" width=\"500\" title=\"HCE-IOV-104-N-01-mask-500q\" onerror=\"this.style.display='none'\">\n\t\t\t\t<\/a>\n\t\t\t\t<a href=\"https:\/\/vea.it\/wp-content\/uploads\/2025\/02\/HCE-IOV-104-disp-iruino-01-240x136-1.jpg\" target=\"_self\" itemprop=\"url\" rel=\"noopener\">\n\t\t\t\t<img decoding=\"async\" loading=\"lazy\" src=\"https:\/\/vea.it\/wp-content\/uploads\/2025\/02\/HCE-IOV-104-disp-iruino-01-240x136-1.jpg\" alt=\"display plc IRUINO\" itemprop=\"image\" height=\"136\" width=\"240\" title=\"HCE-IOV-104-disp-iruino-01-240x136\" onerror=\"this.style.display='none'\">\n\t\t\t\t<\/a>\n\t\tdisplay plc IRUINO\n<h3>\n\t\tExemples d'IRUINO install\u00e9s dans une armoire \u00e9lectrique<br>(photos aimablement fournies par nos clients)\n\t<\/h3>\n\t\t\t\t<a href=\"https:\/\/vea.it\/wp-content\/uploads\/2025\/02\/KFU-Cx5-IO-UPS-02-800q.jpg\" target=\"_self\" itemprop=\"url\" rel=\"noopener\">\n\t\t\t\t<img decoding=\"async\" loading=\"lazy\" src=\"https:\/\/vea.it\/wp-content\/uploads\/2025\/02\/KFU-Cx5-IO-UPS-02-800q.jpg\" alt=\"SYST\u00c8ME DE VISION INDUSTRIELLE\" itemprop=\"image\" height=\"800\" width=\"800\" title=\"KFU-Cx5-IO-UPS-02-800q\" onerror=\"this.style.display='none'\">\n\t\t\t\t<\/a>\n\t\t\t\t<a href=\"https:\/\/vea.it\/wp-content\/uploads\/2025\/02\/HCE-IOV-104-N-1024-400X540.jpg\" target=\"_self\" itemprop=\"url\" rel=\"noopener\">\n\t\t\t\t<img decoding=\"async\" loading=\"lazy\" src=\"https:\/\/vea.it\/wp-content\/uploads\/2025\/02\/HCE-IOV-104-N-1024-400X540.jpg\" alt=\"IRUINO PLC\" itemprop=\"image\" height=\"540\" width=\"400\" title=\"HCE-IOV-104-N-1024-400X540\" onerror=\"this.style.display='none'\">\n\t\t\t\t<\/a>\n<h2>\n\t\t<\/h2><h2 id=\"doc\"> T\u00c9L\u00c9CHARGER\n\t<\/h2>\n\t\t\t\t\t\t\t\t<a href=\"#\" id=\"fl-tabs--label-0\" data-index=\"0\" aria-selected=\"true\" aria-controls=\"fl-tabs--panel-0\" aria-expanded=\"true\" role=\"tab\" tabindex=\"0\">\t\t\t\tCATALOGUES\t\t\t\t<\/a>\n\t\t\t\t\t\t\t\t<a href=\"#\" id=\"fl-tabs--label-1\" data-index=\"1\" aria-selected=\"false\" aria-controls=\"fl-tabs--panel-1\" aria-expanded=\"false\" role=\"tab\" tabindex=\"0\">\t\t\t\tLES DOCUMENTS TECHNIQUES\t\t\t\t<\/a>\n\t\t\t\t\t\t\t\t<a href=\"#\" id=\"fl-tabs--label-2\" data-index=\"2\" aria-selected=\"false\" aria-controls=\"fl-tabs--panel-2\" aria-expanded=\"false\" role=\"tab\" tabindex=\"0\">\t\t\t\tLOGICIEL\t\t\t\t<\/a>\n\t\t\t\t\t\tCATALOGUES\n\t\t\t\t\t\t\t\t\t\t\t<p>Le suffixe indique la langue du document.<\/p>\n<p>\t\t\t\t<div class=\"email_download_link\">\r\n\t\t\t\t\t\t<form action=\"#\" method=\"post\" class=\"ed_form\" id=\"ed_form_1777695732\" data-no-translation=\"\" data-no-auto-translation=\"\" data-trp-original-action=\"#\">\r\n\t\t\t\t<p><span class=\"name\">Nom *<\/span><br><input type=\"text\" name=\"name\" id=\"name\" placeholder=\"Nom\" value=\"\" maxlength=\"50\" required><\/p>\t\t\t\t<p><span class=\"email\">Adresse mail *<\/span><br><input class=\"\" type=\"email\" id=\"email\" name=\"email\" value=\"\" placeholder=\"Adresse mail *\"  maxlength=\"225\" required><\/p>\t\t\t\t\t\t\t\t<p><span class=\"email\">T\u00e9l\u00e9chargements*<\/span><br><select name=\"group\" id=\"group\" required><option value=\"\">S\u00e9lection<\/option><\/select><\/p>\t\t\t\t\t\t\t\t\t\t\t\t<br \/>\r\n\t\t\t\t<input name=\"submit\" class=\"submit\" id=\"ed_form_submit_1777695732\" value=\"Envoyer le lien\" type=\"submit\" \/>\r\n\t\t\t\t<span class=\"ed_form_spinner\" id=\"loading-image\" style=\"display:none;\">\r\n\t\t\t\t\t<img src=\"https:\/\/vea.it\/wp-content\/plugins\/email-download-link\/images\/ajax-loader.gif\" \/>\r\n\t\t\t\t<\/span>\r\n\t\t\t\t<input name=\"guid\" id=\"guid\" value=\"group-option\" type=\"hidden\"\/>\r\n\t\t\t\t<input type=\"text\" style=\"display:none;\" id=\"email_name\" name=\"email_name\" value=\"\"\/>\r\n\t\t\t\t<input name=\"form_nonce\" id=\"form_nonce\" value=\"1be0566f43\" type=\"hidden\"\/>\r\n\t\t\t\t<input name=\"name_mand\" id=\"name_mand\" value=\"YES\" type=\"hidden\"\/>\r\n\t\t\t\t<input name=\"gdpr_mand\" id=\"gdpr_mand\" value=\"NO\" type=\"hidden\"\/>\r\n\t\t\t\t<input name=\"phone_mand\" id=\"phone_mand\" value=\"\" type=\"hidden\"\/>\r\n\t\t\t<input type=\"hidden\" name=\"trp-form-language\" value=\"fr\"\/><\/form>\t\r\n\t\t\t<span class=\"ed_form_message\" id=\"ed_form_message_1777695732\"><\/span>\r\n\t\t<\/div>\r\n\t avec la demande de ce lien j'autorise VEA s.r.l. \u00e0 la conservation du courrier<\/p>\n\t\t\t\t\t\tLES DOCUMENTS TECHNIQUES\n\t\t\t\t\t\t\t\t\t\t\t<p>Le suffixe indique la langue du document.<\/p>\n<p>\t\t\t\t<div class=\"email_download_link\">\r\n\t\t\t\t\t\t<form action=\"#\" method=\"post\" class=\"ed_form\" id=\"ed_form_1777695732\" data-no-translation=\"\" data-no-auto-translation=\"\" data-trp-original-action=\"#\">\r\n\t\t\t\t<p><span class=\"name\">Nom *<\/span><br><input type=\"text\" name=\"name\" id=\"name\" placeholder=\"Nom\" value=\"\" maxlength=\"50\" required><\/p>\t\t\t\t<p><span class=\"email\">Adresse mail *<\/span><br><input class=\"\" type=\"email\" id=\"email\" name=\"email\" value=\"\" placeholder=\"Adresse mail *\"  maxlength=\"225\" required><\/p>\t\t\t\t\t\t\t\t<p><span class=\"email\">T\u00e9l\u00e9chargements*<\/span><br><select name=\"group\" id=\"group\" required><option value=\"\">S\u00e9lection<\/option><option value=\"dzuepy-ykucbo-qxrzme-hrwkxq-cliske\">Vma-OPENPLC-VEAPLC_en<\/option><option value=\"rvsuln-sjukai-wictfx-vtoqmg-odlyqa\">Vma-HCE-IOV104-it<\/option><\/select><\/p>\t\t\t\t\t\t\t\t\t\t\t\t<br \/>\r\n\t\t\t\t<input name=\"submit\" class=\"submit\" id=\"ed_form_submit_1777695732\" value=\"Envoyer le lien\" type=\"submit\" \/>\r\n\t\t\t\t<span class=\"ed_form_spinner\" id=\"loading-image\" style=\"display:none;\">\r\n\t\t\t\t\t<img src=\"https:\/\/vea.it\/wp-content\/plugins\/email-download-link\/images\/ajax-loader.gif\" \/>\r\n\t\t\t\t<\/span>\r\n\t\t\t\t<input name=\"guid\" id=\"guid\" value=\"group-option\" type=\"hidden\"\/>\r\n\t\t\t\t<input type=\"text\" style=\"display:none;\" id=\"email_name\" name=\"email_name\" value=\"\"\/>\r\n\t\t\t\t<input name=\"form_nonce\" id=\"form_nonce\" value=\"1be0566f43\" type=\"hidden\"\/>\r\n\t\t\t\t<input name=\"name_mand\" id=\"name_mand\" value=\"YES\" type=\"hidden\"\/>\r\n\t\t\t\t<input name=\"gdpr_mand\" id=\"gdpr_mand\" value=\"NO\" type=\"hidden\"\/>\r\n\t\t\t\t<input name=\"phone_mand\" id=\"phone_mand\" value=\"\" type=\"hidden\"\/>\r\n\t\t\t<input type=\"hidden\" name=\"trp-form-language\" value=\"fr\"\/><\/form>\t\r\n\t\t\t<span class=\"ed_form_message\" id=\"ed_form_message_1777695732\"><\/span>\r\n\t\t<\/div>\r\n\t avec la demande de ce lien j'autorise VEA s.r.l. \u00e0 la conservation du courrier<\/p>\n\t\t\t\t\t\tLOGICIEL\n\t\t\t\t\t\t\t\t\t\t\t<p>Le suffixe indique la langue du document.<\/p>\n<p>\t\t\t\t<div class=\"email_download_link\">\r\n\t\t\t\t\t\t<form action=\"#\" method=\"post\" class=\"ed_form\" id=\"ed_form_1777695732\" data-no-translation=\"\" data-no-auto-translation=\"\" data-trp-original-action=\"#\">\r\n\t\t\t\t<p><span class=\"name\">Nom *<\/span><br><input type=\"text\" name=\"name\" id=\"name\" placeholder=\"Nom\" value=\"\" maxlength=\"50\" required><\/p>\t\t\t\t<p><span class=\"email\">Adresse mail *<\/span><br><input class=\"\" type=\"email\" id=\"email\" name=\"email\" value=\"\" placeholder=\"Adresse mail *\"  maxlength=\"225\" required><\/p>\t\t\t\t\t\t\t\t<p><span class=\"email\">T\u00e9l\u00e9chargements*<\/span><br><select name=\"group\" id=\"group\" required><option value=\"\">S\u00e9lection<\/option><option value=\"vgudfc-rxfwoq-tbqnoe-kesqha-ogjkuh\">DRIVER HCE-IOV-104<\/option><option value=\"chaltv-lbomnq-rdcbfa-pbmhid-vluote\">IRUINO-sw<\/option><\/select><\/p>\t\t\t\t\t\t\t\t\t\t\t\t<br \/>\r\n\t\t\t\t<input name=\"submit\" class=\"submit\" id=\"ed_form_submit_1777695732\" value=\"Envoyer le lien\" type=\"submit\" \/>\r\n\t\t\t\t<span class=\"ed_form_spinner\" id=\"loading-image\" style=\"display:none;\">\r\n\t\t\t\t\t<img src=\"https:\/\/vea.it\/wp-content\/plugins\/email-download-link\/images\/ajax-loader.gif\" \/>\r\n\t\t\t\t<\/span>\r\n\t\t\t\t<input name=\"guid\" id=\"guid\" value=\"group-option\" type=\"hidden\"\/>\r\n\t\t\t\t<input type=\"text\" style=\"display:none;\" id=\"email_name\" name=\"email_name\" value=\"\"\/>\r\n\t\t\t\t<input name=\"form_nonce\" id=\"form_nonce\" value=\"1be0566f43\" type=\"hidden\"\/>\r\n\t\t\t\t<input name=\"name_mand\" id=\"name_mand\" value=\"YES\" type=\"hidden\"\/>\r\n\t\t\t\t<input name=\"gdpr_mand\" id=\"gdpr_mand\" value=\"NO\" type=\"hidden\"\/>\r\n\t\t\t\t<input name=\"phone_mand\" id=\"phone_mand\" value=\"\" type=\"hidden\"\/>\r\n\t\t\t<input type=\"hidden\" name=\"trp-form-language\" value=\"fr\"\/><\/form>\t\r\n\t\t\t<span class=\"ed_form_message\" id=\"ed_form_message_1777695732\"><\/span>\r\n\t\t<\/div>\r\n\t avec la demande de ce lien j'autorise VEA s.r.l. \u00e0 la conservation du courrier<\/p>","protected":false},"excerpt":{"rendered":"<p>Automate open source Enti\u00e8rement compatible avec Arduino IRUINO ENTREES\/SORTIES Automate compatible avec Arduino IRUINO est un automate open source qui ne mesure que 35 mm de large, mont\u00e9 sur rail DIN, mais ne vous laissez pas tromper par sa taille. Malgr\u00e9 son faible encombrement, l'automate dispose de 8 entr\u00e9es num\u00e9riques opto-isol\u00e9es et de 8 sorties num\u00e9riques opto-isol\u00e9es haute puissance 2A en continu ...<\/p>\n<p class=\"read-more\"> <a class=\"ast-button\" href=\"https:\/\/vea.it\/fr\/plc-module-2\/\"> <span class=\"screen-reader-text\">Module PLC<\/span> Lire la suite \"<\/a><\/p>","protected":false},"author":1,"featured_media":0,"parent":0,"menu_order":0,"comment_status":"closed","ping_status":"closed","template":"","meta":{"site-sidebar-layout":"default","site-content-layout":"default","ast-global-header-display":"","ast-main-header-display":"","ast-hfb-above-header-display":"","ast-hfb-below-header-display":"","ast-hfb-mobile-header-display":"","site-post-title":"disabled","ast-breadcrumbs-content":"","ast-featured-img":"","footer-sml-layout":"","theme-transparent-header-meta":"","adv-header-id-meta":"","stick-header-meta":"","header-above-stick-meta":"","header-main-stick-meta":"","header-below-stick-meta":"","footnotes":""},"_links":{"self":[{"href":"https:\/\/vea.it\/fr\/wp-json\/wp\/v2\/pages\/3670"}],"collection":[{"href":"https:\/\/vea.it\/fr\/wp-json\/wp\/v2\/pages"}],"about":[{"href":"https:\/\/vea.it\/fr\/wp-json\/wp\/v2\/types\/page"}],"author":[{"embeddable":true,"href":"https:\/\/vea.it\/fr\/wp-json\/wp\/v2\/users\/1"}],"replies":[{"embeddable":true,"href":"https:\/\/vea.it\/fr\/wp-json\/wp\/v2\/comments?post=3670"}],"version-history":[{"count":6,"href":"https:\/\/vea.it\/fr\/wp-json\/wp\/v2\/pages\/3670\/revisions"}],"predecessor-version":[{"id":3679,"href":"https:\/\/vea.it\/fr\/wp-json\/wp\/v2\/pages\/3670\/revisions\/3679"}],"wp:attachment":[{"href":"https:\/\/vea.it\/fr\/wp-json\/wp\/v2\/media?parent=3670"}],"curies":[{"name":"wp","href":"https:\/\/api.w.org\/{rel}","templated":true}]}}