{"id":3,"date":"2019-12-11T14:39:10","date_gmt":"2019-12-11T14:39:10","guid":{"rendered":"https:\/\/vea.it\/?page_id=3"},"modified":"2021-01-20T19:25:24","modified_gmt":"2021-01-20T19:25:24","slug":"privacy-policy","status":"publish","type":"page","link":"https:\/\/vea.it\/fr\/politique-de-protection-de-la-vie-privee\/","title":{"rendered":"Politique de confidentialit\u00e9"},"content":{"rendered":"<h2>Politique de confidentialit\u00e9<\/h2>\n\n\n<p>Nous de&nbsp;<strong>vea.it<\/strong>&nbsp;Nous pensons que la vie priv\u00e9e de nos visiteurs est extr\u00eamement importante. Ce document d\u00e9taille les types d'informations personnelles collect\u00e9es et enregistr\u00e9es par notre site et la mani\u00e8re dont elles sont utilis\u00e9es.<\/p>\n<h3>Fichiers journaux<\/h3>\n<p>Comme beaucoup d'autres sites web, le n\u00f4tre utilise des fichiers journaux. Ces fichiers enregistrent simplement les visiteurs du site - c'est g\u00e9n\u00e9ralement une proc\u00e9dure standard des soci\u00e9t\u00e9s d'h\u00e9bergement et des services d'analyse de l'h\u00e9bergement.<\/p>\n<p>Les informations contenues dans les fichiers journaux comprennent les adresses de protocole Internet (IP), le type de navigateur, le fournisseur de services Internet (ISP), des informations telles que la date et l'heure, les pages de r\u00e9f\u00e9rence, les pages de sortie et d'entr\u00e9e ou le nombre de clics.<\/p>\n<p>Ces informations sont utilis\u00e9es pour analyser les tendances, administrer le site, suivre les mouvements des utilisateurs sur le site et recueillir des informations d\u00e9mographiques. Les adresses IP et autres informations ne sont pas li\u00e9es \u00e0 des donn\u00e9es personnelles identifiables, par cons\u00e9quent&nbsp;<strong>toutes les donn\u00e9es sont collect\u00e9es sous une forme absolument anonyme<\/strong>.<\/p>\n<h3>Ce site web utilise des cookies<\/h3>\n<p>Les cookies sont de petits fichiers texte qui sont plac\u00e9s automatiquement sur le PC de l'internaute dans le navigateur. Ils contiennent des informations de base sur la navigation sur Internet et sont reconnus par le navigateur \u00e0 chaque fois que l'utilisateur visite le site.<\/p>\n<h3>Politique en mati\u00e8re de cookies<\/h3>\n<p>Ce site utilise des cookies, y compris des cookies tiers, pour am\u00e9liorer l'exp\u00e9rience de navigation, pour permettre aux utilisateurs de profiter de tout service en ligne et pour surveiller la navigation sur le site.<\/p>\n<h3>Comment d\u00e9sactiver les cookies<\/h3>\n<p>Il est possible de d\u00e9sactiver les cookies directement depuis le navigateur utilis\u00e9, en acc\u00e9dant aux param\u00e8tres (pr\u00e9f\u00e9rences ou options) : ce choix peut limiter certaines fonctions de navigation du site.<\/p>\n<h3>Gestion des cookies<\/h3>\n<p>Les cookies utilis\u00e9s sur ce site peuvent entrer dans les cat\u00e9gories d\u00e9crites ci-dessous.<\/p>\n<ul>\n<li><strong>Activit\u00e9s strictement n\u00e9cessaires \u00e0 l'op\u00e9ration<\/strong><br \/>Ces cookies sont de nature technique et permettent au site de fonctionner correctement. Par exemple, ils permettent \u00e0 l'utilisateur de rester connect\u00e9 pendant la navigation en emp\u00eachant le site de demander \u00e0 l'utilisateur de se connecter plusieurs fois pour acc\u00e9der aux pages suivantes.<\/li>\n<li><strong>Sauvegarde des pr\u00e9f\u00e9rences<\/strong><br \/>Ces cookies permettent de m\u00e9moriser les pr\u00e9f\u00e9rences s\u00e9lectionn\u00e9es par l'utilisateur lors de la navigation, par exemple, ils permettent de r\u00e9gler la langue.<\/li>\n<li><strong>Activit\u00e9s statistiques et de mesure d'audience (par exemple, Google Analytics)<\/strong><br \/>Ces cookies nous aident \u00e0 comprendre, gr\u00e2ce \u00e0 des donn\u00e9es collect\u00e9es sous une forme anonyme et agr\u00e9g\u00e9e, comment les utilisateurs interagissent avec les sites web en fournissant des informations relatives aux sections visit\u00e9es, au temps pass\u00e9 sur le site, aux \u00e9ventuels dysfonctionnements. Cela permet d'am\u00e9liorer les performances des sites web.<\/li>\n<li><strong>Les cookies des m\u00e9dias sociaux (par exemple, Facebook)<\/strong><br \/>Ces cookies tiers sont utilis\u00e9s pour int\u00e9grer certaines fonctions de m\u00e9dias sociaux populaires et les fournir sur le site. Ils permettent notamment l'inscription et l'authentification sur le site via Facebook et Google Connect, le partage et le commentaire des pages du site sur les r\u00e9seaux sociaux, l'activation de la fonction \" like \" sur Facebook et de la fonction \" +1\u2033 sur G+.<\/li>\n<\/ul>\n<h3>Objectif du traitement<\/h3>\n<p>Les donn\u00e9es peuvent \u00eatre collect\u00e9es pour une ou plusieurs des raisons suivantes :<\/p>\n<ul>\n<li>fournir l'acc\u00e8s \u00e0 des zones restreintes du Portail et des Portails\/sites li\u00e9s \u00e0 celui-ci et \u00e0 l'envoi de communications, m\u00eame de nature commerciale, de nouvelles, de mises \u00e0 jour sur les initiatives de ce site et des soci\u00e9t\u00e9s contr\u00f4l\u00e9es et\/ou connect\u00e9es et\/ou des Sponsors.<\/li>\n<li>transfert \u00e9ventuel \u00e0 des tiers des donn\u00e9es susmentionn\u00e9es, toujours dans le but de r\u00e9aliser des campagnes de marketing par courrier \u00e9lectronique et d'envoyer des communications commerciales.<\/li>\n<li>s'acquitter des obligations pr\u00e9vues par les lois ou les r\u00e8glements ;<\/li>\n<li>la gestion des contacts ;<\/li>\n<\/ul>\n<h3>Modalit\u00e9s de traitement<\/h3>\n<p>Les donn\u00e9es seront trait\u00e9es de la mani\u00e8re suivante :<\/p>\n<ul>\n<li>collecte de donn\u00e9es \u00e0 option unique, dans une base de donn\u00e9es sp\u00e9ciale ;<\/li>\n<li>l'enregistrement et le traitement sur support papier et\/ou magn\u00e9tique ;<\/li>\n<li>l'organisation des archives sous une forme essentiellement automatis\u00e9e, conform\u00e9ment au R\u00e8glement technique sur les mesures minimales de s\u00e9curit\u00e9, annexe B du Code de la vie priv\u00e9e.<\/li>\n<\/ul>\n<h3>Caract\u00e8re obligatoire<\/h3>\n<p>Toutes les donn\u00e9es demand\u00e9es sont obligatoires.<\/p>\n<h3>Droits de la personne concern\u00e9e<\/h3>\n<p>Conform\u00e9ment \u00e0 l'art. 7 (Droit d'acc\u00e8s aux donn\u00e9es personnelles et autres droits) du Code de la protection de la vie priv\u00e9e, nous vous informons que vos droits en mati\u00e8re de traitement des donn\u00e9es sont :<\/p>\n<ul>\n<li>d'\u00eatre inform\u00e9, par un acc\u00e8s gratuit, de l'existence de traitements de donn\u00e9es qui peuvent vous concerner ;<\/li>\n<li>\u00eatre inform\u00e9 de la nature et de la finalit\u00e9 du traitement<\/li>\n<li>\u00eatre obtenu par le titulaire sans d\u00e9lai :\n<ul>\n<li>la confirmation de l'existence ou non de donn\u00e9es \u00e0 caract\u00e8re personnel vous concernant, m\u00eame si elles ne sont pas encore enregistr\u00e9es, et la communication, sous une forme intelligible, de ces donn\u00e9es et de leur origine, ainsi que de la logique et des finalit\u00e9s du traitement ; la demande peut \u00eatre renouvel\u00e9e, sauf raisons fond\u00e9es, \u00e0 un intervalle d'au moins quatre-vingt-dix jours ;<\/li>\n<li>l'annulation, la transformation sous forme anonyme ou le blocage des donn\u00e9es trait\u00e9es en violation de la loi, y compris les donn\u00e9es dont la conservation n'est pas n\u00e9cessaire aux fins pour lesquelles les donn\u00e9es ont \u00e9t\u00e9 collect\u00e9es ou trait\u00e9es ult\u00e9rieurement ;<\/li>\n<li>la mise \u00e0 jour, la rectification ou, le cas \u00e9ch\u00e9ant, l'int\u00e9gration des donn\u00e9es existantes ;<\/li>\n<li>vous opposer en tout ou en partie pour des raisons l\u00e9gitimes au traitement des donn\u00e9es \u00e0 caract\u00e8re personnel vous concernant, m\u00eame si elles sont pertinentes au regard de l'objectif de la collecte ;<\/li>\n<\/ul>\n<\/li>\n<\/ul>\n<p>Nous tenons \u00e0 souligner que le titulaire du traitement \u00e0 toutes fins juridiques est :<\/p>\n<ul>\n<li><strong>VEA SRL<\/strong><\/li>\n<li>P. TVA 13478090155<\/li>\n<li>Via Fratelli Rosselli, 43 -<\/li>\n<li>20010 - Canegrate ( (MI))<\/li>\n<li>T\u00e9l\/Fax : 0331402751<\/li>\n<li>E-mail : vea@vea.it<\/li>\n<\/ul>\n<p>Pour exercer vos droits au titre de l'article 7 du code de la vie priv\u00e9e ou pour faire supprimer vos donn\u00e9es des archives, il suffit de nous contacter par l'un des canaux pr\u00e9vus \u00e0 cet effet.<\/p>\n<p>Toutes les donn\u00e9es sont prot\u00e9g\u00e9es par l'utilisation d'un antivirus, d'un pare-feu et d'une protection par mot de passe.<\/p>\n<h3>Informations pour les enfants<\/h3>\n<p>Nous pensons qu'il est important de fournir une protection suppl\u00e9mentaire aux enfants en ligne. Nous encourageons les parents et les tuteurs \u00e0 passer du temps en ligne avec leurs enfants pour observer, participer et\/ou surveiller et guider leur activit\u00e9 en ligne. Nous ne recueillons pas d'informations personnelles sur les mineurs. Si un parent ou un tuteur pense que notre site contient des informations personnelles concernant un enfant dans sa base de donn\u00e9es, veuillez nous contacter imm\u00e9diatement (en utilisant l'adresse \u00e9lectronique fournie) et nous ferons tout notre possible pour supprimer ces informations dans les plus brefs d\u00e9lais.<\/p>\n<p>Cette politique de confidentialit\u00e9 s'applique uniquement \u00e0 nos activit\u00e9s en ligne et s'applique aux visiteurs de notre site web et aux informations partag\u00e9es et\/ou collect\u00e9es. Cette politique ne s'applique pas aux informations recueillies hors ligne ou par des canaux autres que ce site web.<\/p>\n<h3>Consentement<\/h3>\n<p>En utilisant notre site web, vous acceptez notre politique de confidentialit\u00e9 et vous en acceptez les conditions. Si vous souhaitez obtenir de plus amples informations ou si vous avez des questions concernant notre politique de protection de la vie priv\u00e9e, n'h\u00e9sitez pas \u00e0 nous contacter.<\/p>","protected":false},"excerpt":{"rendered":"<p>Politique de confidentialit\u00e9 Chez vea.co.uk, nous pensons que la confidentialit\u00e9 de nos visiteurs est extr\u00eamement importante. Ce document d\u00e9taille les types d'informations personnelles collect\u00e9es et enregistr\u00e9es par notre site et la mani\u00e8re dont elles sont utilis\u00e9es. Fichiers journaux Comme de nombreux autres sites web, le n\u00f4tre utilise des fichiers journaux. Ces fichiers enregistrent simplement les visiteurs ...<\/p>\n<p class=\"read-more\"> <a class=\"ast-button\" href=\"https:\/\/vea.it\/fr\/politique-de-protection-de-la-vie-privee\/\"> <span class=\"screen-reader-text\">Politique de confidentialit\u00e9<\/span> Lire la suite \"<\/a><\/p>","protected":false},"author":1,"featured_media":0,"parent":0,"menu_order":0,"comment_status":"closed","ping_status":"closed","template":"","meta":{"site-sidebar-layout":"no-sidebar","site-content-layout":"page-builder","ast-global-header-display":"","ast-main-header-display":"","ast-hfb-above-header-display":"","ast-hfb-below-header-display":"","ast-hfb-mobile-header-display":"","site-post-title":"disabled","ast-breadcrumbs-content":"","ast-featured-img":"disabled","footer-sml-layout":"","theme-transparent-header-meta":"default","adv-header-id-meta":"","stick-header-meta":"default","header-above-stick-meta":"","header-main-stick-meta":"","header-below-stick-meta":"","footnotes":""},"_links":{"self":[{"href":"https:\/\/vea.it\/fr\/wp-json\/wp\/v2\/pages\/3"}],"collection":[{"href":"https:\/\/vea.it\/fr\/wp-json\/wp\/v2\/pages"}],"about":[{"href":"https:\/\/vea.it\/fr\/wp-json\/wp\/v2\/types\/page"}],"author":[{"embeddable":true,"href":"https:\/\/vea.it\/fr\/wp-json\/wp\/v2\/users\/1"}],"replies":[{"embeddable":true,"href":"https:\/\/vea.it\/fr\/wp-json\/wp\/v2\/comments?post=3"}],"version-history":[{"count":0,"href":"https:\/\/vea.it\/fr\/wp-json\/wp\/v2\/pages\/3\/revisions"}],"wp:attachment":[{"href":"https:\/\/vea.it\/fr\/wp-json\/wp\/v2\/media?parent=3"}],"curies":[{"name":"wp","href":"https:\/\/api.w.org\/{rel}","templated":true}]}}