{"id":2907,"date":"2021-06-22T09:47:31","date_gmt":"2021-06-22T09:47:31","guid":{"rendered":"https:\/\/vea.it\/?page_id=2907"},"modified":"2023-09-14T14:30:31","modified_gmt":"2023-09-14T14:30:31","slug":"illuminatori","status":"publish","type":"page","link":"https:\/\/vea.it\/fr\/illuminateurs-2\/","title":{"rendered":"Illuminateurs"},"content":{"rendered":"<p>Direct<\/p>\n\t\t\t\t<img decoding=\"async\" loading=\"lazy\" src=\"https:\/\/vea.it\/wp-content\/uploads\/2020\/07\/ico-ill-direct1.jpg\" alt=\"lumi\u00e8re directe\" itemprop=\"image\" height=\"168\" width=\"250\" title=\"ico-ill-direct1\" onerror=\"this.style.display='none'\"  \/>\n\t\t\t<a href=\"https:\/\/vea.it\/illuminatori-lec-c\/\" target=\"_self\" rel=\"noopener\">\n\t\t\t\t\t\tLEC-C modulaire\n\t\t\t\t\t<\/a>\n\t\t\t<a href=\"https:\/\/vea.it\/illuminatori-lef-c-e-ler-c\/\" target=\"_self\" rel=\"noopener\">\n\t\t\t\t\t\tLEF-C grand\n\t\t\t\t\t<\/a>\n\t\t\t<a href=\"\" target=\"_self\" rel=\"noopener\">\n\t\t\t\t\t\tLEC-80 distant\n\t\t\t\t\t<\/a>\n\t<p>En angle<\/p>\n\t\t\t\t<img decoding=\"async\" loading=\"lazy\" src=\"https:\/\/vea.it\/wp-content\/uploads\/2020\/07\/ico-ill-low-angle1.jpg\" alt=\"lumi\u00e8re \u00e0 angle faible\" itemprop=\"image\" height=\"168\" width=\"250\" title=\"ico-ill-low-angle1\" onerror=\"this.style.display='none'\"  \/>\n\t\t\t<a href=\"https:\/\/vea.it\/illuminatori-lec-c\/\" target=\"_self\" rel=\"noopener\">\n\t\t\t\t\t\tLEC-C modulaire\n\t\t\t\t\t<\/a>\n\t\t\t<a href=\"https:\/\/vea.it\/illuminatori-lineari-per-sistemi-di-visione\/\" target=\"_self\" rel=\"noopener\">\n\t\t\t\t\t\tLIE lin\u00e9aire\n\t\t\t\t\t<\/a>\n\t\t\t<a href=\"\" target=\"_self\" rel=\"noopener\">\n\t\t\t\t\t\tLER-S sp\u00e9cial\n\t\t\t\t\t<\/a>\n\t<p>Spot<\/p>\n\t\t\t\t<img decoding=\"async\" loading=\"lazy\" src=\"https:\/\/vea.it\/wp-content\/uploads\/2020\/07\/ico-ill-spot1.jpg\" alt=\"lumi\u00e8re directe\" itemprop=\"image\" height=\"168\" width=\"250\" title=\"ico-ill-spot1\" onerror=\"this.style.display='none'\"  \/>\n\t\t\t<a href=\"https:\/\/vea.it\/illuminatori-lineari-per-sistemi-di-visione\/\" target=\"_self\" rel=\"noopener\">\n\t\t\t\t\t\tLIE lin\u00e9aire\n\t\t\t\t\t<\/a>\n\t\t\t<a href=\"\" target=\"_self\" rel=\"noopener\">\n\t\t\t\t\t\tSpot LEF\n\t\t\t\t\t<\/a>\n\t\t\t<a href=\"\" target=\"_self\" rel=\"noopener\">\n\t\t\t\t\t\tLe marqueur LEM\n\t\t\t\t\t<\/a>\n\t\t\t<a href=\"\" target=\"_self\" rel=\"noopener\">\n\t\t\t\t\t\tLER-S sp\u00e9cial\n\t\t\t\t\t<\/a>\n\t<p>D\u00f4me<\/p>\n\t\t\t\t<img decoding=\"async\" loading=\"lazy\" src=\"https:\/\/vea.it\/wp-content\/uploads\/2020\/07\/ico-ill-dome1.jpg\" alt=\"lumi\u00e8re diffuse en d\u00f4me\" itemprop=\"image\" height=\"168\" width=\"250\" title=\"ico-ill-dome1\" onerror=\"this.style.display='none'\"  \/>\n\t\t\t<a href=\"https:\/\/vea.it\/illuminatori-lec-c\/\" target=\"_self\" rel=\"noopener\">\n\t\t\t\t\t\tLEC-C modulaire\n\t\t\t\t\t<\/a>\n\t\t\t<a href=\"https:\/\/vea.it\/illuminatori-elettroluminescenti\/\" target=\"_self\" rel=\"noopener\">\n\t\t\t\t\t\tEL electrolum.\n\t\t\t\t\t<\/a>\n\t<p>R\u00e9tro-\u00e9clairage<\/p>\n\t\t\t\t<img decoding=\"async\" loading=\"lazy\" src=\"https:\/\/vea.it\/wp-content\/uploads\/2020\/07\/ico-ill-retro1.jpg\" alt=\"r\u00e9tro-\u00e9clairage\" itemprop=\"image\" height=\"168\" width=\"250\" title=\"ico-ill-retro1\" onerror=\"this.style.display='none'\"  \/>\n\t\t\t<a href=\"https:\/\/vea.it\/illuminatori-elettroluminescenti\/\" target=\"_self\" rel=\"noopener\">\n\t\t\t\t\t\tEL electrolum.\n\t\t\t\t\t<\/a>\n\t\t\t<a href=\"https:\/\/vea.it\/illuminatori-lef-c-e-ler-c\/\" target=\"_self\" rel=\"noopener\">\n\t\t\t\t\t\tLER-C grand\n\t\t\t\t\t<\/a>\n\t\t\t<a href=\"\" target=\"_self\" rel=\"noopener\">\n\t\t\t\t\t\tLER-S sp\u00e9cial\n\t\t\t\t\t<\/a>\n\t\t\t<a href=\"\" target=\"_self\" rel=\"noopener\">\n\t\t\t\t\t\tLEP t\u00e9l\u00e9centrique\n\t\t\t\t\t<\/a>\n<h1>\n\t\tDES ILLUMINATEURS POUR LA VISION ARTIFICIELLE\n\t<\/h1>\n<h2>\n\t\tLa modularit\u00e9, la fonctionnalit\u00e9 et la technologie ont toujours \u00e9t\u00e9 une pr\u00e9rogative des illuminateurs VEA.\n\t<\/h2>\n\tLes illuminateurs VEA sont con\u00e7us et fabriqu\u00e9s avec l'exp\u00e9rience d'une personne qui int\u00e8gre des syst\u00e8mes de vision depuis plus de 25 ans.<br \/>\nNous connaissons bien les probl\u00e8mes d'\u00e9clairage dans le domaine de la vision et nous savons quels sont les avantages d'un illuminateur appropri\u00e9 et fonctionnel.\nLes \u00e9clairages LEF-C sont id\u00e9aux pour les applications de guidage de robots, ils comprennent d\u00e9j\u00e0 une fixation pour cam\u00e9ra et, gr\u00e2ce aux profils fendus, ils peuvent \u00eatre facilement fix\u00e9s \u00e0 n'importe quel support.<br \/>\nL'utilisation de LED s\u00e9lectionn\u00e9es et sous-dimensionn\u00e9es permet d'obtenir des dur\u00e9es sup\u00e9rieures \u00e0 10 ans sans aucune perte de luminosit\u00e9.\nLa s\u00e9rie LEC-C, gr\u00e2ce \u00e0 sa modularit\u00e9, a permis de r\u00e9soudre de nombreux probl\u00e8mes de vision, sur des capteurs de vision, des cam\u00e9ras intelligentes et des syst\u00e8mes de vision.<br \/>\nCette s\u00e9rie utilise les mat\u00e9riaux et les technologies les plus r\u00e9cents.<br \/>\nL'utilisation du graph\u00e8ne am\u00e9liore la conduction thermique des illuminateurs, ce qui les rend l\u00e9gers et conformes aux directives ISO actuelles pour les installations industrielles.<br \/>\nLa technologie FDC-LED (Full Dissipated Chip LED) permet une haute luminosit\u00e9, une faible consommation d'\u00e9nergie et une basse temp\u00e9rature.<br \/>\nL'\u00e9lectronique incluse dans la structure de l'illuminateur permet de maintenir une luminosit\u00e9 constante m\u00eame avec de fortes variations de la tension d'entr\u00e9e.\n<p>La s\u00e9rie EL utilise la technologie de l'\u00e9lectroluminescence, qui permet de fabriquer des illuminateurs flexibles d'une \u00e9paisseur de 0,3 mm seulement.<\/p>\n<p>Sur demande, nous concevons et fabriquons des illuminateurs sur mesure.<\/p>\n<h4>\n\t\t<a href=\"https:\/\/vea.it\/illuminatori-led-sistemi-di-visione-lec-c\/\" title=\"LEC-C modulaire - &lt;b&gt;&lt;i&gt;NOUVEAU&lt;\/b&gt;&lt;\/i&gt;\" target=\"_self\" rel=\"noopener\">\n\t\tModulaire LEC-C - <b><i>NOUVEAU<\/i><\/b>\n\t\t<\/a>\n\t<\/h4>\n\t<p><strong>Typologie<\/strong>:<\/p>\n<ul>\n<li>\u00e9clairage direct<\/li>\n<li>\u00e9clairage coaxial<\/li>\n<li>Angle bas circulaire<\/li>\n<li>d\u00f4me<\/li>\n<li>cercles concentriques<\/li>\n<\/ul>\n<h4>\n\t\t<a href=\"https:\/\/vea.it\/illuminatori-lef-c-e-ler-c\/\" title=\"LEF-C grand format\" target=\"_self\" rel=\"noopener\">\n\t\tLEF-C grand format\n\t\t<\/a>\n\t<\/h4>\n\t<p><strong>Typologie :<\/strong><\/p>\n<ul>\n<li>\u00e9clairage direct et diffus<\/li>\n<li>\u00e9clairage coaxial<\/li>\n<li>guide du robot<\/li>\n<\/ul>\n<h4>\n\t\t<a href=\"https:\/\/vea.it\/illuminatori-elettroluminescenti\/\" title=\"EL \u00e9lectroluminescent\" target=\"_self\" rel=\"noopener\">\n\t\tEL \u00e9lectroluminescent\n\t\t<\/a>\n\t<\/h4>\n\t<p><strong>Typologie :<\/strong><\/p>\n<ul>\n<li>feuilles \u00e9lectroluminescentes<\/li>\n<li>r\u00e9tro-\u00e9clairage<\/li>\n<li>\u00e9clairage diffus<\/li>\n<li>\u00e9clairage sp\u00e9cial<\/li>\n<\/ul>\n<h4>\n\t\t<a href=\"https:\/\/vea.it\/illuminatori-lineari-per-sistemi-di-visione\/\" title=\"LIE lin\u00e9aire\" target=\"_self\" rel=\"noopener\">\n\t\tLIE lin\u00e9aire\n\t\t<\/a>\n\t<\/h4>\n\t<p><strong>Typologie<\/strong>:<\/p>\n<ul>\n<li>\u00e9clairage direct<\/li>\n<li>\u00e9clairage d'appoint<\/li>\n<li>lumi\u00e8re rasante<\/li>\n<\/ul>\n<h4>\n\t\t<a href=\"https:\/\/vea.it\/illuminatori-lef-c-e-ler-c\/\" title=\"LER-C grande taille\" target=\"_self\" rel=\"noopener\">\n\t\tLER-C grande taille\n\t\t<\/a>\n\t<\/h4>\n\t<p><strong>Typologie :<\/strong><\/p>\n<ul>\n<li>r\u00e9tro-\u00e9clairage<\/li>\n<li>\u00e9clairage diffus indirect<\/li>\n<\/ul>\n<h4>\n\t\tLes PEL t\u00e9l\u00e9centriques\n\t<\/h4>\n\t<p><strong>Typologie :<\/strong><\/p>\n<ul>\n<li>r\u00e9tro-\u00e9clairage pour la m\u00e9trologie<\/li>\n<li>\u00e9clairage d'appoint pour la m\u00e9trologie<\/li>\n<\/ul>\n<h4>\n\t\tLe marqueur LEM\n\t<\/h4>\n\t<p><strong>Typologie<\/strong>:<\/p>\n<ul>\n<li>marqueurs m\u00e9trologiques cod\u00e9s pour les grands espaces<\/li>\n<\/ul>\n<h4>\n\t\tLER-S sp\u00e9cial \/ spot GAE\n\t<\/h4>\n\t<p><strong>Typologie :<\/strong><\/p>\n<ul>\n<li>r\u00e9tro-\u00e9clairage<\/li>\n<li>\u00e9clairage indirect<\/li>\n<li>\u00e9clairage d'appoint<\/li>\n<\/ul>\n<h4>\n\t\tLEC-80 coaxial\n\t<\/h4>\n\t<p><strong>Typologie :<\/strong><\/p>\n<ul>\n<li>\u00e9clairage direct<\/li>\n<li>\u00e9clairage coaxial<\/li>\n<\/ul>","protected":false},"excerpt":{"rendered":"<p>Direct LEC-C modulaire LEF-C large LEC-80 distant Angulaire LEC-C modulaire LEL lin\u00e9aire LER-S sp\u00e9cial Spot LEL lin\u00e9aire LEF spot LEM marqueur LER-S sp\u00e9cial D\u00f4me LEC-C modulaire EL \u00e9lectrolum. R\u00e9tro-\u00e9clairage EL \u00e9lectrolum. LER-C grand LER-S sp\u00e9cial LEP t\u00e9l\u00e9centrique ILLUMINATEURS DE VISION ARTIFICIELLE Modularit\u00e9, fonctionnalit\u00e9 et technologie sont depuis toujours l'apanage des illuminateurs VEA Les illuminateurs VEA sont con\u00e7us pour ...<\/p>\n<p class=\"read-more\"> <a class=\"ast-button\" href=\"https:\/\/vea.it\/fr\/illuminateurs-2\/\"> <span class=\"screen-reader-text\">Illuminateurs<\/span> Lire la suite \"<\/a><\/p>","protected":false},"author":1,"featured_media":0,"parent":0,"menu_order":0,"comment_status":"closed","ping_status":"closed","template":"","meta":{"site-sidebar-layout":"default","site-content-layout":"default","ast-global-header-display":"","ast-main-header-display":"","ast-hfb-above-header-display":"","ast-hfb-below-header-display":"","ast-hfb-mobile-header-display":"","site-post-title":"disabled","ast-breadcrumbs-content":"","ast-featured-img":"","footer-sml-layout":"","theme-transparent-header-meta":"default","adv-header-id-meta":"","stick-header-meta":"default","header-above-stick-meta":"","header-main-stick-meta":"","header-below-stick-meta":"","footnotes":""},"_links":{"self":[{"href":"https:\/\/vea.it\/fr\/wp-json\/wp\/v2\/pages\/2907"}],"collection":[{"href":"https:\/\/vea.it\/fr\/wp-json\/wp\/v2\/pages"}],"about":[{"href":"https:\/\/vea.it\/fr\/wp-json\/wp\/v2\/types\/page"}],"author":[{"embeddable":true,"href":"https:\/\/vea.it\/fr\/wp-json\/wp\/v2\/users\/1"}],"replies":[{"embeddable":true,"href":"https:\/\/vea.it\/fr\/wp-json\/wp\/v2\/comments?post=2907"}],"version-history":[{"count":9,"href":"https:\/\/vea.it\/fr\/wp-json\/wp\/v2\/pages\/2907\/revisions"}],"predecessor-version":[{"id":3455,"href":"https:\/\/vea.it\/fr\/wp-json\/wp\/v2\/pages\/2907\/revisions\/3455"}],"wp:attachment":[{"href":"https:\/\/vea.it\/fr\/wp-json\/wp\/v2\/media?parent=2907"}],"curies":[{"name":"wp","href":"https:\/\/api.w.org\/{rel}","templated":true}]}}