{"id":18,"date":"2019-12-15T10:07:40","date_gmt":"2019-12-15T10:07:40","guid":{"rendered":"https:\/\/vea.it\/?page_id=18"},"modified":"2025-04-02T14:52:15","modified_gmt":"2025-04-02T14:52:15","slug":"homepage","status":"publish","type":"page","link":"https:\/\/vea.it\/fr\/","title":{"rendered":"Page d'accueil"},"content":{"rendered":"<ul>\n\t\t<li>\t\t\n\t\t\t\t<img decoding=\"async\" src=\"https:\/\/vea.it\/wp-content\/uploads\/2020\/02\/Micrometri_fotosec.png\" alt=\"Microm\u00e8tre_photosec\" title=\"Microm\u00e8tre_photosec\" itemprop=\"image\">\n\t\t<h3>Vision artificielle<\/h3><p>Depuis plus de 25 ans, nous concevons des machines de vision industrielle d\u00e9di\u00e9es \u00e0 l'environnement industriel.&nbsp;<\/p><\/li><li>\t\t\t\t\n\t\t<h3>Solutions <\/h3><p>Non seulement des produits mais surtout des solutions d\u00e9di\u00e9es \u00e0 nos clients<\/p><\/li><li>\t\t\n\t\t\t\t<img decoding=\"async\" src=\"https:\/\/vea.it\/wp-content\/uploads\/2019\/12\/Checkbox_icona6.png\" alt=\"\u00e9lectronique\" title=\"Checkbox_icona6\" itemprop=\"image\">\n\t\t<h3>\u00c9lectronique ad hoc<\/h3><p>Conception et fabrication d'\u00e9lectronique sur mesure \u00e0 usage civil et industriel, de capteurs sur mesure, de cartes CPU, d'illuminateurs<\/p><\/li><li>\t\t\n\t\t\t\t<img decoding=\"async\" src=\"https:\/\/vea.it\/wp-content\/uploads\/2019\/12\/icone_misura.png\" alt=\"ic\u00f4nes_mesure\" title=\"ic\u00f4nes_mesure\" itemprop=\"image\">\n\t\t<h3>Projets industriels<\/h3><p>Nous concevons et fabriquons des machines complexes qui r\u00e9pondent aux exigences les plus pointues<\/p><\/li><li>\t\t\n\t\t\t\t<img decoding=\"async\" src=\"https:\/\/vea.it\/wp-content\/uploads\/2019\/12\/icone_industria.png\" alt=\"icons_industry\" title=\"icons_industry\" itemprop=\"image\">\n\t\t<h3>Industrie 5.0<\/h3><p>Nos machines sont d\u00e9j\u00e0 pr\u00e9par\u00e9es \u00e0 l'interconnexion avec les processus industriels, comme l'exigent les directives \"Industrie 5.0\".&nbsp;<\/p><\/li>\t<\/ul>\n\tConception, installation, formation.<br>\nNos produits ne sont qu'une partie des solutions que nous proposons.\n\t\t\t<a href=\"https:\/\/vea.it\/contatti\/\" target=\"_self\" rel=\"noopener\">\n\t\t\t\t\t\t\tDEMANDER CONSEIL\n\t\t\t\t\t<\/a>\n\t\t\t<a href=\"https:\/\/vea.it\/galleria-video\/\" target=\"_self\" rel=\"noopener\">\n\t\t\t\t\t\t\tEXPLORER LA GALERIE VID\u00c9O\n\t\t\t\t\t<\/a>\n\t<ul>\n\t\t<li>\t\t\n\t\t\t\t<img decoding=\"async\" src=\"https:\/\/vea.it\/wp-content\/uploads\/2020\/01\/servizi_icona1.png\" alt=\"services_icona1\" title=\"services_icona1\" itemprop=\"image\">\n\t\t<h4>Consultation<\/h4><\/li><li>\t\t\n\t\t\t\t<img decoding=\"async\" src=\"https:\/\/vea.it\/wp-content\/uploads\/2020\/01\/servizi_icona2.png\" alt=\"icon_services2\" title=\"icon_services2\" itemprop=\"image\">\n\t\t<h4>Installation<\/h4><\/li><li>\t\t\n\t\t\t\t<img decoding=\"async\" src=\"https:\/\/vea.it\/wp-content\/uploads\/2020\/01\/servizi_icona3.png\" alt=\"icon_services3\" title=\"icon_services3\" itemprop=\"image\">\n\t\t<h4>Calibration<\/h4><\/li><li>\t\t\n\t\t\t\t<img decoding=\"async\" src=\"https:\/\/vea.it\/wp-content\/uploads\/2020\/01\/servizi_icona4.png\" alt=\"icon_services4\" title=\"icon_services4\" itemprop=\"image\">\n\t\t<h4>Certification<\/h4><\/li><li>\t\t\n\t\t\t\t<img decoding=\"async\" src=\"https:\/\/vea.it\/wp-content\/uploads\/2020\/01\/servizi_icona6.png\" alt=\"icon_services6\" title=\"icon_services6\" itemprop=\"image\">\n\t\t<h4>Formation<\/h4><\/li>\t<\/ul>\n\t\t\t<a href=\"https:\/\/vea.it\/servizi\/\" target=\"_self\" rel=\"noopener\">\n\t\t\t\t\t\t\tD\u00c9COUVREZ NOS SERVICES\n\t\t\t\t\t<\/a>\n<h1>\n\t\tNOUS SOMMES\n\t<\/h1>\n\t\t\t\t<img decoding=\"async\" src=\"https:\/\/vea.it\/wp-content\/uploads\/2020\/01\/chi-siamo-fiera.jpg\" alt=\"APPAREIL PHOTO NUM\u00c9RIQUE OLYMPUS\" itemprop=\"image\" title=\"APPAREIL PHOTO NUM\u00c9RIQUE OLYMPUS\" onerror=\"this.style.display='none'\">\n\t<p>Depuis 1992, nous nous occupons de <strong>les syst\u00e8mes de vision artificielle<\/strong>Au fil des ans, nous sommes devenus une r\u00e9f\u00e9rence internationale en mati\u00e8re de syst\u00e8mes de vision et d'\u00e9quipements int\u00e9gr\u00e9s de contr\u00f4le et de mesure de la qualit\u00e9, avec une tr\u00e8s grande fiabilit\u00e9. Notre site<strong> syst\u00e8mes de vision <\/strong>enti\u00e8rement int\u00e9gr\u00e9 dans votre processus de production <strong>garantir des contr\u00f4les de qualit\u00e9 avec fiabilit\u00e9 en PPM (Parts Per Million) et des contr\u00f4les m\u00e9trologiques avec une pr\u00e9cision microm\u00e9trique sur 100% des pi\u00e8ces produites.<\/strong><\/p>\n<p>Gr\u00e2ce \u00e0 la ligne Checkbox <strong>nous pouvons effectuer des contr\u00f4les et des mesures de qualit\u00e9 automatiques directement sur les lignes de production<\/strong>La qualit\u00e9 de la production de l'entreprise s'en est trouv\u00e9e consid\u00e9rablement am\u00e9lior\u00e9e.<\/p>\n\t\t\t<a href=\"https:\/\/vea.it\/chi-siamo\/\" target=\"_self\" rel=\"noopener\">\n\t\t\t\t\t\t\tD\u00c9COUVRIR PLUS\n\t\t\t\t\t<\/a>\n\t\t<!-- Comment to fix spacing issue\n\t-->\n\t\t0\nSyst\u00e8mes de vision\n\t<!-- Comment to fix spacing issue\n\t-->\t\n\t\t<!-- Comment to fix spacing issue\n\t-->\n\t\t0\nSyst\u00e8mes de vision industrielle\n\t<!-- Comment to fix spacing issue\n\t-->\t\n\t\t<!-- Comment to fix spacing issue\n\t-->\n\t\t0\nCheckBox\n\t<!-- Comment to fix spacing issue\n\t-->\t\n\t\t<!-- Comment to fix spacing issue\n\t-->\n\t\t0\nPartenaires internationaux\n\t<!-- Comment to fix spacing issue\n\t-->\t\n<h2>\n\t\tCERTIFICATIONS ET ASSOCIATIONS\n\t<\/h2>\n<h4>\n\t\tATTENTION : pour l'instant, le t\u00e9l\u00e9chargement ne fonctionne que si l'on s\u00e9lectionne la LANGUE ITALIENNE.\n\t<\/h4>\n\t\t\t\t\t\t\t\t<a href=\"#\" id=\"fl-tabs--label-0\" data-index=\"0\" aria-selected=\"true\" aria-controls=\"fl-tabs--panel-0\" aria-expanded=\"true\" role=\"tab\" tabindex=\"0\">\t\t\t\tISO 9001\t\t\t\t<\/a>\n\t\t\t\t\t\t\t\t<a href=\"#\" id=\"fl-tabs--label-1\" data-index=\"1\" aria-selected=\"false\" aria-controls=\"fl-tabs--panel-1\" aria-expanded=\"false\" role=\"tab\" tabindex=\"0\">\t\t\t\tASSOCIATIONS\t\t\t\t<\/a>\n\t\t\t\t\t\tISO 9001\n\t\t\t\t\t\t\t\t\t\t\t<p>La soci\u00e9t\u00e9 VEA S.r.l. est <strong>la premi\u00e8re entreprise en Italie <\/strong>Certifi\u00e9 UNI EN ISO9001 (n. 393)<strong> pour la conception, la fabrication, l'installation et l'entretien de syst\u00e8mes de vision industrielle<\/strong>.<\/p>\n<p><img decoding=\"async\" src=\"https:\/\/vea.it\/wp-content\/uploads\/2023\/08\/ISO-9001-2023-qualita_orizz-350x240-1.png\" alt=\"ISO 9001 LOGO\"><\/p>\n<p>T\u00e9l\u00e9chargez le certificat.<\/p>\n<p>\t\t\t\t<div class=\"email_download_link\">\r\n\t\t\t\t\t\t<form action=\"#\" method=\"post\" class=\"ed_form\" id=\"ed_form_1776649104\" data-no-translation=\"\" data-no-auto-translation=\"\" data-trp-original-action=\"#\">\r\n\t\t\t\t<p><span class=\"name\">Nom *<\/span><br><input type=\"text\" name=\"name\" id=\"name\" placeholder=\"Nom\" value=\"\" maxlength=\"50\" required><\/p>\t\t\t\t<p><span class=\"email\">Adresse mail *<\/span><br><input class=\"\" type=\"email\" id=\"email\" name=\"email\" value=\"\" placeholder=\"Adresse mail *\"  maxlength=\"225\" required><\/p>\t\t\t\t\t\t\t\t<p><span class=\"email\">T\u00e9l\u00e9chargements*<\/span><br><select name=\"group\" id=\"group\" required><option value=\"\">S\u00e9lection<\/option><option value=\"bpnsta-jtmzwr-bfuqtv-urbzhw-vgyboq\">IQNET 2023<\/option><option value=\"syetdc-tlmefx-tnawrf-crlbei-hrkztd\">ISO 9001 2023<\/option><\/select><\/p>\t\t\t\t\t\t\t\t\t\t\t\t<br \/>\r\n\t\t\t\t<input name=\"submit\" class=\"submit\" id=\"ed_form_submit_1776649104\" value=\"Envoyer le lien\" type=\"submit\" \/>\r\n\t\t\t\t<span class=\"ed_form_spinner\" id=\"loading-image\" style=\"display:none;\">\r\n\t\t\t\t\t<img src=\"https:\/\/vea.it\/wp-content\/plugins\/email-download-link\/images\/ajax-loader.gif\" \/>\r\n\t\t\t\t<\/span>\r\n\t\t\t\t<input name=\"guid\" id=\"guid\" value=\"group-option\" type=\"hidden\"\/>\r\n\t\t\t\t<input type=\"text\" style=\"display:none;\" id=\"email_name\" name=\"email_name\" value=\"\"\/>\r\n\t\t\t\t<input name=\"form_nonce\" id=\"form_nonce\" value=\"09692c31b2\" type=\"hidden\"\/>\r\n\t\t\t\t<input name=\"name_mand\" id=\"name_mand\" value=\"YES\" type=\"hidden\"\/>\r\n\t\t\t\t<input name=\"gdpr_mand\" id=\"gdpr_mand\" value=\"NO\" type=\"hidden\"\/>\r\n\t\t\t\t<input name=\"phone_mand\" id=\"phone_mand\" value=\"\" type=\"hidden\"\/>\r\n\t\t\t<input type=\"hidden\" name=\"trp-form-language\" value=\"fr\"\/><\/form>\t\r\n\t\t\t<span class=\"ed_form_message\" id=\"ed_form_message_1776649104\"><\/span>\r\n\t\t<\/div>\r\n\t avec la demande de ce lien j'autorise VEA s.r.l. \u00e0 la conservation du courrier<\/p>\n\t\t\t\t\t\tASSOCIATIONS\n\t\t\t\t\t\t\t\t\t\t\t<p><a href=\"https:\/\/www.confindustria-am.it\/\" target=\"_blank\" rel=\"noopener\"><img decoding=\"async\" loading=\"lazy\" src=\"https:\/\/vea.it\/wp-content\/uploads\/2025\/03\/confind-a-m-300x114.webp\" alt=\"Confindustria Alto Milanese\" width=\"300\" height=\"114\"><\/a><\/p>\n\t\t\t<a href=\"https:\/\/vea.it\/sistemi-di-visione\/\" target=\"_self\" rel=\"noopener\">\n\t\t\t\t\t\t\tSYST\u00c8MES DE VISION\n\t\t\t\t\t<\/a>","protected":false},"excerpt":{"rendered":"<p>Vision Artificielle Depuis plus de 25 ans, nous concevons des machines de vision artificielle d\u00e9di\u00e9es \u00e0 l'environnement industriel Solutions Non seulement des produits mais surtout des solutions d\u00e9di\u00e9es \u00e0 nos clients Ad Hoc Electronics Conception et fabrication d'\u00e9lectronique sur mesure \u00e0 usage civil et industriel, capteurs sur mesure, cartes cpu, illuminateurs Projets industriels Nous concevons et fabriquons des machines complexes qui r\u00e9pondent aux exigences ...<\/p>\n<p class=\"read-more\"> <a class=\"ast-button\" href=\"https:\/\/vea.it\/fr\/\"> <span class=\"screen-reader-text\">Page d'accueil<\/span> Lire la suite \"<\/a><\/p>","protected":false},"author":1,"featured_media":0,"parent":0,"menu_order":0,"comment_status":"closed","ping_status":"closed","template":"","meta":{"site-sidebar-layout":"no-sidebar","site-content-layout":"page-builder","ast-global-header-display":"","ast-main-header-display":"","ast-hfb-above-header-display":"","ast-hfb-below-header-display":"","ast-hfb-mobile-header-display":"","site-post-title":"disabled","ast-breadcrumbs-content":"","ast-featured-img":"disabled","footer-sml-layout":"","theme-transparent-header-meta":"default","adv-header-id-meta":"","stick-header-meta":"default","header-above-stick-meta":"","header-main-stick-meta":"","header-below-stick-meta":"","footnotes":""},"_links":{"self":[{"href":"https:\/\/vea.it\/fr\/wp-json\/wp\/v2\/pages\/18"}],"collection":[{"href":"https:\/\/vea.it\/fr\/wp-json\/wp\/v2\/pages"}],"about":[{"href":"https:\/\/vea.it\/fr\/wp-json\/wp\/v2\/types\/page"}],"author":[{"embeddable":true,"href":"https:\/\/vea.it\/fr\/wp-json\/wp\/v2\/users\/1"}],"replies":[{"embeddable":true,"href":"https:\/\/vea.it\/fr\/wp-json\/wp\/v2\/comments?post=18"}],"version-history":[{"count":21,"href":"https:\/\/vea.it\/fr\/wp-json\/wp\/v2\/pages\/18\/revisions"}],"predecessor-version":[{"id":3698,"href":"https:\/\/vea.it\/fr\/wp-json\/wp\/v2\/pages\/18\/revisions\/3698"}],"wp:attachment":[{"href":"https:\/\/vea.it\/fr\/wp-json\/wp\/v2\/media?parent=18"}],"curies":[{"name":"wp","href":"https:\/\/api.w.org\/{rel}","templated":true}]}}