{"id":1765,"date":"2020-07-30T14:12:30","date_gmt":"2020-07-30T14:12:30","guid":{"rendered":"https:\/\/vea.it\/?page_id=1765"},"modified":"2025-03-03T10:34:56","modified_gmt":"2025-03-03T10:34:56","slug":"ups-a-supercondensatori","status":"publish","type":"page","link":"https:\/\/vea.it\/fr\/hue-ups\/","title":{"rendered":"HUE-UPS"},"content":{"rendered":"<p><h2>Onduleur industriel 24V sans entretien<\/h2><\/p>\t\t\t\t\t\t\n\t\t\t\t\t\t\t<p><h2>Le module de conversion est toujours actif<\/h2><\/p>\t\t\t\t\t\t\n\t\t\t\t\t\t\t<p><h2>Onduleurs \u00e0 supercondensateurs pour PC industriels<\/h2><\/p>\t\t\t\t\t\t\n\t\t\t\t\t\t\t<p><h2>D\u00e9coupleur et stabilisateur pour instrumentation 24V<\/h2><\/p>\t\t\t\t\t\t\n\t\t\t\t\t\t\t<p><h2>Pas d'\u00e9limination des piles, impact \u00e9cologique r\u00e9duit\u00a0<\/h2><\/p>\t\t\t\t\t\t\n\t\t\t\t\t\t\t<p><h2>Aucun risque de combustion ou d'explosion<\/h2><\/p>\t\t\t\t\t\t\n\t<h1>\n\t\tONDULEURS INDUSTRIELS SANS ENTRETIEN AVEC SUPERCONDENSATEURS 24V\n\t<\/h1>\n\t<h2><a href=\"https:\/\/www.atelpi.com\/categories\/ups\/\" target=\"_blank\" rel=\"noopener\">Acheter directement sur\u00a0<\/a> <a href=\"https:\/\/www.atelpi.com\/categories\/ups\/\" target=\"_blank\" rel=\"noopener\"><img decoding=\"async\" loading=\"lazy\" src=\"https:\/\/vea.it\/wp-content\/uploads\/2025\/02\/logo-atelpi-su-bianco-mask-200x54-1.png\" alt=\"atelpi.com\" width=\"200\" height=\"54\" \/><\/a><\/h2>\n<h2>\n\t\tAlimentation sans interruption ON-LINE \u00e0 supercondensateurs sans entretien (sans batterie) avec conversion en ligne et temps de d\u00e9clenchement nul\n\t<\/h2>\n\t<p>Les HUE-UPS-SC sont des onduleurs compacts \u00e0 supercondensateurs qui se montent sur un rail DIN, n'occupant que 35 mm de large, et qui sont con\u00e7us pour les automates programmables ou d'autres appareils industriels.<\/p>\n<p>Les CEU-SCA sont des onduleurs compacts \u00e0 supercondensateurs qui se montent sur un rail DIN, occupant une largeur de 58 mm, et qui sont con\u00e7us pour les PC industriels, les automates programmables ou d'autres appareils industriels.<\/p>\n<p>Ces onduleurs rendent obsol\u00e8tes les alimentations sans interruption classiques, car la batterie rechargeable est remplac\u00e9e par le syst\u00e8me d'alimentation sans interruption. <b>supercondensateurs<\/b>.<\/p>\n<h4>Les supercondensateurs qui \u00e9quipent nos onduleurs ont une dur\u00e9e de vie de plus de 50 ans (calcul\u00e9e pour 10 cycles complets de charge\/d\u00e9charge par jour).<\/h4>\n<p>Les HUE-UPS-SC et CEU-SCA ont des temps de charge de quelques secondes.<\/p>\nCEU-SCA est l'onduleur id\u00e9al pour les PC industriels. Il est \u00e9quip\u00e9 d'un microprocesseur RISC 32 bits, d'un \u00e9cran OLED et d'une d\u00e9tection automatique de l'arr\u00eat du PC via l'analyse de la charge.<br \/>\nCEU-SCA est propos\u00e9 en 8 mod\u00e8les :\n<ul>\n<li>CEU-SCA-080-15-24 IN 24 V - OUT 24 V - 80 W - 1,5 kWs<\/li>\n<li>CEU-SCA-080-15-20 IN 24 V - OUT 20 V - 80 W - 1,5 kWs<\/li>\n<li>CEU-SCA-080-15-19 IN 24 V - OUT 19 V - 80 W - 1,5 kWs<\/li>\n<li>CEU-SCA-080-15-15 IN 24 V - OUT 15 V - 80 W - 1,5 kWs<\/li>\n<li>CEU-SCA-080-15-12 IN 24 V - OUT 12 V - 80 W - 1,5 kWs<\/li>\n<li>CEU-SCA-100-34-24 IN 24 V - OUT 24 V - 100 W - 3,4 kWs<\/li>\n<li>CEU-SCA-100-34-20 IN 24 V - OUT 20 V - 100 W - 3,4 kWs<\/li>\n<li>CEU-SCA-100-34-19 IN 24 V - OUT 19 V - 100 W - 3,4 kWs<\/li>\n<\/ul>\n<p>Le HUE-UPS-SC est convivial et se d\u00e9cline en 2 mod\u00e8les :<\/p>\n<ul>\n<li>HUE-UPS-SC-02 \/ IN 24 V - OUT 24 V - 4 A - 1.1 kWs Id\u00e9al pour l'automatisation industrielle, pour les onduleurs PLC, pour rendre les installations avec PLC conformes \u00e0 INDUSTRIA 4.0 et comme d\u00e9coupleur pour l'instrumentation 24V<\/li>\n<li>HUE-UPS-SC-01 \/ IN 24 V - OUT 19 V - 5 A - 1,1 kWs Version alimentation PC avec gestion de l'arr\u00eat par entr\u00e9es digitales<\/li>\n<\/ul>\n<h2>\n\t\tASI \u00e0 supercondensateurs sans entretien CEU-SCA-080\n\t<\/h2>\n<h4>\n\t\tInstallation simple sans programmation.\n\t<\/h4>\n\tIl suffit de connecter les bornes \"24V IN\" \u00e0 l'alimentation normale de 24V et de connecter les bornes de sortie \"OUT\" directement au PC ou \u00e0 d'autres appareils.<br \/>\nConnecter le c\u00e2ble USB \u00e0 l'ordinateur.<br \/>\n<a href=\"#doc\">T\u00e9l\u00e9chargez le logiciel pour votre PC ici.<\/a>\n<h4>\n\t\tGestion avanc\u00e9e de la charge d'absorption\n\t<\/h4>\n\t<p>D\u00e9tection automatique de l'arr\u00eat du PC \u00e0 partir de l'analyse de la consommation d'\u00e9nergie par un microprocesseur RISC 32-bit 160Mhz<\/p>\n<h4>\n\t\tToutes les informations dont vous avez besoin sont affich\u00e9es sur l'\u00e9cran OLED\n\t<\/h4>\n\t<ul>\n<li>Ic\u00f4ne indiquant le niveau de charge ou de d\u00e9charge<\/li>\n<li>Pourcentage de charge<\/li>\n<li>Version du micrologiciel<\/li>\n<li>Tension de charge des super-condensateurs<\/li>\n<li>W de d\u00e9charge<\/li>\n<li>Indications sur l'\u00e9tat de l'ASI\n<ul>\n<li>Chargement de l'onduleur<\/li>\n<li>surtension d'entr\u00e9e avec indication de tension<\/li>\n<li>tension d'entr\u00e9e instable<\/li>\n<li>commande d'arr\u00eat envoy\u00e9e au PC<\/li>\n<li>analyse de la puissance de la charge<\/li>\n<li>contr\u00f4le de la puissance de la charge<\/li>\n<li>Arr\u00eat de l'ASI avec compte \u00e0 rebours<\/li>\n<\/ul>\n<\/li>\n<\/ul>\n\t\t\t\t<a href=\"https:\/\/vea.it\/wp-content\/uploads\/2025\/02\/CEU-SCA-XX0-web1.png\" target=\"_self\" itemprop=\"url\" rel=\"noopener\">\n\t\t\t\t<img decoding=\"async\" loading=\"lazy\" src=\"https:\/\/vea.it\/wp-content\/uploads\/2025\/02\/CEU-SCA-XX0-web1.png\" alt=\"CEU-SCA\" itemprop=\"image\" height=\"534\" width=\"467\" title=\"CEU-SCA-XX0-web1\" onerror=\"this.style.display='none'\"  \/>\n\t\t\t\t<\/a>\n\t\tSUPERCONDENSATEUR UPS\n<h2>\n\t\tPourquoi utiliser l'ASI avec les SUPERCONDENSEURS ?\n\t<\/h2>\n\t\t\t\t<a href=\"https:\/\/vea.it\/wp-content\/uploads\/2020\/07\/iso-02-800.jpg\" target=\"_self\" itemprop=\"url\" rel=\"noopener\">\n\t\t\t\t<img decoding=\"async\" src=\"https:\/\/vea.it\/wp-content\/uploads\/2020\/07\/iso-02-800.jpg\" alt=\"ISO9001\" itemprop=\"image\" title=\"iso-02-800\" onerror=\"this.style.display='none'\"  \/>\n\t\t\t\t<\/a>\n<h3>\n\t\tMettre les \u00e9quipements industriels en conformit\u00e9 avec les r\u00e9glementations italiennes sur l'industrie 4.0.\n\t<\/h3>\n\t<ul>\n<li>L'int\u00e9gration automatis\u00e9e de l'installation avec le syst\u00e8me logistique ou le r\u00e9seau d'approvisionnement de l'usine doit \u00eatre assur\u00e9e dans toutes les conditions, m\u00eame en cas de panne de courant.<\/li>\n<li>\n<h4>Les onduleurs sans maintenance VEA rendent les automates totalement conformes aux normes italiennes de l'industrie 4.0, garantissant le transfert des informations vers des serveurs externes, m\u00eame en cas de panne de courant.<\/h4>\n<\/li>\n<\/ul>\n<h3>\n\t\tPour r\u00e9gler correctement la partie pneumatique apr\u00e8s une chute de tension\n\t<\/h3>\n\t<ul>\n<li>Certains syst\u00e8mes suivant une chute de tension pourraient positionner les actionneurs pneumatiques dans une position telle qu'ils pourraient produire des dommages, en reposant peut-\u00eatre sur des pi\u00e8ces encore en mouvement par inertie.<\/li>\n<li>L'alimentation par onduleur de l'automate et de certaines \u00e9lectrovannes, m\u00eame si ce n'est que pour quelques secondes, permet de s\u00e9curiser la partie pneumatique sans utiliser les vannes bistables plus co\u00fbteuses.<\/li>\n<\/ul>\n\t\t\t\t<a href=\"https:\/\/vea.it\/wp-content\/uploads\/2020\/07\/emerg-pn-01-800q.jpg\" target=\"_self\" itemprop=\"url\" rel=\"noopener\">\n\t\t\t\t<img decoding=\"async\" src=\"https:\/\/vea.it\/wp-content\/uploads\/2020\/07\/emerg-pn-01-800q.jpg\" alt=\"Vannes bistables\" itemprop=\"image\" title=\"emerg-pn-01-800q\" onerror=\"this.style.display='none'\"  \/>\n\t\t\t\t<\/a>\n\t\t\t\t<a href=\"https:\/\/vea.it\/wp-content\/uploads\/2020\/07\/lvdt-sens-01-800.jpg\" target=\"_self\" itemprop=\"url\" rel=\"noopener\">\n\t\t\t\t<img decoding=\"async\" src=\"https:\/\/vea.it\/wp-content\/uploads\/2020\/07\/lvdt-sens-01-800.jpg\" alt=\"capteurs de pr\u00e9cision\" itemprop=\"image\" title=\"lvdt-sens-01-800\" onerror=\"this.style.display='none'\"  \/>\n\t\t\t\t<\/a>\n<h3>\n\t\tPour stabiliser la tension lors de l'utilisation de capteurs de pr\u00e9cision ou d'autres instruments sensibles\n\t<\/h3>\n\t<ul>\n<li>Contrairement aux autres onduleurs du march\u00e9, le module de conversion unique toujours actif (ON-LINE) stabilise la tension de sortie contre les fluctuations de la tension d'entr\u00e9e.<\/li>\n<li>La tension d'entr\u00e9e est toujours s\u00e9par\u00e9e \u00e9lectroniquement, seul le 0 V est commun.<\/li>\n<li>Les capteurs de pr\u00e9cision et les appareils de mesure augmentent leur fiabilit\u00e9 car HUE-UPS \u00e9limine les perturbations de l'alimentation 24V.<\/li>\n<\/ul>\n<h3>\n\t\tAlimentation \u00e9lectrique sans entretien et UPS pour PC\n\t<\/h3>\n\t<ul>\n<li>Cette unit\u00e9 compacte permet d'alimenter un PC avec une entr\u00e9e de 12V ou 15V ou 19V ou 20V ou 24V \u00e0 partir d'une alimentation de 24V m\u00eame avec des fluctuations importantes (20V-28V).<\/li>\n<li>En outre, l'alimentation sans interruption permet d'arr\u00eater correctement le PC en cas de d\u00e9faillance de la tension d'entr\u00e9e.<\/li>\n<\/ul>\n\t\t\t\t<a href=\"https:\/\/vea.it\/wp-content\/uploads\/2020\/07\/pc-01-800.jpg\" target=\"_self\" itemprop=\"url\" rel=\"noopener\">\n\t\t\t\t<img decoding=\"async\" src=\"https:\/\/vea.it\/wp-content\/uploads\/2020\/07\/pc-01-800.jpg\" alt=\"PC UPS\" itemprop=\"image\" title=\"pc-01-800\" onerror=\"this.style.display='none'\"  \/>\n\t\t\t\t<\/a>\n<h2>\n\t\tPourquoi utiliser des supercondensateurs plut\u00f4t que des batteries ?\n\t<\/h2>\n\t\t\t\t<a href=\"https:\/\/vea.it\/wp-content\/uploads\/2020\/07\/hue-ups-sc-02-800Q.jpg\" target=\"_self\" itemprop=\"url\" rel=\"noopener\">\n\t\t\t\t<img decoding=\"async\" loading=\"lazy\" src=\"https:\/\/vea.it\/wp-content\/uploads\/2020\/07\/hue-ups-sc-02-800Q.jpg\" alt=\"UPS\" itemprop=\"image\" height=\"800\" width=\"800\" title=\"hue-ups-sc-02 800Q\" onerror=\"this.style.display='none'\"  \/>\n\t\t\t\t<\/a>\n\t\tHUE-UPS-SC-02\n\t<ul>\n<li>Un supercondensateur est un condensateur particulier qui a la caract\u00e9ristique d'accumuler une quantit\u00e9 exceptionnellement importante de charge \u00e9lectrique par rapport aux condensateurs traditionnels.<\/li>\n<li>L'absence d'entretien \u00e9limine la mise au rebut des piles, ce qui r\u00e9duit \u00e0 n\u00e9ant l'impact sur l'environnement.<\/li>\n<li>Pas de risque d'emballement thermique, c'est-\u00e0-dire le processus qui conduit \u00e0 la combustion ou \u00e0 l'explosion des piles.<\/li>\n<li>Dans les batteries \u00e9lectrochimiques (LEAD\/GEL\/AGM\/LITIUM), il se produit une r\u00e9action chimique qui entra\u00eene une d\u00e9t\u00e9rioration des performances et de la dur\u00e9e de vie ; dans les supercondensateurs, il n'y a pas de r\u00e9action chimique.<\/li>\n<li>Les supercondensateurs ont une dur\u00e9e de vie au moins 200 fois sup\u00e9rieure \u00e0 celle des batteries \u00e9lectrochimiques.<\/li>\n<li>Les supercondensateurs peuvent fonctionner pendant au moins 50 ans avec 10 cycles de charge\/d\u00e9charge par jour.<\/li>\n<li>Les supercondensateurs, pr\u00e9cis\u00e9ment parce qu'il n'y a pas de r\u00e9action chimique, n'ont pas les probl\u00e8mes de s\u00e9curit\u00e9 des batteries.<\/li>\n<\/ul>\n\t<ul>\n<li>Par rapport aux batteries, elles ont l'avantage de pouvoir \u00eatre charg\u00e9es ou d\u00e9charg\u00e9es presque instantan\u00e9ment, ce qui leur conf\u00e8re une puissance sp\u00e9cifique tr\u00e8s \u00e9lev\u00e9e.<\/li>\n<li>Elles ont au moins 100 fois plus de cycles de charge\/d\u00e9charge que les batteries normales, ce qui garantit une maintenance pratiquement nulle.<\/li>\n<\/ul>\n\t\t\t\t<a href=\"https:\/\/vea.it\/wp-content\/uploads\/2020\/07\/Super_capacitor_ch1.jpg\" target=\"_self\" itemprop=\"url\" rel=\"noopener\">\n\t\t\t\t<img decoding=\"async\" src=\"https:\/\/vea.it\/wp-content\/uploads\/2020\/07\/Super_capacitor_ch1.jpg\" alt=\"supercap\" itemprop=\"image\" title=\"Super_condensateur_ch1\" onerror=\"this.style.display='none'\"  \/>\n\t\t\t\t<\/a>\n<h3>\n\t\tExemples d'UPS-SC install\u00e9s dans une armoire \u00e9lectrique<br \/>(photos aimablement fournies par nos clients)\n\t<\/h3>\n\t\t\t\t<a href=\"https:\/\/vea.it\/wp-content\/uploads\/2020\/07\/hue-ups-sc-installed1-800x640-1.jpg\" target=\"_self\" itemprop=\"url\" rel=\"noopener\">\n\t\t\t\t<img decoding=\"async\" src=\"https:\/\/vea.it\/wp-content\/uploads\/2020\/07\/hue-ups-sc-installed1-800x640-1.jpg\" alt=\"UPS\" itemprop=\"image\" title=\"hue-ups-sc-installed1-800x640\" onerror=\"this.style.display='none'\"  \/>\n\t\t\t\t<\/a>\n\t\t\t\t<a href=\"https:\/\/vea.it\/wp-content\/uploads\/2020\/07\/hue-ups-sc-installed2-800x640-1.jpg\" target=\"_self\" itemprop=\"url\" rel=\"noopener\">\n\t\t\t\t<img decoding=\"async\" src=\"https:\/\/vea.it\/wp-content\/uploads\/2020\/07\/hue-ups-sc-installed2-800x640-1.jpg\" alt=\"UPS\" itemprop=\"image\" title=\"hue-ups-sc-installed2-800x640\" onerror=\"this.style.display='none'\"  \/>\n\t\t\t\t<\/a>\n<h2>\n\t\t<\/h2><h2 id=\"doc\"> T\u00c9L\u00c9CHARGER\n\t<\/h2>\n\t\t\t\t\t\t\t\t<a href=\"#\" id=\"fl-tabs--label-0\" data-index=\"0\" aria-selected=\"true\" aria-controls=\"fl-tabs--panel-0\" aria-expanded=\"true\" role=\"tab\" tabindex=\"0\">\t\t\t\tCATALOGUES\t\t\t\t<\/a>\n\t\t\t\t\t\t\t\t<a href=\"#\" id=\"fl-tabs--label-1\" data-index=\"1\" aria-selected=\"false\" aria-controls=\"fl-tabs--panel-1\" aria-expanded=\"false\" role=\"tab\" tabindex=\"0\">\t\t\t\tLES DOCUMENTS TECHNIQUES\t\t\t\t<\/a>\n\t\t\t\t\t\t\t\t<a href=\"#\" id=\"fl-tabs--label-2\" data-index=\"2\" aria-selected=\"false\" aria-controls=\"fl-tabs--panel-2\" aria-expanded=\"false\" role=\"tab\" tabindex=\"0\">\t\t\t\tLOGICIELS JUSQU'EN 2024\t\t\t\t<\/a>\n\t\t\t\t\t\t\t\t<a href=\"#\" id=\"fl-tabs--label-3\" data-index=\"3\" aria-selected=\"false\" aria-controls=\"fl-tabs--panel-3\" aria-expanded=\"false\" role=\"tab\" tabindex=\"0\">\t\t\t\tLOGICIEL \u00c0 PARTIR DE 2025\t\t\t\t<\/a>\n\t\t\t\t\t\tCATALOGUES\n\t\t\t\t\t\t\t\t\t\t\t<p>Le suffixe indique la langue du document.<\/p>\n<p>\t\t\t\t<div class=\"email_download_link\">\r\n\t\t\t\t\t\t<form action=\"#\" method=\"post\" class=\"ed_form\" id=\"ed_form_1776654057\" data-no-translation=\"\" data-no-auto-translation=\"\" data-trp-original-action=\"#\">\r\n\t\t\t\t<p><span class=\"name\">Nom *<\/span><br><input type=\"text\" name=\"name\" id=\"name\" placeholder=\"Nom\" value=\"\" maxlength=\"50\" required><\/p>\t\t\t\t<p><span class=\"email\">Adresse mail *<\/span><br><input class=\"\" type=\"email\" id=\"email\" name=\"email\" value=\"\" placeholder=\"Adresse mail *\"  maxlength=\"225\" required><\/p>\t\t\t\t\t\t\t\t<p><span class=\"email\">T\u00e9l\u00e9chargements*<\/span><br><select name=\"group\" id=\"group\" required><option value=\"\">S\u00e9lection<\/option><\/select><\/p>\t\t\t\t\t\t\t\t\t\t\t\t<br \/>\r\n\t\t\t\t<input name=\"submit\" class=\"submit\" id=\"ed_form_submit_1776654057\" value=\"Envoyer le lien\" type=\"submit\" \/>\r\n\t\t\t\t<span class=\"ed_form_spinner\" id=\"loading-image\" style=\"display:none;\">\r\n\t\t\t\t\t<img src=\"https:\/\/vea.it\/wp-content\/plugins\/email-download-link\/images\/ajax-loader.gif\" \/>\r\n\t\t\t\t<\/span>\r\n\t\t\t\t<input name=\"guid\" id=\"guid\" value=\"group-option\" type=\"hidden\"\/>\r\n\t\t\t\t<input type=\"text\" style=\"display:none;\" id=\"email_name\" name=\"email_name\" value=\"\"\/>\r\n\t\t\t\t<input name=\"form_nonce\" id=\"form_nonce\" value=\"09692c31b2\" type=\"hidden\"\/>\r\n\t\t\t\t<input name=\"name_mand\" id=\"name_mand\" value=\"YES\" type=\"hidden\"\/>\r\n\t\t\t\t<input name=\"gdpr_mand\" id=\"gdpr_mand\" value=\"NO\" type=\"hidden\"\/>\r\n\t\t\t\t<input name=\"phone_mand\" id=\"phone_mand\" value=\"\" type=\"hidden\"\/>\r\n\t\t\t<input type=\"hidden\" name=\"trp-form-language\" value=\"fr\"\/><\/form>\t\r\n\t\t\t<span class=\"ed_form_message\" id=\"ed_form_message_1776654057\"><\/span>\r\n\t\t<\/div>\r\n\t avec la demande de ce lien j'autorise VEA s.r.l. \u00e0 la conservation du courrier<\/p>\n\t\t\t\t\t\tLES DOCUMENTS TECHNIQUES\n\t\t\t\t\t\t\t\t\t\t\t<p>Le suffixe indique la langue du document.<\/p>\n<p>\t\t\t\t<div class=\"email_download_link\">\r\n\t\t\t\t\t\t<form action=\"#\" method=\"post\" class=\"ed_form\" id=\"ed_form_1776654057\" data-no-translation=\"\" data-no-auto-translation=\"\" data-trp-original-action=\"#\">\r\n\t\t\t\t<p><span class=\"name\">Nom *<\/span><br><input type=\"text\" name=\"name\" id=\"name\" placeholder=\"Nom\" value=\"\" maxlength=\"50\" required><\/p>\t\t\t\t<p><span class=\"email\">Adresse mail *<\/span><br><input class=\"\" type=\"email\" id=\"email\" name=\"email\" value=\"\" placeholder=\"Adresse mail *\"  maxlength=\"225\" required><\/p>\t\t\t\t\t\t\t\t<p><span class=\"email\">T\u00e9l\u00e9chargements*<\/span><br><select name=\"group\" id=\"group\" required><option value=\"\">S\u00e9lection<\/option><option value=\"nklrhu-awtuvd-ardkjv-dtyzof-mkdtoq\">Vsc-hue-ups-sc-datasheet-it<\/option><option value=\"aefnsm-paicqo-ufride-dnsurb-vwclpx\">Vsc-hue-ups-sc-datasheet-en<\/option><option value=\"pulsra-eixugf-ajnlpf-fvecir-gthlsk\">Vsc-CEU-SCA-XX0-datasheet-it<\/option><option value=\"ykhjwa-rwnqsu-dvbzhs-ladsgj-awkejf\">Vsc-CEU-SCA-XX0-datasheet-en<\/option><\/select><\/p>\t\t\t\t\t\t\t\t\t\t\t\t<br \/>\r\n\t\t\t\t<input name=\"submit\" class=\"submit\" id=\"ed_form_submit_1776654057\" value=\"Envoyer le lien\" type=\"submit\" \/>\r\n\t\t\t\t<span class=\"ed_form_spinner\" id=\"loading-image\" style=\"display:none;\">\r\n\t\t\t\t\t<img src=\"https:\/\/vea.it\/wp-content\/plugins\/email-download-link\/images\/ajax-loader.gif\" \/>\r\n\t\t\t\t<\/span>\r\n\t\t\t\t<input name=\"guid\" id=\"guid\" value=\"group-option\" type=\"hidden\"\/>\r\n\t\t\t\t<input type=\"text\" style=\"display:none;\" id=\"email_name\" name=\"email_name\" value=\"\"\/>\r\n\t\t\t\t<input name=\"form_nonce\" id=\"form_nonce\" value=\"09692c31b2\" type=\"hidden\"\/>\r\n\t\t\t\t<input name=\"name_mand\" id=\"name_mand\" value=\"YES\" type=\"hidden\"\/>\r\n\t\t\t\t<input name=\"gdpr_mand\" id=\"gdpr_mand\" value=\"NO\" type=\"hidden\"\/>\r\n\t\t\t\t<input name=\"phone_mand\" id=\"phone_mand\" value=\"\" type=\"hidden\"\/>\r\n\t\t\t<input type=\"hidden\" name=\"trp-form-language\" value=\"fr\"\/><\/form>\t\r\n\t\t\t<span class=\"ed_form_message\" id=\"ed_form_message_1776654057\"><\/span>\r\n\t\t<\/div>\r\n\t avec la demande de ce lien j'autorise VEA s.r.l. \u00e0 la conservation du courrier<\/p>\n\t\t\t\t\t\tLOGICIELS JUSQU'EN 2024\n\t\t\t\t\t\t\t\t\t\t\t<p>Le suffixe indique la langue du document.<\/p>\n<p>\t\t\t\t<div class=\"email_download_link\">\r\n\t\t\t\t\t\t<form action=\"#\" method=\"post\" class=\"ed_form\" id=\"ed_form_1776654057\" data-no-translation=\"\" data-no-auto-translation=\"\" data-trp-original-action=\"#\">\r\n\t\t\t\t<p><span class=\"name\">Nom *<\/span><br><input type=\"text\" name=\"name\" id=\"name\" placeholder=\"Nom\" value=\"\" maxlength=\"50\" required><\/p>\t\t\t\t<p><span class=\"email\">Adresse mail *<\/span><br><input class=\"\" type=\"email\" id=\"email\" name=\"email\" value=\"\" placeholder=\"Adresse mail *\"  maxlength=\"225\" required><\/p>\t\t\t\t\t\t\t\t<p><span class=\"email\">T\u00e9l\u00e9chargements*<\/span><br><select name=\"group\" id=\"group\" required><option value=\"\">S\u00e9lection<\/option><option value=\"pyiulo-hcmqje-mxrpbj-mnvaip-kdtzgo\">UPS VEA_v1.4<\/option><option value=\"pvkftb-yhelrq-spemzq-qaciwl-qlekyi\">UPS VEA_v1.5<\/option><option value=\"smjkwv-epfbia-jkislh-erzqdm-xsaofe\">UPS VEA_v1.6<\/option><option value=\"etnpza-rcpfhi-abvspl-rjgmnb-htpqwn\">UPS VEA_v1.7<\/option><option value=\"pxaflo-wfrobz-ltomca-rjkxvy-wjcefr\">UPS VEA_v1.8<\/option><option value=\"wnoybs-yeanup-xqghic-iencgb-tfahli\">UPS VEA_v1.9<\/option><option value=\"dvsulf-owyjpi-mnoarf-mrowlz-caupeq\">UPS VEA_v2.0<\/option><option value=\"tcxlbf-qnvokh-gvibco-sbnoaw-vblpnx\">UPS VEA_v2.1<\/option><option value=\"udtepv-pnbdeo-sjhxeo-ajbipq-sqvjrp\">driver CH340 guide<\/option><option value=\"kyfxan-cxnqtp-awolky-ajcxev-nertpj\">UPS VEA_v2.2<\/option><\/select><\/p>\t\t\t\t\t\t\t\t\t\t\t\t<br \/>\r\n\t\t\t\t<input name=\"submit\" class=\"submit\" id=\"ed_form_submit_1776654057\" value=\"Envoyer le lien\" type=\"submit\" \/>\r\n\t\t\t\t<span class=\"ed_form_spinner\" id=\"loading-image\" style=\"display:none;\">\r\n\t\t\t\t\t<img src=\"https:\/\/vea.it\/wp-content\/plugins\/email-download-link\/images\/ajax-loader.gif\" \/>\r\n\t\t\t\t<\/span>\r\n\t\t\t\t<input name=\"guid\" id=\"guid\" value=\"group-option\" type=\"hidden\"\/>\r\n\t\t\t\t<input type=\"text\" style=\"display:none;\" id=\"email_name\" name=\"email_name\" value=\"\"\/>\r\n\t\t\t\t<input name=\"form_nonce\" id=\"form_nonce\" value=\"09692c31b2\" type=\"hidden\"\/>\r\n\t\t\t\t<input name=\"name_mand\" id=\"name_mand\" value=\"YES\" type=\"hidden\"\/>\r\n\t\t\t\t<input name=\"gdpr_mand\" id=\"gdpr_mand\" value=\"NO\" type=\"hidden\"\/>\r\n\t\t\t\t<input name=\"phone_mand\" id=\"phone_mand\" value=\"\" type=\"hidden\"\/>\r\n\t\t\t<input type=\"hidden\" name=\"trp-form-language\" value=\"fr\"\/><\/form>\t\r\n\t\t\t<span class=\"ed_form_message\" id=\"ed_form_message_1776654057\"><\/span>\r\n\t\t<\/div>\r\n\t avec la demande de ce lien j'autorise VEA s.r.l. \u00e0 la conservation du courrier<\/p>\n\t\t\t\t\t\tLOGICIEL \u00c0 PARTIR DE 2025\n\t\t\t\t\t\t\t\t\t\t\t<p>Le suffixe indique la langue du document.<\/p>\n<p>\t\t\t\t<div class=\"email_download_link\">\r\n\t\t\t\t\t\t<form action=\"#\" method=\"post\" class=\"ed_form\" id=\"ed_form_1776654057\" data-no-translation=\"\" data-no-auto-translation=\"\" data-trp-original-action=\"#\">\r\n\t\t\t\t<p><span class=\"name\">Nom *<\/span><br><input type=\"text\" name=\"name\" id=\"name\" placeholder=\"Nom\" value=\"\" maxlength=\"50\" required><\/p>\t\t\t\t<p><span class=\"email\">Adresse mail *<\/span><br><input class=\"\" type=\"email\" id=\"email\" name=\"email\" value=\"\" placeholder=\"Adresse mail *\"  maxlength=\"225\" required><\/p>\t\t\t\t\t\t\t\t<p><span class=\"email\">T\u00e9l\u00e9chargements*<\/span><br><select name=\"group\" id=\"group\" required><option value=\"\">S\u00e9lection<\/option><option value=\"hpkrof-zgaptb-yacnop-slfocm-lvhasy\">UPS VEA_v3.0<\/option><option value=\"bleupm-ovmfyu-cjvfse-zgcvmh-reuwhv\">UPS VEA_v4.0<\/option><\/select><\/p>\t\t\t\t\t\t\t\t\t\t\t\t<br \/>\r\n\t\t\t\t<input name=\"submit\" class=\"submit\" id=\"ed_form_submit_1776654057\" value=\"Envoyer le lien\" type=\"submit\" \/>\r\n\t\t\t\t<span class=\"ed_form_spinner\" id=\"loading-image\" style=\"display:none;\">\r\n\t\t\t\t\t<img src=\"https:\/\/vea.it\/wp-content\/plugins\/email-download-link\/images\/ajax-loader.gif\" \/>\r\n\t\t\t\t<\/span>\r\n\t\t\t\t<input name=\"guid\" id=\"guid\" value=\"group-option\" type=\"hidden\"\/>\r\n\t\t\t\t<input type=\"text\" style=\"display:none;\" id=\"email_name\" name=\"email_name\" value=\"\"\/>\r\n\t\t\t\t<input name=\"form_nonce\" id=\"form_nonce\" value=\"09692c31b2\" type=\"hidden\"\/>\r\n\t\t\t\t<input name=\"name_mand\" id=\"name_mand\" value=\"YES\" type=\"hidden\"\/>\r\n\t\t\t\t<input name=\"gdpr_mand\" id=\"gdpr_mand\" value=\"NO\" type=\"hidden\"\/>\r\n\t\t\t\t<input name=\"phone_mand\" id=\"phone_mand\" value=\"\" type=\"hidden\"\/>\r\n\t\t\t<input type=\"hidden\" name=\"trp-form-language\" value=\"fr\"\/><\/form>\t\r\n\t\t\t<span class=\"ed_form_message\" id=\"ed_form_message_1776654057\"><\/span>\r\n\t\t<\/div>\r\n\t avec la demande de ce lien j'autorise VEA s.r.l. \u00e0 la conservation du courrier<\/p>\n\t\t\t<a href=\"https:\/\/vea.it\/illuminatori\/\" target=\"_self\" rel=\"noopener\">\n\t\t\t\t\t\t\tILLUMINATEURS\n\t\t\t\t\t<\/a>","protected":false},"excerpt":{"rendered":"<p>Onduleur industriel 24V sans entretien Module de conversion sans entretien Onduleur \u00e0 supercondensateur toujours actif pour les PC industriels D\u00e9coupleur et stabilisateur pour l'instrumentation 24V Pas d'\u00e9limination de la batterie, impact \u00e9cologique r\u00e9duit Pas de risque de combustion ou d'explosion Onduleur industriel 24V \u00e0 supercondensateur sans entretien Acheter directement sur ON-LINE Onduleur \u00e0 supercondensateur sans entretien (sans entretien, pas de ...<\/p>\n<p class=\"read-more\"> <a class=\"ast-button\" href=\"https:\/\/vea.it\/fr\/hue-ups\/\"> <span class=\"screen-reader-text\">HUE-UPS<\/span> Lire la suite \"<\/a><\/p>","protected":false},"author":2,"featured_media":0,"parent":0,"menu_order":0,"comment_status":"closed","ping_status":"closed","template":"","meta":{"site-sidebar-layout":"no-sidebar","site-content-layout":"page-builder","ast-global-header-display":"","ast-main-header-display":"","ast-hfb-above-header-display":"","ast-hfb-below-header-display":"","ast-hfb-mobile-header-display":"","site-post-title":"disabled","ast-breadcrumbs-content":"","ast-featured-img":"disabled","footer-sml-layout":"","theme-transparent-header-meta":"default","adv-header-id-meta":"","stick-header-meta":"default","header-above-stick-meta":"","header-main-stick-meta":"","header-below-stick-meta":"","footnotes":""},"_links":{"self":[{"href":"https:\/\/vea.it\/fr\/wp-json\/wp\/v2\/pages\/1765"}],"collection":[{"href":"https:\/\/vea.it\/fr\/wp-json\/wp\/v2\/pages"}],"about":[{"href":"https:\/\/vea.it\/fr\/wp-json\/wp\/v2\/types\/page"}],"author":[{"embeddable":true,"href":"https:\/\/vea.it\/fr\/wp-json\/wp\/v2\/users\/2"}],"replies":[{"embeddable":true,"href":"https:\/\/vea.it\/fr\/wp-json\/wp\/v2\/comments?post=1765"}],"version-history":[{"count":22,"href":"https:\/\/vea.it\/fr\/wp-json\/wp\/v2\/pages\/1765\/revisions"}],"predecessor-version":[{"id":3602,"href":"https:\/\/vea.it\/fr\/wp-json\/wp\/v2\/pages\/1765\/revisions\/3602"}],"wp:attachment":[{"href":"https:\/\/vea.it\/fr\/wp-json\/wp\/v2\/media?parent=1765"}],"curies":[{"name":"wp","href":"https:\/\/api.w.org\/{rel}","templated":true}]}}