{"id":1574,"date":"2020-07-27T17:50:49","date_gmt":"2020-07-27T17:50:49","guid":{"rendered":"https:\/\/vea.it\/?page_id=1574"},"modified":"2025-05-07T16:55:29","modified_gmt":"2025-05-07T16:55:29","slug":"sistema-di-visione-integrato","status":"publish","type":"page","link":"https:\/\/vea.it\/fr\/cadre-industriel-par-systeme-vision\/","title":{"rendered":"CADRE INDUSTRIEL POUR LES SYST\u00c8MES DE VISION"},"content":{"rendered":"<ul>\n\t\t<li>\t\t\n\t\t\t\t<img decoding=\"async\" src=\"https:\/\/vea.it\/wp-content\/uploads\/2020\/08\/ICON-hus17-1.png\" alt=\"ic\u00f4ne\" title=\"ICON-hus17-1\" itemprop=\"image\"\/>\n\t\tPLC inclus pour l'interface avec les usines de production<\/li><li>\t\t\n\t\t\t\t<img decoding=\"async\" src=\"https:\/\/vea.it\/wp-content\/uploads\/2020\/08\/ICON-hus17-2.png\" alt=\"ic\u00f4ne\" title=\"ICON-hus17-2\" itemprop=\"image\"\/>\n\t\tTiroir-clavier int\u00e9gr\u00e9<\/li><li>\t\t\n\t\t\t\t<img decoding=\"async\" src=\"https:\/\/vea.it\/wp-content\/uploads\/2020\/08\/ICON-hus17-3.png\" alt=\"ic\u00f4ne\" title=\"ICON-hus17-3\" itemprop=\"image\"\/>\n\t\tPanneau de commande enti\u00e8rement personnalisable<\/li>\t<\/ul>\n\t\t\t\t\t\t\t<p>Double rail DIN interne avec espace libre<\/p>\t\t\t\t\t\t\n\t\t\t\t\t\t\t<p>Norme CE et UL<\/p>\t\t\t\t\t\t\n\t\t\t\t\t\t\t<p>Industrie conforme 4.0<\/p>\t\t\t\t\t\t\n\t<h1>\n\t\tCADRE INDUSTRIEL POUR LES SYST\u00c8MES DE VISION INT\u00c9GR\u00c9S\n\t<\/h1>\n<h2>\n\t\tQu'est-ce qu'un syst\u00e8me de vision int\u00e9gr\u00e9 ?\n\t<\/h2>\n\t<p>Un syst\u00e8me de vision int\u00e9gr\u00e9 combine les fonctionnalit\u00e9s classiques de la vision industrielle avec des modules avanc\u00e9s, normalement externes, tels que les automates programmables, les panneaux de commande, les contr\u00f4leurs d'\u00e9clairage et les contr\u00f4leurs de moteurs et d'axes. Cette architecture compacte simplifie l'int\u00e9gration, am\u00e9liore l'efficacit\u00e9 du syst\u00e8me et r\u00e9duit le temps et les co\u00fbts d'installation. Gr\u00e2ce \u00e0 sa polyvalence, c'est le choix id\u00e9al non seulement pour les nouvelles lignes de production, mais aussi pour <strong>revamping industriel<\/strong>permettant de moderniser les machines existantes en les dotant d'une technologie de pointe.<\/p>\n<h2>\n\t\tLe remplacement d'un syst\u00e8me de vision n'a jamais \u00e9t\u00e9 aussi simple.\n\t<\/h2>\n\t\t\t\t<a href=\"https:\/\/vea.it\/wp-content\/uploads\/2020\/07\/hus-int-17-left-800.jpg\" target=\"_self\" itemprop=\"url\" rel=\"noopener\">\n\t\t\t\t<img decoding=\"async\" src=\"https:\/\/vea.it\/wp-content\/uploads\/2020\/07\/hus-int-17-left-800.jpg\" alt=\"Syst\u00e8me de vision int\u00e9gr\u00e9\" itemprop=\"image\" title=\"hus-int-17-left-800\" onerror=\"this.style.display='none'\"  \/>\n\t\t\t\t<\/a>\n\t<p><b>HUS-IND-17 <\/b>est un pupitre de commande pour les syst\u00e8mes de vision VEA de la s\u00e9rie C, dot\u00e9 d'un \u00e9cran tactile capacitif multi-touch de 24\u2033 et d'un c\u00e2blage homologu\u00e9 CE ou UL pour le march\u00e9 nord-am\u00e9ricain.<\/p>\n<p>Il dispose d'un tiroir coulissant pour le clavier et la souris et ses dimensions extr\u00eamement compactes de 656 x 494 x P 350 mm.<\/p>\n<p>Il int\u00e8gre un syst\u00e8me de vision VEA de la s\u00e9rie C et un onduleur \u00e0 supercondensateur sans entretien qui r\u00e9pond aux normes de l'industrie 5.0, m\u00eame en cas de panne de courant.<\/p>\n<h4>I <em>syst\u00e8mes de vision int\u00e9gr\u00e9s<\/em> comprennent un automate et un panneau op\u00e9rateur et sont des produits id\u00e9aux pour r\u00e9nover les syst\u00e8mes de vision de toute marque.<\/h4>\n<h3>\n\t\tExtr\u00eame facilit\u00e9 d'installation\n\t<\/h3>\n\tLa structure ergonomique permet de connecter de mani\u00e8re ordonn\u00e9e et extensible les diff\u00e9rents modules du syst\u00e8me de vision modulable de la s\u00e9rie C et d'autres composants.<br \/>\nLe syst\u00e8me de refroidissement \u00e0 air forc\u00e9 avec filtre haute densit\u00e9 maintient les composants \u00e0 la bonne temp\u00e9rature et les garde propres.<br \/>\nLe bo\u00eetier de vision industrielle VEA est dot\u00e9 d'une grande porte qui permet un acc\u00e8s frontal et lat\u00e9ral au bo\u00eetier pour faciliter la maintenance.\n\t\t\t\t<a href=\"https:\/\/vea.it\/wp-content\/uploads\/2020\/07\/hus-ind-17-quadro-800.jpg\" target=\"_self\" itemprop=\"url\" rel=\"noopener\">\n\t\t\t\t<img decoding=\"async\" src=\"https:\/\/vea.it\/wp-content\/uploads\/2020\/07\/hus-ind-17-quadro-800.jpg\" alt=\"Syst\u00e8me de vision int\u00e9gr\u00e9\" itemprop=\"image\" title=\"hus-ind 17 peinture 800\" onerror=\"this.style.display='none'\"  \/>\n\t\t\t\t<\/a>\n\t\t\t\t<a href=\"https:\/\/vea.it\/wp-content\/uploads\/2020\/07\/hus-ind-17-quadro-2-800q.jpg\" target=\"_self\" itemprop=\"url\" rel=\"noopener\">\n\t\t\t\t<img decoding=\"async\" src=\"https:\/\/vea.it\/wp-content\/uploads\/2020\/07\/hus-ind-17-quadro-2-800q.jpg\" alt=\"Syst\u00e8me de vision int\u00e9gr\u00e9\" itemprop=\"image\" title=\"hus-ind-17 square 2 800q\" onerror=\"this.style.display='none'\"  \/>\n\t\t\t\t<\/a>\n\t<p>Les deux barres din incluses permettent de loger d'autres composants dans le panneau \u00e9lectrique et un panneau frontal permet d'ins\u00e9rer d'autres boutons, par exemple un champignon d'urgence.<\/p>\n<p>L'onduleur interne \u00e0 supercondensateurs d'un encombrement de seulement 35 x 124 mm permet l'int\u00e9gration automatis\u00e9e du syst\u00e8me avec le syst\u00e8me logistique de l'usine, m\u00eame en cas de panne de courant, comme l'exige la norme italienne \"Industrie 5.0\".<\/p>\n<p>L'extr\u00eame polyvalence et la facilit\u00e9 d'installation font du HUS-IND-17 un outil id\u00e9al pour l'installation sur des lignes de production existantes et pour la mise \u00e0 niveau de syst\u00e8mes de vision.<\/p>\n<h3>\n\t\tSyst\u00e8me de vision int\u00e9gr\u00e9\n\t<\/h3>\n\t<p>Le syst\u00e8me de vision haute puissance de la s\u00e9rie C vous permet de connecter jusqu'\u00e0 32 cam\u00e9ras, de traiter jusqu'\u00e0 500 images\/seconde et d'effectuer plus de 1000 analyses par image.<\/p>\n<p>Il peut \u00e9galement stocker plus de 5000 programmes de produits diff\u00e9rents.<\/p>\n<p>Le syst\u00e8me int\u00e8gre un API correctement con\u00e7u pour la vision artificielle qui permet de se connecter aux modules d'E\/S et au monde industriel avec diff\u00e9rents protocoles conformes \u00e0 la norme industrielle 4.0.<\/p>\n\t\t\t\t<a href=\"https:\/\/vea.it\/wp-content\/uploads\/2020\/07\/vs-c-04.jpg\" target=\"_self\" itemprop=\"url\" rel=\"noopener\">\n\t\t\t\t<img decoding=\"async\" src=\"https:\/\/vea.it\/wp-content\/uploads\/2020\/07\/vs-c-04.jpg\" alt=\"syst\u00e8me de vision \u00e9volutif\" itemprop=\"image\" title=\"vs-c-04\" onerror=\"this.style.display='none'\"  \/>\n\t\t\t\t<\/a>\n\t\tSyst\u00e8mes de vision \u00e9volutifs\n\t\t\t\t<a href=\"https:\/\/vea.it\/wp-content\/uploads\/2020\/07\/cb-pr-vd-01-800.jpg\" target=\"_self\" itemprop=\"url\" rel=\"noopener\">\n\t\t\t\t<img decoding=\"async\" loading=\"lazy\" src=\"https:\/\/vea.it\/wp-content\/uploads\/2020\/07\/cb-pr-vd-01-800.jpg\" alt=\"syst\u00e8me de vision transportable\" itemprop=\"image\" height=\"450\" width=\"800\" title=\"cb-pr-vd-01-800\" onerror=\"this.style.display='none'\"  \/>\n\t\t\t\t<\/a>\n\t<p>Le syst\u00e8me int\u00e8gre un panneau op\u00e9rateur IHM enti\u00e8rement configurable avec un puissant \u00e9diteur graphique.<\/p>\n<p>L'automate et l'IHM internes permettent m\u00eame de faire fonctionner de petits syst\u00e8mes sans utiliser d'autres dispositifs externes, ce qui permet d'\u00e9conomiser sur les composants et le c\u00e2blage.<\/p>\n<h2>\n\t\tExemples d'applications dans l'environnement de production\n\t<\/h2>\n\t\t\t\t<a href=\"https:\/\/vea.it\/wp-content\/uploads\/2020\/07\/hus-ind-17-mount-02-800.jpg\" target=\"_self\" itemprop=\"url\" rel=\"noopener\">\n\t\t\t\t<img decoding=\"async\" src=\"https:\/\/vea.it\/wp-content\/uploads\/2020\/07\/hus-ind-17-mount-02-800.jpg\" alt=\"Syst\u00e8me de vision int\u00e9gr\u00e9\" itemprop=\"image\" title=\"hus-ind-17-mount-02-800\" onerror=\"this.style.display='none'\"  \/>\n\t\t\t\t<\/a>\n\t\t\t\t<a href=\"https:\/\/vea.it\/wp-content\/uploads\/2020\/07\/hus-ind-17-mount-01-800.jpg\" target=\"_self\" itemprop=\"url\" rel=\"noopener\">\n\t\t\t\t<img decoding=\"async\" src=\"https:\/\/vea.it\/wp-content\/uploads\/2020\/07\/hus-ind-17-mount-01-800.jpg\" alt=\"HUS-IND-17\" itemprop=\"image\" title=\"APPAREIL PHOTO NUM\u00c9RIQUE OLYMPUS\" onerror=\"this.style.display='none'\"  \/>\n\t\t\t\t<\/a>\n<h2>\n\t\tT\u00c9L\u00c9CHARGER\n\t<\/h2>\n\t\t\t\t\t\t\t\t<a href=\"#\" id=\"fl-tabs--label-0\" data-index=\"0\" aria-selected=\"true\" aria-controls=\"fl-tabs--panel-0\" aria-expanded=\"true\" role=\"tab\" tabindex=\"0\">\t\t\t\tCATALOGUES\t\t\t\t<\/a>\n\t\t\t\t\t\t\t\t<a href=\"#\" id=\"fl-tabs--label-1\" data-index=\"1\" aria-selected=\"false\" aria-controls=\"fl-tabs--panel-1\" aria-expanded=\"false\" role=\"tab\" tabindex=\"0\">\t\t\t\tDOCUMENTATION\t\t\t\t<\/a>\n\t\t\t\t\t\tCATALOGUES\n\t\t\t\t\t\t\t\t\t\t\t<p>Le suffixe indique la langue du document.<\/p>\n<p>\t\t\t\t<div class=\"email_download_link\">\r\n\t\t\t\t\t\t<form action=\"#\" method=\"post\" class=\"ed_form\" id=\"ed_form_1776654093\" data-no-translation=\"\" data-no-auto-translation=\"\" data-trp-original-action=\"#\">\r\n\t\t\t\t<p><span class=\"name\">Nom *<\/span><br><input type=\"text\" name=\"name\" id=\"name\" placeholder=\"Nom\" value=\"\" maxlength=\"50\" required><\/p>\t\t\t\t<p><span class=\"email\">Adresse mail *<\/span><br><input class=\"\" type=\"email\" id=\"email\" name=\"email\" value=\"\" placeholder=\"Adresse mail *\"  maxlength=\"225\" required><\/p>\t\t\t\t\t\t\t\t<p><span class=\"email\">T\u00e9l\u00e9chargements*<\/span><br><select name=\"group\" id=\"group\" required><option value=\"\">S\u00e9lection<\/option><option value=\"frdbql-bxhvwf-pwnvgu-wutoki-smevar\">Vdp-hus-ind-17-it<\/option><option value=\"coglwp-cmfwio-oyuhjf-xoywjt-dqpknh\">Vdp-hus-ind-17-en<\/option><\/select><\/p>\t\t\t\t\t\t\t\t\t\t\t\t<br \/>\r\n\t\t\t\t<input name=\"submit\" class=\"submit\" id=\"ed_form_submit_1776654093\" value=\"Envoyer le lien\" type=\"submit\" \/>\r\n\t\t\t\t<span class=\"ed_form_spinner\" id=\"loading-image\" style=\"display:none;\">\r\n\t\t\t\t\t<img src=\"https:\/\/vea.it\/wp-content\/plugins\/email-download-link\/images\/ajax-loader.gif\" \/>\r\n\t\t\t\t<\/span>\r\n\t\t\t\t<input name=\"guid\" id=\"guid\" value=\"group-option\" type=\"hidden\"\/>\r\n\t\t\t\t<input type=\"text\" style=\"display:none;\" id=\"email_name\" name=\"email_name\" value=\"\"\/>\r\n\t\t\t\t<input name=\"form_nonce\" id=\"form_nonce\" value=\"09692c31b2\" type=\"hidden\"\/>\r\n\t\t\t\t<input name=\"name_mand\" id=\"name_mand\" value=\"YES\" type=\"hidden\"\/>\r\n\t\t\t\t<input name=\"gdpr_mand\" id=\"gdpr_mand\" value=\"NO\" type=\"hidden\"\/>\r\n\t\t\t\t<input name=\"phone_mand\" id=\"phone_mand\" value=\"\" type=\"hidden\"\/>\r\n\t\t\t<input type=\"hidden\" name=\"trp-form-language\" value=\"fr\"\/><\/form>\t\r\n\t\t\t<span class=\"ed_form_message\" id=\"ed_form_message_1776654093\"><\/span>\r\n\t\t<\/div>\r\n\t avec la demande de ce lien j'autorise VEA s.r.l. \u00e0 la conservation du courrier<\/p>\n\t\t\t\t\t\tDOCUMENTATION\n\t\t\t\t\t\t\t\t\t\t\t<p>Le suffixe indique la langue du document.<\/p>\n<p>\t\t\t\t<div class=\"email_download_link\">\r\n\t\t\t\t\t\t<form action=\"#\" method=\"post\" class=\"ed_form\" id=\"ed_form_1776654093\" data-no-translation=\"\" data-no-auto-translation=\"\" data-trp-original-action=\"#\">\r\n\t\t\t\t<p><span class=\"name\">Nom *<\/span><br><input type=\"text\" name=\"name\" id=\"name\" placeholder=\"Nom\" value=\"\" maxlength=\"50\" required><\/p>\t\t\t\t<p><span class=\"email\">Adresse mail *<\/span><br><input class=\"\" type=\"email\" id=\"email\" name=\"email\" value=\"\" placeholder=\"Adresse mail *\"  maxlength=\"225\" required><\/p>\t\t\t\t\t\t\t\t<p><span class=\"email\">T\u00e9l\u00e9chargements*<\/span><br><select name=\"group\" id=\"group\" required><option value=\"\">S\u00e9lection<\/option><option value=\"etdmav-rxqmtb-kuqicf-zpnjyl-wsjmiz\">Vsc-HUS-IND-17-01-disegni<\/option><option value=\"sqgxyb-uqmsaj-gizkyf-vwfhbi-gfmdqw\">Vscce-hus-ind-17<\/option><\/select><\/p>\t\t\t\t\t\t\t\t\t\t\t\t<br \/>\r\n\t\t\t\t<input name=\"submit\" class=\"submit\" id=\"ed_form_submit_1776654093\" value=\"Envoyer le lien\" type=\"submit\" \/>\r\n\t\t\t\t<span class=\"ed_form_spinner\" id=\"loading-image\" style=\"display:none;\">\r\n\t\t\t\t\t<img src=\"https:\/\/vea.it\/wp-content\/plugins\/email-download-link\/images\/ajax-loader.gif\" \/>\r\n\t\t\t\t<\/span>\r\n\t\t\t\t<input name=\"guid\" id=\"guid\" value=\"group-option\" type=\"hidden\"\/>\r\n\t\t\t\t<input type=\"text\" style=\"display:none;\" id=\"email_name\" name=\"email_name\" value=\"\"\/>\r\n\t\t\t\t<input name=\"form_nonce\" id=\"form_nonce\" value=\"09692c31b2\" type=\"hidden\"\/>\r\n\t\t\t\t<input name=\"name_mand\" id=\"name_mand\" value=\"YES\" type=\"hidden\"\/>\r\n\t\t\t\t<input name=\"gdpr_mand\" id=\"gdpr_mand\" value=\"NO\" type=\"hidden\"\/>\r\n\t\t\t\t<input name=\"phone_mand\" id=\"phone_mand\" value=\"\" type=\"hidden\"\/>\r\n\t\t\t<input type=\"hidden\" name=\"trp-form-language\" value=\"fr\"\/><\/form>\t\r\n\t\t\t<span class=\"ed_form_message\" id=\"ed_form_message_1776654093\"><\/span>\r\n\t\t<\/div>\r\n\t avec la demande de ce lien j'autorise VEA s.r.l. \u00e0 la conservation du courrier<\/p>\n\t\t\t<a href=\"https:\/\/vea.it\/micrometri-ottici\/\" target=\"_self\" rel=\"noopener\">\n\t\t\t\t\t\tMICROMETRES\n\t\t\t\t\t<\/a>\n\t\t\t<a href=\"https:\/\/vea.it\/illuminatori\/\" target=\"_self\" rel=\"noopener\">\n\t\t\t\t\t\t\tILLUMINATEURS\n\t\t\t<\/a>\n\t\t\t<a href=\"https:\/\/vea.it\/sistemi-di-visione\/\" target=\"_self\" rel=\"noopener\">\n\t\t\t\t\t\t\tSYST\u00c8MES DE VISION\n\t\t\t\t\t<\/a>","protected":false},"excerpt":{"rendered":"<p>PLC inclus pour l'interfa\u00e7age avec l'\u00e9quipement de production Tiroir de clavier int\u00e9gr\u00e9 Panneau op\u00e9rateur enti\u00e8rement personnalisable Double barre DIN interne avec espace libre Conforme aux normes CE et UL Conforme \u00e0 l'industrie 4.0 CADRE INDUSTRIEL POUR LES SYST\u00c8MES DE VISION INT\u00c9GR\u00c9S Qu'est-ce qu'un syst\u00e8me de vision int\u00e9gr\u00e9 ? Un syst\u00e8me de vision int\u00e9gr\u00e9 combine les fonctionnalit\u00e9s classiques de la vision....<\/p>\n<p class=\"read-more\"> <a class=\"ast-button\" href=\"https:\/\/vea.it\/fr\/cadre-industriel-par-systeme-vision\/\"> <span class=\"screen-reader-text\">CADRE INDUSTRIEL POUR LES SYST\u00c8MES DE VISION<\/span> Lire la suite \"<\/a><\/p>","protected":false},"author":2,"featured_media":0,"parent":0,"menu_order":0,"comment_status":"closed","ping_status":"closed","template":"","meta":{"site-sidebar-layout":"no-sidebar","site-content-layout":"page-builder","ast-global-header-display":"","ast-main-header-display":"","ast-hfb-above-header-display":"","ast-hfb-below-header-display":"","ast-hfb-mobile-header-display":"","site-post-title":"disabled","ast-breadcrumbs-content":"","ast-featured-img":"disabled","footer-sml-layout":"","theme-transparent-header-meta":"default","adv-header-id-meta":"","stick-header-meta":"default","header-above-stick-meta":"","header-main-stick-meta":"","header-below-stick-meta":"","footnotes":""},"_links":{"self":[{"href":"https:\/\/vea.it\/fr\/wp-json\/wp\/v2\/pages\/1574"}],"collection":[{"href":"https:\/\/vea.it\/fr\/wp-json\/wp\/v2\/pages"}],"about":[{"href":"https:\/\/vea.it\/fr\/wp-json\/wp\/v2\/types\/page"}],"author":[{"embeddable":true,"href":"https:\/\/vea.it\/fr\/wp-json\/wp\/v2\/users\/2"}],"replies":[{"embeddable":true,"href":"https:\/\/vea.it\/fr\/wp-json\/wp\/v2\/comments?post=1574"}],"version-history":[{"count":8,"href":"https:\/\/vea.it\/fr\/wp-json\/wp\/v2\/pages\/1574\/revisions"}],"predecessor-version":[{"id":3730,"href":"https:\/\/vea.it\/fr\/wp-json\/wp\/v2\/pages\/1574\/revisions\/3730"}],"wp:attachment":[{"href":"https:\/\/vea.it\/fr\/wp-json\/wp\/v2\/media?parent=1574"}],"curies":[{"name":"wp","href":"https:\/\/api.w.org\/{rel}","templated":true}]}}