{"id":1240,"date":"2020-02-05T10:28:43","date_gmt":"2020-02-05T10:28:43","guid":{"rendered":"https:\/\/vea.it\/?page_id=1240"},"modified":"2025-04-02T13:51:19","modified_gmt":"2025-04-02T13:51:19","slug":"telecamere","status":"publish","type":"page","link":"https:\/\/vea.it\/fr\/cameras\/","title":{"rendered":"Cam\u00e9ras"},"content":{"rendered":"<h1>\n\t\tCAM\u00c9RAS INDUSTRIELLES POUR SYST\u00c8MES DE VISION INDUSTRIELLE\n\t<\/h1>\n\t<h2><a href=\"https:\/\/www.atelpi.com\/categories\/cameras\/\" target=\"_blank\" rel=\"noopener\">Acheter directement sur&nbsp;<\/a> <a href=\"https:\/\/atelpi.com\/\" target=\"_blank\" rel=\"noopener\"><img decoding=\"async\" loading=\"lazy\" src=\"https:\/\/vea.it\/wp-content\/uploads\/2025\/02\/logo-atelpi-su-bianco-mask-200x54-1.png\" alt=\"atelpi.com\" width=\"200\" height=\"54\"><\/a><\/h2>\n\t<h5><strong>Cam\u00e9ras industrielles VEA pour syst\u00e8mes de vision industrielle <\/strong>sont d\u00e9di\u00e9s aux professionnels de la vision industrielle.<\/h5>\n<p>Ces cam\u00e9ras utilisent des capteurs de tr\u00e8s haute qualit\u00e9 avec des r\u00e9solutions allant jusqu'\u00e0 151 Mpixels et pr\u00e9sentent un excellent rapport qualit\u00e9\/prix.<\/p>\n<p>Pour produire nos cam\u00e9ras, nous utilisons principalement des capteurs \u00e0 \"obturateur global\" au lieu d'un \"obturateur roulant\" (<a href=\"https:\/\/www.premiumbeat.com\/blog\/know-the-basics-of-global-shutter-vs-rolling-shutter\/\" target=\"_blank\" rel=\"noopener\">explication<\/a>) qui offrent de meilleures garanties de pr\u00e9cision dans les applications de guidage de robots et de m\u00e9trologie.<\/p>\n<h5>Toutes les cam\u00e9ras VEA utilisent \"<strong>transfert de chaleur<\/strong>\"L'objectif est de transf\u00e9rer la chaleur de l'\u00e9lectronique vers le ch\u00e2ssis tout en minimisant le bruit du capteur CMOS et en augmentant la dur\u00e9e de vie des composants \u00e9lectroniques.<\/h5>\n<h2>\n\t\tCAM\u00c9RAS POUR SYST\u00c8MES DE VISION AVEC VOTRE MARQUE\n\t<\/h2>\n\t<p>Les compl\u00e9ments de vision industrielle ont parfois besoin de leurs propres produits de marque ou sans marque.<\/p>\n<p>VEA propose un service de \"rebranding\", m\u00eame pour quelques pi\u00e8ces.<\/p>\n<p>Nos cam\u00e9ras peuvent \u00eatre fournies avec la marque VEA, sans marque ou avec une marque choisie par le client.<\/p>\n<h2>\n\t\tCAM\u00c9RAS INDUSTRIELLES 10 GIGE\n\t<\/h2>\n\t<strong>Cam\u00e9ras industrielles 10GigE pour syst\u00e8mes de vision <\/strong>sont 10 fois plus rapides qu'une cam\u00e9ra GigE et environ 3 fois plus rapides qu'une cam\u00e9ra USB3. Par rapport aux normes Camera Link et CoaXPress, elles pr\u00e9sentent des co\u00fbts de syst\u00e8me inf\u00e9rieurs et prennent en charge des distances d'installation allant jusqu'\u00e0 100 m\u00e8tres.<br>\nR\u00e9solutions<strong> de 12 Mpixel \u00e0 151 Mpixel<\/strong> en noir et blanc ou en couleur.<br>\nTerrain d'optique C, M58, M72, F.\n<p><strong>Vitesse maximale de 68 fps (images par seconde) \u00e0 12 Mpixel&nbsp;<\/strong><\/p>\n<p>Egalement disponible avec une compensation thermique pour les mesures m\u00e9trologiques microm\u00e9triques.<\/p>\n<p><a href=\"#doc\"><strong>T\u00e9l\u00e9chargez la fiche technique dans la section DOCUMENTATION des t\u00e9l\u00e9chargements.<\/strong><\/a><\/p>\n<p><a href=\"#doc\"><strong>T\u00e9l\u00e9chargez le logiciel dans la section SOFTWARE des t\u00e9l\u00e9chargements.<\/strong><\/a><\/p>\n\t\t\t\t<img decoding=\"async\" loading=\"lazy\" src=\"https:\/\/vea.it\/wp-content\/uploads\/2022\/12\/camera-10gige-600.jpg\" alt=\"cam\u00e9ra industrielle 10gige\" itemprop=\"image\" height=\"282\" width=\"600\" title=\"cam\u00e9ra-10gige-600\" onerror=\"this.style.display='none'\">\n<h2>\n\t\tCAM\u00c9RAS INDUSTRIELLES USB 3.0\n\t<\/h2>\n\t\t\t\t<img decoding=\"async\" loading=\"lazy\" src=\"https:\/\/vea.it\/wp-content\/uploads\/2022\/12\/camera-usb-600.jpg\" alt=\"cam\u00e9ra industrielle usb 3.0\" itemprop=\"image\" height=\"281\" width=\"600\" title=\"cam\u00e9ra-usb-600\" onerror=\"this.style.display='none'\">\n\t<strong>Cam\u00e9ras industrielles USB 3.0<\/strong> (<a href=\"https:\/\/www.automate.org\/a3-content\/usb3-vision-standard\" target=\"_blank\" rel=\"noopener\">explication<\/a>) sont tr\u00e8s rapides, ont des r\u00e9solutions<strong> jusqu'\u00e0 25 Mpixels<\/strong> en noir et blanc ou en couleur.<br>\nIls supportent des distances d'installation allant jusqu'\u00e0 10 m en mode direct et jusqu'\u00e0 50 m avec des extensions actives.<br>\nTerrain d'optique C, M58, F.\n<p><strong>Vitesse maximale de 526 fps et jusqu'\u00e0 2800 fps avec le format 320\u00d7240 pixels<\/strong><\/p>\n<p>Egalement disponible avec une compensation thermique pour les mesures m\u00e9trologiques microm\u00e9triques.<\/p>\n<p><a href=\"#doc\"><strong>T\u00e9l\u00e9chargez la fiche technique dans la section DOCUMENTATION des t\u00e9l\u00e9chargements.<\/strong><\/a><\/p>\n<p><a href=\"#doc\"><strong>T\u00e9l\u00e9chargez le logiciel dans la section SOFTWARE des t\u00e9l\u00e9chargements.<\/strong><\/a><\/p>\n<h2>\n\t\tCAM\u00c9RAS INDUSTRIELLES GIGE\n\t<\/h2>\n\t<strong>Cam\u00e9ras GIGE<\/strong> (<a href=\"https:\/\/www.automate.org\/a3-content\/vision-standards-gige-vision\" target=\"_blank\" rel=\"noopener\">explication<\/a>) pour les installations <strong>lorsque de longues distances sont n\u00e9cessaires<\/strong> (100m) avec des r\u00e9solutions <strong>jusqu'\u00e0 25 Mpixels<\/strong> en noir et blanc ou en couleur.<br>\nTerrain d'optique C, M58, F.\n<p>Vitesse maximale de 125 fps (images par seconde)<\/p>\n<p>Egalement disponible avec une compensation thermique pour les mesures m\u00e9trologiques microm\u00e9triques.<\/p>\n<p><a href=\"#doc\"><strong>T\u00e9l\u00e9chargez la fiche technique dans la section DOCUMENTATION des t\u00e9l\u00e9chargements.<\/strong><\/a><\/p>\n<p><a href=\"#doc\"><strong>T\u00e9l\u00e9chargez le logiciel dans la section SOFTWARE des t\u00e9l\u00e9chargements.<\/strong><\/a><\/p>\n\t\t\t\t<img decoding=\"async\" loading=\"lazy\" src=\"https:\/\/vea.it\/wp-content\/uploads\/2022\/12\/camera-gige-600.jpg\" alt=\"cam\u00e9ra industrielle gige\" itemprop=\"image\" height=\"272\" width=\"600\" title=\"camera-gige-600\" onerror=\"this.style.display='none'\">\n<h2>\n\t\tMICRO-CAM\u00c9RAS INDUSTRIELLES USB\n\t<\/h2>\n\t\t\t\t<img decoding=\"async\" src=\"https:\/\/vea.it\/wp-content\/uploads\/2020\/01\/hct-vsc-31-02.jpg\" alt=\"Cam\u00e9ra industrielle M12\" itemprop=\"image\" title=\"hct-vsc-31-02\" onerror=\"this.style.display='none'\">\n\t<h2><strong>HCT-VSC-AF5<\/strong><\/h2>\n<h4><strong>Micro-cam\u00e9ra industrielle de 5 Mpixels avec autofocus ou mise au point r\u00e9glable par SW, \u00e9conomique et compacte dans un bo\u00eetier M12 de 48 mm de long avec un indice de protection IP67<\/strong><\/h4>\n<p>Vitesse 30 fps.<\/p>\n<p>Mise au point contr\u00f4lable par logiciel avec fonction <strong>autofocus ou mise au point r\u00e9glable par sw<\/strong><\/p>\n<p><strong>Eclairage LED<\/strong> intensit\u00e9 r\u00e9glable <strong>int\u00e9gr\u00e9e.<\/strong><\/p>\n<p><a href=\"#doc\"><strong>T\u00e9l\u00e9chargez la fiche technique dans la section DOCUMENTATION des t\u00e9l\u00e9chargements.<\/strong><\/a><\/p>\n<p><a href=\"#doc\"><strong>T\u00e9l\u00e9chargez le logiciel dans la section SOFTWARE des t\u00e9l\u00e9chargements.<\/strong><\/a><\/p>\n\t<h2><strong>HCT-VS2-AF5<\/strong><\/h2>\n<h4><strong>Micro-cam\u00e9ra industrielle de 5 Mpixels avec autofocus ou mise au point programmable, peu co\u00fbteuse et compacte avec des dimensions de \"mini-cam\u00e9ra parall\u00e9l\u00e9pip\u00e9dique\".<\/strong><\/h4>\n<strong>Cam\u00e9ra industrielle multi-r\u00e9solution <\/strong>USB 2.0 <strong>compact<\/strong> 46 x 31 x 18 mm, <strong>\u00e9conomique<\/strong>Montage \u00e0 l'aide de vis M3 au pas de 25,4 mm Protection IP54.<br>\n5 Mpixels couleur ; r\u00e9solution programmable de 160 x 120 pixels \u00e0 2592 x 1944 pixels.\n<p>Vitesse de 3 \u00e0 30 fps.<\/p>\n<p><strong>illuminateur LED<\/strong> intensit\u00e9 r\u00e9glable <strong>int\u00e9gr\u00e9<\/strong>.<\/p>\n<p>Mise au point contr\u00f4lable par logiciel avec fonction <strong>autofocus<\/strong>.<\/p>\n<p>Nouveau polym\u00e8re de graph\u00e8ne et bo\u00eetier en acier inoxydable pour une dissipation maximale.<\/p>\n<p><a href=\"#doc\"><strong>T\u00e9l\u00e9chargez la fiche technique dans la section DOCUMENTATION des t\u00e9l\u00e9chargements.<\/strong><\/a><\/p>\n<p><a href=\"#doc\"><strong>T\u00e9l\u00e9chargez le logiciel dans la section SOFTWARE des t\u00e9l\u00e9chargements.<\/strong><\/a><\/p>\n\t\t\t\t<img decoding=\"async\" loading=\"lazy\" src=\"https:\/\/vea.it\/wp-content\/uploads\/2023\/10\/hct-vs2-af5-01-800x578-1.jpg\" alt=\"hct-vs2-af5-01-800x578\" itemprop=\"image\" height=\"578\" width=\"800\" title=\"hct-vs2-af5-01-800x578\" onerror=\"this.style.display='none'\">\n\t\t\t\t<img decoding=\"async\" loading=\"lazy\" src=\"https:\/\/vea.it\/wp-content\/uploads\/2023\/10\/hct-vs2-af5-luce-01-800x560-1.jpg\" alt=\"hct-vs2-af5-luce-01-800x560\" itemprop=\"image\" height=\"560\" width=\"800\" title=\"hct-vs2-af5-luce-01-800x560\" onerror=\"this.style.display='none'\">\n\t\t\t<a href=\"contatti\" target=\"_self\" rel=\"noopener\">\n\t\t\t\t\t\t\tDEMANDER CONSEIL\n\t\t\t\t\t<\/a>\n<h2>\n\t\t<\/h2><h2 id=\"doc\">T\u00c9L\u00c9CHARGER\n\t<\/h2>\n\t\t\t\t\t\t\t\t<a href=\"#\" id=\"fl-tabs--label-0\" data-index=\"0\" aria-selected=\"true\" aria-controls=\"fl-tabs--panel-0\" aria-expanded=\"true\" role=\"tab\" tabindex=\"0\">\t\t\t\tCATALOGUES\t\t\t\t<\/a>\n\t\t\t\t\t\t\t\t<a href=\"#\" id=\"fl-tabs--label-1\" data-index=\"1\" aria-selected=\"false\" aria-controls=\"fl-tabs--panel-1\" aria-expanded=\"false\" role=\"tab\" tabindex=\"0\">\t\t\t\tDOCUMENTATION\t\t\t\t<\/a>\n\t\t\t\t\t\t\t\t<a href=\"#\" id=\"fl-tabs--label-2\" data-index=\"2\" aria-selected=\"false\" aria-controls=\"fl-tabs--panel-2\" aria-expanded=\"false\" role=\"tab\" tabindex=\"0\">\t\t\t\tFICHIERS CAO\t\t\t\t<\/a>\n\t\t\t\t\t\t\t\t<a href=\"#\" id=\"fl-tabs--label-3\" data-index=\"3\" aria-selected=\"false\" aria-controls=\"fl-tabs--panel-3\" aria-expanded=\"false\" role=\"tab\" tabindex=\"0\">\t\t\t\tLOGICIEL\t\t\t\t<\/a>\n\t\t\t\t\t\tCATALOGUES\n\t\t\t\t\t\t\t\t\t\t\t<p>Le suffixe indique la langue du document.<\/p>\n<p>\t\t\t\t<div class=\"email_download_link\">\r\n\t\t\t\t\t\t<form action=\"#\" method=\"post\" class=\"ed_form\" id=\"ed_form_1775965498\" data-no-translation=\"\" data-no-auto-translation=\"\" data-trp-original-action=\"#\">\r\n\t\t\t\t<p><span class=\"name\">Nom *<\/span><br><input type=\"text\" name=\"name\" id=\"name\" placeholder=\"Nom\" value=\"\" maxlength=\"50\" required><\/p>\t\t\t\t<p><span class=\"email\">Adresse mail *<\/span><br><input class=\"\" type=\"email\" id=\"email\" name=\"email\" value=\"\" placeholder=\"Adresse mail *\"  maxlength=\"225\" required><\/p>\t\t\t\t\t\t\t\t<p><span class=\"email\">T\u00e9l\u00e9chargements*<\/span><br><select name=\"group\" id=\"group\" required><option value=\"\">S\u00e9lection<\/option><\/select><\/p>\t\t\t\t\t\t\t\t\t\t\t\t<br \/>\r\n\t\t\t\t<input name=\"submit\" class=\"submit\" id=\"ed_form_submit_1775965498\" value=\"Envoyer le lien\" type=\"submit\" \/>\r\n\t\t\t\t<span class=\"ed_form_spinner\" id=\"loading-image\" style=\"display:none;\">\r\n\t\t\t\t\t<img src=\"https:\/\/vea.it\/wp-content\/plugins\/email-download-link\/images\/ajax-loader.gif\" \/>\r\n\t\t\t\t<\/span>\r\n\t\t\t\t<input name=\"guid\" id=\"guid\" value=\"group-option\" type=\"hidden\"\/>\r\n\t\t\t\t<input type=\"text\" style=\"display:none;\" id=\"email_name\" name=\"email_name\" value=\"\"\/>\r\n\t\t\t\t<input name=\"form_nonce\" id=\"form_nonce\" value=\"9d070b5e52\" type=\"hidden\"\/>\r\n\t\t\t\t<input name=\"name_mand\" id=\"name_mand\" value=\"YES\" type=\"hidden\"\/>\r\n\t\t\t\t<input name=\"gdpr_mand\" id=\"gdpr_mand\" value=\"NO\" type=\"hidden\"\/>\r\n\t\t\t\t<input name=\"phone_mand\" id=\"phone_mand\" value=\"\" type=\"hidden\"\/>\r\n\t\t\t<input type=\"hidden\" name=\"trp-form-language\" value=\"fr\"\/><\/form>\t\r\n\t\t\t<span class=\"ed_form_message\" id=\"ed_form_message_1775965498\"><\/span>\r\n\t\t<\/div>\r\n\t avec la demande de ce lien j'autorise VEA s.r.l. \u00e0 la conservation du courrier<\/p>\n\t\t\t\t\t\tDOCUMENTATION\n\t\t\t\t\t\t\t\t\t\t\t<p>Le suffixe indique la langue du document.<\/p>\n<p>\t\t\t\t<div class=\"email_download_link\">\r\n\t\t\t\t\t\t<form action=\"#\" method=\"post\" class=\"ed_form\" id=\"ed_form_1775965498\" data-no-translation=\"\" data-no-auto-translation=\"\" data-trp-original-action=\"#\">\r\n\t\t\t\t<p><span class=\"name\">Nom *<\/span><br><input type=\"text\" name=\"name\" id=\"name\" placeholder=\"Nom\" value=\"\" maxlength=\"50\" required><\/p>\t\t\t\t<p><span class=\"email\">Adresse mail *<\/span><br><input class=\"\" type=\"email\" id=\"email\" name=\"email\" value=\"\" placeholder=\"Adresse mail *\"  maxlength=\"225\" required><\/p>\t\t\t\t\t\t\t\t<p><span class=\"email\">T\u00e9l\u00e9chargements*<\/span><br><select name=\"group\" id=\"group\" required><option value=\"\">S\u00e9lection<\/option><option value=\"bnlxwg-xpfyth-qpmlyb-jgexvy-apifnz\">Vsc-hct-vs2-af5-datasheet-en<\/option><option value=\"trlhgy-jtlzvp-bpcrmg-jgufec-wpjicr\">Vsc-hct-vsc-31-datasheet-en<\/option><option value=\"lachsp-wdeurt-fmhszl-xhiful-tnwbvd\">Vsc-HCT-ATC-G720-313G datasheet-en<\/option><option value=\"heyxvm-vznyxp-abvkjg-uaokte-eijxot\">Vsc-HCT-ATC-G720-526U-datasheet-en<\/option><option value=\"svwzle-xohvwj-pyozqc-uymwts-dsozck\">Vsc-HCT-ATC-G1300-91G-datasheet-en<\/option><option value=\"povgbt-ewsthl-ivhwcm-ydawnr-koidzl\">Vsc-HCT-ATC-G1300-201U-datasheet-en<\/option><option value=\"kbdzvi-kusiqc-aengwo-dljpsq-bakngp\">Vsc-HCT-ATC-G1920-51G-datasheet-en<\/option><option value=\"lkxfuy-zynaup-xnzfqv-cziqhe-bukvxs\">Vsc-HCT-ATC-G2440-47U-datasheet-en<\/option><option value=\"mikbld-ubplti-hnlepy-jsnrcw-zrqwsi\">Vsc-HCT-ATC-G2500-23G-datasheet-en<\/option><option value=\"rgecda-fudstj-dtvelb-dszvpb-apcmvq\">Vsc-HCT-ATC-G4112-30U-datasheet-en<\/option><option value=\"pjnozi-xbqgth-flmhaw-bzusvf-bwxyid\">Vsc-HCT-ATC-G5120-14U-datasheet-en<\/option><option value=\"pzhdcq-xbyqge-hxwmpd-jkbygp-fbxodr\">Vsc-HCT-ATC-G5120-31TM-M58-datasheet-en<\/option><option value=\"hdnyco-ladnrb-tbhvkc-xnibuy-lyvite\">Vsc-HCT-ATC-G5328-35TM-datasheet-en<\/option><option value=\"gdjqml-zwhvpn-vqoizh-pevsfk-inlhsw\">Vsc-HCT-ATC-G9344-15T-M58-datasheet-en<\/option><option value=\"vafeql-nhigrt-wqryeb-yjuktm-sdjgcn\">Vsc-HCT-ATC-R3072-60U-datasheet-en<\/option><option value=\"muegsy-mrigzh-zwfsme-hjkrvp-exlqbn\">Vsc-HCT-ATC-R4000-32U-datasheet-en<\/option><option value=\"gtwqof-czixqe-uaoizv-nhfgjk-nkqhvo\">Vsc-HCT-ATC-R14208-6TM-M72-datasheet-en<\/option><option value=\"dmxvfs-whalsi-tpfakl-uzogbm-vbroic\">Vsc-HCT-ATC-G9344-15T-F-datasheet-en<\/option><option value=\"lxjrqh-meisdb-ofdhpl-coulzi-kduile\">Vsc-HCT-ATC-G1936-132U-datasheet-en<\/option><option value=\"hcmqsy-yefxja-cfhqxw-kdnzpo-ztoujn\">Vma-hct-vs2-af5<\/option><option value=\"uadrpf-ctqmaz-rwqlme-jcnesd-shtqel\">Vsc-HCT-VSC-AF5-datasheet-en<\/option><\/select><\/p>\t\t\t\t\t\t\t\t\t\t\t\t<br \/>\r\n\t\t\t\t<input name=\"submit\" class=\"submit\" id=\"ed_form_submit_1775965498\" value=\"Envoyer le lien\" type=\"submit\" \/>\r\n\t\t\t\t<span class=\"ed_form_spinner\" id=\"loading-image\" style=\"display:none;\">\r\n\t\t\t\t\t<img src=\"https:\/\/vea.it\/wp-content\/plugins\/email-download-link\/images\/ajax-loader.gif\" \/>\r\n\t\t\t\t<\/span>\r\n\t\t\t\t<input name=\"guid\" id=\"guid\" value=\"group-option\" type=\"hidden\"\/>\r\n\t\t\t\t<input type=\"text\" style=\"display:none;\" id=\"email_name\" name=\"email_name\" value=\"\"\/>\r\n\t\t\t\t<input name=\"form_nonce\" id=\"form_nonce\" value=\"9d070b5e52\" type=\"hidden\"\/>\r\n\t\t\t\t<input name=\"name_mand\" id=\"name_mand\" value=\"YES\" type=\"hidden\"\/>\r\n\t\t\t\t<input name=\"gdpr_mand\" id=\"gdpr_mand\" value=\"NO\" type=\"hidden\"\/>\r\n\t\t\t\t<input name=\"phone_mand\" id=\"phone_mand\" value=\"\" type=\"hidden\"\/>\r\n\t\t\t<input type=\"hidden\" name=\"trp-form-language\" value=\"fr\"\/><\/form>\t\r\n\t\t\t<span class=\"ed_form_message\" id=\"ed_form_message_1775965498\"><\/span>\r\n\t\t<\/div>\r\n\t avec la demande de ce lien j'autorise VEA s.r.l. \u00e0 la conservation du courrier<\/p>\n\t\t\t\t\t\tFICHIERS CAO\n\t\t\t\t\t\t\t\t\t\t\t<p>Le suffixe indique la langue du document.<\/p>\n<p>\t\t\t\t<div class=\"email_download_link\">\r\n\t\t\t\t\t\t<form action=\"#\" method=\"post\" class=\"ed_form\" id=\"ed_form_1775965498\" data-no-translation=\"\" data-no-auto-translation=\"\" data-trp-original-action=\"#\">\r\n\t\t\t\t<p><span class=\"name\">Nom *<\/span><br><input type=\"text\" name=\"name\" id=\"name\" placeholder=\"Nom\" value=\"\" maxlength=\"50\" required><\/p>\t\t\t\t<p><span class=\"email\">Adresse mail *<\/span><br><input class=\"\" type=\"email\" id=\"email\" name=\"email\" value=\"\" placeholder=\"Adresse mail *\"  maxlength=\"225\" required><\/p>\t\t\t\t\t\t\t\t<p><span class=\"email\">T\u00e9l\u00e9chargements*<\/span><br><select name=\"group\" id=\"group\" required><option value=\"\">S\u00e9lection<\/option><option value=\"hmvbuz-mqpjdr-gqyxcb-wbdiqa-bphjed\">HCT-ATC-G720-313G<\/option><option value=\"agykib-jahcrv-shjluv-ajkzby-wbpdqi\">HCT-ATC-G720-526U<\/option><option value=\"qrxyga-todsab-gbeyxk-yuhvlj-vlbyrs\">HCT-ATC-G1300-91G<\/option><option value=\"ediaqs-iewhvm-aphyti-upgjih-urtlma\">HCT-ATC-G1300-201U<\/option><option value=\"junyaz-ykphqz-iloyzc-thambs-zlayhv\">HCT-ATC-G1920-51G<\/option><option value=\"wgnult-txrwsi-jfpdzt-nzvkmd-lfbxnc\">HCT-ATC-G2440-47U<\/option><option value=\"vaiyfu-blpaou-kzpdoh-gekcot-rcivwo\">HCT-ATC-G2500-23G<\/option><option value=\"kztoyn-wcyjsb-aqcrei-ilyzng-fjoszn\">HCT-ATC-G4112-30U<\/option><option value=\"aztpgh-csvpui-devlwo-jlbzps-bajmet\">HCT-ATC-G5120-14U<\/option><option value=\"hrsbmq-rhkcjy-nbjtyu-fncylu-pdnrwz\">HCT-ATC-G5120-31TM-M58S-NF<\/option><option value=\"riuwom-slzriu-hxdeku-sjuirq-nqsath\">HCT-ATC-G5328-35TM-C<\/option><option value=\"ujmczw-jazobk-tjkicn-gduepn-wntdyb\">HCT-ATC-G5328-35TM-M58<\/option><option value=\"bguxwf-hwgdts-uhojwv-opwguk-glvcer\">HCT-ATC-G9344-15T-M58<\/option><option value=\"lvzwmh-vyeotr-gfpyls-symgdw-zcrfxe\">HCT-ATC-R3072-60U<\/option><option value=\"nhgmsr-hvwcxn-ivdzyo-ypdjmi-ntvasw\">HCT-ATC-R4000-32U<\/option><option value=\"omdghs-jqfndp-nwxikl-oztkiq-fqxdch\">HCT-ATC-R14208-6TM-M72<\/option><option value=\"doihtj-mxfylc-gpjkhw-rqwmod-goujpb\">HCT-ATC-G9344-15T-F<\/option><option value=\"ukhtxf-snfvyw-xomeun-cwqjos-lobfke\">HCT-ATC-G1936-132U<\/option><\/select><\/p>\t\t\t\t\t\t\t\t\t\t\t\t<br \/>\r\n\t\t\t\t<input name=\"submit\" class=\"submit\" id=\"ed_form_submit_1775965498\" value=\"Envoyer le lien\" type=\"submit\" \/>\r\n\t\t\t\t<span class=\"ed_form_spinner\" id=\"loading-image\" style=\"display:none;\">\r\n\t\t\t\t\t<img src=\"https:\/\/vea.it\/wp-content\/plugins\/email-download-link\/images\/ajax-loader.gif\" \/>\r\n\t\t\t\t<\/span>\r\n\t\t\t\t<input name=\"guid\" id=\"guid\" value=\"group-option\" type=\"hidden\"\/>\r\n\t\t\t\t<input type=\"text\" style=\"display:none;\" id=\"email_name\" name=\"email_name\" value=\"\"\/>\r\n\t\t\t\t<input name=\"form_nonce\" id=\"form_nonce\" value=\"9d070b5e52\" type=\"hidden\"\/>\r\n\t\t\t\t<input name=\"name_mand\" id=\"name_mand\" value=\"YES\" type=\"hidden\"\/>\r\n\t\t\t\t<input name=\"gdpr_mand\" id=\"gdpr_mand\" value=\"NO\" type=\"hidden\"\/>\r\n\t\t\t\t<input name=\"phone_mand\" id=\"phone_mand\" value=\"\" type=\"hidden\"\/>\r\n\t\t\t<input type=\"hidden\" name=\"trp-form-language\" value=\"fr\"\/><\/form>\t\r\n\t\t\t<span class=\"ed_form_message\" id=\"ed_form_message_1775965498\"><\/span>\r\n\t\t<\/div>\r\n\t avec la demande de ce lien j'autorise VEA s.r.l. \u00e0 la conservation du courrier<\/p>\n\t\t\t\t\t\tLOGICIEL\n\t\t\t\t\t\t\t\t\t\t\t<p>Le suffixe indique la langue du document.<\/p>\n<p>\t\t\t\t<div class=\"email_download_link\">\r\n\t\t\t\t\t\t<form action=\"#\" method=\"post\" class=\"ed_form\" id=\"ed_form_1775965498\" data-no-translation=\"\" data-no-auto-translation=\"\" data-trp-original-action=\"#\">\r\n\t\t\t\t<p><span class=\"name\">Nom *<\/span><br><input type=\"text\" name=\"name\" id=\"name\" placeholder=\"Nom\" value=\"\" maxlength=\"50\" required><\/p>\t\t\t\t<p><span class=\"email\">Adresse mail *<\/span><br><input class=\"\" type=\"email\" id=\"email\" name=\"email\" value=\"\" placeholder=\"Adresse mail *\"  maxlength=\"225\" required><\/p>\t\t\t\t\t\t\t\t<p><span class=\"email\">T\u00e9l\u00e9chargements*<\/span><br><select name=\"group\" id=\"group\" required><option value=\"\">S\u00e9lection<\/option><option value=\"pwloku-qodrnj-atdqkb-yblsgj-logwjv\">HCT-VS MultiCameraViewer<\/option><option value=\"sbhjwt-csjtrq-qadfmr-aguonw-clnhst\">HCT-AT software<\/option><option value=\"hrcbpa-waxyfj-rguenx-dxzlag-sptedw\">HCT-VS-VEA visualizer v1.7<\/option><option value=\"uacmhr-yvbfwp-amqycl-narpcg-eapvbw\">HCT-VS-VEA visualizer v2.1<\/option><\/select><\/p>\t\t\t\t\t\t\t\t\t\t\t\t<br \/>\r\n\t\t\t\t<input name=\"submit\" class=\"submit\" id=\"ed_form_submit_1775965498\" value=\"Envoyer le lien\" type=\"submit\" \/>\r\n\t\t\t\t<span class=\"ed_form_spinner\" id=\"loading-image\" style=\"display:none;\">\r\n\t\t\t\t\t<img src=\"https:\/\/vea.it\/wp-content\/plugins\/email-download-link\/images\/ajax-loader.gif\" \/>\r\n\t\t\t\t<\/span>\r\n\t\t\t\t<input name=\"guid\" id=\"guid\" value=\"group-option\" type=\"hidden\"\/>\r\n\t\t\t\t<input type=\"text\" style=\"display:none;\" id=\"email_name\" name=\"email_name\" value=\"\"\/>\r\n\t\t\t\t<input name=\"form_nonce\" id=\"form_nonce\" value=\"9d070b5e52\" type=\"hidden\"\/>\r\n\t\t\t\t<input name=\"name_mand\" id=\"name_mand\" value=\"YES\" type=\"hidden\"\/>\r\n\t\t\t\t<input name=\"gdpr_mand\" id=\"gdpr_mand\" value=\"NO\" type=\"hidden\"\/>\r\n\t\t\t\t<input name=\"phone_mand\" id=\"phone_mand\" value=\"\" type=\"hidden\"\/>\r\n\t\t\t<input type=\"hidden\" name=\"trp-form-language\" value=\"fr\"\/><\/form>\t\r\n\t\t\t<span class=\"ed_form_message\" id=\"ed_form_message_1775965498\"><\/span>\r\n\t\t<\/div>\r\n\t avec la demande de ce lien j'autorise VEA s.r.l. \u00e0 la conservation du courrier<\/p>\n\t\t\t<a href=\"https:\/\/vea.it\/micrometri\/\" target=\"_self\" rel=\"noopener\">\n\t\t\t\t\t\tMICROMETRES\n\t\t\t\t\t<\/a>\n\t\t\t<a href=\"https:\/\/vea.it\/illuminatori\/\" target=\"_self\" rel=\"noopener\">\n\t\t\t\t\t\t\tILLUMINATEURS\n\t\t\t<\/a>\n\t\t\t<a href=\"https:\/\/vea.it\/ottiche\/\" target=\"_self\" rel=\"noopener\">\n\t\t\t\t\t\t\tOPTIQUE\n\t\t\t\t\t<\/a>\n\t<p>les sp\u00e9cifications peuvent \u00eatre modifi\u00e9es sans pr\u00e9avis<\/p>","protected":false},"excerpt":{"rendered":"<p>CAMERAS INDUSTRIELLES POUR SYST\u00c8MES DE VISION DE MACHINE Achetez maintenant directement chez VEA Les cam\u00e9ras industrielles pour syst\u00e8mes de vision de machine sont destin\u00e9es aux professionnels de la vision de machine. Ces cam\u00e9ras utilisent des capteurs de tr\u00e8s haute qualit\u00e9 avec des r\u00e9solutions allant jusqu'\u00e0 151 Mpixel et pr\u00e9sentent un excellent rapport qualit\u00e9\/prix. Pour produire nos cam\u00e9ras, nous utilisons principalement ...<\/p>\n<p class=\"read-more\"> <a class=\"ast-button\" href=\"https:\/\/vea.it\/fr\/cameras\/\"> <span class=\"screen-reader-text\">Cam\u00e9ras<\/span> Lire la suite \"<\/a><\/p>","protected":false},"author":5,"featured_media":0,"parent":0,"menu_order":0,"comment_status":"closed","ping_status":"closed","template":"","meta":{"site-sidebar-layout":"no-sidebar","site-content-layout":"page-builder","ast-global-header-display":"","ast-main-header-display":"","ast-hfb-above-header-display":"","ast-hfb-below-header-display":"","ast-hfb-mobile-header-display":"","site-post-title":"disabled","ast-breadcrumbs-content":"","ast-featured-img":"disabled","footer-sml-layout":"","theme-transparent-header-meta":"default","adv-header-id-meta":"","stick-header-meta":"default","header-above-stick-meta":"","header-main-stick-meta":"","header-below-stick-meta":"","footnotes":""},"_links":{"self":[{"href":"https:\/\/vea.it\/fr\/wp-json\/wp\/v2\/pages\/1240"}],"collection":[{"href":"https:\/\/vea.it\/fr\/wp-json\/wp\/v2\/pages"}],"about":[{"href":"https:\/\/vea.it\/fr\/wp-json\/wp\/v2\/types\/page"}],"author":[{"embeddable":true,"href":"https:\/\/vea.it\/fr\/wp-json\/wp\/v2\/users\/5"}],"replies":[{"embeddable":true,"href":"https:\/\/vea.it\/fr\/wp-json\/wp\/v2\/comments?post=1240"}],"version-history":[{"count":58,"href":"https:\/\/vea.it\/fr\/wp-json\/wp\/v2\/pages\/1240\/revisions"}],"predecessor-version":[{"id":3694,"href":"https:\/\/vea.it\/fr\/wp-json\/wp\/v2\/pages\/1240\/revisions\/3694"}],"wp:attachment":[{"href":"https:\/\/vea.it\/fr\/wp-json\/wp\/v2\/media?parent=1240"}],"curies":[{"name":"wp","href":"https:\/\/api.w.org\/{rel}","templated":true}]}}