{"id":890,"date":"2020-01-05T16:00:34","date_gmt":"2020-01-05T16:00:34","guid":{"rendered":"https:\/\/vea.it\/?page_id=890"},"modified":"2025-05-07T10:57:12","modified_gmt":"2025-05-07T10:57:12","slug":"casi-di-studio-guida-robot","status":"publish","type":"page","link":"https:\/\/vea.it\/es\/estudio-de-caso-guia-robot\/","title":{"rendered":"CONDUCCI\u00d3N DE ROBOTS"},"content":{"rendered":"<h1>\n\t\tSOLUCIONES: <br \/> CONDUCCI\u00d3N DE ROBOTS\n\t<\/h1>\n\t<ul>\n\t\t<li>\t\t\n\t\t\t\t<img decoding=\"async\" src=\"https:\/\/vea.it\/wp-content\/uploads\/2020\/01\/Checkbox_icona12.png\" alt=\"robot industrial\" title=\"Checkbox_icona12\" itemprop=\"image\"\/>\n\t\tUn sistema de visi\u00f3n para cualquier marca de robot<\/li><li>\t\t\n\t\t\t\t<img decoding=\"async\" src=\"https:\/\/vea.it\/wp-content\/uploads\/2020\/01\/Checkbox_icona13.png\" alt=\"inteligencia artificial\" title=\"Checkbox_icona13\" itemprop=\"image\"\/>\n\t\tInteligencia artificial para el reconocimiento en condiciones adversas<\/li><li>\t\t\n\t\t\t\t<img decoding=\"async\" src=\"https:\/\/vea.it\/wp-content\/uploads\/2020\/08\/ICON-hus17-1.png\" alt=\"icono\" title=\"ICON-hus17-1\" itemprop=\"image\"\/>\n\t\tUn sistema puede accionar varios robots simult\u00e1neamente<\/li>\t<\/ul>\n<h1>\n\t\tSISTEMAS DE VISI\u00d3N PARA EL GUIADO DE ROBOTS: EJEMPLOS REALES\n\t<\/h1>\n\t<p>&nbsp;<\/p>\n<h3><strong>Visi\u00f3n artificial para el guiado de robots industriales: precisi\u00f3n incluso en condiciones dif\u00edciles<\/strong><\/h3>\n<p>El <strong>visi\u00f3n artificial<\/strong> es uno de los elementos clave para la automatizaci\u00f3n moderna y desempe\u00f1a un papel crucial en la <strong>accionamiento de robots industriales<\/strong>. Mediante c\u00e1maras de alta resoluci\u00f3n y algoritmos avanzados, los sistemas de visi\u00f3n permiten a los robots reconocer, localizar y manipular objetos de forma aut\u00f3noma y precisa.<\/p>\n<p>Uno de los aspectos m\u00e1s cr\u00edticos es la capacidad del sistema para <strong>gesti\u00f3n de condiciones medioambientales complejas<\/strong>. En muchos contextos industriales, las piezas pueden <strong>h\u00famedo, reflectante, sucio o heterog\u00e9neo<\/strong>caracter\u00edsticas que pueden resultar confusas para los sistemas tradicionales. A <strong>sistema de visi\u00f3n avanzada<\/strong> puede detectar con precisi\u00f3n contornos y rasgos incluso en estas situaciones, garantizando <strong>fiabilidad operativa<\/strong> e <strong>reducci\u00f3n de residuos<\/strong>.<\/p>\n<p>Este tipo de tecnolog\u00eda es esencial en <strong>montaje, control de calidad, pick and place<\/strong> e <strong>paletizaci\u00f3n<\/strong>donde la variabilidad de las piezas es elevada. La integraci\u00f3n con robots inteligentes permite una producci\u00f3n flexible y optimizada, en perfecta consonancia con los principios de la<strong>industria 5.0<\/strong>.<\/p>\n<p>Confiar en un sistema de visi\u00f3n de \u00faltima generaci\u00f3n significa aumentar la <strong>precisi\u00f3n<\/strong>el <strong>productividad<\/strong> y el <strong>trazabilidad<\/strong>incluso en las condiciones m\u00e1s dif\u00edciles.<\/p>","protected":false},"excerpt":{"rendered":"<p>SOLUCIONES: ROBOT DRIVING Un sistema de visi\u00f3n para cualquier marca de robot Inteligencia artificial para el reconocimiento en condiciones adversas Un sistema puede conducir varios robots al mismo tiempo SISTEMAS DE VISI\u00d3N PARA ROBOT DRIVING: EJEMPLOS REALES Visi\u00f3n artificial para el guiado de robots industriales: precisi\u00f3n incluso en condiciones dif\u00edciles La visi\u00f3n artificial es uno de los ...<\/p>\n<p class=\"read-more\"> <a class=\"ast-button\" href=\"https:\/\/vea.it\/es\/estudio-de-caso-guia-robot\/\"> <span class=\"screen-reader-text\">CONDUCCI\u00d3N DE ROBOTS<\/span> Leer m\u00e1s \"<\/a><\/p>","protected":false},"author":1,"featured_media":0,"parent":0,"menu_order":0,"comment_status":"closed","ping_status":"closed","template":"","meta":{"site-sidebar-layout":"no-sidebar","site-content-layout":"page-builder","ast-global-header-display":"","ast-main-header-display":"","ast-hfb-above-header-display":"","ast-hfb-below-header-display":"","ast-hfb-mobile-header-display":"","site-post-title":"disabled","ast-breadcrumbs-content":"","ast-featured-img":"","footer-sml-layout":"","theme-transparent-header-meta":"default","adv-header-id-meta":"","stick-header-meta":"default","header-above-stick-meta":"","header-main-stick-meta":"","header-below-stick-meta":"","footnotes":""},"_links":{"self":[{"href":"https:\/\/vea.it\/es\/wp-json\/wp\/v2\/pages\/890"}],"collection":[{"href":"https:\/\/vea.it\/es\/wp-json\/wp\/v2\/pages"}],"about":[{"href":"https:\/\/vea.it\/es\/wp-json\/wp\/v2\/types\/page"}],"author":[{"embeddable":true,"href":"https:\/\/vea.it\/es\/wp-json\/wp\/v2\/users\/1"}],"replies":[{"embeddable":true,"href":"https:\/\/vea.it\/es\/wp-json\/wp\/v2\/comments?post=890"}],"version-history":[{"count":3,"href":"https:\/\/vea.it\/es\/wp-json\/wp\/v2\/pages\/890\/revisions"}],"predecessor-version":[{"id":3721,"href":"https:\/\/vea.it\/es\/wp-json\/wp\/v2\/pages\/890\/revisions\/3721"}],"wp:attachment":[{"href":"https:\/\/vea.it\/es\/wp-json\/wp\/v2\/media?parent=890"}],"curies":[{"name":"wp","href":"https:\/\/api.w.org\/{rel}","templated":true}]}}