{"id":887,"date":"2020-01-05T15:58:28","date_gmt":"2020-01-05T15:58:28","guid":{"rendered":"https:\/\/vea.it\/?page_id=887"},"modified":"2025-05-07T13:21:19","modified_gmt":"2025-05-07T13:21:19","slug":"casi-di-studio-controllo-qualita","status":"publish","type":"page","link":"https:\/\/vea.it\/es\/estudio-de-caso-control-de-calidad-de-caso\/","title":{"rendered":"CONTROL DE CALIDAD"},"content":{"rendered":"<h1>\n\t\tSOLUCIONES: <br \/>CONTROL DE CALIDAD\n\t<\/h1>\n\t<ul>\n\t\t<li>\t\t\n\t\t\t\t<img decoding=\"async\" src=\"https:\/\/vea.it\/wp-content\/uploads\/2020\/02\/Micrometri_fotosec.png\" alt=\"Micr\u00f3metros_fotosec\" title=\"Micr\u00f3metros_fotosec\" itemprop=\"image\"\/>\n\t\t200 fotos por segundo<\/li><li>\t\t\n\t\t\t\t<img decoding=\"async\" src=\"https:\/\/vea.it\/wp-content\/uploads\/2020\/01\/servizi_icona3.png\" alt=\"icon_services3\" title=\"icon_services3\" itemprop=\"image\"\/>\n\t\tm\u00e1s de 100.000 an\u00e1lisis por segundo<\/li><li>\t\t\n\t\t\t\t<img decoding=\"async\" src=\"https:\/\/vea.it\/wp-content\/uploads\/2020\/01\/Checkbox_icona10.png\" alt=\"Checkbox_icona10\" title=\"Checkbox_icona10\" itemprop=\"image\"\/>\n\t\tAn\u00e1lisis avanzado de superficies<\/li><li>\t\t\n\t\t\t\t<img decoding=\"async\" src=\"https:\/\/vea.it\/wp-content\/uploads\/2020\/08\/ICON-cb-def-4.png\" alt=\"icono\" title=\"ICON-cb-def-4\" itemprop=\"image\"\/>\n\t\tDetecci\u00f3n de abolladuras y marcas<\/li><li>\t\t\n\t\t\t\t<img decoding=\"async\" src=\"https:\/\/vea.it\/wp-content\/uploads\/2020\/01\/Checkbox_icona13.png\" alt=\"inteligencia artificial\" title=\"Checkbox_icona13\" itemprop=\"image\"\/>\n\t\tB\u00fasqueda de defectos con inteligencia artificial<\/li>\t<\/ul>\n<h1>\n\t\tSISTEMAS DE VISI\u00d3N PARA EL CONTROL DE CALIDAD: EJEMPLOS REALES\n\t<\/h1>\n\t<h5 data-sourcepos=\"3:1-3:299\">En la era de la Industria 5.0, la visi\u00f3n artificial se perfila como un pilar fundamental del control de calidad. Esta tecnolog\u00eda permite automatizar la inspecci\u00f3n de productos, detectando defectos imperceptibles para el ojo humano con precisi\u00f3n y rapidez.<\/h5>\n<h5 data-sourcepos=\"5:1-5:321\">Los sistemas de visi\u00f3n artificial, basados en c\u00e1maras de alta resoluci\u00f3n y algoritmos de procesamiento de im\u00e1genes, analizan cada detalle de los productos en la cadena de producci\u00f3n. Desde microfracturas en componentes electr\u00f3nicos hasta imperfecciones en superficies met\u00e1licas, ning\u00fan defecto escapa a su ojo digital.<\/h5>\n<h5 data-sourcepos=\"7:1-7:89\">La aplicaci\u00f3n de la visi\u00f3n artificial al control de calidad ofrece m\u00faltiples ventajas:<\/h5>\n<ul data-sourcepos=\"9:1-13:0\">\n<li data-sourcepos=\"9:1-9:109\">\n<h5><strong>Mayor eficacia<\/strong>La automatizaci\u00f3n de las inspecciones reduce el tiempo de producci\u00f3n y los costes operativos.<\/h5>\n<\/li>\n<li data-sourcepos=\"10:1-10:144\">\n<h5><strong>Mejora de la calidad<\/strong>La precisi\u00f3n y repetibilidad de los sistemas de visi\u00f3n artificial garantizan altos niveles de calidad.<\/h5>\n<\/li>\n<li data-sourcepos=\"11:1-11:147\">\n<h5><strong>Reducir los residuos<\/strong>La detecci\u00f3n precoz de los defectos permite intervenir a tiempo, minimizando el desperdicio de material.<\/h5>\n<\/li>\n<li data-sourcepos=\"12:1-13:0\">\n<h5><strong>Trazabilidad<\/strong>Los datos recogidos por los sistemas de visi\u00f3n artificial permiten rastrear cada etapa del proceso de producci\u00f3n, garantizando el cumplimiento de la normativa.<\/h5>\n<\/li>\n<\/ul>\n<h5 data-sourcepos=\"14:1-14:216\">Desde la industria automovil\u00edstica a la electr\u00f3nica, pasando por la farmac\u00e9utica o la alimentaria, la visi\u00f3n artificial est\u00e1 demostrando ser una herramienta indispensable para garantizar la calidad de los productos y la competitividad de las empresas.<\/h5>\n\t<p><a name=\"tabella\"><\/a><\/p>\n\t\t\t\t<input type=\"text\" placeholder=\"Investigaci\u00f3n...\" name=\"toSearch\" id=\"searchHere\"\/>\n\t\t\t\t<table>\n\t\t\t\t\t<thead>\n\t\t\t\t\t\t\t\t\t\t\t\t\t\t<th rowspan=\"\" colspan=\"\">\n\t\t\t\t\t\t\t\t\t\t Tipo de producto \n\t\t\t\t\t\t\t\t\t\t\t\t\t\t\t\t\t<\/th>\n\t\t\t\t\t\t\t\t\t\t\t\t\t\t<th rowspan=\"\" colspan=\"\">\n\t\t\t\t\t\t\t\t\t\t Material \n\t\t\t\t\t\t\t\t\t\t\t\t\t\t\t\t\t<\/th>\n\t\t\t\t\t\t\t\t\t\t\t\t\t\t<th rowspan=\"\" colspan=\"\">\n\t\t\t\t\t\t\t\t\t\t Caracter\u00edsticas especiales \n\t\t\t\t\t\t\t\t\t\t\t\t\t\t\t\t\t<\/th>\n\t\t\t\t\t\t\t\t\t\t\t<\/thead>\n\t\t\t\t\t<tbody>\n\t\t\t\t\t\t\t\t\t\t\t\t\t\t\t<tr>\n\t\t\t\t\t\t\t\t\t\t\t\t\t\t\t\t\t\t\t\t<td colspan=\"\" rowspan=\"\">\n\t\t\t\t\t\t\t\t\t\t\t\t\t<a href=\"#tornito\" target=\"_self\" rel=\"noopener\">\n\t\t\t\t\t\t\t\t\t\t\t\t\t\t Piezas torneadas \n\t\t\t\t\t\t\t\t\t\t\t\t\t\t\t\t\t\t\t\t\t\t\t\t\t\t\t<\/a>\n\t\t\t\t\t\t\t\t\t\t\t\t\t\t\t\t\t\t\t<\/td>\n\t\t\t\t\t\t\t\t\t\t\t\t\t\t\t\t<td colspan=\"\" rowspan=\"\">\n\t\t\t\t\t\t\t\t\t\t\t\t\t<a href=\"#tornito\" target=\"_self\" rel=\"noopener\">\n\t\t\t\t\t\t\t\t\t\t\t\t\t\t Acero \n\t\t\t\t\t\t\t\t\t\t\t\t\t\t\t\t\t\t\t\t\t\t\t\t\t\t\t<\/a>\n\t\t\t\t\t\t\t\t\t\t\t\t\t\t\t\t\t\t\t<\/td>\n\t\t\t\t\t\t\t\t\t\t\t\t\t\t\t\t<td colspan=\"\" rowspan=\"\">\n\t\t\t\t\t\t\t\t\t\t\t\t\t<a href=\"#tornito\" target=\"_self\" rel=\"noopener\">\n\t\t\t\t\t\t\t\t\t\t\t\t\t\t Medici\u00f3n microm\u00e9trica y control de superficies a alta velocidad \n\t\t\t\t\t\t\t\t\t\t\t\t\t\t\t\t\t\t\t\t\t\t\t\t\t\t\t<\/a>\n\t\t\t\t\t\t\t\t\t\t\t\t\t\t\t\t\t\t\t<\/td>\n\t\t\t\t\t\t\t\t\t\t\t\t\t\t\t<\/tr><tr>\n\t\t\t\t\t\t\t\t\t\t\t\t\t\t\t\t\t\t\t\t<td colspan=\"\" rowspan=\"\">\n\t\t\t\t\t\t\t\t\t\t\t\t\t<a href=\"#sinterizzato\" target=\"_self\" rel=\"noopener\">\n\t\t\t\t\t\t\t\t\t\t\t\t\t\t Piezas sinterizadas \n\t\t\t\t\t\t\t\t\t\t\t\t\t\t\t\t\t\t\t\t\t\t\t\t\t\t\t<\/a>\n\t\t\t\t\t\t\t\t\t\t\t\t\t\t\t\t\t\t\t<\/td>\n\t\t\t\t\t\t\t\t\t\t\t\t\t\t\t\t<td colspan=\"\" rowspan=\"\">\n\t\t\t\t\t\t\t\t\t\t\t\t\t<a href=\"#sinterizzato\" target=\"_self\" rel=\"noopener\">\n\t\t\t\t\t\t\t\t\t\t\t\t\t\t Metal \n\t\t\t\t\t\t\t\t\t\t\t\t\t\t\t\t\t\t\t\t\t\t\t\t\t\t\t<\/a>\n\t\t\t\t\t\t\t\t\t\t\t\t\t\t\t\t\t\t\t<\/td>\n\t\t\t\t\t\t\t\t\t\t\t\t\t\t\t\t<td colspan=\"\" rowspan=\"\">\n\t\t\t\t\t\t\t\t\t\t\t\t\t<a href=\"#sinterizzato\" target=\"_self\" rel=\"noopener\">\n\t\t\t\t\t\t\t\t\t\t\t\t\t\t Comprobaci\u00f3n de la rotura de dientes y otros defectos \n\t\t\t\t\t\t\t\t\t\t\t\t\t\t\t\t\t\t\t\t\t\t\t\t\t\t\t<\/a>\n\t\t\t\t\t\t\t\t\t\t\t\t\t\t\t\t\t\t\t<\/td>\n\t\t\t\t\t\t\t\t\t\t\t\t\t\t\t<\/tr><tr>\n\t\t\t\t\t\t\t\t\t\t\t\t\t\t\t\t\t\t\t\t<td colspan=\"\" rowspan=\"\">\n\t\t\t\t\t\t\t\t\t\t\t\t\t<a href=\"#statore\" target=\"_self\" rel=\"noopener\">\n\t\t\t\t\t\t\t\t\t\t\t\t\t\t Estatores el\u00e9ctricos \n\t\t\t\t\t\t\t\t\t\t\t\t\t\t\t\t\t\t\t\t\t\t\t\t\t\t\t<\/a>\n\t\t\t\t\t\t\t\t\t\t\t\t\t\t\t\t\t\t\t<\/td>\n\t\t\t\t\t\t\t\t\t\t\t\t\t\t\t\t<td colspan=\"\" rowspan=\"\">\n\t\t\t\t\t\t\t\t\t\t\t\t\t<a href=\"#statore\" target=\"_self\" rel=\"noopener\">\n\t\t\t\t\t\t\t\t\t\t\t\t\t\t Metal y pl\u00e1stico \n\t\t\t\t\t\t\t\t\t\t\t\t\t\t\t\t\t\t\t\t\t\t\t\t\t\t\t<\/a>\n\t\t\t\t\t\t\t\t\t\t\t\t\t\t\t\t\t\t\t<\/td>\n\t\t\t\t\t\t\t\t\t\t\t\t\t\t\t\t<td colspan=\"\" rowspan=\"\">\n\t\t\t\t\t\t\t\t\t\t\t\t\t<a href=\"#statore\" target=\"_self\" rel=\"noopener\">\n\t\t\t\t\t\t\t\t\t\t\t\t\t\t Guiado de robots angulares, medici\u00f3n centesimal y control de calidad \n\t\t\t\t\t\t\t\t\t\t\t\t\t\t\t\t\t\t\t\t\t\t\t\t\t\t\t<\/a>\n\t\t\t\t\t\t\t\t\t\t\t\t\t\t\t\t\t\t\t<\/td>\n\t\t\t\t\t\t\t\t\t\t\t<\/tr><\/tbody>\n\t\t\t\t<\/table>\n\t<p><a name=\"tornito\"><\/a><\/p>\n<h2>\n\t\tsistema de control de calidad de la superficie de una pieza torneada\n\t<\/h2>\n<h4>\n\t\tEl sistema de visi\u00f3n integrado en esta planta realiza funciones avanzadas de guiado de robots, medici\u00f3n microm\u00e9trica y control de calidad, garantizando una gran precisi\u00f3n en el an\u00e1lisis de piezas de acero mecanizadas con superficies reflectantes.\n\t<\/h4>\n\t\t\t\t<img decoding=\"async\" loading=\"lazy\" src=\"https:\/\/vea.it\/wp-content\/uploads\/2025\/03\/0875-cb.jpg\" alt=\"sistema de control de calidad de superficies y medici\u00f3n con doble micr\u00f3metro \u00f3ptico\" itemprop=\"image\" height=\"1056\" width=\"1499\" title=\"0875-cb\" onerror=\"this.style.display='none'\"  \/>\n\t<h3>Caracter\u00edsticas del sistema de visi\u00f3n<\/h3>\n<h4>Gu\u00eda del robot<\/h4>\n<p>El sistema est\u00e1 dise\u00f1ado para optimizar la recogida robotizada de componentes con superficies muy reflectantes. Las piezas, colocadas aleatoriamente en una cinta transportadora, son reconocidas y recogidas con precisi\u00f3n para trasladarlas a estaciones de an\u00e1lisis sin riesgo de da\u00f1os.<\/p>\n\t<h4 data-start=\"378\" data-end=\"431\"><strong data-start=\"383\" data-end=\"429\">Medici\u00f3n y control de calidad simult\u00e1neos<\/strong><\/h4>\n<p>Un \u00fanico sistema maneja dos micr\u00f3metros \u00f3pticos de 100 mm de di\u00e1metro y una c\u00e1mara espec\u00edfica para inspeccionar la parte inferior de la pieza. Durante el ciclo de an\u00e1lisis, el componente gira durante tres segundos, tiempo en el que se realizan 180 sesiones de medici\u00f3n, cada una con m\u00e1s de 50 detecciones. Paralelamente, el control de calidad detecta defectos como abolladuras, grabados, rebabas y oxidaci\u00f3n.<\/p>\n<p>Para garantizar la m\u00e1xima precisi\u00f3n, los micr\u00f3metros \u00f3pticos adoptan un sistema de autocalibraci\u00f3n basado en un conjunto de referencia de hasta 10 piezas calibradas. Este enfoque permite cumplir las normativas m\u00e1s estrictas sobre equipos de medici\u00f3n en l\u00edneas de producci\u00f3n, garantizando una fiabilidad y precisi\u00f3n constantes.<\/p>\n\t\t\t<a href=\"#tabella\" target=\"_self\" rel=\"noopener\">\n\t\t\t\t\t\tIr a la tabla\n\t\t\t\t\t<\/a>\n\t\t\t\t<img decoding=\"async\" loading=\"lazy\" src=\"https:\/\/vea.it\/wp-content\/uploads\/2025\/03\/0875-vd01.jpg\" alt=\"captura de pantalla medici\u00f3n microm\u00e9trica \u00f3ptica y control de calidad de superficies\" itemprop=\"image\" height=\"562\" width=\"1333\" title=\"0875-vd01\" onerror=\"this.style.display='none'\"  \/>\n\t\t\t\t<img decoding=\"async\" loading=\"lazy\" src=\"https:\/\/vea.it\/wp-content\/uploads\/2025\/03\/micr-0875-02.jpg\" alt=\"medici\u00f3n y control de calidad de superficies micr\u00f3metro \u00f3ptico\" itemprop=\"image\" height=\"800\" width=\"800\" title=\"micr-0875-02\" onerror=\"this.style.display='none'\"  \/>\n\t<p><a name=\"sinterizzato\"><\/a><\/p>\n<h2>\n\t\tsistema de control de calidad de las piezas sinterizadas, control de grietas en los dientes\n\t<\/h2>\n<h4>\n\t\tPlanta automatizada con sistema de visi\u00f3n integrado para manipulaci\u00f3n, medici\u00f3n y control de calidad de piezas sinterizadas. El sistema se encarga de la sujeci\u00f3n desde la cinta, la inspecci\u00f3n en la pinza rob\u00f3tica y el an\u00e1lisis detallado en la mesa giratoria con cuatro c\u00e1maras de alta velocidad (150 fps), lo que garantiza la precisi\u00f3n, la eficacia y la automatizaci\u00f3n completa del proceso.\n\t<\/h4>\n\t\t\t\t<img decoding=\"async\" loading=\"lazy\" src=\"https:\/\/vea.it\/wp-content\/uploads\/2025\/03\/macchina-completa.jpg\" alt=\"sistema de control de calidad y medici\u00f3n con control de pinzas y control de mesa giratoria\" itemprop=\"image\" height=\"1081\" width=\"1920\" title=\"0897-02\" onerror=\"this.style.display='none'\"  \/>\n\t<h3>Caracter\u00edsticas del sistema de visi\u00f3n<\/h3>\n<h4>Gu\u00eda del robot<\/h4>\n<p>Un sistema de visi\u00f3n gu\u00eda a un robot antropom\u00f3rfico en la manipulaci\u00f3n precisa de piezas sinterizadas. El sistema destaca en el \"bulk picking\", identificando y recogiendo componentes dispuestos aleatoriamente en una cinta, lo que elimina la necesidad de preposicionamiento y aumenta la eficiencia.<\/p>\n\t<h4 data-sourcepos=\"3:1-3:38\"><strong>Comprobaci\u00f3n de grietas en los dientes y otros defectos.<\/strong><\/h4>\nEl control de calidad y la medici\u00f3n tienen lugar en un proceso integrado de dos fases. <em>En primer lugar<\/em>la pieza, reci\u00e9n cogida y todav\u00eda en la pinza del robot, se somete a una r\u00e1pida inspecci\u00f3n visual para detectar defectos macrosc\u00f3picos. A continuaci\u00f3n, la pieza se coloca en una mesa giratoria de alta velocidad. La rotaci\u00f3n controlada, combinada con un sistema de visi\u00f3n de cuatro c\u00e1maras (150 fps), permite una adquisici\u00f3n multi\u00e1ngulo completa. El software procesa las im\u00e1genes de alta resoluci\u00f3n para un an\u00e1lisis detallado: identifica defectos menores (por ejemplo, grietas), mide par\u00e1metros geom\u00e9tricos cr\u00edticos y verifica las dimensiones con una precisi\u00f3n de 0,1 mm, garantizando el cumplimiento de las especificaciones. Este proceso automatizado garantiza el control de calidad en 100%.\n\t\t\t<a href=\"#tabella\" target=\"_self\" rel=\"noopener\">\n\t\t\t\t\t\tIr a la tabla\n\t\t\t\t\t<\/a>\n\t\t\t\t<img decoding=\"async\" loading=\"lazy\" src=\"https:\/\/vea.it\/wp-content\/uploads\/2025\/03\/CRICCA.jpg\" alt=\"Control de grietas en la mesa giratoria\" itemprop=\"image\" height=\"562\" width=\"1672\" title=\"0897-03\" onerror=\"this.style.display='none'\"  \/>\n\t\t\t\t<img decoding=\"async\" loading=\"lazy\" src=\"https:\/\/vea.it\/wp-content\/uploads\/2025\/03\/P7195592.jpg\" alt=\"Control de calidad en la mesa giratoria\" itemprop=\"image\" height=\"362\" width=\"500\" title=\"0897-01\" onerror=\"this.style.display='none'\"  \/>\n\t<p><a name=\"statore\"><\/a><\/p>\n<h2>\n\t\tsistema de medici\u00f3n de estator y control de virutas\n\t<\/h2>\n<h4>\n\t\tSistema de visi\u00f3n con doble c\u00e1mara para el guiado del robot y la medici\u00f3n del est\u00e1tor. Orienta las piezas, comprueba las tolerancias, verifica los desechos y almacena los datos para la trazabilidad, lo que garantiza la calidad y la plena integraci\u00f3n con el robot y la planta.\n\t<\/h4>\n\t\t\t\t<img decoding=\"async\" loading=\"lazy\" src=\"https:\/\/vea.it\/wp-content\/uploads\/2025\/05\/1028-pz01-400x300-1.webp\" alt=\"estator de motor el\u00e9ctrico\" itemprop=\"image\" height=\"300\" width=\"400\" title=\"1028-pz01-400x300\" onerror=\"this.style.display='none'\"  \/>\n\t<h3>Caracter\u00edsticas del sistema de visi\u00f3n<\/h3>\n<h4>Gu\u00eda rob\u00f3tica para la orientaci\u00f3n de la placa del estator<\/h4>\n<p>Antes de ser cargado en la m\u00e1quina, el estator debe estar correctamente orientado con una precisi\u00f3n de d\u00e9cimas de grado, una c\u00e1mara comprueba la pieza y corrige la orientaci\u00f3n transmitiendo la correcci\u00f3n al robot.<\/p>\n\t<h4 data-start=\"378\" data-end=\"431\"><strong data-start=\"383\" data-end=\"429\">Medici\u00f3n del est\u00e1tor<\/strong><\/h4>\n<p>Siguiendo las especificaciones de medici\u00f3n dictadas por el cliente, el sistema reconstruye la geometr\u00eda necesaria para detectar las mediciones deseadas, para cada est\u00e1tor se comprueban las mediciones, si las mediciones est\u00e1n fuera de tolerancia se rechaza la pieza. En cualquier caso, los datos medidos se archivan para permitir la trazabilidad.<\/p>\n<p>&nbsp;<\/p>\n<h4>Control de calidad de los estatores<\/h4>\n<p>Adem\u00e1s de las mediciones, se comprueba si hay restos en el producto.<\/p>\n\t\t\t<a href=\"#tabella\" target=\"_self\" rel=\"noopener\">\n\t\t\t\t\t\tIr a la tabla\n\t\t\t\t\t<\/a>\n\t\t\t\t<img decoding=\"async\" loading=\"lazy\" src=\"https:\/\/vea.it\/wp-content\/uploads\/2025\/05\/1028-vd01-1920x1080-1.webp\" alt=\"medici\u00f3n del est\u00e1tor\" itemprop=\"image\" height=\"1080\" width=\"1920\" title=\"1028-vd01-1920x1080\" onerror=\"this.style.display='none'\"  \/>\n\t\t\t\t<img decoding=\"async\" loading=\"lazy\" src=\"https:\/\/vea.it\/wp-content\/uploads\/2025\/05\/1028-vd02-1561x866-1.webp\" alt=\"control de calidad del est\u00e1tor\" itemprop=\"image\" height=\"866\" width=\"1561\" title=\"1028-vd02-1561x866\" onerror=\"this.style.display='none'\"  \/>","protected":false},"excerpt":{"rendered":"<p>SOLUCIONES: CONTROL DE CALIDAD 200 fotos por segundo m\u00e1s de 100.000 an\u00e1lisis por segundo An\u00e1lisis avanzado de superficies Detecci\u00f3n de abolladuras y marcas Detecci\u00f3n de defectos con inteligencia artificial SISTEMAS DE VISI\u00d3N PARA EL CONTROL DE CALIDAD: EJEMPLOS REALES En la era de la Industria 5.0, la visi\u00f3n artificial se est\u00e1 consolidando como un pilar fundamental para el control de calidad. Esta tecnolog\u00eda permite ...<\/p>\n<p class=\"read-more\"> <a class=\"ast-button\" href=\"https:\/\/vea.it\/es\/estudio-de-caso-control-de-calidad-de-caso\/\"> <span class=\"screen-reader-text\">CONTROL DE CALIDAD<\/span> Leer m\u00e1s \"<\/a><\/p>","protected":false},"author":1,"featured_media":0,"parent":0,"menu_order":0,"comment_status":"closed","ping_status":"closed","template":"","meta":{"site-sidebar-layout":"no-sidebar","site-content-layout":"page-builder","ast-global-header-display":"","ast-main-header-display":"","ast-hfb-above-header-display":"","ast-hfb-below-header-display":"","ast-hfb-mobile-header-display":"","site-post-title":"disabled","ast-breadcrumbs-content":"","ast-featured-img":"","footer-sml-layout":"","theme-transparent-header-meta":"default","adv-header-id-meta":"","stick-header-meta":"default","header-above-stick-meta":"","header-main-stick-meta":"","header-below-stick-meta":"","footnotes":""},"_links":{"self":[{"href":"https:\/\/vea.it\/es\/wp-json\/wp\/v2\/pages\/887"}],"collection":[{"href":"https:\/\/vea.it\/es\/wp-json\/wp\/v2\/pages"}],"about":[{"href":"https:\/\/vea.it\/es\/wp-json\/wp\/v2\/types\/page"}],"author":[{"embeddable":true,"href":"https:\/\/vea.it\/es\/wp-json\/wp\/v2\/users\/1"}],"replies":[{"embeddable":true,"href":"https:\/\/vea.it\/es\/wp-json\/wp\/v2\/comments?post=887"}],"version-history":[{"count":12,"href":"https:\/\/vea.it\/es\/wp-json\/wp\/v2\/pages\/887\/revisions"}],"predecessor-version":[{"id":3728,"href":"https:\/\/vea.it\/es\/wp-json\/wp\/v2\/pages\/887\/revisions\/3728"}],"wp:attachment":[{"href":"https:\/\/vea.it\/es\/wp-json\/wp\/v2\/media?parent=887"}],"curies":[{"name":"wp","href":"https:\/\/api.w.org\/{rel}","templated":true}]}}