{"id":3,"date":"2019-12-11T14:39:10","date_gmt":"2019-12-11T14:39:10","guid":{"rendered":"https:\/\/vea.it\/?page_id=3"},"modified":"2021-01-20T19:25:24","modified_gmt":"2021-01-20T19:25:24","slug":"privacy-policy","status":"publish","type":"page","link":"https:\/\/vea.it\/es\/politica-de-privacidad\/","title":{"rendered":"Pol\u00edtica de privacidad"},"content":{"rendered":"<h2>Pol\u00edtica de privacidad<\/h2>\n\n\n<p>Nosotros de&nbsp;<strong>vea.it<\/strong>&nbsp;Creemos que la privacidad de nuestros visitantes es extremadamente importante. Este documento detalla los tipos de informaci\u00f3n personal que se recogen y registran en nuestro sitio y c\u00f3mo se utilizan.<\/p>\n<h3>Archivos de registro<\/h3>\n<p>Como muchos otros sitios web, el nuestro utiliza archivos de registro. Estos archivos se limitan a registrar las visitas al sitio, lo que suele ser un procedimiento est\u00e1ndar de las empresas de alojamiento y los servicios de an\u00e1lisis de alojamiento.<\/p>\n<p>La informaci\u00f3n contenida en los archivos de registro incluye direcciones de protocolo de Internet (IP), tipo de navegador, proveedor de servicios de Internet (ISP), informaci\u00f3n como la fecha y la hora, p\u00e1ginas de referencia, p\u00e1ginas de salida y entrada o el n\u00famero de clics.<\/p>\n<p>Esta informaci\u00f3n se utiliza para analizar tendencias, administrar el sitio, seguir el movimiento de los usuarios en el sitio y recopilar informaci\u00f3n demogr\u00e1fica. Las direcciones IP y otra informaci\u00f3n no est\u00e1n vinculadas a informaci\u00f3n personal identificable, por lo que&nbsp;<strong>todos los datos se recogen de forma absolutamente an\u00f3nima<\/strong>.<\/p>\n<h3>Este sitio web utiliza cookies<\/h3>\n<p>Las cookies son peque\u00f1os archivos de texto que se colocan autom\u00e1ticamente en el PC del internauta dentro del navegador. Contienen informaci\u00f3n b\u00e1sica sobre la navegaci\u00f3n en Internet y son reconocidos por el navegador cada vez que el usuario visita el sitio.<\/p>\n<h3>Pol\u00edtica de cookies<\/h3>\n<p>Este sitio utiliza cookies, incluidas las de terceros, para mejorar la experiencia de navegaci\u00f3n, permitir a los usuarios aprovechar cualquier servicio en l\u00ednea y supervisar la navegaci\u00f3n por el sitio.<\/p>\n<h3>C\u00f3mo desactivar las cookies<\/h3>\n<p>Es posible desactivar las cookies directamente desde el navegador utilizado, accediendo a la configuraci\u00f3n (preferencias u opciones): esta elecci\u00f3n puede limitar algunas funciones de navegaci\u00f3n del sitio.<\/p>\n<h3>Gesti\u00f3n de cookies<\/h3>\n<p>Las cookies utilizadas en este sitio pueden pertenecer a las categor\u00edas descritas a continuaci\u00f3n.<\/p>\n<ul>\n<li><strong>Actividades estrictamente necesarias para la operaci\u00f3n<\/strong><br \/>Estas cookies son de car\u00e1cter t\u00e9cnico y permiten que el sitio funcione correctamente. Por ejemplo, mantienen al usuario conectado mientras navega, impidiendo que el sitio requiera que el usuario se conecte varias veces para acceder a las p\u00e1ginas siguientes.<\/li>\n<li><strong>Guardar las preferencias<\/strong><br \/>Estas cookies permiten recordar las preferencias seleccionadas por el usuario durante la navegaci\u00f3n, por ejemplo, permiten configurar el idioma.<\/li>\n<li><strong>Actividades estad\u00edsticas y de medici\u00f3n de la audiencia (por ejemplo, Google Analytics)<\/strong><br \/>Estas cookies nos ayudan a entender, a trav\u00e9s de los datos recogidos de forma an\u00f3nima y agregada, c\u00f3mo los usuarios interact\u00faan con los sitios web, proporcionando informaci\u00f3n relativa a las secciones visitadas, el tiempo de permanencia en el sitio, cualquier mal funcionamiento. Esto ayuda a mejorar el rendimiento de los sitios web.<\/li>\n<li><strong>Cookies de redes sociales (por ejemplo, Facebook)<\/strong><br \/>Estas cookies de terceros se utilizan para integrar algunas funciones populares de las redes sociales y ofrecerlas dentro del sitio. En particular, permiten el registro y la autentificaci\u00f3n en el sitio a trav\u00e9s de Facebook y Google Connect, compartir y comentar las p\u00e1ginas del sitio en las redes sociales, habilitar la funci\u00f3n \"me gusta\" en Facebook y la funci\u00f3n \"+1\u2033 en G+.<\/li>\n<\/ul>\n<h3>Objetivo del tratamiento<\/h3>\n<p>Los datos pueden recogerse para uno o varios de los siguientes fines:<\/p>\n<ul>\n<li>facilitar el acceso a \u00e1reas restringidas del Portal y de los portales\/sitios vinculados a \u00e9ste y al env\u00edo de comunicaciones, tambi\u00e9n de car\u00e1cter comercial, noticias, actualizaciones sobre las iniciativas de este sitio y de las empresas controladas y\/o vinculadas y\/o patrocinadoras.<\/li>\n<li>la posible cesi\u00f3n a terceros de los citados datos, siempre con la finalidad de realizar campa\u00f1as de email marketing y env\u00edo de comunicaciones comerciales.<\/li>\n<li>cumplir las obligaciones previstas por las leyes o los reglamentos;<\/li>\n<li>gesti\u00f3n de contactos;<\/li>\n<\/ul>\n<h3>Modalidades de tratamiento<\/h3>\n<p>Los datos se tratar\u00e1n de la siguiente manera:<\/p>\n<ul>\n<li>Recogida de datos de forma individual, en una base de datos especial;<\/li>\n<li>grabaci\u00f3n y procesamiento en papel y\/o soportes magn\u00e9ticos;<\/li>\n<li>organizaci\u00f3n de los archivos de forma predominantemente automatizada, de acuerdo con el Reglamento T\u00e9cnico sobre medidas m\u00ednimas de seguridad, Anexo B del C\u00f3digo de Privacidad.<\/li>\n<\/ul>\n<h3>Car\u00e1cter obligatorio<\/h3>\n<p>Todos los datos solicitados son obligatorios.<\/p>\n<h3>Derechos del interesado<\/h3>\n<p>De conformidad con el art\u00edculo 7 (Derecho de acceso a los datos personales y otros derechos) del C\u00f3digo de Privacidad, le informamos de que sus derechos en relaci\u00f3n con el tratamiento de datos son:<\/p>\n<ul>\n<li>ser informado, mediante libre acceso, de la existencia de operaciones de tratamiento de datos que puedan afectarle;<\/li>\n<li>ser informado de la naturaleza y la finalidad del tratamiento<\/li>\n<li>ser obtenido por el titular sin demora:\n<ul>\n<li>la confirmaci\u00f3n de la existencia o no de datos personales que le conciernen, con independencia de que ya est\u00e9n registrados, y la comunicaci\u00f3n en forma inteligible de dichos datos y de su origen, as\u00ed como de la l\u00f3gica y las finalidades que subyacen al tratamiento; la solicitud podr\u00e1 renovarse, salvo razones fundadas, con un intervalo no inferior a noventa d\u00edas;<\/li>\n<li>la cancelaci\u00f3n, la transformaci\u00f3n en forma an\u00f3nima o el bloqueo de los datos tratados en violaci\u00f3n de la ley, incluidos los datos cuya conservaci\u00f3n sea innecesaria para los fines para los que fueron recogidos o tratados posteriormente;<\/li>\n<li>la actualizaci\u00f3n, rectificaci\u00f3n o, en su caso, integraci\u00f3n de los datos existentes;<\/li>\n<li>oponerse total o parcialmente, por motivos leg\u00edtimos, al tratamiento de los datos personales que le conciernen, aunque sean pertinentes para el objetivo de la recogida;<\/li>\n<\/ul>\n<\/li>\n<\/ul>\n<p>Nos gustar\u00eda se\u00f1alar que el titular del tratamiento a todos los efectos legales es:<\/p>\n<ul>\n<li><strong>VEA SRL<\/strong><\/li>\n<li>P. IVA 13478090155<\/li>\n<li>Via Fratelli Rosselli, 43 -<\/li>\n<li>20010 - Canegrate ( (MI))<\/li>\n<li>Tel\/Fax: 0331402751<\/li>\n<li>Correo electr\u00f3nico: vea@vea.it<\/li>\n<\/ul>\n<p>Para ejercer sus derechos en virtud del art\u00edculo 7 del C\u00f3digo de Privacidad o para que sus datos sean eliminados del archivo, simplemente p\u00f3ngase en contacto con nosotros a trav\u00e9s de uno de los canales previstos.<\/p>\n<p>Todos los datos est\u00e1n protegidos mediante el uso de antivirus, cortafuegos y protecci\u00f3n por contrase\u00f1a.<\/p>\n<h3>Informaci\u00f3n para los ni\u00f1os<\/h3>\n<p>Creemos que es importante proporcionar una mayor protecci\u00f3n a los ni\u00f1os en l\u00ednea. Animamos a los padres y tutores a pasar tiempo en l\u00ednea con sus hijos para observar, participar y\/o supervisar y guiar su actividad en l\u00ednea. No recogemos informaci\u00f3n personal de menores. Si un padre o tutor cree que nuestro sitio tiene informaci\u00f3n personal de un ni\u00f1o en su base de datos, por favor p\u00f3ngase en contacto con nosotros inmediatamente (utilizando el correo electr\u00f3nico proporcionado) y haremos todo lo posible para eliminar esa informaci\u00f3n tan pronto como sea posible.<\/p>\n<p>Esta pol\u00edtica de privacidad se aplica \u00fanicamente a nuestras actividades en l\u00ednea y se aplica a los visitantes de nuestro sitio web y a la informaci\u00f3n compartida y\/o recopilada. Esta pol\u00edtica no se aplica a la informaci\u00f3n recopilada fuera de l\u00ednea o a trav\u00e9s de canales distintos de este sitio web.<\/p>\n<h3>Consentimiento<\/h3>\n<p>Al utilizar nuestro sitio web, usted est\u00e1 de acuerdo con nuestra pol\u00edtica de privacidad y acepta sus t\u00e9rminos. Si desea m\u00e1s informaci\u00f3n o tiene alguna pregunta sobre nuestra pol\u00edtica de privacidad, no dude en ponerse en contacto con nosotros.<\/p>","protected":false},"excerpt":{"rendered":"<p>Pol\u00edtica de privacidad En vea.co.uk creemos que la privacidad de nuestros visitantes es extremadamente importante. Este documento detalla los tipos de informaci\u00f3n personal que se recogen y registran en nuestro sitio y c\u00f3mo se utilizan. Archivos de registro Como muchos otros sitios web, el nuestro utiliza archivos de registro. Estos archivos simplemente registran a los visitantes ...<\/p>\n<p class=\"read-more\"> <a class=\"ast-button\" href=\"https:\/\/vea.it\/es\/politica-de-privacidad\/\"> <span class=\"screen-reader-text\">Pol\u00edtica de privacidad<\/span> Leer m\u00e1s \"<\/a><\/p>","protected":false},"author":1,"featured_media":0,"parent":0,"menu_order":0,"comment_status":"closed","ping_status":"closed","template":"","meta":{"site-sidebar-layout":"no-sidebar","site-content-layout":"page-builder","ast-global-header-display":"","ast-main-header-display":"","ast-hfb-above-header-display":"","ast-hfb-below-header-display":"","ast-hfb-mobile-header-display":"","site-post-title":"disabled","ast-breadcrumbs-content":"","ast-featured-img":"disabled","footer-sml-layout":"","theme-transparent-header-meta":"default","adv-header-id-meta":"","stick-header-meta":"default","header-above-stick-meta":"","header-main-stick-meta":"","header-below-stick-meta":"","footnotes":""},"_links":{"self":[{"href":"https:\/\/vea.it\/es\/wp-json\/wp\/v2\/pages\/3"}],"collection":[{"href":"https:\/\/vea.it\/es\/wp-json\/wp\/v2\/pages"}],"about":[{"href":"https:\/\/vea.it\/es\/wp-json\/wp\/v2\/types\/page"}],"author":[{"embeddable":true,"href":"https:\/\/vea.it\/es\/wp-json\/wp\/v2\/users\/1"}],"replies":[{"embeddable":true,"href":"https:\/\/vea.it\/es\/wp-json\/wp\/v2\/comments?post=3"}],"version-history":[{"count":0,"href":"https:\/\/vea.it\/es\/wp-json\/wp\/v2\/pages\/3\/revisions"}],"wp:attachment":[{"href":"https:\/\/vea.it\/es\/wp-json\/wp\/v2\/media?parent=3"}],"curies":[{"name":"wp","href":"https:\/\/api.w.org\/{rel}","templated":true}]}}