{"id":1997,"date":"2020-08-03T10:41:20","date_gmt":"2020-08-03T10:41:20","guid":{"rendered":"https:\/\/vea.it\/?page_id=1997"},"modified":"2025-05-06T14:48:06","modified_gmt":"2025-05-06T14:48:06","slug":"misura","status":"publish","type":"page","link":"https:\/\/vea.it\/es\/medida\/","title":{"rendered":"MEDIDA"},"content":{"rendered":"<h1>\n\t\tSOLUCIONES: <br \/> MEDIDA\n\t<\/h1>\n\t<ul>\n\t\t<li>\t\t\n\t\t\t\t<img decoding=\"async\" src=\"https:\/\/vea.it\/wp-content\/uploads\/2020\/02\/Micrometri_fotosec.png\" alt=\"Micr\u00f3metros_fotosec\" title=\"Micr\u00f3metros_fotosec\" itemprop=\"image\"\/>\n\t\t200 fotos por segundo<\/li><li>\t\t\n\t\t\t\t<img decoding=\"async\" src=\"https:\/\/vea.it\/wp-content\/uploads\/2020\/01\/servizi_icona3.png\" alt=\"icon_services3\" title=\"icon_services3\" itemprop=\"image\"\/>\n\t\tm\u00e1s de 100.000 mediciones por segundo<\/li><li>\t\t\n\t\t\t\t<img decoding=\"async\" src=\"https:\/\/vea.it\/wp-content\/uploads\/2020\/02\/Micrometri_ripetibilit\u00e0.png\" alt=\"Repetibilidad de los micr\u00f3metros\" title=\"Repetibilidad de los micr\u00f3metros\" itemprop=\"image\"\/>\n\t\tControl de precisi\u00f3n en tiempo real<\/li><li>\t\t\n\t\t\t\t<img decoding=\"async\" src=\"https:\/\/vea.it\/wp-content\/uploads\/2020\/02\/Micrometri_variazioni.png\" alt=\"Variaciones de los micr\u00f3metros\" title=\"Variaciones de los micr\u00f3metros\" itemprop=\"image\"\/>\n\t\tCompensaci\u00f3n de temperatura y vibraci\u00f3n<\/li><li>\t\t\n\t\t\t\t<img decoding=\"async\" src=\"https:\/\/vea.it\/wp-content\/uploads\/2020\/02\/Micrometri_precisione.png\" alt=\"Micr\u00f3metros de precisi\u00f3n\" title=\"Micr\u00f3metros de precisi\u00f3n\" itemprop=\"image\"\/>\n\t\tPrecisi\u00f3n submicrom\u00e9trica<\/li>\t<\/ul>\n<h1>\n\t\tSISTEMAS DE VISI\u00d3N PARA LA MEDICI\u00d3N: EJEMPLOS REALES\n\t<\/h1>\n\t<h5>Los sistemas de visi\u00f3n para medici\u00f3n en l\u00edneas de producci\u00f3n son soluciones avanzadas que utilizan c\u00e1maras, sensores \u00f3pticos y software para realizar comprobaciones dimensionales y de calidad de los productos durante el proceso de producci\u00f3n. Estos sistemas funcionan en tiempo real, sin interrumpir el flujo de producci\u00f3n, lo que garantiza una gran precisi\u00f3n y rapidez de an\u00e1lisis. Una de las principales aplicaciones de estos sistemas es la medici\u00f3n sin contacto de dimensiones cr\u00edticas de productos<\/h5>\n<h5>Su funcionamiento se basa en c\u00e1maras de alta resoluci\u00f3n y micr\u00f3metros \u00f3pticos que adquieren im\u00e1genes o medidas de la pieza y las procesan mediante algoritmos avanzados. Gracias a estas tecnolog\u00edas, es posible comprobar con precisi\u00f3n dimensiones, tolerancias y detectar cualquier defecto.<\/h5>\n<h5>La velocidad de procesamiento de los sistemas de visi\u00f3n permite la inspecci\u00f3n 100% de la producci\u00f3n, lo que reduce la necesidad de realizar comprobaciones al azar y aumenta la eficacia de la producci\u00f3n.<\/h5>\n<h5>Los sistemas de visi\u00f3n encuentran aplicaci\u00f3n en sectores como la automoci\u00f3n, la industria aeroespacial y la mec\u00e1nica de precisi\u00f3n, donde la calidad y la repetibilidad de las mediciones son esenciales. Al integrarse con robots y software de gesti\u00f3n, optimizan los procesos de producci\u00f3n, reducen los residuos y mejoran la eficiencia general de la l\u00ednea de producci\u00f3n, lo que los convierte en un activo esencial para la Industria 5.0.<\/h5>\n<h2>\n\t\tsistema de medici\u00f3n microm\u00e9trica en una pieza torneada y roscada combinado con el control de calidad\n\t<\/h2>\n<h4>\n\t\tEl sistema de visi\u00f3n integrado en esta planta realiza funciones avanzadas de guiado de robots, medici\u00f3n microm\u00e9trica y control de calidad, garantizando una gran precisi\u00f3n en el an\u00e1lisis de piezas de acero mecanizadas con superficies reflectantes.\n\t<\/h4>\n\t\t\t\t<img decoding=\"async\" loading=\"lazy\" src=\"https:\/\/vea.it\/wp-content\/uploads\/2025\/03\/0875-cb.jpg\" alt=\"sistema de control de calidad de superficies y medici\u00f3n con doble micr\u00f3metro \u00f3ptico\" itemprop=\"image\" height=\"1056\" width=\"1499\" title=\"0875-cb\" onerror=\"this.style.display='none'\"  \/>\n\t<h3>Caracter\u00edsticas del sistema de visi\u00f3n<\/h3>\n<h4>Gu\u00eda del robot<\/h4>\n<p>El sistema est\u00e1 dise\u00f1ado para optimizar la recogida robotizada de componentes con superficies muy reflectantes. Las piezas, colocadas aleatoriamente en una cinta transportadora, son reconocidas y recogidas con precisi\u00f3n para trasladarlas a estaciones de an\u00e1lisis sin riesgo de da\u00f1os.<\/p>\n\t<h4 data-start=\"378\" data-end=\"431\"><strong data-start=\"383\" data-end=\"429\">Medici\u00f3n y control de calidad simult\u00e1neos<\/strong><\/h4>\n<p>Un \u00fanico sistema maneja dos micr\u00f3metros \u00f3pticos de 100 mm de di\u00e1metro y una c\u00e1mara espec\u00edfica para inspeccionar la parte inferior de la pieza. Durante el ciclo de an\u00e1lisis, el componente gira durante tres segundos, tiempo en el que se realizan 180 sesiones de medici\u00f3n, cada una con m\u00e1s de 50 detecciones. Paralelamente, el control de calidad detecta defectos como abolladuras, grabados, rebabas y oxidaci\u00f3n.<\/p>\n<p>Para garantizar la m\u00e1xima precisi\u00f3n, los micr\u00f3metros \u00f3pticos adoptan un sistema de autocalibraci\u00f3n basado en un conjunto de referencia de hasta 10 piezas calibradas. Este enfoque permite cumplir las normativas m\u00e1s estrictas sobre equipos de medici\u00f3n en l\u00edneas de producci\u00f3n, garantizando una fiabilidad y precisi\u00f3n constantes.<\/p>\n\t\t\t\t<img decoding=\"async\" loading=\"lazy\" src=\"https:\/\/vea.it\/wp-content\/uploads\/2025\/03\/0875-vd01.jpg\" alt=\"captura de pantalla medici\u00f3n microm\u00e9trica \u00f3ptica y control de calidad de superficies\" itemprop=\"image\" height=\"562\" width=\"1333\" title=\"0875-vd01\" onerror=\"this.style.display='none'\"  \/>\n\t\t\t\t<img decoding=\"async\" loading=\"lazy\" src=\"https:\/\/vea.it\/wp-content\/uploads\/2025\/03\/micr-0875-02.jpg\" alt=\"medici\u00f3n y control de calidad de superficies micr\u00f3metro \u00f3ptico\" itemprop=\"image\" height=\"800\" width=\"800\" title=\"micr-0875-02\" onerror=\"this.style.display='none'\"  \/>\n<h2>\n\t\tsistema de medici\u00f3n de estator y control de virutas\n\t<\/h2>\n<h4>\n\t\tSistema de visi\u00f3n con doble c\u00e1mara para el guiado del robot y la medici\u00f3n del est\u00e1tor. Orienta las piezas, comprueba las tolerancias, verifica los desechos y almacena los datos para la trazabilidad, lo que garantiza la calidad y la plena integraci\u00f3n con el robot y la planta.\n\t<\/h4>\n\t\t\t\t<img decoding=\"async\" loading=\"lazy\" src=\"https:\/\/vea.it\/wp-content\/uploads\/2025\/05\/1028-pz01-400x300-1.webp\" alt=\"estator de motor el\u00e9ctrico\" itemprop=\"image\" height=\"300\" width=\"400\" title=\"1028-pz01-400x300\" onerror=\"this.style.display='none'\"  \/>\n\t<h3>Caracter\u00edsticas del sistema de visi\u00f3n<\/h3>\n<h4>Gu\u00eda rob\u00f3tica para la orientaci\u00f3n de la placa del estator<\/h4>\n<p>Antes de ser cargado en la m\u00e1quina, el estator debe estar correctamente orientado con una precisi\u00f3n de d\u00e9cimas de grado, una c\u00e1mara comprueba la pieza y corrige la orientaci\u00f3n transmitiendo la correcci\u00f3n al robot.<\/p>\n\t<h4 data-start=\"378\" data-end=\"431\"><strong data-start=\"383\" data-end=\"429\">Medici\u00f3n del est\u00e1tor<\/strong><\/h4>\n<p>Siguiendo las especificaciones de medici\u00f3n dictadas por el cliente, el sistema reconstruye la geometr\u00eda necesaria para detectar las mediciones deseadas, para cada est\u00e1tor se comprueban las mediciones, si las mediciones est\u00e1n fuera de tolerancia se rechaza la pieza. En cualquier caso, los datos medidos se archivan para permitir la trazabilidad.<\/p>\n<p>&nbsp;<\/p>\n<h4>Control de calidad de los estatores<\/h4>\n<p>Adem\u00e1s de las mediciones, se comprueba si hay restos en el producto.<\/p>\n\t\t\t\t<img decoding=\"async\" loading=\"lazy\" src=\"https:\/\/vea.it\/wp-content\/uploads\/2025\/05\/1028-vd01-1920x1080-1.webp\" alt=\"medici\u00f3n del est\u00e1tor\" itemprop=\"image\" height=\"1080\" width=\"1920\" title=\"1028-vd01-1920x1080\" onerror=\"this.style.display='none'\"  \/>\n\t\t\t\t<img decoding=\"async\" loading=\"lazy\" src=\"https:\/\/vea.it\/wp-content\/uploads\/2025\/05\/1028-vd02-1561x866-1.webp\" alt=\"control de calidad del est\u00e1tor\" itemprop=\"image\" height=\"866\" width=\"1561\" title=\"1028-vd02-1561x866\" onerror=\"this.style.display='none'\"  \/>","protected":false},"excerpt":{"rendered":"<p>SOLUCIONES: MEDICI\u00d3N 200 fotos por segundo m\u00e1s de 100.000 mediciones por segundo Control de precisi\u00f3n en tiempo real Compensaci\u00f3n de variaciones t\u00e9rmicas y de vibraci\u00f3n Precisi\u00f3n submicrom\u00e9trica SISTEMAS DE VISI\u00d3N PARA LA MEDICI\u00d3N: EJEMPLOS REALES Los sistemas de visi\u00f3n para la medici\u00f3n en l\u00edneas de producci\u00f3n son soluciones avanzadas que utilizan c\u00e1maras, sensores \u00f3pticos y software ...<\/p>\n<p class=\"read-more\"> <a class=\"ast-button\" href=\"https:\/\/vea.it\/es\/medida\/\"> <span class=\"screen-reader-text\">MEDIDA<\/span> Leer m\u00e1s \"<\/a><\/p>","protected":false},"author":2,"featured_media":0,"parent":0,"menu_order":0,"comment_status":"closed","ping_status":"closed","template":"","meta":{"site-sidebar-layout":"no-sidebar","site-content-layout":"page-builder","ast-global-header-display":"","ast-main-header-display":"","ast-hfb-above-header-display":"","ast-hfb-below-header-display":"","ast-hfb-mobile-header-display":"","site-post-title":"disabled","ast-breadcrumbs-content":"","ast-featured-img":"disabled","footer-sml-layout":"","theme-transparent-header-meta":"default","adv-header-id-meta":"","stick-header-meta":"default","header-above-stick-meta":"","header-main-stick-meta":"","header-below-stick-meta":"","footnotes":""},"_links":{"self":[{"href":"https:\/\/vea.it\/es\/wp-json\/wp\/v2\/pages\/1997"}],"collection":[{"href":"https:\/\/vea.it\/es\/wp-json\/wp\/v2\/pages"}],"about":[{"href":"https:\/\/vea.it\/es\/wp-json\/wp\/v2\/types\/page"}],"author":[{"embeddable":true,"href":"https:\/\/vea.it\/es\/wp-json\/wp\/v2\/users\/2"}],"replies":[{"embeddable":true,"href":"https:\/\/vea.it\/es\/wp-json\/wp\/v2\/comments?post=1997"}],"version-history":[{"count":4,"href":"https:\/\/vea.it\/es\/wp-json\/wp\/v2\/pages\/1997\/revisions"}],"predecessor-version":[{"id":3709,"href":"https:\/\/vea.it\/es\/wp-json\/wp\/v2\/pages\/1997\/revisions\/3709"}],"wp:attachment":[{"href":"https:\/\/vea.it\/es\/wp-json\/wp\/v2\/media?parent=1997"}],"curies":[{"name":"wp","href":"https:\/\/api.w.org\/{rel}","templated":true}]}}