{"id":18,"date":"2019-12-15T10:07:40","date_gmt":"2019-12-15T10:07:40","guid":{"rendered":"https:\/\/vea.it\/?page_id=18"},"modified":"2025-04-02T14:52:15","modified_gmt":"2025-04-02T14:52:15","slug":"homepage","status":"publish","type":"page","link":"https:\/\/vea.it\/es\/","title":{"rendered":"P\u00e1gina web"},"content":{"rendered":"<ul>\n\t\t<li>\t\t\n\t\t\t\t<img decoding=\"async\" src=\"https:\/\/vea.it\/wp-content\/uploads\/2020\/02\/Micrometri_fotosec.png\" alt=\"Micr\u00f3metros_fotosec\" title=\"Micr\u00f3metros_fotosec\" itemprop=\"image\">\n\t\t<h3>Visi\u00f3n artificial<\/h3><p>Llevamos m\u00e1s de 25 a\u00f1os dise\u00f1ando m\u00e1quinas de visi\u00f3n artificial para el entorno industrial.&nbsp;<\/p><\/li><li>\t\t\t\t\n\t\t<h3>Soluciones <\/h3><p>No s\u00f3lo productos, sino sobre todo soluciones dedicadas a nuestros clientes<\/p><\/li><li>\t\t\n\t\t\t\t<img decoding=\"async\" src=\"https:\/\/vea.it\/wp-content\/uploads\/2019\/12\/Checkbox_icona6.png\" alt=\"electr\u00f3nica\" title=\"Checkbox_icona6\" itemprop=\"image\">\n\t\t<h3>Electr\u00f3nica ad hoc<\/h3><p>Dise\u00f1o y fabricaci\u00f3n de electr\u00f3nica a medida para uso civil e industrial, sensores a medida, placas cpu, iluminadores<\/p><\/li><li>\t\t\n\t\t\t\t<img decoding=\"async\" src=\"https:\/\/vea.it\/wp-content\/uploads\/2019\/12\/icone_misura.png\" alt=\"icons_measure\" title=\"icons_measure\" itemprop=\"image\">\n\t\t<h3>Proyectos industriales<\/h3><p>Dise\u00f1amos y fabricamos m\u00e1quinas complejas que cumplen los requisitos m\u00e1s exigentes<\/p><\/li><li>\t\t\n\t\t\t\t<img decoding=\"async\" src=\"https:\/\/vea.it\/wp-content\/uploads\/2019\/12\/icone_industria.png\" alt=\"industria de los iconos\" title=\"industria de los iconos\" itemprop=\"image\">\n\t\t<h3>Industria 5.0<\/h3><p>Nuestras m\u00e1quinas ya est\u00e1n preparadas para la interconexi\u00f3n con procesos industriales, tal como exigen las directrices de la \"Industria 5.0\".&nbsp;<\/p><\/li>\t<\/ul>\n\tDise\u00f1o, instalaci\u00f3n, entrenamiento.<br>\nNuestros productos son s\u00f3lo una parte de las soluciones que ofrecemos.\n\t\t\t<a href=\"https:\/\/vea.it\/contatti\/\" target=\"_self\" rel=\"noopener\">\n\t\t\t\t\t\t\tBUSCAR CONSEJO\n\t\t\t\t\t<\/a>\n\t\t\t<a href=\"https:\/\/vea.it\/galleria-video\/\" target=\"_self\" rel=\"noopener\">\n\t\t\t\t\t\t\tEXPLORAR LA GALER\u00cdA DE VIDEO\n\t\t\t\t\t<\/a>\n\t<ul>\n\t\t<li>\t\t\n\t\t\t\t<img decoding=\"async\" src=\"https:\/\/vea.it\/wp-content\/uploads\/2020\/01\/servizi_icona1.png\" alt=\"servicios_icona1\" title=\"servicios_icona1\" itemprop=\"image\">\n\t\t<h4>Consultor\u00eda<\/h4><\/li><li>\t\t\n\t\t\t\t<img decoding=\"async\" src=\"https:\/\/vea.it\/wp-content\/uploads\/2020\/01\/servizi_icona2.png\" alt=\"icon_services2\" title=\"icon_services2\" itemprop=\"image\">\n\t\t<h4>Instalaci\u00f3n<\/h4><\/li><li>\t\t\n\t\t\t\t<img decoding=\"async\" src=\"https:\/\/vea.it\/wp-content\/uploads\/2020\/01\/servizi_icona3.png\" alt=\"icon_services3\" title=\"icon_services3\" itemprop=\"image\">\n\t\t<h4>Calibraci\u00f3n<\/h4><\/li><li>\t\t\n\t\t\t\t<img decoding=\"async\" src=\"https:\/\/vea.it\/wp-content\/uploads\/2020\/01\/servizi_icona4.png\" alt=\"icon_services4\" title=\"icon_services4\" itemprop=\"image\">\n\t\t<h4>Certificaci\u00f3n<\/h4><\/li><li>\t\t\n\t\t\t\t<img decoding=\"async\" src=\"https:\/\/vea.it\/wp-content\/uploads\/2020\/01\/servizi_icona6.png\" alt=\"icon_services6\" title=\"icon_services6\" itemprop=\"image\">\n\t\t<h4>Entrenamiento<\/h4><\/li>\t<\/ul>\n\t\t\t<a href=\"https:\/\/vea.it\/servizi\/\" target=\"_self\" rel=\"noopener\">\n\t\t\t\t\t\t\tDESCUBRA NUESTROS SERVICIOS\n\t\t\t\t\t<\/a>\n<h1>\n\t\tNOSOTROS SOMOS\n\t<\/h1>\n\t\t\t\t<img decoding=\"async\" src=\"https:\/\/vea.it\/wp-content\/uploads\/2020\/01\/chi-siamo-fiera.jpg\" alt=\"C\u00c1MARA DIGITAL OLYMPUS\" itemprop=\"image\" title=\"C\u00c1MARA DIGITAL OLYMPUS\" onerror=\"this.style.display='none'\">\n\t<p>Desde 1992 hemos estado tratando con <strong>sistemas de visi\u00f3n artificial<\/strong>A lo largo de los a\u00f1os, nos hemos convertido en una referencia internacional en sistemas de visi\u00f3n y equipos integrados de control de calidad y medici\u00f3n de muy alta fiabilidad. Nuestra<strong> sistemas de visi\u00f3n <\/strong>totalmente integrado en su proceso de producci\u00f3n <strong>garantizando controles de calidad con fiabilidad en PPM (Partes por mill\u00f3n) y controles metrol\u00f3gicos con precisi\u00f3n microm\u00e9trica en 100% de las piezas producidas.<\/strong><\/p>\n<p>Gracias a la l\u00ednea de la casilla de verificaci\u00f3n <strong>podemos realizar controles de calidad y mediciones autom\u00e1ticas directamente en las l\u00edneas de producci\u00f3n<\/strong>y aument\u00f3 considerablemente la calidad de la producci\u00f3n de la empresa.<\/p>\n\t\t\t<a href=\"https:\/\/vea.it\/chi-siamo\/\" target=\"_self\" rel=\"noopener\">\n\t\t\t\t\t\t\tDESCUBRA M\u00c1S\n\t\t\t\t\t<\/a>\n\t\t<!-- Comment to fix spacing issue\n\t-->\n\t\t0\nSistemas de visi\u00f3n\n\t<!-- Comment to fix spacing issue\n\t-->\t\n\t\t<!-- Comment to fix spacing issue\n\t-->\n\t\t0\nSistemas de visi\u00f3n artificial\n\t<!-- Comment to fix spacing issue\n\t-->\t\n\t\t<!-- Comment to fix spacing issue\n\t-->\n\t\t0\nCheckBox\n\t<!-- Comment to fix spacing issue\n\t-->\t\n\t\t<!-- Comment to fix spacing issue\n\t-->\n\t\t0\nSocios internacionales\n\t<!-- Comment to fix spacing issue\n\t-->\t\n<h2>\n\t\tCERTIFICACIONES Y ASOCIACIONES\n\t<\/h2>\n<h4>\n\t\tATENCI\u00d3N: por el momento la descarga s\u00f3lo funciona cuando se selecciona el IDIOMA ITALIANO\n\t<\/h4>\n\t\t\t\t\t\t\t\t<a href=\"#\" id=\"fl-tabs--label-0\" data-index=\"0\" aria-selected=\"true\" aria-controls=\"fl-tabs--panel-0\" aria-expanded=\"true\" role=\"tab\" tabindex=\"0\">\t\t\t\tISO 9001\t\t\t\t<\/a>\n\t\t\t\t\t\t\t\t<a href=\"#\" id=\"fl-tabs--label-1\" data-index=\"1\" aria-selected=\"false\" aria-controls=\"fl-tabs--panel-1\" aria-expanded=\"false\" role=\"tab\" tabindex=\"0\">\t\t\t\tASOCIACIONES\t\t\t\t<\/a>\n\t\t\t\t\t\tISO 9001\n\t\t\t\t\t\t\t\t\t\t\t<p>La empresa VEA S.r.l. es <strong>la primera empresa en Italia <\/strong>Certificado UNI EN ISO9001 (n. 393)<strong> para el dise\u00f1o, la fabricaci\u00f3n, la instalaci\u00f3n y el mantenimiento de sistemas de visi\u00f3n artificial<\/strong>.<\/p>\n<p><img decoding=\"async\" src=\"https:\/\/vea.it\/wp-content\/uploads\/2023\/08\/ISO-9001-2023-qualita_orizz-350x240-1.png\" alt=\"ISO 9001 LOGO\"><\/p>\n<p>Descargue el certificado.<\/p>\n<p>\t\t\t\t<div class=\"email_download_link\">\r\n\t\t\t\t\t\t<form action=\"#\" method=\"post\" class=\"ed_form\" id=\"ed_form_1776626387\" data-no-translation=\"\" data-no-auto-translation=\"\" data-trp-original-action=\"#\">\r\n\t\t\t\t<p><span class=\"name\">Name *<\/span><br><input type=\"text\" name=\"name\" id=\"name\" placeholder=\"Name\" value=\"\" maxlength=\"50\" required><\/p>\t\t\t\t<p><span class=\"email\">Email *<\/span><br><input class=\"\" type=\"email\" id=\"email\" name=\"email\" value=\"\" placeholder=\"Email *\"  maxlength=\"225\" required><\/p>\t\t\t\t\t\t\t\t<p><span class=\"email\">Downloads *<\/span><br><select name=\"group\" id=\"group\" required><option value=\"\">Select<\/option><option value=\"bpnsta-jtmzwr-bfuqtv-urbzhw-vgyboq\">IQNET 2023<\/option><option value=\"syetdc-tlmefx-tnawrf-crlbei-hrkztd\">ISO 9001 2023<\/option><\/select><\/p>\t\t\t\t\t\t\t\t\t\t\t\t<br \/>\r\n\t\t\t\t<input name=\"submit\" class=\"submit\" id=\"ed_form_submit_1776626387\" value=\"Send Download Link\" type=\"submit\" \/>\r\n\t\t\t\t<span class=\"ed_form_spinner\" id=\"loading-image\" style=\"display:none;\">\r\n\t\t\t\t\t<img src=\"https:\/\/vea.it\/wp-content\/plugins\/email-download-link\/images\/ajax-loader.gif\" \/>\r\n\t\t\t\t<\/span>\r\n\t\t\t\t<input name=\"guid\" id=\"guid\" value=\"group-option\" type=\"hidden\"\/>\r\n\t\t\t\t<input type=\"text\" style=\"display:none;\" id=\"email_name\" name=\"email_name\" value=\"\"\/>\r\n\t\t\t\t<input name=\"form_nonce\" id=\"form_nonce\" value=\"59856989b9\" type=\"hidden\"\/>\r\n\t\t\t\t<input name=\"name_mand\" id=\"name_mand\" value=\"YES\" type=\"hidden\"\/>\r\n\t\t\t\t<input name=\"gdpr_mand\" id=\"gdpr_mand\" value=\"NO\" type=\"hidden\"\/>\r\n\t\t\t\t<input name=\"phone_mand\" id=\"phone_mand\" value=\"\" type=\"hidden\"\/>\r\n\t\t\t<input type=\"hidden\" name=\"trp-form-language\" value=\"es\"\/><\/form>\t\r\n\t\t\t<span class=\"ed_form_message\" id=\"ed_form_message_1776626387\"><\/span>\r\n\t\t<\/div>\r\n\t con la solicitud de este enlace autorizo a VEA s.r.l. a la conservaci\u00f3n del correo<\/p>\n\t\t\t\t\t\tASOCIACIONES\n\t\t\t\t\t\t\t\t\t\t\t<p><a href=\"https:\/\/www.confindustria-am.it\/\" target=\"_blank\" rel=\"noopener\"><img decoding=\"async\" loading=\"lazy\" src=\"https:\/\/vea.it\/wp-content\/uploads\/2025\/03\/confind-a-m-300x114.webp\" alt=\"Confindustria Alto Milanese\" width=\"300\" height=\"114\"><\/a><\/p>\n\t\t\t<a href=\"https:\/\/vea.it\/sistemi-di-visione\/\" target=\"_self\" rel=\"noopener\">\n\t\t\t\t\t\t\tSISTEMAS DE VISI\u00d3N\n\t\t\t\t\t<\/a>","protected":false},"excerpt":{"rendered":"<p>Visi\u00f3n Artificial Desde hace m\u00e1s de 25 a\u00f1os dise\u00f1amos m\u00e1quinas de visi\u00f3n artificial dedicadas al entorno industrial Soluciones No s\u00f3lo productos sino sobre todo soluciones dedicadas a nuestros clientes Electr\u00f3nica Ad Hoc Dise\u00f1o y fabricaci\u00f3n de electr\u00f3nica a medida para uso civil e industrial, sensores a medida, placas cpu, iluminadores Proyectos Industriales Dise\u00f1amos y fabricamos m\u00e1quinas complejas que cumplen los requisitos ...<\/p>\n<p class=\"read-more\"> <a class=\"ast-button\" href=\"https:\/\/vea.it\/es\/\"> <span class=\"screen-reader-text\">P\u00e1gina web<\/span> Leer m\u00e1s \"<\/a><\/p>","protected":false},"author":1,"featured_media":0,"parent":0,"menu_order":0,"comment_status":"closed","ping_status":"closed","template":"","meta":{"site-sidebar-layout":"no-sidebar","site-content-layout":"page-builder","ast-global-header-display":"","ast-main-header-display":"","ast-hfb-above-header-display":"","ast-hfb-below-header-display":"","ast-hfb-mobile-header-display":"","site-post-title":"disabled","ast-breadcrumbs-content":"","ast-featured-img":"disabled","footer-sml-layout":"","theme-transparent-header-meta":"default","adv-header-id-meta":"","stick-header-meta":"default","header-above-stick-meta":"","header-main-stick-meta":"","header-below-stick-meta":"","footnotes":""},"_links":{"self":[{"href":"https:\/\/vea.it\/es\/wp-json\/wp\/v2\/pages\/18"}],"collection":[{"href":"https:\/\/vea.it\/es\/wp-json\/wp\/v2\/pages"}],"about":[{"href":"https:\/\/vea.it\/es\/wp-json\/wp\/v2\/types\/page"}],"author":[{"embeddable":true,"href":"https:\/\/vea.it\/es\/wp-json\/wp\/v2\/users\/1"}],"replies":[{"embeddable":true,"href":"https:\/\/vea.it\/es\/wp-json\/wp\/v2\/comments?post=18"}],"version-history":[{"count":21,"href":"https:\/\/vea.it\/es\/wp-json\/wp\/v2\/pages\/18\/revisions"}],"predecessor-version":[{"id":3698,"href":"https:\/\/vea.it\/es\/wp-json\/wp\/v2\/pages\/18\/revisions\/3698"}],"wp:attachment":[{"href":"https:\/\/vea.it\/es\/wp-json\/wp\/v2\/media?parent=18"}],"curies":[{"name":"wp","href":"https:\/\/api.w.org\/{rel}","templated":true}]}}