{"id":1574,"date":"2020-07-27T17:50:49","date_gmt":"2020-07-27T17:50:49","guid":{"rendered":"https:\/\/vea.it\/?page_id=1574"},"modified":"2025-05-07T16:55:29","modified_gmt":"2025-05-07T16:55:29","slug":"sistema-di-visione-integrato","status":"publish","type":"page","link":"https:\/\/vea.it\/es\/marco-industrial-por-sistema-vision\/","title":{"rendered":"MARCO INDUSTRIAL PARA LOS SISTEMAS DE VISI\u00d3N"},"content":{"rendered":"<ul>\n\t\t<li>\t\t\n\t\t\t\t<img decoding=\"async\" src=\"https:\/\/vea.it\/wp-content\/uploads\/2020\/08\/ICON-hus17-1.png\" alt=\"icono\" title=\"ICON-hus17-1\" itemprop=\"image\"\/>\n\t\tPLC incluido para la interconexi\u00f3n con el equipo de producci\u00f3n<\/li><li>\t\t\n\t\t\t\t<img decoding=\"async\" src=\"https:\/\/vea.it\/wp-content\/uploads\/2020\/08\/ICON-hus17-2.png\" alt=\"icono\" title=\"ICON-hus17-2\" itemprop=\"image\"\/>\n\t\tCaj\u00f3n de teclado integrado<\/li><li>\t\t\n\t\t\t\t<img decoding=\"async\" src=\"https:\/\/vea.it\/wp-content\/uploads\/2020\/08\/ICON-hus17-3.png\" alt=\"icono\" title=\"ICON-hus17-3\" itemprop=\"image\"\/>\n\t\tPanel del operador totalmente personalizable<\/li>\t<\/ul>\n\t\t\t\t\t\t\t<p>Doble riel DIN interno con espacio libre<\/p>\t\t\t\t\t\t\n\t\t\t\t\t\t\t<p>Norma CE y UL<\/p>\t\t\t\t\t\t\n\t\t\t\t\t\t\t<p>La industria que cumple con las normas 4.0<\/p>\t\t\t\t\t\t\n\t<h1>\n\t\tMARCO INDUSTRIAL PARA LOS SISTEMAS DE VISI\u00d3N INTEGRADOS\n\t<\/h1>\n<h2>\n\t\tQu\u00e9 es un sistema de visi\u00f3n integrado.\n\t<\/h2>\n\t<p>Un sistema de visi\u00f3n integrado combina la funcionalidad cl\u00e1sica de visi\u00f3n artificial con m\u00f3dulos avanzados, normalmente externos, como PLC, paneles de operador, controladores de iluminadores y controladores de motores y ejes. Esta arquitectura compacta simplifica la integraci\u00f3n, mejora la eficacia del sistema y reduce el tiempo y los costes de instalaci\u00f3n. Gracias a su versatilidad, es la opci\u00f3n ideal no s\u00f3lo para nuevas l\u00edneas de producci\u00f3n, sino tambi\u00e9n para <strong>modernizaci\u00f3n industrial<\/strong>permitiendo modernizar las m\u00e1quinas existentes con tecnolog\u00eda punta.<\/p>\n<h2>\n\t\tSustituir un sistema de visi\u00f3n nunca ha sido tan f\u00e1cil.\n\t<\/h2>\n\t\t\t\t<a href=\"https:\/\/vea.it\/wp-content\/uploads\/2020\/07\/hus-int-17-left-800.jpg\" target=\"_self\" itemprop=\"url\" rel=\"noopener\">\n\t\t\t\t<img decoding=\"async\" src=\"https:\/\/vea.it\/wp-content\/uploads\/2020\/07\/hus-int-17-left-800.jpg\" alt=\"Sistema de visi\u00f3n integrado\" itemprop=\"image\" title=\"hus-int-17-left-800\" onerror=\"this.style.display='none'\"  \/>\n\t\t\t\t<\/a>\n\t<p><b>HUS-IND-17 <\/b>es un pupitre de control para sistemas de visi\u00f3n de la serie C de VEA con un monitor de pantalla t\u00e1ctil multit\u00e1ctil capacitiva de 24\u2033 y cableado homologado CE o UL para el mercado norteamericano.<\/p>\n<p>Tiene un caj\u00f3n extra\u00edble para el teclado y el rat\u00f3n y unas dimensiones extremadamente compactas de 656 x 494 x 350 mm.<\/p>\n<p>Alberga un sistema de visi\u00f3n integrado de la serie C de VEA con un SAI de supercondensadores que no requiere mantenimiento y cumple las normas de la Industria 5.0 incluso en caso de corte del suministro el\u00e9ctrico.<\/p>\n<h4>I <em>sistemas de visi\u00f3n integrados<\/em> incluyen un PLC y un panel de mando y son productos ideales para renovar los sistemas de visi\u00f3n de cualquier marca.<\/h4>\n<h3>\n\t\tExtremadamente f\u00e1cil de instalar...\n\t<\/h3>\n\tLa estructura ergon\u00f3mica permite la conexi\u00f3n de varios m\u00f3dulos del sistema de visi\u00f3n escalable de la serie C y otros componentes de manera ordenada y ampliable.<br \/>\nEl sistema de refrigeraci\u00f3n por aire forzado con filtro de alta densidad mantiene los componentes a la temperatura correcta y los mantiene limpios.<br \/>\nLa caja de visi\u00f3n industrial VEA tiene una gran puerta que permite el acceso frontal y lateral a la caja para facilitar el mantenimiento.\n\t\t\t\t<a href=\"https:\/\/vea.it\/wp-content\/uploads\/2020\/07\/hus-ind-17-quadro-800.jpg\" target=\"_self\" itemprop=\"url\" rel=\"noopener\">\n\t\t\t\t<img decoding=\"async\" src=\"https:\/\/vea.it\/wp-content\/uploads\/2020\/07\/hus-ind-17-quadro-800.jpg\" alt=\"Sistema de visi\u00f3n integrado\" itemprop=\"image\" title=\"hus-ind 17 pintura 800\" onerror=\"this.style.display='none'\"  \/>\n\t\t\t\t<\/a>\n\t\t\t\t<a href=\"https:\/\/vea.it\/wp-content\/uploads\/2020\/07\/hus-ind-17-quadro-2-800q.jpg\" target=\"_self\" itemprop=\"url\" rel=\"noopener\">\n\t\t\t\t<img decoding=\"async\" src=\"https:\/\/vea.it\/wp-content\/uploads\/2020\/07\/hus-ind-17-quadro-2-800q.jpg\" alt=\"Sistema de visi\u00f3n integrado\" itemprop=\"image\" title=\"hus-ind-17 cuadrado 2 800q\" onerror=\"this.style.display='none'\"  \/>\n\t\t\t\t<\/a>\n\t<p>Las dos barras din incluidas permiten alojar otros componentes en el panel de control y un panel frontal permite la inserci\u00f3n de otros botones, por ejemplo una seta de emergencia.<\/p>\n<p>El SAI interno de supercondensadores, con una huella de solo 35 x 124 mm, permite la integraci\u00f3n automatizada del sistema con el sistema log\u00edstico de la f\u00e1brica incluso en caso de fallo de alimentaci\u00f3n, como exige la norma italiana \"Industria 5.0\".<\/p>\n<p>Su extrema versatilidad y facilidad de instalaci\u00f3n hacen que la HUS-IND-17 resulte ideal para su instalaci\u00f3n en l\u00edneas de producci\u00f3n existentes y para reequipar sistemas de visi\u00f3n.<\/p>\n<h3>\n\t\tSistema de visi\u00f3n integrado\n\t<\/h3>\n\t<p>El sistema de visi\u00f3n de alta potencia de la serie C permite conectar hasta 32 c\u00e1maras, procesar hasta 500 im\u00e1genes por segundo y realizar m\u00e1s de 1000 an\u00e1lisis por imagen.<\/p>\n<p>Tambi\u00e9n puede almacenar m\u00e1s de 5000 programas de productos diferentes.<\/p>\n<p>El sistema integra un PLC debidamente dise\u00f1ado para visi\u00f3n artificial que permite conectarse a los m\u00f3dulos de E\/S y al mundo industrial con varios protocolos que cumplen con la industria 4.0.<\/p>\n\t\t\t\t<a href=\"https:\/\/vea.it\/wp-content\/uploads\/2020\/07\/vs-c-04.jpg\" target=\"_self\" itemprop=\"url\" rel=\"noopener\">\n\t\t\t\t<img decoding=\"async\" src=\"https:\/\/vea.it\/wp-content\/uploads\/2020\/07\/vs-c-04.jpg\" alt=\"sistema de visi\u00f3n escalable\" itemprop=\"image\" title=\"vs-c-04\" onerror=\"this.style.display='none'\"  \/>\n\t\t\t\t<\/a>\n\t\tSistemas de visi\u00f3n escalables\n\t\t\t\t<a href=\"https:\/\/vea.it\/wp-content\/uploads\/2020\/07\/cb-pr-vd-01-800.jpg\" target=\"_self\" itemprop=\"url\" rel=\"noopener\">\n\t\t\t\t<img decoding=\"async\" loading=\"lazy\" src=\"https:\/\/vea.it\/wp-content\/uploads\/2020\/07\/cb-pr-vd-01-800.jpg\" alt=\"sistema de visi\u00f3n transportable\" itemprop=\"image\" height=\"450\" width=\"800\" title=\"cb-pr-vd-01-800\" onerror=\"this.style.display='none'\"  \/>\n\t\t\t\t<\/a>\n\t<p>El sistema integra un panel de operador HMI totalmente configurable con un potente editor gr\u00e1fico.<\/p>\n<p>El PLC y el HMI internos permiten incluso que los sistemas peque\u00f1os funcionen sin el uso de otros dispositivos externos, ahorrando en componentes y cableado.<\/p>\n<h2>\n\t\tEjemplos de aplicaciones en el entorno de la producci\u00f3n\n\t<\/h2>\n\t\t\t\t<a href=\"https:\/\/vea.it\/wp-content\/uploads\/2020\/07\/hus-ind-17-mount-02-800.jpg\" target=\"_self\" itemprop=\"url\" rel=\"noopener\">\n\t\t\t\t<img decoding=\"async\" src=\"https:\/\/vea.it\/wp-content\/uploads\/2020\/07\/hus-ind-17-mount-02-800.jpg\" alt=\"Sistema de visi\u00f3n integrado\" itemprop=\"image\" title=\"hus-ind-17-mount-02-800\" onerror=\"this.style.display='none'\"  \/>\n\t\t\t\t<\/a>\n\t\t\t\t<a href=\"https:\/\/vea.it\/wp-content\/uploads\/2020\/07\/hus-ind-17-mount-01-800.jpg\" target=\"_self\" itemprop=\"url\" rel=\"noopener\">\n\t\t\t\t<img decoding=\"async\" src=\"https:\/\/vea.it\/wp-content\/uploads\/2020\/07\/hus-ind-17-mount-01-800.jpg\" alt=\"HUS-IND-17\" itemprop=\"image\" title=\"C\u00c1MARA DIGITAL OLYMPUS\" onerror=\"this.style.display='none'\"  \/>\n\t\t\t\t<\/a>\n<h2>\n\t\tDESCARGAR\n\t<\/h2>\n\t\t\t\t\t\t\t\t<a href=\"#\" id=\"fl-tabs--label-0\" data-index=\"0\" aria-selected=\"true\" aria-controls=\"fl-tabs--panel-0\" aria-expanded=\"true\" role=\"tab\" tabindex=\"0\">\t\t\t\tCAT\u00c1LOGOS\t\t\t\t<\/a>\n\t\t\t\t\t\t\t\t<a href=\"#\" id=\"fl-tabs--label-1\" data-index=\"1\" aria-selected=\"false\" aria-controls=\"fl-tabs--panel-1\" aria-expanded=\"false\" role=\"tab\" tabindex=\"0\">\t\t\t\tDOCUMENTACI\u00d3N\t\t\t\t<\/a>\n\t\t\t\t\t\tCAT\u00c1LOGOS\n\t\t\t\t\t\t\t\t\t\t\t<p>El sufijo indica el idioma del documento.<\/p>\n<p>\t\t\t\t<div class=\"email_download_link\">\r\n\t\t\t\t\t\t<form action=\"#\" method=\"post\" class=\"ed_form\" id=\"ed_form_1775947992\" data-no-translation=\"\" data-no-auto-translation=\"\" data-trp-original-action=\"#\">\r\n\t\t\t\t<p><span class=\"name\">Name *<\/span><br><input type=\"text\" name=\"name\" id=\"name\" placeholder=\"Name\" value=\"\" maxlength=\"50\" required><\/p>\t\t\t\t<p><span class=\"email\">Email *<\/span><br><input class=\"\" type=\"email\" id=\"email\" name=\"email\" value=\"\" placeholder=\"Email *\"  maxlength=\"225\" required><\/p>\t\t\t\t\t\t\t\t<p><span class=\"email\">Downloads *<\/span><br><select name=\"group\" id=\"group\" required><option value=\"\">Select<\/option><option value=\"frdbql-bxhvwf-pwnvgu-wutoki-smevar\">Vdp-hus-ind-17-it<\/option><option value=\"coglwp-cmfwio-oyuhjf-xoywjt-dqpknh\">Vdp-hus-ind-17-en<\/option><\/select><\/p>\t\t\t\t\t\t\t\t\t\t\t\t<br \/>\r\n\t\t\t\t<input name=\"submit\" class=\"submit\" id=\"ed_form_submit_1775947992\" value=\"Send Download Link\" type=\"submit\" \/>\r\n\t\t\t\t<span class=\"ed_form_spinner\" id=\"loading-image\" style=\"display:none;\">\r\n\t\t\t\t\t<img src=\"https:\/\/vea.it\/wp-content\/plugins\/email-download-link\/images\/ajax-loader.gif\" \/>\r\n\t\t\t\t<\/span>\r\n\t\t\t\t<input name=\"guid\" id=\"guid\" value=\"group-option\" type=\"hidden\"\/>\r\n\t\t\t\t<input type=\"text\" style=\"display:none;\" id=\"email_name\" name=\"email_name\" value=\"\"\/>\r\n\t\t\t\t<input name=\"form_nonce\" id=\"form_nonce\" value=\"abb8b96fab\" type=\"hidden\"\/>\r\n\t\t\t\t<input name=\"name_mand\" id=\"name_mand\" value=\"YES\" type=\"hidden\"\/>\r\n\t\t\t\t<input name=\"gdpr_mand\" id=\"gdpr_mand\" value=\"NO\" type=\"hidden\"\/>\r\n\t\t\t\t<input name=\"phone_mand\" id=\"phone_mand\" value=\"\" type=\"hidden\"\/>\r\n\t\t\t<input type=\"hidden\" name=\"trp-form-language\" value=\"es\"\/><\/form>\t\r\n\t\t\t<span class=\"ed_form_message\" id=\"ed_form_message_1775947992\"><\/span>\r\n\t\t<\/div>\r\n\t con la solicitud de este enlace autorizo a VEA s.r.l. a la conservaci\u00f3n del correo<\/p>\n\t\t\t\t\t\tDOCUMENTACI\u00d3N\n\t\t\t\t\t\t\t\t\t\t\t<p>El sufijo indica el idioma del documento.<\/p>\n<p>\t\t\t\t<div class=\"email_download_link\">\r\n\t\t\t\t\t\t<form action=\"#\" method=\"post\" class=\"ed_form\" id=\"ed_form_1775947992\" data-no-translation=\"\" data-no-auto-translation=\"\" data-trp-original-action=\"#\">\r\n\t\t\t\t<p><span class=\"name\">Name *<\/span><br><input type=\"text\" name=\"name\" id=\"name\" placeholder=\"Name\" value=\"\" maxlength=\"50\" required><\/p>\t\t\t\t<p><span class=\"email\">Email *<\/span><br><input class=\"\" type=\"email\" id=\"email\" name=\"email\" value=\"\" placeholder=\"Email *\"  maxlength=\"225\" required><\/p>\t\t\t\t\t\t\t\t<p><span class=\"email\">Downloads *<\/span><br><select name=\"group\" id=\"group\" required><option value=\"\">Select<\/option><option value=\"etdmav-rxqmtb-kuqicf-zpnjyl-wsjmiz\">Vsc-HUS-IND-17-01-disegni<\/option><option value=\"sqgxyb-uqmsaj-gizkyf-vwfhbi-gfmdqw\">Vscce-hus-ind-17<\/option><\/select><\/p>\t\t\t\t\t\t\t\t\t\t\t\t<br \/>\r\n\t\t\t\t<input name=\"submit\" class=\"submit\" id=\"ed_form_submit_1775947992\" value=\"Send Download Link\" type=\"submit\" \/>\r\n\t\t\t\t<span class=\"ed_form_spinner\" id=\"loading-image\" style=\"display:none;\">\r\n\t\t\t\t\t<img src=\"https:\/\/vea.it\/wp-content\/plugins\/email-download-link\/images\/ajax-loader.gif\" \/>\r\n\t\t\t\t<\/span>\r\n\t\t\t\t<input name=\"guid\" id=\"guid\" value=\"group-option\" type=\"hidden\"\/>\r\n\t\t\t\t<input type=\"text\" style=\"display:none;\" id=\"email_name\" name=\"email_name\" value=\"\"\/>\r\n\t\t\t\t<input name=\"form_nonce\" id=\"form_nonce\" value=\"abb8b96fab\" type=\"hidden\"\/>\r\n\t\t\t\t<input name=\"name_mand\" id=\"name_mand\" value=\"YES\" type=\"hidden\"\/>\r\n\t\t\t\t<input name=\"gdpr_mand\" id=\"gdpr_mand\" value=\"NO\" type=\"hidden\"\/>\r\n\t\t\t\t<input name=\"phone_mand\" id=\"phone_mand\" value=\"\" type=\"hidden\"\/>\r\n\t\t\t<input type=\"hidden\" name=\"trp-form-language\" value=\"es\"\/><\/form>\t\r\n\t\t\t<span class=\"ed_form_message\" id=\"ed_form_message_1775947992\"><\/span>\r\n\t\t<\/div>\r\n\t con la solicitud de este enlace autorizo a VEA s.r.l. a la conservaci\u00f3n del correo<\/p>\n\t\t\t<a href=\"https:\/\/vea.it\/micrometri-ottici\/\" target=\"_self\" rel=\"noopener\">\n\t\t\t\t\t\tMICR\u00d3METROS\n\t\t\t\t\t<\/a>\n\t\t\t<a href=\"https:\/\/vea.it\/illuminatori\/\" target=\"_self\" rel=\"noopener\">\n\t\t\t\t\t\t\tILUMINADORES\n\t\t\t<\/a>\n\t\t\t<a href=\"https:\/\/vea.it\/sistemi-di-visione\/\" target=\"_self\" rel=\"noopener\">\n\t\t\t\t\t\t\tSISTEMAS DE VISI\u00d3N\n\t\t\t\t\t<\/a>","protected":false},"excerpt":{"rendered":"<p>PLC incluido para la interconexi\u00f3n con el equipo de producci\u00f3n Caj\u00f3n de teclado integrado Panel de operador totalmente personalizable Doble barra DIN interna con espacio libre Conformidad CE y UL Conformidad Industria 4.0 MARCO INDUSTRIAL DE LOS SISTEMAS DE VISI\u00d3N INTEGRADOS Qu\u00e9 es un sistema de visi\u00f3n integrado. Un sistema de visi\u00f3n integrado combina las funcionalidades cl\u00e1sicas de la visi\u00f3n ...<\/p>\n<p class=\"read-more\"> <a class=\"ast-button\" href=\"https:\/\/vea.it\/es\/marco-industrial-por-sistema-vision\/\"> <span class=\"screen-reader-text\">MARCO INDUSTRIAL PARA LOS SISTEMAS DE VISI\u00d3N<\/span> Leer m\u00e1s \"<\/a><\/p>","protected":false},"author":2,"featured_media":0,"parent":0,"menu_order":0,"comment_status":"closed","ping_status":"closed","template":"","meta":{"site-sidebar-layout":"no-sidebar","site-content-layout":"page-builder","ast-global-header-display":"","ast-main-header-display":"","ast-hfb-above-header-display":"","ast-hfb-below-header-display":"","ast-hfb-mobile-header-display":"","site-post-title":"disabled","ast-breadcrumbs-content":"","ast-featured-img":"disabled","footer-sml-layout":"","theme-transparent-header-meta":"default","adv-header-id-meta":"","stick-header-meta":"default","header-above-stick-meta":"","header-main-stick-meta":"","header-below-stick-meta":"","footnotes":""},"_links":{"self":[{"href":"https:\/\/vea.it\/es\/wp-json\/wp\/v2\/pages\/1574"}],"collection":[{"href":"https:\/\/vea.it\/es\/wp-json\/wp\/v2\/pages"}],"about":[{"href":"https:\/\/vea.it\/es\/wp-json\/wp\/v2\/types\/page"}],"author":[{"embeddable":true,"href":"https:\/\/vea.it\/es\/wp-json\/wp\/v2\/users\/2"}],"replies":[{"embeddable":true,"href":"https:\/\/vea.it\/es\/wp-json\/wp\/v2\/comments?post=1574"}],"version-history":[{"count":8,"href":"https:\/\/vea.it\/es\/wp-json\/wp\/v2\/pages\/1574\/revisions"}],"predecessor-version":[{"id":3730,"href":"https:\/\/vea.it\/es\/wp-json\/wp\/v2\/pages\/1574\/revisions\/3730"}],"wp:attachment":[{"href":"https:\/\/vea.it\/es\/wp-json\/wp\/v2\/media?parent=1574"}],"curies":[{"name":"wp","href":"https:\/\/api.w.org\/{rel}","templated":true}]}}