{"id":890,"date":"2020-01-05T16:00:34","date_gmt":"2020-01-05T16:00:34","guid":{"rendered":"https:\/\/vea.it\/?page_id=890"},"modified":"2025-05-07T10:57:12","modified_gmt":"2025-05-07T10:57:12","slug":"casi-di-studio-guida-robot","status":"publish","type":"page","link":"https:\/\/vea.it\/de\/fallstudien-leitfaden-roboter\/","title":{"rendered":"ROBOTERFAHREN"},"content":{"rendered":"<h1>\n\t\tL\u00d6SUNGEN: <br \/> ROBOTERFAHREN\n\t<\/h1>\n\t<ul>\n\t\t<li>\t\t\n\t\t\t\t<img decoding=\"async\" src=\"https:\/\/vea.it\/wp-content\/uploads\/2020\/01\/Checkbox_icona12.png\" alt=\"Industrieroboter\" title=\"Kontrollk\u00e4stchen_Ikona12\" itemprop=\"image\"\/>\n\t\tEin Bildverarbeitungssystem f\u00fcr jede Art von Roboter<\/li><li>\t\t\n\t\t\t\t<img decoding=\"async\" src=\"https:\/\/vea.it\/wp-content\/uploads\/2020\/01\/Checkbox_icona13.png\" alt=\"k\u00fcnstliche Intelligenz\" title=\"Kontrollk\u00e4stchen_Ikona13\" itemprop=\"image\"\/>\n\t\tK\u00fcnstliche Intelligenz f\u00fcr die Erkennung unter ung\u00fcnstigen Bedingungen<\/li><li>\t\t\n\t\t\t\t<img decoding=\"async\" src=\"https:\/\/vea.it\/wp-content\/uploads\/2020\/08\/ICON-hus17-1.png\" alt=\"Symbol\" title=\"ICON-hus17-1\" itemprop=\"image\"\/>\n\t\tEin System kann mehrere Roboter gleichzeitig antreiben<\/li>\t<\/ul>\n<h1>\n\t\tBILDVERARBEITUNGSSYSTEME F\u00dcR DIE ROBOTERF\u00dcHRUNG: BEISPIELE AUS DER PRAXIS\n\t<\/h1>\n\t<p>&nbsp;<\/p>\n<h3><strong>K\u00fcnstliches Sehen f\u00fcr die F\u00fchrung von Industrierobotern: Pr\u00e4zision auch unter schwierigen Bedingungen<\/strong><\/h3>\n<p>Die <strong>Bildverarbeitung<\/strong> ist eines der Schl\u00fcsselelemente f\u00fcr die moderne Automatisierung und spielt eine entscheidende Rolle in der <strong>Antrieb von Industrierobotern<\/strong>. Mithilfe von hochaufl\u00f6senden Kameras und fortschrittlichen Algorithmen erm\u00f6glichen Bildverarbeitungssysteme es Robotern, Objekte autonom und genau zu erkennen, zu lokalisieren und zu manipulieren.<\/p>\n<p>Einer der wichtigsten Aspekte ist die F\u00e4higkeit des Systems <strong>Bew\u00e4ltigung komplexer Umweltbedingungen<\/strong>. In vielen industriellen Kontexten k\u00f6nnen Teile <strong>nass, reflektierend, schmutzig oder heterogen<\/strong>Merkmale, die f\u00fcr traditionelle Systeme verwirrend sein k\u00f6nnen. A <strong>fortschrittliches Vision-System<\/strong> kann selbst in diesen Situationen Konturen und Merkmale genau erkennen und gew\u00e4hrleistet <strong>Betriebssicherheit<\/strong> e <strong>Reduzierung von Abf\u00e4llen<\/strong>.<\/p>\n<p>Diese Art von Technologie ist unerl\u00e4sslich f\u00fcr <strong>Montage, Qualit\u00e4tskontrolle, Kommissionieren und Platzieren<\/strong> e <strong>Palettierung<\/strong>wo die Variabilit\u00e4t der Teile hoch ist. Die Integration mit intelligenten Robotern erm\u00f6glicht eine flexible und optimierte Produktion, die perfekt mit den Grunds\u00e4tzen des<strong>Industrie 5.0<\/strong>.<\/p>\n<p>Der Einsatz eines hochmodernen Bildverarbeitungssystems bedeutet eine Erh\u00f6hung der <strong>Pr\u00e4zision<\/strong>die <strong>Produktivit\u00e4t<\/strong> und die <strong>R\u00fcckverfolgbarkeit<\/strong>auch unter den schwierigsten Bedingungen.<\/p>","protected":false},"excerpt":{"rendered":"<p>L\u00d6SUNGEN: ROBOTERF\u00dcHRUNG Ein Bildverarbeitungssystem f\u00fcr jede Robotermarke K\u00fcnstliche Intelligenz f\u00fcr die Erkennung unter widrigen Bedingungen Ein System kann mehrere Roboter gleichzeitig steuern VISIONSSYSTEME F\u00dcR ROBOTERF\u00dcHRUNG: REALE BEISPIELE K\u00fcnstliche Bildverarbeitung f\u00fcr die F\u00fchrung von Industrierobotern: Pr\u00e4zision auch unter schwierigen Bedingungen K\u00fcnstliche Bildverarbeitung ist eine der wichtigsten ...<\/p>\n<p class=\"read-more\"> <a class=\"ast-button\" href=\"https:\/\/vea.it\/de\/fallstudien-leitfaden-roboter\/\"> <span class=\"screen-reader-text\">ROBOTERFAHREN<\/span> Lesen Sie mehr \"<\/a><\/p>","protected":false},"author":1,"featured_media":0,"parent":0,"menu_order":0,"comment_status":"closed","ping_status":"closed","template":"","meta":{"site-sidebar-layout":"no-sidebar","site-content-layout":"page-builder","ast-global-header-display":"","ast-main-header-display":"","ast-hfb-above-header-display":"","ast-hfb-below-header-display":"","ast-hfb-mobile-header-display":"","site-post-title":"disabled","ast-breadcrumbs-content":"","ast-featured-img":"","footer-sml-layout":"","theme-transparent-header-meta":"default","adv-header-id-meta":"","stick-header-meta":"default","header-above-stick-meta":"","header-main-stick-meta":"","header-below-stick-meta":"","footnotes":""},"_links":{"self":[{"href":"https:\/\/vea.it\/de\/wp-json\/wp\/v2\/pages\/890"}],"collection":[{"href":"https:\/\/vea.it\/de\/wp-json\/wp\/v2\/pages"}],"about":[{"href":"https:\/\/vea.it\/de\/wp-json\/wp\/v2\/types\/page"}],"author":[{"embeddable":true,"href":"https:\/\/vea.it\/de\/wp-json\/wp\/v2\/users\/1"}],"replies":[{"embeddable":true,"href":"https:\/\/vea.it\/de\/wp-json\/wp\/v2\/comments?post=890"}],"version-history":[{"count":3,"href":"https:\/\/vea.it\/de\/wp-json\/wp\/v2\/pages\/890\/revisions"}],"predecessor-version":[{"id":3721,"href":"https:\/\/vea.it\/de\/wp-json\/wp\/v2\/pages\/890\/revisions\/3721"}],"wp:attachment":[{"href":"https:\/\/vea.it\/de\/wp-json\/wp\/v2\/media?parent=890"}],"curies":[{"name":"wp","href":"https:\/\/api.w.org\/{rel}","templated":true}]}}