{"id":394,"date":"2020-01-02T17:42:36","date_gmt":"2020-01-02T17:42:36","guid":{"rendered":"https:\/\/vea.it\/?page_id=394"},"modified":"2025-02-19T18:30:27","modified_gmt":"2025-02-19T18:30:27","slug":"sistemi-di-visione","status":"publish","type":"page","link":"https:\/\/vea.it\/de\/bildverarbeitungssysteme\/","title":{"rendered":"Vision-Systeme"},"content":{"rendered":"<ul>\n\t\t<li>\t\t\n\t\t\t\t<img decoding=\"async\" src=\"https:\/\/vea.it\/wp-content\/uploads\/2019\/12\/Checkbox_icona8.png\" alt=\"Kontrollk\u00e4stchen_Ikona8\" title=\"Kontrollk\u00e4stchen_Ikona8\" itemprop=\"image\"\/>\n\t\tQualit\u00e4tskontrolle bei PPM- und Mikrometer-Messungen<\/li><li>\t\t\n\t\t\t\t<img decoding=\"async\" src=\"https:\/\/vea.it\/wp-content\/uploads\/2020\/01\/Checkbox_icona10.png\" alt=\"Kontrollk\u00e4stchen_Ikona10\" title=\"Kontrollk\u00e4stchen_Ikona10\" itemprop=\"image\"\/>\n\t\tAnalyse von Oberfl\u00e4chendefekten<\/li><li>\t\t\n\t\t\t\t<img decoding=\"async\" src=\"https:\/\/vea.it\/wp-content\/uploads\/2020\/01\/Checkbox_icona12.png\" alt=\"Kontrollk\u00e4stchen_Ikona12\" title=\"Kontrollk\u00e4stchen_Ikona12\" itemprop=\"image\"\/>\n\t\tRoboterf\u00fchrung mit HMI<\/li><li>\t\t\n\t\t\t\t<img decoding=\"async\" src=\"https:\/\/vea.it\/wp-content\/uploads\/2020\/02\/Micrometri_fotosec.png\" alt=\"Mikrometer_Fotosec\" title=\"Mikrometer_Fotosec\" itemprop=\"image\"\/>\n\t\tbis zu 500 Fotos\/Sek. verarbeitet<\/li><li>\t\t\n\t\t\t\t<img decoding=\"async\" src=\"https:\/\/vea.it\/wp-content\/uploads\/2020\/02\/Visione_prezzo.png\" alt=\"Vision_Preis\" title=\"Vision_Preis\" itemprop=\"image\"\/>\n\t\tWirtschaftliche und finanzierbare Industrie 4.0<\/li>\t<\/ul>\n\t\t\t\t\t\t\t<p>DataMatrix OCV OCR-Lesen<\/p>\t\t\t\t\t\t\n\t\t\t\t\t\t\t<p>Vom Sensor zum Bildverarbeitungssystem in einem Produkt<\/p>\t\t\t\t\t\t\n\t\t\t\t\t\t\t<p>PLC und HMI in das Bildverarbeitungssystem integriert<\/p>\t\t\t\t\t\t\n\t\t\t\t\t\t\t<p>Fernhilfe BEREIT\u00a0<\/p>\t\t\t\t\t\t\n\t<h1>\n\t\tBILDVERARBEITUNGSSYSTEME\n\t<\/h1>\n\t<p><strong>Kompakt, modular, erweiterbar und wirtschaftlich.<\/strong><\/p>\n<p><strong>IVIS<\/strong> \u00e8 <strong>\"das skalierbare Bildverarbeitungssystem <\/strong>mit so weitreichender Modularit\u00e4t, dass es von<strong> Sensoren<\/strong>\u00a0<strong>der Vision<\/strong> bis hin zu den komplexesten<strong> Bildverarbeitungssysteme.<\/strong><\/p>\n<p><strong>IVIS<\/strong> \u00e8 <strong>das integrierte Bildverarbeitungssystem<\/strong> die ein leistungsf\u00e4higes \"<strong>Vision Plc<\/strong>\"mit Abtastzeiten von 1 mS, schnittstellenf\u00e4hig mit jeder externen SPS, komplett mit <strong>Bedienfeld<\/strong> leicht konfigurierbar.<\/p>\n<p>Dank dieser Eigenschaften und der gro\u00dfen Vielfalt an Softwarepaketen und Kameras, die integriert werden k\u00f6nnen, ist das IVIS-Vision-System in der Lage <strong>sich an alle Arten von Bed\u00fcrfnissen anpassen<\/strong>Es kann einfach und kosteng\u00fcnstig einen Bildverarbeitungssensor ersetzen und sich bei Bedarf in ein leistungsstarkes System verwandeln.<\/p>\n<p>IVIS-Systeme verwenden <strong>Erweiterte KI<\/strong> mit vorgefassten Lerneffekten, um Fehler zu erkennen, was die Unsicherheit in Bezug auf selbstlernende Logiken verringert.<\/p>\n\t\t\t\t<a href=\"https:\/\/vea.it\/wp-content\/uploads\/2025\/02\/KFU-Cx5-IO-UPS-CAM-02-800q.jpg\" target=\"_self\" itemprop=\"url\" rel=\"noopener\">\n\t\t\t\t<img decoding=\"async\" loading=\"lazy\" src=\"https:\/\/vea.it\/wp-content\/uploads\/2025\/02\/KFU-Cx5-IO-UPS-CAM-02-800q.jpg\" alt=\"SKALIERBARES BILDVERARBEITUNGSSYSTEM\" itemprop=\"image\" height=\"800\" width=\"800\" title=\"KFU-Cx5-IO-UPS-CAM-02-800q\" onerror=\"this.style.display='none'\"  \/>\n\t\t\t\t<\/a>\n<h2>\n\t\tBILDVERARBEITUNGSSYSTEME MIT K\u00dcNSTLICHER INTELLIGENZ\n\t<\/h2>\n\t\t\t\t<a href=\"https:\/\/vea.it\/wp-content\/uploads\/2021\/01\/machine-learning-1024x576-rosso.jpg\" target=\"_self\" itemprop=\"url\" rel=\"noopener\">\n\t\t\t\t<img decoding=\"async\" loading=\"lazy\" src=\"https:\/\/vea.it\/wp-content\/uploads\/2021\/01\/machine-learning-1024x576-rosso.jpg\" alt=\"Geregeltes maschinelles Lernen\" itemprop=\"image\" height=\"576\" width=\"1024\" title=\"machine-learning-1024x576-rosso\" onerror=\"this.style.display='none'\"  \/>\n\t\t\t\t<\/a>\n\t<p>Seit 2007 verwendet der VEA Algorithmen mit \"hybrider Logik\", bei denen voreingestelltes \u00fcberwachtes Lernen zum Teil auf neuronalen Netzen und zum Teil auf statistischer und mathematischer Logik basiert, um die Stabilit\u00e4t zu verbessern.<\/p>\n<p>Im Jahr 2018 entwickelte VEA die propriet\u00e4re Technologie. <strong>Geregeltes maschinelles Lernen<\/strong>. Dabei handelt es sich um eine Reihe hybrider Algorithmen, die auf komplement\u00e4re Weise Deep-Learning-Logiken verwenden, die die Vorgeschichte von Defekten erlernen, sowie \"\u00dcberwachungs\"-Logiken, die die Zuverl\u00e4ssigkeit der Erkennung erh\u00f6hen.<\/p>\n<p>Ab 2023 werden VEA-Vision-Systeme Algorithmen von <strong>k\u00fcnstliche Intelligenz<\/strong>\u00a0die auf vorgefassten Erkenntnissen beruhen. Dies erm\u00f6glicht eine genauere Erkennung von Fehlern und verringert die Unsicherheit im Vergleich zu Analysen, die mit einer herk\u00f6mmlichen selbstlernenden Logik durchgef\u00fchrt werden.<\/p>\n<p>Es ist auch m\u00f6glich, im Voraus vereinbarte Lernpakete\" zu schn\u00fcren, die lange und teure Lernsitzungen auf Kosten des Kunden vermeiden.<\/p>\n\t\t\t<a href=\"https:\/\/vea.it\/contatti\/\" target=\"_self\" rel=\"noopener\">\n\t\t\t\t\t\t\tKONTAKT\n\t\t\t\t\t<\/a>\n<h3>\n\t\tPRODUKTE\n\t<\/h3>\n\t\t<nav>\n\t\t\t<ul>\n\t\t\t\t\t\t\t\t<li data-index=\"0\" tabindex=\"0\">\n\t\t\t\t\t<h4>\n\t\t\t\t\t\t<a href=\"javascript:void(0);\" tabindex=\"-1\">HQV-PPM\n\t\t\t\t\t\t\t\t\t\t\t\t<\/a>\n\t\t\t\t\t<\/h4>\n\t\t\t\t<\/li>\n\t\t\t\t\t\t\t\t<li data-index=\"1\" tabindex=\"0\">\n\t\t\t\t\t<h4>\n\t\t\t\t\t\t<a href=\"javascript:void(0);\" tabindex=\"-1\">HQV\n\t\t\t\t\t\t\t\t\t\t\t\t<\/a>\n\t\t\t\t\t<\/h4>\n\t\t\t\t<\/li>\n\t\t\t\t\t\t\t\t<li data-index=\"2\" tabindex=\"0\">\n\t\t\t\t\t<h4>\n\t\t\t\t\t\t<a href=\"javascript:void(0);\" tabindex=\"-1\">VEDO\n\t\t\t\t\t\t\t\t\t\t\t\t<\/a>\n\t\t\t\t\t<\/h4>\n\t\t\t\t<\/li>\n\t\t\t\t\t\t\t<\/ul>\n\t\t<\/nav>\n\t\t\t\t\t<h4>\n\t\t\t\t\t\t\t\t\t\t\t\tHQV-PPM\n\t\t\t\t\t\t\t\t\t\t\t<\/h4>\n\t\t\t\t\t<div class=\"fl-builder-content fl-builder-content-482 fl-builder-template fl-builder-row-template fl-builder-global-templates-locked\" data-post-id=\"482\"><div class=\"fl-row fl-row-full-width fl-row-bg-none fl-node-5e0fac9068ec3 fl-row-default-height fl-row-align-center\" data-node=\"5e0fac9068ec3\">\n\t<div class=\"fl-row-content-wrap\">\n\t\t\t\t\t\t\t\t<div class=\"fl-row-content fl-row-fixed-width fl-node-content\">\n\t\t\n<div class=\"fl-col-group fl-node-5e0fac9068eba\" data-node=\"5e0fac9068eba\">\n\t\t\t<div class=\"fl-col fl-node-5e0fac9068ebe fl-col-small\" data-node=\"5e0fac9068ebe\">\n\t<div class=\"fl-col-content fl-node-content\"><div class=\"fl-module fl-module-photo fl-node-5e0fac9068ec0\" data-node=\"5e0fac9068ec0\">\n\t<div class=\"fl-module-content fl-node-content\">\n\t\t<div class=\"fl-photo fl-photo-align-center\" itemscope itemtype=\"https:\/\/schema.org\/ImageObject\">\n\t<div class=\"fl-photo-content fl-photo-img-gif\">\n\t\t\t\t<img decoding=\"async\" loading=\"lazy\" width=\"100\" height=\"116\" class=\"fl-photo-img wp-image-484\" src=\"https:\/\/vea.it\/wp-content\/uploads\/2020\/01\/logo_PPM-HQV.gif\" alt=\"logo_PPM-HQV\" itemprop=\"image\" title=\"logo_PPM-HQV\"  \/>\n\t\t\t\t\t<\/div>\n\t<\/div>\n\t<\/div>\n<\/div>\n<\/div>\n<\/div>\n\t\t\t<div class=\"fl-col fl-node-5e0fac9068ebf\" data-node=\"5e0fac9068ebf\">\n\t<div class=\"fl-col-content fl-node-content\"><div class=\"fl-module fl-module-heading fl-node-5e0fac9068ec1\" data-node=\"5e0fac9068ec1\">\n\t<div class=\"fl-module-content fl-node-content\">\n\t\t<h3 class=\"fl-heading\">\n\t\t<span class=\"fl-heading-text\">Bildverarbeitungssysteme: HQV-PPM<\/span>\n\t<\/h3>\n\t<\/div>\n<\/div>\n<div class=\"fl-module fl-module-rich-text fl-node-5e0fac9068ec2\" data-node=\"5e0fac9068ec2\">\n\t<div class=\"fl-module-content fl-node-content\">\n\t\t<div class=\"fl-rich-text\">\n\t<p class=\"Testo12\" style=\"text-align: justify;\">Es ist die Spitze der <strong>integrierte Bildverarbeitungssysteme<\/strong> EVA. Alle Produkte dieser Serie haben die <strong>Zufriedenheits- oder R\u00fcckerstattungsgarantie f\u00fcr Ihren Antrag<\/strong> und werden direkt von VEA-Sehspezialisten installiert, die seit mindestens 5 Jahren t\u00e4tig sind.<br \/>\nDie HQV-PPM-Bildverarbeitungssysteme werden direkt von den VEA-Technikern konfiguriert, um maximale Funktionalit\u00e4t und Zuverl\u00e4ssigkeit zu gew\u00e4hrleisten.<br \/>\nIn dieser Reihe werden die fortschrittlichsten Algorithmen der neuesten Generation verwendet oder <strong>optimierte Algorithmen f\u00fcr Ihre Anwendung<\/strong>.<br \/>\nDiese Bildverarbeitungssysteme k\u00f6nnen nach ISO-Normen mit sehr hohen Punktzahlen zertifiziert werden und gew\u00e4hrleisten eine Zuverl\u00e4ssigkeit in der Gr\u00f6\u00dfenordnung von einigen PPM (Parts Per Million).<\/p>\n<\/div>\n\t<\/div>\n<\/div>\n<\/div>\n<\/div>\n\t<\/div>\n\t\t<\/div>\n\t<\/div>\n<\/div>\n<\/div><div class=\"uabb-js-breakpoint\" style=\"display: none;\"><\/div>\t\t\t\t\n\t\t\t\t\t<h4>\n\t\t\t\t\t\t\t\t\t\t\t\tHQV\n\t\t\t\t\t\t\t\t\t\t\t<\/h4>\n\t\t\t\t\t<div class=\"fl-builder-content fl-builder-content-486 fl-builder-template fl-builder-row-template fl-builder-global-templates-locked\" data-post-id=\"486\"><div class=\"fl-row fl-row-full-width fl-row-bg-none fl-node-5e0fad4a11d56 fl-row-default-height fl-row-align-center\" data-node=\"5e0fad4a11d56\">\n\t<div class=\"fl-row-content-wrap\">\n\t\t\t\t\t\t\t\t<div class=\"fl-row-content fl-row-fixed-width fl-node-content\">\n\t\t\n<div class=\"fl-col-group fl-node-5e0fad4a11d4d\" data-node=\"5e0fad4a11d4d\">\n\t\t\t<div class=\"fl-col fl-node-5e0fad4a11d51 fl-col-small\" data-node=\"5e0fad4a11d51\">\n\t<div class=\"fl-col-content fl-node-content\"><div class=\"fl-module fl-module-photo fl-node-5e0fad4a11d53\" data-node=\"5e0fad4a11d53\">\n\t<div class=\"fl-module-content fl-node-content\">\n\t\t<div class=\"fl-photo fl-photo-align-center\" itemscope itemtype=\"https:\/\/schema.org\/ImageObject\">\n\t<div class=\"fl-photo-content fl-photo-img-gif\">\n\t\t\t\t<img decoding=\"async\" loading=\"lazy\" width=\"100\" height=\"116\" class=\"fl-photo-img wp-image-483\" src=\"https:\/\/vea.it\/wp-content\/uploads\/2020\/01\/logo_HQV.gif\" alt=\"HQV_Logo\" itemprop=\"image\" title=\"HQV_Logo\"  \/>\n\t\t\t\t\t<\/div>\n\t<\/div>\n\t<\/div>\n<\/div>\n<\/div>\n<\/div>\n\t\t\t<div class=\"fl-col fl-node-5e0fad4a11d52\" data-node=\"5e0fad4a11d52\">\n\t<div class=\"fl-col-content fl-node-content\"><div class=\"fl-module fl-module-heading fl-node-5e0fad4a11d54\" data-node=\"5e0fad4a11d54\">\n\t<div class=\"fl-module-content fl-node-content\">\n\t\t<h3 class=\"fl-heading\">\n\t\t<span class=\"fl-heading-text\">Bildverarbeitungssysteme: HQV<\/span>\n\t<\/h3>\n\t<\/div>\n<\/div>\n<div class=\"fl-module fl-module-rich-text fl-node-5e0fad4a11d55\" data-node=\"5e0fad4a11d55\">\n\t<div class=\"fl-module-content fl-node-content\">\n\t\t<div class=\"fl-rich-text\">\n\t<p class=\"Testo12\" style=\"text-align: justify;\">Es ist die Reihe der <strong>integrierte Bildverarbeitungssysteme mit hoher Zuverl\u00e4ssigkeit<\/strong> mit dem besten Preis-Leistungs-Verh\u00e4ltnis.<br \/>\nIn dieser Serie werden verwendet <strong>hybride Logik-Algorithmen<\/strong> die eine hochpr\u00e4zise und zuverl\u00e4ssige Bildanalyse erm\u00f6glichen. HQV-Bildverarbeitungssysteme werden direkt von VEA-Technikern konfiguriert, um maximale Funktionalit\u00e4t und Zuverl\u00e4ssigkeit zu gew\u00e4hrleisten. Diese Bildverarbeitungssysteme k\u00f6nnen nach ISO-Normen zertifiziert werden und hervorragende Ergebnisse erzielen.<\/p>\n<\/div>\n\t<\/div>\n<\/div>\n<\/div>\n<\/div>\n\t<\/div>\n\t\t<\/div>\n\t<\/div>\n<\/div>\n<\/div><div class=\"uabb-js-breakpoint\" style=\"display: none;\"><\/div>\t\t\t\t\n\t\t\t\t\t<h4>\n\t\t\t\t\t\t\t\t\t\t\t\tVEDO\n\t\t\t\t\t\t\t\t\t\t\t<\/h4>\n\t\t\t\t\t<div class=\"fl-builder-content fl-builder-content-478 fl-builder-template fl-builder-row-template fl-builder-global-templates-locked\" data-post-id=\"478\"><div class=\"fl-row fl-row-full-width fl-row-bg-none fl-node-5e0fab365a5e2 fl-row-default-height fl-row-align-center\" data-node=\"5e0fab365a5e2\">\n\t<div class=\"fl-row-content-wrap\">\n\t\t\t\t\t\t\t\t<div class=\"fl-row-content fl-row-fixed-width fl-node-content\">\n\t\t\n<div class=\"fl-col-group fl-node-5e0fab365a5da\" data-node=\"5e0fab365a5da\">\n\t\t\t<div class=\"fl-col fl-node-5e0fab365a5dd fl-col-small\" data-node=\"5e0fab365a5dd\">\n\t<div class=\"fl-col-content fl-node-content\"><div class=\"fl-module fl-module-photo fl-node-5e0fab365a5df\" data-node=\"5e0fab365a5df\">\n\t<div class=\"fl-module-content fl-node-content\">\n\t\t<div class=\"fl-photo fl-photo-align-center\" itemscope itemtype=\"https:\/\/schema.org\/ImageObject\">\n\t<div class=\"fl-photo-content fl-photo-img-gif\">\n\t\t\t\t<img decoding=\"async\" loading=\"lazy\" width=\"100\" height=\"115\" class=\"fl-photo-img wp-image-479\" src=\"https:\/\/vea.it\/wp-content\/uploads\/2019\/12\/logo_VEDO.gif\" alt=\"logo_siehe\" itemprop=\"image\" title=\"logo_siehe\"  \/>\n\t\t\t\t\t<\/div>\n\t<\/div>\n\t<\/div>\n<\/div>\n<\/div>\n<\/div>\n\t\t\t<div class=\"fl-col fl-node-5e0fab365a5de\" data-node=\"5e0fab365a5de\">\n\t<div class=\"fl-col-content fl-node-content\"><div class=\"fl-module fl-module-heading fl-node-5e0fab365a5e0\" data-node=\"5e0fab365a5e0\">\n\t<div class=\"fl-module-content fl-node-content\">\n\t\t<h3 class=\"fl-heading\">\n\t\t<span class=\"fl-heading-text\">VEDO: das meistverkaufte preisg\u00fcnstige System.<\/span>\n\t<\/h3>\n\t<\/div>\n<\/div>\n<div class=\"fl-module fl-module-rich-text fl-node-5e0fab365a5e1\" data-node=\"5e0fab365a5e1\">\n\t<div class=\"fl-module-content fl-node-content\">\n\t\t<div class=\"fl-rich-text\">\n\t<p class=\"Testo12\" style=\"text-align: justify;\"><strong>VEDO<\/strong> ist die meistverkaufte Serie skalierbarer, integrierter Bildverarbeitungssysteme aufgrund ihres hervorragenden Preis-\/Leistungsverh\u00e4ltnisses.<br \/>\nDiese Serie wurde speziell f\u00fcr alle entwickelt, die ein Bildverarbeitungssystem auf einfache und nat\u00fcrliche Weise direkt einsetzen m\u00f6chten. Diese Vision-Systeme haben einen extrem g\u00fcnstigen Preis, sind leicht konfigurierbar und verf\u00fcgen \u00fcber die gleiche grafische Oberfl\u00e4che und die meisten Algorithmen, die den Erfolg und die Zuverl\u00e4ssigkeit der HQV-Serie bestimmt haben.<br \/>\nVEDO Bildverarbeitungssysteme bieten die Leistung und Flexibilit\u00e4t eines echten Bildverarbeitungssystems, sind aber preislich mit einem Bildverarbeitungssensor vergleichbar.<\/p>\n<\/div>\n\t<\/div>\n<\/div>\n<\/div>\n<\/div>\n\t<\/div>\n\t\t<\/div>\n\t<\/div>\n<\/div>\n<\/div><div class=\"uabb-js-breakpoint\" style=\"display: none;\"><\/div>\t\t\t\t\n\t\t\t\t\t<!-- \/content -->\n\t<!-- \/tabs -->\n<h3>\n\t\tARTEN VON KONTROLLEN\n\t<\/h3>\n\t<ul>\n\t\t<li>\t\t\n\t\t\t\t<img decoding=\"async\" src=\"https:\/\/vea.it\/wp-content\/uploads\/2019\/12\/Checkbox_icona8.png\" alt=\"Kontrollk\u00e4stchen_Ikona8\" title=\"Kontrollk\u00e4stchen_Ikona8\" itemprop=\"image\"\/>\n\t\t<h4>Qualit\u00e4tskontrolle in PPM<\/h4><p>Mehrere Qualit\u00e4tspr\u00fcfungen gleichzeitig, z.B. korrekte Montage, Vorhandensein von Fehlern, Lesbarkeit von Markierungen und Beschriftungen.<\/p><\/li><li>\t\t\n\t\t\t\t<img decoding=\"async\" src=\"https:\/\/vea.it\/wp-content\/uploads\/2020\/01\/Checkbox_icona10.png\" alt=\"Kontrollk\u00e4stchen_Ikona10\" title=\"Kontrollk\u00e4stchen_Ikona10\" itemprop=\"image\"\/>\n\t\t<h4>Analyse der Oberfl\u00e4che<\/h4><p>Eine Reihe besonders fortschrittlicher Algorithmen erm\u00f6glicht die Pr\u00fcfung von Oberfl\u00e4chenfehlern wie z.B. Zylinder, Porosit\u00e4t, Opazit\u00e4t, Korn, Schmutz, Risse, Abbl\u00e4tterungen oder Kratzer.\u00a0<\/p><\/li><li>\t\t\n\t\t\t\t<img decoding=\"async\" src=\"https:\/\/vea.it\/wp-content\/uploads\/2019\/12\/Checkbox_icona7.png\" alt=\"Kontrollk\u00e4stchen_Ikona7\" title=\"Kontrollk\u00e4stchen_Ikona7\" itemprop=\"image\"\/>\n\t\t<h4>Messung in der Produktionslinie<\/h4><p>Die Messungen k\u00f6nnen direkt w\u00e4hrend der Produktion durchgef\u00fchrt werden, indem man die 100% der Teile \u00fcberpr\u00fcft. Die Pr\u00e4zision ist mikrometrisch, Wiederholbarkeit und Genauigkeit werden in Echtzeit berechnet, um Ver\u00e4nderungen in der Umgebung zu kompensieren.<\/p><\/li><li>\t\t\n\t\t\t\t<img decoding=\"async\" src=\"https:\/\/vea.it\/wp-content\/uploads\/2020\/01\/Checkbox_icona12.png\" alt=\"Kontrollk\u00e4stchen_Ikona12\" title=\"Kontrollk\u00e4stchen_Ikona12\" itemprop=\"image\"\/>\n\t\t<h4>Roboterf\u00fchrung<\/h4><p>Die VEA-Roboterf\u00fchrung ist das Softwaremodul, das eine fortschrittliche Logik sowohl f\u00fcr das 2D- als auch f\u00fcr das 3D-Greifen verwendet, um das Objekt im Raum korrekt zu identifizieren.<\/p>\n<\/li><li>\t\t\n\t\t\t\t<img decoding=\"async\" src=\"https:\/\/vea.it\/wp-content\/uploads\/2019\/12\/Checkbox_icona9.png\" alt=\"Kontrollk\u00e4stchen_Ikona9\" title=\"Kontrollk\u00e4stchen_Ikona9\" itemprop=\"image\"\/>\n\t\t<h4>Lesen von Datamatrix, OCV OCR<\/h4><p>Die auf dem gepr\u00fcften Teil aufgedruckten Codes k\u00f6nnen gelesen, das Bild gespeichert und die darin enthaltenen Informationen ausgewertet werden. Diese Maschinen k\u00f6nnen auch mit einem Markierungssystem ausgestattet werden, um das Produkt zu objektivieren.<\/p><\/li>\t<\/ul>\n<h2>\n\t\tIVIS 'C' SERIE INTEGRIERTES BILDVERARBEITUNGSSYSTEM\n\t<\/h2>\n\t<h3>\"INTEGRIERTE 'VISION PLC' UND BEDIENFELD<\/h3>\nAlle IVIS-Bildverarbeitungssysteme integrieren eine <strong data-start=\"131\" data-end=\"147\">\"VISION PLC\"<\/strong> mit Abtastzeiten von 1 ms, wodurch das Problem der Langsamkeit, das f\u00fcr die Verbindung traditioneller Bildverarbeitungssysteme mit externen SPSen typisch ist, beseitigt wird.\nDie <strong data-start=\"308\" data-end=\"324\">\"VISION PLC\"<\/strong>Sie bietet nicht nur die klassischen Funktionen einer SPS, sondern auch eine Reihe fortschrittlicher Funktionen, die speziell f\u00fcr die industrielle Bildverarbeitung geeignet sind, wie z. B. messtechnische, statistische und geometrische Verarbeitung, Schnittstellen zu externen Sensoren und Kommunikation mit SPS und Robotern.\nDank der <strong data-start=\"599\" data-end=\"615\">\"VISION PLC\"<\/strong>IVIS-Bildverarbeitungssysteme k\u00f6nnen mehr als 500 Bilder pro Sekunde in Echtzeit verarbeiten.\nDie <strong data-start=\"713\" data-end=\"729\">\"VISION PLC\"<\/strong>Das Bildverarbeitungssystem und das in das System integrierte Bedienfeld kommunizieren direkt miteinander, was eine einfache und effiziente Konfiguration gew\u00e4hrleistet.\n<p>Vision Systeme <strong>IVIS<\/strong> wurden speziell mit <strong>das Ziel, echte Probleme in der Industrie zu l\u00f6sen <\/strong>und Kosten und Zeit f\u00fcr Vision-Systemintegratoren zu reduzieren.<\/p>\n<p>Die skalare Architektur erm\u00f6glicht die Implementierung der einfachsten Anwendungen bis hin zu den komplexesten Bildverarbeitungssystemen unter Verwendung einer einzigen Programmiersprache.<\/p>\n\t\t\t\t<img decoding=\"async\" loading=\"lazy\" src=\"https:\/\/vea.it\/wp-content\/uploads\/2025\/02\/panop-run.png\" alt=\"Bedienfeld\" itemprop=\"image\" height=\"900\" width=\"499\" title=\"Panop-Lauf\" onerror=\"this.style.display='none'\"  \/>\n\t\t\t\t<a href=\"https:\/\/vea.it\/wp-content\/uploads\/2020\/01\/micrometri_lenti_2.jpg\" target=\"_self\" itemprop=\"url\" rel=\"noopener\">\n\t\t\t\t<img decoding=\"async\" src=\"https:\/\/vea.it\/wp-content\/uploads\/2020\/01\/micrometri_lenti_2.jpg\" alt=\"Vision-Systeme\" itemprop=\"image\" title=\"Mikrometer_Linsen_2\" onerror=\"this.style.display='none'\"  \/>\n\t\t\t\t<\/a>\n\t<p>Das Bildverarbeitungssystem <strong>IVIS<\/strong> durch eigene Software-Module, ist in der Lage <strong>Qualit\u00e4tskontrollen<\/strong>, <strong>Oberfl\u00e4chenanalyse<\/strong>, <strong>Ma\u00dfnahmen<\/strong> sehr hohe Pr\u00e4zision, ocv-ocr-Lesung, <strong>Datenmatrix<\/strong> e <strong>Roboterf\u00fchrung.<\/strong><\/p>\n<p>VEA entwarf das Bildverarbeitungssystem <strong>IVIS<\/strong>\u00a0von <strong>sehr hohe Qualit\u00e4t<\/strong> und Leistung <strong>zu einem g\u00fcnstigen Preis.<\/strong><\/p>\n\t<p>VEA vereinfacht die Verwaltung von <strong>Qualit\u00e4tskontrolle<\/strong> <strong>mit<\/strong> Sichtsysteme <strong>IVIS.<\/strong><\/p>\n<p>Sie sind <strong>vollst\u00e4ndig konfigurierbar<\/strong> \u00fcber ein Multitouch-Bedienfeld und bieten die<strong> totale Kontrolle \u00fcber das Bildverarbeitungssystem<\/strong>\u00a0und einen vollst\u00e4ndigen \u00dcberblick \u00fcber die laufende Analyse sowie \u00fcber die Ergebnisse <strong>in Echtzeit<\/strong>.<\/p>\n\t\t\t\t<a href=\"https:\/\/vea.it\/wp-content\/uploads\/2020\/01\/visione_02.jpg\" target=\"_self\" itemprop=\"url\" rel=\"noopener\">\n\t\t\t\t<img decoding=\"async\" loading=\"lazy\" src=\"https:\/\/vea.it\/wp-content\/uploads\/2020\/01\/visione_02.jpg\" alt=\"Vision-Systeme\" itemprop=\"image\" height=\"1080\" width=\"1920\" title=\"Vision_02\" onerror=\"this.style.display='none'\"  \/>\n\t\t\t\t<\/a>\n\t<p>I <strong>skalierbare Bildverarbeitungssysteme<\/strong> werden zunehmend eingesetzt, weil sie die<strong>\u00a0Leistung<\/strong> <strong>hoch<\/strong> bei einer <strong>g\u00fcnstiger Preis.\u00a0<\/strong>Sie erm\u00f6glichen dem Bediener au\u00dferdem <strong>ein Einzelbildsystem erlernen<\/strong> Dadurch wird das Erlernen der Bedienung einer Vielzahl von Vision-Sensoren und Smart-Kameras vermieden.<\/p>\n\t\t\t<a href=\"https:\/\/vea.it\/contatti\/\" target=\"_self\" rel=\"noopener\">\n\t\t\t\t\t\t\tKONTAKT\n\t\t\t\t\t<\/a>\n<h3>\n\t\tABMESSUNGEN UND ARCHITEKTUR\n\t<\/h3>\n\t\t\t\t<a href=\"https:\/\/vea.it\/wp-content\/uploads\/2020\/07\/micr-100-vd01.jpg\" target=\"_self\" itemprop=\"url\" rel=\"noopener\">\n\t\t\t\t<img decoding=\"async\" loading=\"lazy\" src=\"https:\/\/vea.it\/wp-content\/uploads\/2020\/07\/micr-100-vd01-1024x432.jpg\" alt=\"Messungen am St\u00fcck\" itemprop=\"image\" height=\"432\" width=\"1024\" title=\"micr-100-vd01\" onerror=\"this.style.display='none'\"  \/>\n\t\t\t\t<\/a>\n\t\t\t\t<a href=\"https:\/\/vea.it\/wp-content\/uploads\/2025\/02\/KFU-Cx5-IO-UPS-01-800q.jpg\" target=\"_self\" itemprop=\"url\" rel=\"noopener\">\n\t\t\t\t<img decoding=\"async\" loading=\"lazy\" src=\"https:\/\/vea.it\/wp-content\/uploads\/2025\/02\/KFU-Cx5-IO-UPS-01-800q.jpg\" alt=\"SKALIERBARES BILDVERARBEITUNGSSYSTEM\" itemprop=\"image\" height=\"800\" width=\"800\" title=\"KFU-Cx5-IO-UPS-01-800q\" onerror=\"this.style.display='none'\"  \/>\n\t\t\t\t<\/a>\n\t<p>Die Einheit<strong> Der Sockel der IVIS C-Serie misst nur 38 mm und ist kompatibel mit<\/strong> mit den fast <strong>alle Industriekameras<\/strong> im Handel.<\/p>\n<p>Aus den Modellen von <strong>Mikro-Kamera<\/strong>so klein wie ein M12-Sensor, bis zu 10 Mpixel-Kameras, f\u00fcr bis zu 32 Kameras, die angeschlossen werden k\u00f6nnen.<\/p>\n<p>L\u2019 <strong>IVIS-Einheit<\/strong> ist verbunden mit einer<strong> Touchscreen-Bildschirm<\/strong> Replizieren einer <strong>Expeller-Operator HM<\/strong>Ich und ein <strong>1mSek SPS<\/strong> scannen, mit dem sie sich verbinden<strong> mehrere E\/A-Module<\/strong>f\u00fcr insgesamt 512 Eing\u00e4nge und 512 Ausg\u00e4nge.<\/p>\n<p>Die hohe Verarbeitungsgeschwindigkeit, <strong>500 Erwerbungen pro Sekunde<\/strong>erm\u00f6glicht Ihnen eine kontinuierliche Kontrolle ohne Fotozellen, wodurch es <strong>ideal f\u00fcr Auswahlsysteme.<\/strong><\/p>\n<p>Sie kommen immer <strong>Vorschl\u00e4ge f\u00fcr Beratung und Ausbildung<\/strong> um dem Personal die bestm\u00f6gliche Interaktion mit dem System zu erm\u00f6glichen.<\/p>\n<h3>\n\t\tVIDEO-GALERIE\n\t<\/h3>\n\t\t\t\t\t<a href=\"https:\/\/vimeo.com\/103256138\" aria-label=\"uabb-video-galerie\" data-url=\"https:\/\/player.vimeo.com\/video\/103256138?autoplay=1&#038;version=3&#038;enablejsapi=1&#038;dnt=0\" target=\"_blank\" rel=\"noopener\">\t\t\t\t\t\t\n\t\t\t\t\t\t\t\t\t\t<h4>Vision-Systeme<\/h4>\n\t\t\t\t\t<\/a>\t\t\t\t\n\t\t\t<a href=\"https:\/\/vea.it\/micrometri\/\" target=\"_self\" rel=\"noopener\">\n\t\t\t\t\t\tMIKROMETER\n\t\t\t\t\t<\/a>\n\t\t\t<a href=\"https:\/\/vea.it\/accessori\/\" target=\"_self\" rel=\"noopener\">\n\t\t\t\t\t\t\tZUBEH\u00d6R\n\t\t\t<\/a>\n\t<p>Spezifikationen k\u00f6nnen ohne Vorank\u00fcndigung ge\u00e4ndert werden<\/p>","protected":false},"excerpt":{"rendered":"<p>Qualit\u00e4tskontrolle in der PPM- und Mikrometermessung Analyse von Oberfl\u00e4chenfehlern Roboterf\u00fchrung mit HMI bis zu 500 Fotos\/sec verarbeitet Kosteng\u00fcnstig und finanzierbar Industrie 4.0 DataMatrix OCV OCR-Lesung Vom Sensor zum Bildverarbeitungssystem in einem Produkt SPS- und HMI-Schnittstelle in das Bildverarbeitungssystem integriert Fernwartung READY VISION SYSTEMS ...<\/p>\n<p class=\"read-more\"> <a class=\"ast-button\" href=\"https:\/\/vea.it\/de\/bildverarbeitungssysteme\/\"> <span class=\"screen-reader-text\">Vision-Systeme<\/span> Lesen Sie mehr \"<\/a><\/p>","protected":false},"author":2,"featured_media":0,"parent":0,"menu_order":0,"comment_status":"closed","ping_status":"closed","template":"","meta":{"site-sidebar-layout":"no-sidebar","site-content-layout":"page-builder","ast-global-header-display":"","ast-main-header-display":"","ast-hfb-above-header-display":"","ast-hfb-below-header-display":"","ast-hfb-mobile-header-display":"","site-post-title":"disabled","ast-breadcrumbs-content":"","ast-featured-img":"disabled","footer-sml-layout":"","theme-transparent-header-meta":"default","adv-header-id-meta":"","stick-header-meta":"default","header-above-stick-meta":"","header-main-stick-meta":"","header-below-stick-meta":"","footnotes":""},"_links":{"self":[{"href":"https:\/\/vea.it\/de\/wp-json\/wp\/v2\/pages\/394"}],"collection":[{"href":"https:\/\/vea.it\/de\/wp-json\/wp\/v2\/pages"}],"about":[{"href":"https:\/\/vea.it\/de\/wp-json\/wp\/v2\/types\/page"}],"author":[{"embeddable":true,"href":"https:\/\/vea.it\/de\/wp-json\/wp\/v2\/users\/2"}],"replies":[{"embeddable":true,"href":"https:\/\/vea.it\/de\/wp-json\/wp\/v2\/comments?post=394"}],"version-history":[{"count":19,"href":"https:\/\/vea.it\/de\/wp-json\/wp\/v2\/pages\/394\/revisions"}],"predecessor-version":[{"id":3564,"href":"https:\/\/vea.it\/de\/wp-json\/wp\/v2\/pages\/394\/revisions\/3564"}],"wp:attachment":[{"href":"https:\/\/vea.it\/de\/wp-json\/wp\/v2\/media?parent=394"}],"curies":[{"name":"wp","href":"https:\/\/api.w.org\/{rel}","templated":true}]}}