{"id":366,"date":"2020-01-02T17:04:06","date_gmt":"2020-01-02T17:04:06","guid":{"rendered":"https:\/\/vea.it\/?page_id=366"},"modified":"2021-06-25T12:44:31","modified_gmt":"2021-06-25T12:44:31","slug":"lavora-con-noi","status":"publish","type":"page","link":"https:\/\/vea.it\/de\/arbeit-mit-uns\/","title":{"rendered":"Arbeiten Sie mit uns"},"content":{"rendered":"<h1>\n\t\tARBEITEN MIT UNS\n\t<\/h1>\n<h3>\n\t\tArbeiten Sie mit uns an einem innovativen Projekt\n\t<\/h3>\n\tDie Interessenten k\u00f6nnen einen detaillierten Lebenslauf zusammen mit der Genehmigung zur Verarbeitung der pers\u00f6nlichen Daten gem\u00e4\u00df Gesetz 675\/96 einsenden, in dem als Referenz die Berufsfigur genannt wird.\n<strong>ACHTUNG: Schicken Sie Ihren Lebenslauf nicht, wenn Sie nicht \u00fcber die erforderlichen Kenntnisse verf\u00fcgen. Lebensl\u00e4ufe, die nicht den Anforderungen dieser Ausschreibung entsprechen, werden als \"nicht relevant\" abgelegt und bei weiteren Angeboten unseres Unternehmens nicht ber\u00fccksichtigt.<\/strong>\nFalls Sie die Anforderungen nicht erf\u00fcllen, k\u00f6nnen Sie Ihren Lebenslauf mit dem Vermerk \"Spontanbewerbung\" schicken.\n\t\t\t<a href=\"mailto:vea@vea.it\" target=\"_self\" role=\"button\" rel=\"noopener noreferrer\">\n\t\t\t\t\t\t\tBewerbung einreichen\n\t\t\t\t\t<\/a>\n\t\t\t\t\t\t<h4>Verkaufsleiter Italien und Ausland<\/h4>\n\t\t\t<div class=\"fl-builder-content fl-builder-content-376 fl-builder-template fl-builder-row-template fl-builder-global-templates-locked\" data-post-id=\"376\"><div class=\"fl-row fl-row-full-width fl-row-bg-none fl-node-5e0e26d928f75 fl-row-default-height fl-row-align-center\" data-node=\"5e0e26d928f75\">\n\t<div class=\"fl-row-content-wrap\">\n\t\t\t\t\t\t\t\t<div class=\"fl-row-content fl-row-fixed-width fl-node-content\">\n\t\t\n<div class=\"fl-col-group fl-node-5e0e26d928f65\" data-node=\"5e0e26d928f65\">\n\t\t\t<div class=\"fl-col fl-node-5e0e26d928f6b fl-col-small\" data-node=\"5e0e26d928f6b\">\n\t<div class=\"fl-col-content fl-node-content\"><div class=\"fl-module fl-module-heading fl-node-5e0e26d928f6d\" data-node=\"5e0e26d928f6d\">\n\t<div class=\"fl-module-content fl-node-content\">\n\t\t<h4 class=\"fl-heading\">\n\t\t<span class=\"fl-heading-text\">Sind Sie die richtige Person f\u00fcr die Stelle?<\/span>\n\t<\/h4>\n\t<\/div>\n<\/div>\n<div class=\"fl-module fl-module-rich-text fl-node-5e0e26d928f6e\" data-node=\"5e0e26d928f6e\">\n\t<div class=\"fl-module-content fl-node-content\">\n\t\t<div class=\"fl-rich-text\">\n\t<p style=\"text-align: justify;\" align=\"justify\"><span class=\"Testo12\">Die Arbeit besteht haupts\u00e4chlich aus<strong> das kommerzielle Netzwerk im Ausland aufbauen<\/strong>in <strong>dem italienischen Handelsnetz folgen<\/strong> und bei der Durchf\u00fchrung <strong>Marketing-Aktivit\u00e4ten<\/strong> (neue Produkte zu identifizieren oder Wege zu finden, bestehende Produkte im Ausland besser bekannt zu machen).<br \/>\n<\/span>Die Arbeit ist zweifellos interessant, weil sie verschiedene Arten von kommerziellen und technischen Fertigkeiten mit einer starken Dosis pers\u00f6nlicher Innovation verbindet.<br \/>\nObwohl wir ein Vorzeigeprodukt haben, sind wir sehr flexibel bei allem, was eine gute L\u00f6sung f\u00fcr uns und unsere Kunden sein kann, und die Person, die diese Zahl abdeckt, muss sicherlich ein guter F\u00f6rderer neuer Wege sein.<br \/>\nDeshalb brauchen wir einen Menschen, der immer neue M\u00e4rkte generieren kann, der phantasievoll ist, Neuem gegen\u00fcber positiv eingestellt ist, der unseren Kunden Vertrauen vermitteln kann, indem er innovative Produkte vorschl\u00e4gt, die auf dem neuesten Stand der industriellen Technologie sind; und das alles mit den F\u00fc\u00dfen fest auf dem Boden:. Es ist eine gro\u00dfe Herausforderung, aber wir haben das richtige Produkt zu f\u00f6rdern, und das bedeutet viel.<\/p>\n<\/div>\n\t<\/div>\n<\/div>\n<\/div>\n<\/div>\n\t\t\t<div class=\"fl-col fl-node-5e0e26d928f6c fl-col-small\" data-node=\"5e0e26d928f6c\">\n\t<div class=\"fl-col-content fl-node-content\"><div class=\"fl-module fl-module-heading fl-node-5e0e26d928f6f\" data-node=\"5e0e26d928f6f\">\n\t<div class=\"fl-module-content fl-node-content\">\n\t\t<h4 class=\"fl-heading\">\n\t\t<span class=\"fl-heading-text\">Grundlegende Anforderungen<\/span>\n\t<\/h4>\n\t<\/div>\n<\/div>\n<div class=\"fl-module fl-module-rich-text fl-node-5e0e26d928f70\" data-node=\"5e0e26d928f70\">\n\t<div class=\"fl-module-content fl-node-content\">\n\t\t<div class=\"fl-rich-text\">\n\t<ul>\n<li class=\"Testo12\">Gute Kenntnisse im Umgang mit PC unter Windows, Word, Excel, Access-Programmen<\/li>\n<li class=\"Testo12\">Ausgezeichnete Kenntnisse des Englischen in Wort und Schrift<\/li>\n<li class=\"Testo12\">Gute Kenntnisse in weiteren Sprachen (Deutsch, Franz\u00f6sisch) sind w\u00fcnschenswert.<\/li>\n<li class=\"Testo12\">Kenntnisse in Fragen der industriellen Automatisierung (mindestens 5 Jahre).<\/li>\n<li class=\"Testo12\">Kenntnisse \u00fcber industrielle Bildverarbeitungssysteme (mindestens 2 Jahre).<\/li>\n<li class=\"Testo12\">Ausgezeichnete zwischenmenschliche Beziehungen.<\/li>\n<li class=\"Testo12\">Diplom oder Abschluss in Wissenschaft oder Wirtschaft.<\/li>\n<li class=\"Testo12\">Lizenz B<\/li>\n<li class=\"Testo12\">M\u00f6glichkeit zur Durchf\u00fchrung von Transfers<\/li>\n<\/ul>\n<\/div>\n\t<\/div>\n<\/div>\n<div class=\"fl-module fl-module-heading fl-node-5e0e26d928f72\" data-node=\"5e0e26d928f72\">\n\t<div class=\"fl-module-content fl-node-content\">\n\t\t<h4 class=\"fl-heading\">\n\t\t<span class=\"fl-heading-text\">Unser Angebot<\/span>\n\t<\/h4>\n\t<\/div>\n<\/div>\n<div class=\"fl-module fl-module-rich-text fl-node-5e0e26d928f73\" data-node=\"5e0e26d928f73\">\n\t<div class=\"fl-module-content fl-node-content\">\n\t\t<div class=\"fl-rich-text\">\n\t<p style=\"text-align: justify;\">Ein junges und offenes Klima, ein angemessenes Gehalt und starke leistungsbezogene Anreize.<\/p>\n<\/div>\n\t<\/div>\n<\/div>\n<\/div>\n<\/div>\n\t<\/div>\n\n<div class=\"fl-col-group fl-node-5e0e26d928f6a\" data-node=\"5e0e26d928f6a\">\n\t\t\t<div class=\"fl-col fl-node-5e0e26d928f71\" data-node=\"5e0e26d928f71\">\n\t<div class=\"fl-col-content fl-node-content\"><div class=\"fl-module fl-module-button fl-node-5e0e26d928f74\" data-node=\"5e0e26d928f74\">\n\t<div class=\"fl-module-content fl-node-content\">\n\t\t<div class=\"fl-button-wrap fl-button-width-auto fl-button-left fl-button-has-icon\">\n\t\t\t<a href=\"mailto:vea@vea.it\" target=\"_self\" class=\"fl-button\">\n\t\t\t\t\t<i class=\"fl-button-icon fl-button-icon-before fas fa-angle-right\" aria-hidden=\"true\"><\/i>\n\t\t\t\t\t\t<span class=\"fl-button-text\">Kandidaten f\u00fcr die Position<\/span>\n\t\t\t\t\t<\/a>\n<\/div>\n\t<\/div>\n<\/div>\n<\/div>\n<\/div>\n\t<\/div>\n\t\t<\/div>\n\t<\/div>\n<\/div>\n<\/div><div class=\"uabb-js-breakpoint\" style=\"display: none;\"><\/div>\t\t\n\t\t\t\t\t\t<h4>NET-Programmierer-Analytiker (VB und C#)<\/h4>\n\t\t\t<div class=\"fl-builder-content fl-builder-content-382 fl-builder-template fl-builder-row-template fl-builder-global-templates-locked\" data-post-id=\"382\"><div class=\"fl-row fl-row-full-width fl-row-bg-none fl-node-5e0e276ee5ad0 fl-row-default-height fl-row-align-center\" data-node=\"5e0e276ee5ad0\">\n\t<div class=\"fl-row-content-wrap\">\n\t\t\t\t\t\t\t\t<div class=\"fl-row-content fl-row-fixed-width fl-node-content\">\n\t\t\n<div class=\"fl-col-group fl-node-5e0e276ee5ac1\" data-node=\"5e0e276ee5ac1\">\n\t\t\t<div class=\"fl-col fl-node-5e0e276ee5ac6 fl-col-small\" data-node=\"5e0e276ee5ac6\">\n\t<div class=\"fl-col-content fl-node-content\"><div class=\"fl-module fl-module-heading fl-node-5e0e276ee5ac8\" data-node=\"5e0e276ee5ac8\">\n\t<div class=\"fl-module-content fl-node-content\">\n\t\t<h4 class=\"fl-heading\">\n\t\t<span class=\"fl-heading-text\">Sind Sie die richtige Person f\u00fcr die Stelle?<\/span>\n\t<\/h4>\n\t<\/div>\n<\/div>\n<div class=\"fl-module fl-module-rich-text fl-node-5e0e276ee5ac9\" data-node=\"5e0e276ee5ac9\">\n\t<div class=\"fl-module-content fl-node-content\">\n\t\t<div class=\"fl-rich-text\">\n\t<p class=\"Testo12\" style=\"text-align: justify;\" align=\"left\">Die erforderliche Berufsfigur ist es: <strong>analytischer Programmierer f\u00fcr die Portierung und Verbesserung eines gro\u00dfen Anwendungspakets von \"VB6 - C\" auf \"VB.NET C#.NET C++\" in einer Windows-Umgebung<\/strong>.<br \/>\nF\u00fcr diese Position ist eine Beurteilung der tats\u00e4chlichen F\u00e4higkeiten des Kandidaten durch Vorstellungsgespr\u00e4che und Produktcode-Beurteilung vorgesehen.<br \/>\nDer ideale Kandidat ist ein Hochschulabsolvent\/Absolventin in technischen Disziplinen Er oder sie hat ein indikatives Alter zwischen 25 und 35 Jahren Er oder sie verf\u00fcgt \u00fcber langj\u00e4hrige Erfahrung in der grafischen und industriellen Analyse\/Programmierung. Er hat eine nachgewiesene Designerfahrung insbesondere in der .NET-Sprache (VB und C) entwickelt und verf\u00fcgt \u00fcber Kenntnisse in Visual Basic 6. Er ist mit Windows-Betriebssystemen vertraut. Er verf\u00fcgt \u00fcber allgemeine Kenntnisse des Industriesektors und der Multitasking-Programmierung und -Optimierung \"c\" und Funktions-Assembler.<\/p>\n<p class=\"Testo12\" align=\"left\">EIGENSCHAFTEN: Veranlagung zur Arbeit in Teams und nach Zielen. Verf\u00fcgbarkeit f\u00fcr Kurzreisen auf dem Staatsgebiet. Kenntnisse der englischen Sprache. Gute zwischenmenschliche und kooperative F\u00e4higkeiten, Flexibilit\u00e4t und Probleml\u00f6sung.<\/p>\n<p class=\"Testo12\" align=\"left\">EINF\u00dcGEN: Der erfolgreiche Kandidat wird in ein junges, dynamisches und anregendes Umfeld versetzt, das offen ist f\u00fcr technologische Innovation, um die Erwartungen an ein berufliches Wachstum zu erf\u00fcllen. Die Verg\u00fctung wird den tats\u00e4chlich angetroffenen F\u00e4higkeiten angemessen sein.<\/p>\n<p class=\"Testo12\" align=\"left\">AUFGABEN: Der Kandidat, der haupts\u00e4chlich in einem Team arbeitet, wird die Aufgabe haben, Anwendungen zu analysieren, zu integrieren und zu entwickeln, die mit industriellen Maschinen interagieren.<\/p>\n<p class=\"Testo12\" align=\"left\">ARBEITSPLATZ: Canegrate (bei Legnano (MI)).<\/p>\n<\/div>\n\t<\/div>\n<\/div>\n<\/div>\n<\/div>\n\t\t\t<div class=\"fl-col fl-node-5e0e276ee5ac7 fl-col-small\" data-node=\"5e0e276ee5ac7\">\n\t<div class=\"fl-col-content fl-node-content\"><div class=\"fl-module fl-module-heading fl-node-5e0e276ee5aca\" data-node=\"5e0e276ee5aca\">\n\t<div class=\"fl-module-content fl-node-content\">\n\t\t<h4 class=\"fl-heading\">\n\t\t<span class=\"fl-heading-text\">Grundlegende Anforderungen<\/span>\n\t<\/h4>\n\t<\/div>\n<\/div>\n<div class=\"fl-module fl-module-rich-text fl-node-5e0e276ee5acb\" data-node=\"5e0e276ee5acb\">\n\t<div class=\"fl-module-content fl-node-content\">\n\t\t<div class=\"fl-rich-text\">\n\t<ul>\n<li>\n<p class=\"Testo12\" align=\"left\">Ausgezeichnete .NET VB-Kenntnisse mit mindestens 3 Jahren kontinuierlicher nachgewiesener Erfahrung<\/p>\n<\/li>\n<li>\n<p class=\"Testo12\" align=\"left\">Ausgezeichnete .NET C-Kenntnisse mit mindestens 2 Jahren kontinuierlicher nachgewiesener Erfahrung<\/p>\n<\/li>\n<li>\n<p class=\"Testo12\" align=\"left\">Gute Kenntnisse C++ und C-Standard<\/p>\n<\/li>\n<li>\n<p class=\"Testo12\" align=\"left\">Bevorzugte Kenntnisse \u00fcber ASSEMBLER<\/p>\n<\/li>\n<li>\n<p class=\"Testo12\" align=\"left\">Ausgezeichnete Kenntnisse im Umgang mit PC unter Windows, Word-Programme, Excel, Access, verschiedene Grafikpakete<\/p>\n<\/li>\n<li>\n<p class=\"Testo12\" align=\"left\">Ausgezeichnete Kenntnisse von Windows-Betriebssystemen<\/p>\n<\/li>\n<li>\n<p class=\"Testo12\" align=\"left\">Gute Englischkenntnisse<\/p>\n<\/li>\n<li>\n<p class=\"Testo12\" align=\"left\">Gute zwischenmenschliche Beziehungen.<\/p>\n<\/li>\n<li>\n<p class=\"Testo12\" align=\"left\">Diplom oder Abschluss in Wissenschaft oder Wirtschaft.<\/p>\n<\/li>\n<\/ul>\n<\/div>\n\t<\/div>\n<\/div>\n<div class=\"fl-module fl-module-heading fl-node-5e0e276ee5acd\" data-node=\"5e0e276ee5acd\">\n\t<div class=\"fl-module-content fl-node-content\">\n\t\t<h4 class=\"fl-heading\">\n\t\t<span class=\"fl-heading-text\">Unser Angebot<\/span>\n\t<\/h4>\n\t<\/div>\n<\/div>\n<div class=\"fl-module fl-module-rich-text fl-node-5e0e276ee5ace\" data-node=\"5e0e276ee5ace\">\n\t<div class=\"fl-module-content fl-node-content\">\n\t\t<div class=\"fl-rich-text\">\n\t<p style=\"text-align: justify;\">Ein junges und offenes Klima, ein angemessenes Gehalt und starke leistungsbezogene Anreize.<\/p>\n<\/div>\n\t<\/div>\n<\/div>\n<\/div>\n<\/div>\n\t<\/div>\n\n<div class=\"fl-col-group fl-node-5e0e276ee5ac5\" data-node=\"5e0e276ee5ac5\">\n\t\t\t<div class=\"fl-col fl-node-5e0e276ee5acc\" data-node=\"5e0e276ee5acc\">\n\t<div class=\"fl-col-content fl-node-content\"><div class=\"fl-module fl-module-button fl-node-5e0e276ee5acf\" data-node=\"5e0e276ee5acf\">\n\t<div class=\"fl-module-content fl-node-content\">\n\t\t<div class=\"fl-button-wrap fl-button-width-auto fl-button-left fl-button-has-icon\">\n\t\t\t<a href=\"mailto:vea@vea.it\" target=\"_self\" class=\"fl-button\">\n\t\t\t\t\t<i class=\"fl-button-icon fl-button-icon-before fas fa-angle-right\" aria-hidden=\"true\"><\/i>\n\t\t\t\t\t\t<span class=\"fl-button-text\">Kandidaten f\u00fcr die Position<\/span>\n\t\t\t\t\t<\/a>\n<\/div>\n\t<\/div>\n<\/div>\n<\/div>\n<\/div>\n\t<\/div>\n\t\t<\/div>\n\t<\/div>\n<\/div>\n<\/div><div class=\"uabb-js-breakpoint\" style=\"display: none;\"><\/div>\t\t\n\t\t\t\t\t\t<h4>Kaufm\u00e4nnischer Techniker<\/h4>\n\t\t\t<div class=\"fl-builder-content fl-builder-content-383 fl-builder-template fl-builder-row-template fl-builder-global-templates-locked\" data-post-id=\"383\"><div class=\"fl-row fl-row-full-width fl-row-bg-none fl-node-5e0e2778d744e fl-row-default-height fl-row-align-center\" data-node=\"5e0e2778d744e\">\n\t<div class=\"fl-row-content-wrap\">\n\t\t\t\t\t\t\t\t<div class=\"fl-row-content fl-row-fixed-width fl-node-content\">\n\t\t\n<div class=\"fl-col-group fl-node-5e0e2778d7440\" data-node=\"5e0e2778d7440\">\n\t\t\t<div class=\"fl-col fl-node-5e0e2778d7444 fl-col-small\" data-node=\"5e0e2778d7444\">\n\t<div class=\"fl-col-content fl-node-content\"><div class=\"fl-module fl-module-heading fl-node-5e0e2778d7446\" data-node=\"5e0e2778d7446\">\n\t<div class=\"fl-module-content fl-node-content\">\n\t\t<h4 class=\"fl-heading\">\n\t\t<span class=\"fl-heading-text\">Sind Sie die richtige Person f\u00fcr die Stelle?<\/span>\n\t<\/h4>\n\t<\/div>\n<\/div>\n<div class=\"fl-module fl-module-rich-text fl-node-5e0e2778d7447\" data-node=\"5e0e2778d7447\">\n\t<div class=\"fl-module-content fl-node-content\">\n\t\t<div class=\"fl-rich-text\">\n\t<p style=\"text-align: justify;\" align=\"justify\"><span class=\"Testo12\">Die kommerzielle Aktion besteht aus <strong>Planung mit dem Kunden der Konfiguration und des Einbaus unserer Produktionsanlagen in seine industrielle Realit\u00e4t<\/strong> und alle Schritte vom Angebot bis zur Installation zu befolgen.<br \/>\n<\/span>Die Arbeit ist zweifellos interessant, weil sie verschiedene Arten von kommerziellen und technischen Fertigkeiten mit einer starken Dosis pers\u00f6nlicher Innovation verbindet.<br \/>\nDie Realit\u00e4ten, denen man begegnet, sind vielf\u00e4ltig, man muss sich in diese Situationen mit einer guten allgemeinen technischen Neigung und mit kreativem Geist begeben, um neue L\u00f6sungen zu finden.<br \/>\nMan braucht also eine nette Person mit einer gro\u00dfen technischen Leidenschaft, die erfinderisch ist, die nicht vor kleinen Schwierigkeiten Halt macht und sich zwischen Dr\u00e4hten, SPS, Software, Betriebssystemen, mechanischen und pneumatischen Ger\u00e4ten und so weiter wohl f\u00fchlt. Wir wollen vielleicht das Unm\u00f6gliche, aber Menschen, die diese Arbeit tun, gibt es bereits und sie haben Spa\u00df. Nat\u00fcrlich sind es aus verschiedenen Gr\u00fcnden nicht nur Rosen und Blumen, unsere Kunden sind keine kleinen L\u00e4mmchen, gute Ideen kommen nicht aus dem Nichts, und es dauert eine Weile, bis man die wichtigsten industriellen Fragen im Zusammenhang mit der Qualit\u00e4tskontrolle kennenlernt, aber im Unternehmen arbeiten Sie Seite an Seite mit Menschen, die Ihnen helfen k\u00f6nnen, v\u00f6llig unabh\u00e4ngig zu werden.<\/p>\n<\/div>\n\t<\/div>\n<\/div>\n<\/div>\n<\/div>\n\t\t\t<div class=\"fl-col fl-node-5e0e2778d7445 fl-col-small\" data-node=\"5e0e2778d7445\">\n\t<div class=\"fl-col-content fl-node-content\"><div class=\"fl-module fl-module-heading fl-node-5e0e2778d7448\" data-node=\"5e0e2778d7448\">\n\t<div class=\"fl-module-content fl-node-content\">\n\t\t<h4 class=\"fl-heading\">\n\t\t<span class=\"fl-heading-text\">Grundlegende Anforderungen<\/span>\n\t<\/h4>\n\t<\/div>\n<\/div>\n<div class=\"fl-module fl-module-rich-text fl-node-5e0e2778d7449\" data-node=\"5e0e2778d7449\">\n\t<div class=\"fl-module-content fl-node-content\">\n\t\t<div class=\"fl-rich-text\">\n\t<ul>\n<li class=\"Testo12\">Gute Kenntnisse im Umgang mit PC unter Windows, Word, Excel, Access-Programmen<\/li>\n<li class=\"Testo12\">Gute Englischkenntnisse<\/li>\n<li class=\"Testo12\">Kenntnisse in Fragen der industriellen Automatisierung (mindestens 2 Jahre).<\/li>\n<li class=\"Testo12\">Diskrete Kenntnisse \u00fcber industrielle Bildverarbeitungssysteme.<\/li>\n<li class=\"Testo12\">Ausgezeichnete zwischenmenschliche Beziehungen.<\/li>\n<li class=\"Testo12\">Diplom oder Abschluss in Wissenschaft oder Wirtschaft.<\/li>\n<li class=\"Testo12\">Lizenz B<\/li>\n<li class=\"Testo12\">M\u00f6glichkeit von Kurzzeitreisen<\/li>\n<\/ul>\n<\/div>\n\t<\/div>\n<\/div>\n<div class=\"fl-module fl-module-heading fl-node-5e0e2778d744b\" data-node=\"5e0e2778d744b\">\n\t<div class=\"fl-module-content fl-node-content\">\n\t\t<h4 class=\"fl-heading\">\n\t\t<span class=\"fl-heading-text\">Unser Angebot<\/span>\n\t<\/h4>\n\t<\/div>\n<\/div>\n<div class=\"fl-module fl-module-rich-text fl-node-5e0e2778d744c\" data-node=\"5e0e2778d744c\">\n\t<div class=\"fl-module-content fl-node-content\">\n\t\t<div class=\"fl-rich-text\">\n\t<p style=\"text-align: justify;\">Ein junges und offenes Klima, ein angemessenes Gehalt und starke leistungsbezogene Anreize.<\/p>\n<\/div>\n\t<\/div>\n<\/div>\n<\/div>\n<\/div>\n\t<\/div>\n\n<div class=\"fl-col-group fl-node-5e0e2778d7443\" data-node=\"5e0e2778d7443\">\n\t\t\t<div class=\"fl-col fl-node-5e0e2778d744a\" data-node=\"5e0e2778d744a\">\n\t<div class=\"fl-col-content fl-node-content\"><div class=\"fl-module fl-module-button fl-node-5e0e2778d744d\" data-node=\"5e0e2778d744d\">\n\t<div class=\"fl-module-content fl-node-content\">\n\t\t<div class=\"fl-button-wrap fl-button-width-auto fl-button-left fl-button-has-icon\">\n\t\t\t<a href=\"mailto:vea@vea.it\" target=\"_self\" class=\"fl-button\">\n\t\t\t\t\t<i class=\"fl-button-icon fl-button-icon-before fas fa-angle-right\" aria-hidden=\"true\"><\/i>\n\t\t\t\t\t\t<span class=\"fl-button-text\">Kandidaten f\u00fcr die Position<\/span>\n\t\t\t\t\t<\/a>\n<\/div>\n\t<\/div>\n<\/div>\n<\/div>\n<\/div>\n\t<\/div>\n\t\t<\/div>\n\t<\/div>\n<\/div>\n<\/div><div class=\"uabb-js-breakpoint\" style=\"display: none;\"><\/div>","protected":false},"excerpt":{"rendered":"<p>ARBEITEN SIE MIT UNS Arbeiten Sie mit uns an einem innovativen Projekt Interessierte Parteien k\u00f6nnen einen detaillierten Lebenslauf zusammen mit der Erlaubnis zur Verarbeitung personenbezogener Daten gem\u00e4\u00df Gesetz 675\/96 senden und dabei die Berufsbezeichnung als Referenz angeben. ACHTUNG: Senden Sie Ihren Lebenslauf nicht ein, wenn Sie nicht \u00fcber die erforderlichen Kenntnisse verf\u00fcgen. Die Namen der Curricula, die nicht den Anforderungen der ...<\/p>\n<p class=\"read-more\"> <a class=\"ast-button\" href=\"https:\/\/vea.it\/de\/arbeit-mit-uns\/\"> <span class=\"screen-reader-text\">Arbeiten Sie mit uns<\/span> Lesen Sie mehr \"<\/a><\/p>","protected":false},"author":2,"featured_media":0,"parent":0,"menu_order":0,"comment_status":"closed","ping_status":"closed","template":"","meta":{"site-sidebar-layout":"no-sidebar","site-content-layout":"page-builder","ast-global-header-display":"","ast-main-header-display":"","ast-hfb-above-header-display":"","ast-hfb-below-header-display":"","ast-hfb-mobile-header-display":"","site-post-title":"disabled","ast-breadcrumbs-content":"","ast-featured-img":"disabled","footer-sml-layout":"","theme-transparent-header-meta":"default","adv-header-id-meta":"","stick-header-meta":"default","header-above-stick-meta":"","header-main-stick-meta":"","header-below-stick-meta":"","footnotes":""},"_links":{"self":[{"href":"https:\/\/vea.it\/de\/wp-json\/wp\/v2\/pages\/366"}],"collection":[{"href":"https:\/\/vea.it\/de\/wp-json\/wp\/v2\/pages"}],"about":[{"href":"https:\/\/vea.it\/de\/wp-json\/wp\/v2\/types\/page"}],"author":[{"embeddable":true,"href":"https:\/\/vea.it\/de\/wp-json\/wp\/v2\/users\/2"}],"replies":[{"embeddable":true,"href":"https:\/\/vea.it\/de\/wp-json\/wp\/v2\/comments?post=366"}],"version-history":[{"count":1,"href":"https:\/\/vea.it\/de\/wp-json\/wp\/v2\/pages\/366\/revisions"}],"predecessor-version":[{"id":2976,"href":"https:\/\/vea.it\/de\/wp-json\/wp\/v2\/pages\/366\/revisions\/2976"}],"wp:attachment":[{"href":"https:\/\/vea.it\/de\/wp-json\/wp\/v2\/media?parent=366"}],"curies":[{"name":"wp","href":"https:\/\/api.w.org\/{rel}","templated":true}]}}