{"id":3,"date":"2019-12-11T14:39:10","date_gmt":"2019-12-11T14:39:10","guid":{"rendered":"https:\/\/vea.it\/?page_id=3"},"modified":"2021-01-20T19:25:24","modified_gmt":"2021-01-20T19:25:24","slug":"privacy-policy","status":"publish","type":"page","link":"https:\/\/vea.it\/de\/datenschutzbestimmungen\/","title":{"rendered":"Datenschutzrichtlinie"},"content":{"rendered":"<h2>Datenschutzrichtlinie<\/h2>\n\n\n<p>Wir von&nbsp;<strong>vea.it<\/strong>&nbsp;Wir glauben, dass die Privatsph\u00e4re unserer Besucher extrem wichtig ist. In diesem Dokument wird detailliert beschrieben, welche Arten von personenbezogenen Daten auf unserer Website gesammelt und aufgezeichnet werden und wie diese verwendet werden.<\/p>\n<h3>Log-Dateien<\/h3>\n<p>Wie viele andere Websites auch, verwendet unsere Website Protokolldateien. Diese Dateien zeichnen lediglich die Besucher der Website auf - normalerweise ein Standardverfahren von Hosting-Unternehmen und Hosting-Analysediensten.<\/p>\n<p>Zu den in den Protokolldateien enthaltenen Informationen geh\u00f6ren Internetprotokolladressen (IP), Browsertyp, Internetdienstanbieter (ISP), Informationen wie Datum und Uhrzeit, Verweisseiten, Ausgangs- und Eingangsseiten oder die Anzahl der Klicks.<\/p>\n<p>Diese Informationen werden verwendet, um Trends zu analysieren, die Website zu verwalten, Benutzerbewegungen auf der Website zu verfolgen und demografische Informationen zu sammeln. IP-Adressen und andere Informationen werden nicht mit pers\u00f6nlich identifizierbaren Informationen verkn\u00fcpft, daher&nbsp;<strong>alle Daten in absolut anonymer Form erhoben werden<\/strong>.<\/p>\n<h3>Diese Website verwendet Cookies<\/h3>\n<p>Cookies sind kleine Textdateien, die automatisch im Browser auf dem PC des Surfers abgelegt werden. Sie enthalten grundlegende Informationen \u00fcber die Internetnavigation und werden bei jedem Besuch der Website vom Browser erkannt.<\/p>\n<h3>Cookie-Richtlinie<\/h3>\n<p>Diese Website verwendet Cookies, einschlie\u00dflich Cookies von Drittanbietern, um das Surferlebnis zu verbessern, den Nutzern die Inanspruchnahme von Online-Diensten zu erm\u00f6glichen und die Navigation auf der Website zu \u00fcberwachen.<\/p>\n<h3>So deaktivieren Sie Cookies<\/h3>\n<p>Es ist m\u00f6glich, Cookies direkt \u00fcber den verwendeten Browser zu deaktivieren, indem Sie auf die Einstellungen (Pr\u00e4ferenzen oder Optionen) zugreifen: Diese Wahl kann einige Navigationsfunktionen der Website einschr\u00e4nken.<\/p>\n<h3>Cookies Verwaltung<\/h3>\n<p>Die auf dieser Website verwendeten Cookies k\u00f6nnen in die unten beschriebenen Kategorien fallen.<\/p>\n<ul>\n<li><strong>F\u00fcr den Betrieb unbedingt erforderliche T\u00e4tigkeiten<\/strong><br \/>Diese Cookies sind technischer Natur und erm\u00f6glichen das ordnungsgem\u00e4\u00dfe Funktionieren der Website. Sie sorgen zum Beispiel daf\u00fcr, dass der Nutzer w\u00e4hrend des Surfens angemeldet bleibt, indem sie verhindern, dass der Nutzer sich mehrmals anmelden muss, um auf nachfolgende Seiten zuzugreifen.<\/li>\n<li><strong>Speichern von Einstellungen<\/strong><br \/>Diese Cookies erm\u00f6glichen es, sich an die vom Nutzer beim Surfen gew\u00e4hlten Pr\u00e4ferenzen zu erinnern, z. B. die Einstellung der Sprache.<\/li>\n<li><strong>Statistische Aktivit\u00e4ten und Publikumsmessungen (z. B. Google Analytics)<\/strong><br \/>Diese Cookies helfen uns, durch die in anonymer und aggregierter Form gesammelten Daten zu verstehen, wie die Benutzer mit den Websites interagieren, indem sie Informationen \u00fcber die besuchten Abschnitte, die auf der Website verbrachte Zeit und eventuelle Fehlfunktionen liefern. Dies hilft, die Leistung der Websites zu verbessern.<\/li>\n<li><strong>Cookies f\u00fcr soziale Medien (z. B. Facebook)<\/strong><br \/>Diese Drittanbieter-Cookies werden verwendet, um einige beliebte Social-Media-Funktionen zu integrieren und sie auf der Website bereitzustellen. Sie erm\u00f6glichen insbesondere die Registrierung und Authentifizierung auf der Website \u00fcber Facebook und Google Connect, das Teilen und Kommentieren von Seiten auf der Website in sozialen Netzwerken, die Aktivierung der \"Gef\u00e4llt mir\"-Funktion auf Facebook und der \"+1\u2033-Funktion auf G+.<\/li>\n<\/ul>\n<h3>Zweck der Behandlung<\/h3>\n<p>Daten k\u00f6nnen f\u00fcr einen oder mehrere der folgenden Zwecke gesammelt werden:<\/p>\n<ul>\n<li>den Zugang zu den eingeschr\u00e4nkten Bereichen des Portals und der mit diesem verbundenen Portale\/Seiten sowie die Zusendung von Mitteilungen, auch kommerzieller Art, Nachrichten, Aktualisierungen zu den Initiativen dieser Seite und der kontrollierten und\/oder verbundenen Unternehmen und\/oder Sponsoren.<\/li>\n<li>die eventuelle Weitergabe der oben genannten Daten an Dritte, immer zum Zweck der Durchf\u00fchrung von E-Mail-Marketing-Kampagnen und des Versands kommerzieller Mitteilungen.<\/li>\n<li>die in Gesetzen oder Vorschriften vorgesehenen Verpflichtungen zu erf\u00fcllen;<\/li>\n<li>Kontaktverwaltung;<\/li>\n<\/ul>\n<h3>Behandlungsmodalit\u00e4ten<\/h3>\n<p>Die Daten werden auf folgende Weise verarbeitet:<\/p>\n<ul>\n<li>Single-opt Datenerfassung, in einer speziellen Datenbank;<\/li>\n<li>Aufzeichnung und Verarbeitung auf Papier und\/oder magnetischen Medien;<\/li>\n<li>Organisation der Archive in \u00fcberwiegend automatisierter Form, gem\u00e4\u00df den technischen Vorschriften \u00fcber Mindestsicherheitsma\u00dfnahmen, Anhang B des Datenschutzgesetzes.<\/li>\n<\/ul>\n<h3>Obligatorischer Charakter<\/h3>\n<p>Alle abgefragten Daten sind Pflichtangaben.<\/p>\n<h3>Rechte der betroffenen Person<\/h3>\n<p>Gem\u00e4\u00df Art. 7 (Recht auf Zugang zu den pers\u00f6nlichen Daten und andere Rechte) des Datenschutzgesetzes informieren wir Sie, dass Sie folgende Rechte in Bezug auf die Datenverarbeitung haben:<\/p>\n<ul>\n<li>durch freien Zugang \u00fcber die Existenz von Datenverarbeitungsvorg\u00e4ngen, die Sie betreffen k\u00f6nnten, informiert zu werden;<\/li>\n<li>\u00fcber die Art und den Zweck der Verarbeitung informiert werden<\/li>\n<li>vom Inhaber unverz\u00fcglich zu beschaffen:\n<ul>\n<li>die Best\u00e4tigung, ob Sie betreffende personenbezogene Daten vorhanden sind oder nicht, unabh\u00e4ngig davon, ob sie bereits gespeichert sind, und die Mitteilung in verst\u00e4ndlicher Form dieser Daten und ihrer Quelle sowie der Logik und der Zwecke, die der Verarbeitung zugrunde liegen; der Antrag kann, sofern keine triftigen Gr\u00fcnde vorliegen, in Abst\u00e4nden von mindestens neunzig Tagen erneuert werden;<\/li>\n<li>die L\u00f6schung, Umwandlung in anonyme Form oder Sperrung von Daten, die gesetzeswidrig verarbeitet wurden, einschlie\u00dflich Daten, deren Aufbewahrung f\u00fcr die Zwecke, f\u00fcr die die Daten erhoben oder sp\u00e4ter verarbeitet wurden, nicht erforderlich ist;<\/li>\n<li>die Aktualisierung, Berichtigung oder, falls gew\u00fcnscht, die Integration bestehender Daten;<\/li>\n<li>sich aus berechtigten Gr\u00fcnden der Verarbeitung der Sie betreffenden personenbezogenen Daten ganz oder teilweise zu widersetzen, auch wenn diese Daten dem Zweck der Erhebung entsprechen;<\/li>\n<\/ul>\n<\/li>\n<\/ul>\n<p>Wir m\u00f6chten darauf hinweisen, dass der Inhaber der Behandlung f\u00fcr alle rechtlichen Zwecke ist:<\/p>\n<ul>\n<li><strong>VEA SRL<\/strong><\/li>\n<li>P. MWST. 13478090155<\/li>\n<li>Via Fratelli Rosselli, 43 -<\/li>\n<li>20010 - Canegrate ( (MI))<\/li>\n<li>Tel\/Fax: 0331402751<\/li>\n<li>E-Mail: vea@vea.it<\/li>\n<\/ul>\n<p>Um Ihre Rechte gem\u00e4\u00df Artikel 7 des Datenschutzgesetzes auszu\u00fcben oder Ihre Daten aus dem Archiv l\u00f6schen zu lassen, kontaktieren Sie uns einfach \u00fcber einen der vorgesehenen Kan\u00e4le.<\/p>\n<p>Alle Daten werden durch Antivirus, Firewall und Passwortschutz gesch\u00fctzt.<\/p>\n<h3>Informationen f\u00fcr Kinder<\/h3>\n<p>Wir glauben, dass es wichtig ist, Kindern online zus\u00e4tzlichen Schutz zu bieten. Wir ermutigen Eltern und Erziehungsberechtigte, Zeit mit ihren Kindern online zu verbringen, um deren Online-Aktivit\u00e4ten zu beobachten, daran teilzunehmen und\/oder sie zu \u00fcberwachen und anzuleiten. Wir sammeln keine pers\u00f6nlichen Daten von Minderj\u00e4hrigen. Wenn ein Elternteil oder ein Erziehungsberechtigter glaubt, dass unsere Website pers\u00f6nliche Daten eines Kindes in ihrer Datenbank hat, kontaktieren Sie uns bitte sofort (unter Verwendung der angegebenen E-Mail) und wir werden uns bem\u00fchen, diese Daten so schnell wie m\u00f6glich zu entfernen.<\/p>\n<p>Diese Datenschutzrichtlinie gilt nur f\u00fcr unsere Online-Aktivit\u00e4ten und bezieht sich auf die Besucher unserer Website und auf die Informationen, die wir weitergeben und\/oder sammeln. Diese Richtlinie gilt nicht f\u00fcr Informationen, die offline oder \u00fcber andere Kan\u00e4le als diese Website gesammelt werden.<\/p>\n<h3>Zustimmung<\/h3>\n<p>Durch die Nutzung unserer Website erkl\u00e4ren Sie sich mit unserer Datenschutzrichtlinie einverstanden und akzeptieren deren Bedingungen. Wenn Sie weitere Informationen w\u00fcnschen oder Fragen zu unseren Datenschutzbestimmungen haben, z\u00f6gern Sie bitte nicht, uns zu kontaktieren.<\/p>","protected":false},"excerpt":{"rendered":"<p>Datenschutzpolitik Wir bei vea.co.uk glauben, dass die Privatsph\u00e4re unserer Besucher sehr wichtig ist. In diesem Dokument wird beschrieben, welche Arten von personenbezogenen Daten auf unserer Website erfasst und aufgezeichnet werden und wie sie verwendet werden. Protokolldateien Wie viele andere Websites verwendet auch unsere Website Protokolldateien. Diese Dateien zeichnen lediglich die Besucher auf ...<\/p>\n<p class=\"read-more\"> <a class=\"ast-button\" href=\"https:\/\/vea.it\/de\/datenschutzbestimmungen\/\"> <span class=\"screen-reader-text\">Datenschutzrichtlinie<\/span> Lesen Sie mehr \"<\/a><\/p>","protected":false},"author":1,"featured_media":0,"parent":0,"menu_order":0,"comment_status":"closed","ping_status":"closed","template":"","meta":{"site-sidebar-layout":"no-sidebar","site-content-layout":"page-builder","ast-global-header-display":"","ast-main-header-display":"","ast-hfb-above-header-display":"","ast-hfb-below-header-display":"","ast-hfb-mobile-header-display":"","site-post-title":"disabled","ast-breadcrumbs-content":"","ast-featured-img":"disabled","footer-sml-layout":"","theme-transparent-header-meta":"default","adv-header-id-meta":"","stick-header-meta":"default","header-above-stick-meta":"","header-main-stick-meta":"","header-below-stick-meta":"","footnotes":""},"_links":{"self":[{"href":"https:\/\/vea.it\/de\/wp-json\/wp\/v2\/pages\/3"}],"collection":[{"href":"https:\/\/vea.it\/de\/wp-json\/wp\/v2\/pages"}],"about":[{"href":"https:\/\/vea.it\/de\/wp-json\/wp\/v2\/types\/page"}],"author":[{"embeddable":true,"href":"https:\/\/vea.it\/de\/wp-json\/wp\/v2\/users\/1"}],"replies":[{"embeddable":true,"href":"https:\/\/vea.it\/de\/wp-json\/wp\/v2\/comments?post=3"}],"version-history":[{"count":0,"href":"https:\/\/vea.it\/de\/wp-json\/wp\/v2\/pages\/3\/revisions"}],"wp:attachment":[{"href":"https:\/\/vea.it\/de\/wp-json\/wp\/v2\/media?parent=3"}],"curies":[{"name":"wp","href":"https:\/\/api.w.org\/{rel}","templated":true}]}}