{"id":1997,"date":"2020-08-03T10:41:20","date_gmt":"2020-08-03T10:41:20","guid":{"rendered":"https:\/\/vea.it\/?page_id=1997"},"modified":"2025-05-06T14:48:06","modified_gmt":"2025-05-06T14:48:06","slug":"misura","status":"publish","type":"page","link":"https:\/\/vea.it\/de\/messen\/","title":{"rendered":"MASSNAHME"},"content":{"rendered":"<h1>\n\t\tL\u00d6SUNGEN: <br \/> MASSNAHME\n\t<\/h1>\n\t<ul>\n\t\t<li>\t\t\n\t\t\t\t<img decoding=\"async\" src=\"https:\/\/vea.it\/wp-content\/uploads\/2020\/02\/Micrometri_fotosec.png\" alt=\"Mikrometer_Fotosec\" title=\"Mikrometer_Fotosec\" itemprop=\"image\"\/>\n\t\t200 Fotos pro Sekunde<\/li><li>\t\t\n\t\t\t\t<img decoding=\"async\" src=\"https:\/\/vea.it\/wp-content\/uploads\/2020\/01\/servizi_icona3.png\" alt=\"icon_dienste3\" title=\"icon_dienste3\" itemprop=\"image\"\/>\n\t\tmehr als 100.000 Messungen pro Sekunde<\/li><li>\t\t\n\t\t\t\t<img decoding=\"async\" src=\"https:\/\/vea.it\/wp-content\/uploads\/2020\/02\/Micrometri_ripetibilit\u00e0.png\" alt=\"Mikrometer_Wiederholbarkeit\" title=\"Mikrometer_Wiederholbarkeit\" itemprop=\"image\"\/>\n\t\tPr\u00e4zisionssteuerung in Echtzeit<\/li><li>\t\t\n\t\t\t\t<img decoding=\"async\" src=\"https:\/\/vea.it\/wp-content\/uploads\/2020\/02\/Micrometri_variazioni.png\" alt=\"Mikrometer_Variationen\" title=\"Mikrometer_Variationen\" itemprop=\"image\"\/>\n\t\tTemperatur- und Schwingungskompensation<\/li><li>\t\t\n\t\t\t\t<img decoding=\"async\" src=\"https:\/\/vea.it\/wp-content\/uploads\/2020\/02\/Micrometri_precisione.png\" alt=\"Mikrometer_Pr\u00e4zision\" title=\"Mikrometer_Pr\u00e4zision\" itemprop=\"image\"\/>\n\t\tSubmikrometrische Genauigkeit<\/li>\t<\/ul>\n<h1>\n\t\tBILDVERARBEITUNGSSYSTEME F\u00dcR MESSUNGEN: BEISPIELE AUS DER PRAXIS\n\t<\/h1>\n\t<h5>Bildverarbeitungssysteme f\u00fcr die Messung an der Produktionslinie sind fortschrittliche L\u00f6sungen, die Kameras, optische Sensoren und Software verwenden, um Ma\u00df- und Qualit\u00e4tskontrollen an Produkten w\u00e4hrend des Produktionsprozesses durchzuf\u00fchren. Diese Systeme arbeiten in Echtzeit, ohne den Produktionsfluss zu unterbrechen, und gew\u00e4hrleisten eine hohe Genauigkeit und Geschwindigkeit der Analyse. Eine der Hauptanwendungen dieser Systeme ist die ber\u00fchrungslose Messung kritischer Produktabmessungen<\/h5>\n<h5>Ihre Funktionsweise basiert auf hochaufl\u00f6senden Kameras und optischen Mikrometern, die Bilder oder Messungen des Werkst\u00fccks erfassen und diese mit Hilfe fortschrittlicher Algorithmen verarbeiten. Dank dieser Technologien ist es m\u00f6glich, Abmessungen und Toleranzen genau zu \u00fcberpr\u00fcfen und eventuelle Fehler zu erkennen.<\/h5>\n<h5>Die Verarbeitungsgeschwindigkeit von Bildverarbeitungssystemen erm\u00f6glicht eine 100%-Kontrolle der Produktion, wodurch sich die Notwendigkeit von Stichprobenkontrollen verringert und die Effizienz der Produktion erh\u00f6ht.<\/h5>\n<h5>Bildverarbeitungssysteme werden in Sektoren wie der Automobilindustrie, der Luft- und Raumfahrt und der Feinmechanik eingesetzt, wo Qualit\u00e4t und Wiederholbarkeit der Messungen von entscheidender Bedeutung sind. Durch die Integration mit Robotern und Managementsoftware optimieren sie die Produktionsprozesse, verringern den Ausschuss und verbessern die Gesamteffizienz der Produktionslinie, was sie zu einem unverzichtbaren Bestandteil der Industrie 5.0 macht.<\/h5>\n<h2>\n\t\tmikrometrisches Messsystem an einem Dreh- und Gewindeteil kombiniert mit Qualit\u00e4tskontrolle\n\t<\/h2>\n<h4>\n\t\tDas in dieser Anlage integrierte Bildverarbeitungssystem erf\u00fcllt fortschrittliche Funktionen zur Roboterf\u00fchrung, mikrometrischen Messung und Qualit\u00e4tskontrolle und gew\u00e4hrleistet eine hohe Genauigkeit bei der Analyse von bearbeiteten Stahlteilen mit reflektierenden Oberfl\u00e4chen.\n\t<\/h4>\n\t\t\t\t<img decoding=\"async\" loading=\"lazy\" src=\"https:\/\/vea.it\/wp-content\/uploads\/2025\/03\/0875-cb.jpg\" alt=\"System zur Kontrolle der Oberfl\u00e4chenqualit\u00e4t und Messung mit optischem Doppelmikrometer\" itemprop=\"image\" height=\"1056\" width=\"1499\" title=\"0875-cb\" onerror=\"this.style.display='none'\"  \/>\n\t<h3>Merkmale des Bildverarbeitungssystems<\/h3>\n<h4>Roboterf\u00fchrung<\/h4>\n<p>Das System wurde entwickelt, um die robotergest\u00fctzte Entnahme von Bauteilen mit stark reflektierenden Oberfl\u00e4chen zu optimieren. Die willk\u00fcrlich auf einem F\u00f6rderband platzierten Teile werden erkannt und pr\u00e4zise entnommen, um sie ohne Besch\u00e4digungsrisiko an Analysestationen zu \u00fcbergeben.<\/p>\n\t<h4 data-start=\"378\" data-end=\"431\"><strong data-start=\"383\" data-end=\"429\">Gleichzeitige Messung und Qualit\u00e4tskontrolle<\/strong><\/h4>\n<p>Ein einziges System arbeitet mit zwei optischen Mikrometern mit einem Durchmesser von 100 mm und einer speziellen Kamera f\u00fcr die Inspektion der Unterseite des Teils. W\u00e4hrend des Analysezyklus dreht sich das Bauteil drei Sekunden lang. In dieser Zeit werden 180 Messungen mit jeweils mehr als 50 Erkennungen durchgef\u00fchrt. Parallel dazu erkennt die Qualit\u00e4tskontrolle Fehler wie Dellen, Gravuren, Grate und Oxidation.<\/p>\n<p>Um maximale Genauigkeit zu gew\u00e4hrleisten, verwenden die optischen Mikrometer ein Selbstkalibrierungssystem, das auf einem Referenzsatz von bis zu 10 kalibrierten Teilen basiert. Dieser Ansatz erm\u00f6glicht die Einhaltung der strengsten Vorschriften f\u00fcr Messger\u00e4te in Produktionslinien und gew\u00e4hrleistet konstante Zuverl\u00e4ssigkeit und Genauigkeit.<\/p>\n\t\t\t\t<img decoding=\"async\" loading=\"lazy\" src=\"https:\/\/vea.it\/wp-content\/uploads\/2025\/03\/0875-vd01.jpg\" alt=\"screenshot optische mikrometermessung und oberfl\u00e4chenqualit\u00e4tskontrolle\" itemprop=\"image\" height=\"562\" width=\"1333\" title=\"0875-vd01\" onerror=\"this.style.display='none'\"  \/>\n\t\t\t\t<img decoding=\"async\" loading=\"lazy\" src=\"https:\/\/vea.it\/wp-content\/uploads\/2025\/03\/micr-0875-02.jpg\" alt=\"Messung und Qualit\u00e4tskontrolle von optischen Oberfl\u00e4chenmikrometern\" itemprop=\"image\" height=\"800\" width=\"800\" title=\"micr-0875-02\" onerror=\"this.style.display='none'\"  \/>\n<h2>\n\t\tStatormesssystem und Sp\u00e4nekontrolle\n\t<\/h2>\n<h4>\n\t\tBildverarbeitungssystem mit Doppelkamera zur Roboterf\u00fchrung und Statormessung. Es richtet die Teile aus, pr\u00fcft die Toleranzen, kontrolliert den Ausschuss und speichert die Daten zur R\u00fcckverfolgbarkeit, um die Qualit\u00e4t und die vollst\u00e4ndige Integration mit dem Roboter und der Anlage zu gew\u00e4hrleisten.\n\t<\/h4>\n\t\t\t\t<img decoding=\"async\" loading=\"lazy\" src=\"https:\/\/vea.it\/wp-content\/uploads\/2025\/05\/1028-pz01-400x300-1.webp\" alt=\"Stator eines Elektromotors\" itemprop=\"image\" height=\"300\" width=\"400\" title=\"1028-pz01-400x300\" onerror=\"this.style.display='none'\"  \/>\n\t<h3>Merkmale des Bildverarbeitungssystems<\/h3>\n<h4>Roboterf\u00fchrung f\u00fcr die Ausrichtung der Statorplatte<\/h4>\n<p>Vor dem Einlegen in die Maschine muss der Stator auf ein Zehntelgrad genau ausgerichtet werden. Eine Kamera pr\u00fcft das Teil und korrigiert die Ausrichtung, indem sie die Korrektur an den Roboter \u00fcbertr\u00e4gt.<\/p>\n\t<h4 data-start=\"378\" data-end=\"431\"><strong data-start=\"383\" data-end=\"429\">Messung des Stators<\/strong><\/h4>\n<p>Nach den vom Kunden vorgegebenen Messspezifikationen rekonstruiert das System die Geometrie, die zur Erkennung der gew\u00fcnschten Messungen erforderlich ist. F\u00fcr jeden Stator werden die Messungen \u00fcberpr\u00fcft, und wenn die Messungen au\u00dferhalb der Toleranz liegen, wird das Teil zur\u00fcckgewiesen. In jedem Fall werden die Messdaten archiviert, um die R\u00fcckverfolgbarkeit zu gew\u00e4hrleisten.<\/p>\n<p>&nbsp;<\/p>\n<h4>Qualit\u00e4tskontrolle von Statoren<\/h4>\n<p>Zus\u00e4tzlich zu den Messungen wird gepr\u00fcft, ob das Produkt Ausschuss enth\u00e4lt.<\/p>\n\t\t\t\t<img decoding=\"async\" loading=\"lazy\" src=\"https:\/\/vea.it\/wp-content\/uploads\/2025\/05\/1028-vd01-1920x1080-1.webp\" alt=\"Statormessung\" itemprop=\"image\" height=\"1080\" width=\"1920\" title=\"1028-vd01-1920x1080\" onerror=\"this.style.display='none'\"  \/>\n\t\t\t\t<img decoding=\"async\" loading=\"lazy\" src=\"https:\/\/vea.it\/wp-content\/uploads\/2025\/05\/1028-vd02-1561x866-1.webp\" alt=\"Stator-Qualit\u00e4tskontrolle\" itemprop=\"image\" height=\"866\" width=\"1561\" title=\"1028-vd02-1561x866\" onerror=\"this.style.display='none'\"  \/>","protected":false},"excerpt":{"rendered":"<p>L\u00d6SUNGEN: MESSUNG 200 Fotos pro Sekunde mehr als 100.000 Messungen pro Sekunde Echtzeit-Genauigkeitskontrolle Kompensation von thermischen und Vibrationsschwankungen Submikrometergenauigkeit VISION-SYSTEME F\u00dcR DIE MESSUNG: ECHTE BEISPIELE Vision-Systeme f\u00fcr die Messung von Produktionslinien sind fortschrittliche L\u00f6sungen, die Kameras, optische Sensoren und Software zur Messung der ...<\/p>\n<p class=\"read-more\"> <a class=\"ast-button\" href=\"https:\/\/vea.it\/de\/messen\/\"> <span class=\"screen-reader-text\">MASSNAHME<\/span> Lesen Sie mehr \"<\/a><\/p>","protected":false},"author":2,"featured_media":0,"parent":0,"menu_order":0,"comment_status":"closed","ping_status":"closed","template":"","meta":{"site-sidebar-layout":"no-sidebar","site-content-layout":"page-builder","ast-global-header-display":"","ast-main-header-display":"","ast-hfb-above-header-display":"","ast-hfb-below-header-display":"","ast-hfb-mobile-header-display":"","site-post-title":"disabled","ast-breadcrumbs-content":"","ast-featured-img":"disabled","footer-sml-layout":"","theme-transparent-header-meta":"default","adv-header-id-meta":"","stick-header-meta":"default","header-above-stick-meta":"","header-main-stick-meta":"","header-below-stick-meta":"","footnotes":""},"_links":{"self":[{"href":"https:\/\/vea.it\/de\/wp-json\/wp\/v2\/pages\/1997"}],"collection":[{"href":"https:\/\/vea.it\/de\/wp-json\/wp\/v2\/pages"}],"about":[{"href":"https:\/\/vea.it\/de\/wp-json\/wp\/v2\/types\/page"}],"author":[{"embeddable":true,"href":"https:\/\/vea.it\/de\/wp-json\/wp\/v2\/users\/2"}],"replies":[{"embeddable":true,"href":"https:\/\/vea.it\/de\/wp-json\/wp\/v2\/comments?post=1997"}],"version-history":[{"count":4,"href":"https:\/\/vea.it\/de\/wp-json\/wp\/v2\/pages\/1997\/revisions"}],"predecessor-version":[{"id":3709,"href":"https:\/\/vea.it\/de\/wp-json\/wp\/v2\/pages\/1997\/revisions\/3709"}],"wp:attachment":[{"href":"https:\/\/vea.it\/de\/wp-json\/wp\/v2\/media?parent=1997"}],"curies":[{"name":"wp","href":"https:\/\/api.w.org\/{rel}","templated":true}]}}