{"id":18,"date":"2019-12-15T10:07:40","date_gmt":"2019-12-15T10:07:40","guid":{"rendered":"https:\/\/vea.it\/?page_id=18"},"modified":"2025-04-02T14:52:15","modified_gmt":"2025-04-02T14:52:15","slug":"homepage","status":"publish","type":"page","link":"https:\/\/vea.it\/de\/","title":{"rendered":"Startseite"},"content":{"rendered":"<ul>\n\t\t<li>\t\t\n\t\t\t\t<img decoding=\"async\" src=\"https:\/\/vea.it\/wp-content\/uploads\/2020\/02\/Micrometri_fotosec.png\" alt=\"Mikrometer_Fotosec\" title=\"Mikrometer_Fotosec\" itemprop=\"image\">\n\t\t<h3>K\u00fcnstliches Sehen<\/h3><p>Seit mehr als 25 Jahren entwickeln wir Bildverarbeitungsmaschinen f\u00fcr die industrielle Umgebung.&nbsp;<\/p><\/li><li>\t\t\t\t\n\t\t<h3>L\u00f6sungen <\/h3><p>Nicht nur Produkte, sondern vor allem L\u00f6sungen f\u00fcr unsere Kunden<\/p><\/li><li>\t\t\n\t\t\t\t<img decoding=\"async\" src=\"https:\/\/vea.it\/wp-content\/uploads\/2019\/12\/Checkbox_icona6.png\" alt=\"Elektronik\" title=\"Kontrollk\u00e4stchen_Ikona6\" itemprop=\"image\">\n\t\t<h3>Ad-hoc-Elektronik<\/h3><p>Entwicklung und Herstellung von kundenspezifischer Elektronik f\u00fcr zivile und industrielle Anwendungen, kundenspezifische Sensoren, CPU-Platinen, Beleuchtungen<\/p><\/li><li>\t\t\n\t\t\t\t<img decoding=\"async\" src=\"https:\/\/vea.it\/wp-content\/uploads\/2019\/12\/icone_misura.png\" alt=\"Ikonen_Ma\u00df\" title=\"Ikonen_Ma\u00df\" itemprop=\"image\">\n\t\t<h3>Industrielle Projekte<\/h3><p>Wir entwerfen und fertigen komplexe Maschinen, die den anspruchsvollsten Anforderungen gerecht werden.<\/p><\/li><li>\t\t\n\t\t\t\t<img decoding=\"async\" src=\"https:\/\/vea.it\/wp-content\/uploads\/2019\/12\/icone_industria.png\" alt=\"ikonen_industrie\" title=\"ikonen_industrie\" itemprop=\"image\">\n\t\t<h3>Industrie 5.0<\/h3><p>Unsere Maschinen sind bereits auf die Vernetzung mit industriellen Prozessen vorbereitet, wie sie von den Richtlinien der \"Industrie 5.0\" gefordert wird.&nbsp;<\/p><\/li>\t<\/ul>\n\tEntwurf, Installation, Schulung.<br>\nUnsere Produkte sind nur ein Teil der L\u00f6sungen, die wir anbieten.\n\t\t\t<a href=\"https:\/\/vea.it\/contatti\/\" target=\"_self\" rel=\"noopener\">\n\t\t\t\t\t\t\tSEHENSRAT\n\t\t\t\t\t<\/a>\n\t\t\t<a href=\"https:\/\/vea.it\/galleria-video\/\" target=\"_self\" rel=\"noopener\">\n\t\t\t\t\t\t\tERKUNDEN SIE DIE VIDEOGALERIE\n\t\t\t\t\t<\/a>\n\t<ul>\n\t\t<li>\t\t\n\t\t\t\t<img decoding=\"async\" src=\"https:\/\/vea.it\/wp-content\/uploads\/2020\/01\/servizi_icona1.png\" alt=\"dienstleistungen_icona1\" title=\"dienstleistungen_icona1\" itemprop=\"image\">\n\t\t<h4>Beratung<\/h4><\/li><li>\t\t\n\t\t\t\t<img decoding=\"async\" src=\"https:\/\/vea.it\/wp-content\/uploads\/2020\/01\/servizi_icona2.png\" alt=\"icon_dienste2\" title=\"icon_dienste2\" itemprop=\"image\">\n\t\t<h4>Installation<\/h4><\/li><li>\t\t\n\t\t\t\t<img decoding=\"async\" src=\"https:\/\/vea.it\/wp-content\/uploads\/2020\/01\/servizi_icona3.png\" alt=\"icon_dienste3\" title=\"icon_dienste3\" itemprop=\"image\">\n\t\t<h4>Kalibrierung<\/h4><\/li><li>\t\t\n\t\t\t\t<img decoding=\"async\" src=\"https:\/\/vea.it\/wp-content\/uploads\/2020\/01\/servizi_icona4.png\" alt=\"icon_dienste4\" title=\"icon_dienste4\" itemprop=\"image\">\n\t\t<h4>Zertifizierung<\/h4><\/li><li>\t\t\n\t\t\t\t<img decoding=\"async\" src=\"https:\/\/vea.it\/wp-content\/uploads\/2020\/01\/servizi_icona6.png\" alt=\"icon_dienste6\" title=\"icon_dienste6\" itemprop=\"image\">\n\t\t<h4>Ausbildung<\/h4><\/li>\t<\/ul>\n\t\t\t<a href=\"https:\/\/vea.it\/servizi\/\" target=\"_self\" rel=\"noopener\">\n\t\t\t\t\t\t\tENTDECKEN SIE UNSERE DIENSTLEISTUNGEN\n\t\t\t\t\t<\/a>\n<h1>\n\t\tWIR SIND\n\t<\/h1>\n\t\t\t\t<img decoding=\"async\" src=\"https:\/\/vea.it\/wp-content\/uploads\/2020\/01\/chi-siamo-fiera.jpg\" alt=\"OLYMPUS-DIGITALKAMERA\" itemprop=\"image\" title=\"OLYMPUS-DIGITALKAMERA\" onerror=\"this.style.display='none'\">\n\t<p>Seit 1992 besch\u00e4ftigen wir uns mit <strong>Bildverarbeitungssysteme<\/strong>Im Laufe der Jahre haben wir uns zu einem internationalen Ma\u00dfstab f\u00fcr Bildverarbeitungssysteme und integrierte Qualit\u00e4tskontroll- und Messger\u00e4te mit sehr hoher Zuverl\u00e4ssigkeit entwickelt. Unser<strong> Sichtsysteme <\/strong>voll integriert in Ihren Produktionsprozess <strong>die Qualit\u00e4tskontrollen mit Zuverl\u00e4ssigkeit in PPM (Parts Per Million) und messtechnische Kontrollen mit mikrometrischer Pr\u00e4zision auf 100% der produzierten St\u00fccke garantieren.<\/strong><\/p>\n<p>Dank der Checkbox-Zeile <strong>wir k\u00f6nnen automatische Qualit\u00e4tskontrollen und Messungen direkt an den Produktionslinien durchf\u00fchren<\/strong>und steigerte die Produktionsqualit\u00e4t des Unternehmens erheblich.<\/p>\n\t\t\t<a href=\"https:\/\/vea.it\/chi-siamo\/\" target=\"_self\" rel=\"noopener\">\n\t\t\t\t\t\t\tMEHR ENTDECKEN\n\t\t\t\t\t<\/a>\n\t\t<!-- Comment to fix spacing issue\n\t-->\n\t\t0\nVision-Systeme\n\t<!-- Comment to fix spacing issue\n\t-->\t\n\t\t<!-- Comment to fix spacing issue\n\t-->\n\t\t0\nSysteme des k\u00fcnstlichen Sehens\n\t<!-- Comment to fix spacing issue\n\t-->\t\n\t\t<!-- Comment to fix spacing issue\n\t-->\n\t\t0\nKontrollk\u00e4stchen\n\t<!-- Comment to fix spacing issue\n\t-->\t\n\t\t<!-- Comment to fix spacing issue\n\t-->\n\t\t0\nInternationale Partner\n\t<!-- Comment to fix spacing issue\n\t-->\t\n<h2>\n\t\tZERTIFIZIERUNGEN UND VERB\u00c4NDE\n\t<\/h2>\n<h4>\n\t\tACHTUNG: Zur Zeit funktioniert der Download nur bei Auswahl der italienischen Sprache.\n\t<\/h4>\n\t\t\t\t\t\t\t\t<a href=\"#\" id=\"fl-tabs--label-0\" data-index=\"0\" aria-selected=\"true\" aria-controls=\"fl-tabs--panel-0\" aria-expanded=\"true\" role=\"tab\" tabindex=\"0\">\t\t\t\tISO 9001\t\t\t\t<\/a>\n\t\t\t\t\t\t\t\t<a href=\"#\" id=\"fl-tabs--label-1\" data-index=\"1\" aria-selected=\"false\" aria-controls=\"fl-tabs--panel-1\" aria-expanded=\"false\" role=\"tab\" tabindex=\"0\">\t\t\t\tVERB\u00c4NDE\t\t\t\t<\/a>\n\t\t\t\t\t\tISO 9001\n\t\t\t\t\t\t\t\t\t\t\t<p>Die Firma VEA S.r.l. ist <strong>das erste Unternehmen in Italien <\/strong>UNI EN ISO9001 zertifiziert (n. 393)<strong> f\u00fcr die Entwicklung, Herstellung, Installation und Wartung von Bildverarbeitungssystemen<\/strong>.<\/p>\n<p><img decoding=\"async\" src=\"https:\/\/vea.it\/wp-content\/uploads\/2023\/08\/ISO-9001-2023-qualita_orizz-350x240-1.png\" alt=\"ISO 9001 LOGO\"><\/p>\n<p>Laden Sie das Zertifikat herunter.<\/p>\n<p>\t\t\t\t<div class=\"email_download_link\">\r\n\t\t\t\t\t\t<form action=\"#\" method=\"post\" class=\"ed_form\" id=\"ed_form_1775681351\" data-no-translation=\"\" data-no-auto-translation=\"\" data-trp-original-action=\"#\">\r\n\t\t\t\t<p><span class=\"name\">Name *<\/span><br><input type=\"text\" name=\"name\" id=\"name\" placeholder=\"Name\" value=\"\" maxlength=\"50\" required><\/p>\t\t\t\t<p><span class=\"email\">Email *<\/span><br><input class=\"\" type=\"email\" id=\"email\" name=\"email\" value=\"\" placeholder=\"Email *\"  maxlength=\"225\" required><\/p>\t\t\t\t\t\t\t\t<p><span class=\"email\">Downloads *<\/span><br><select name=\"group\" id=\"group\" required><option value=\"\">Select<\/option><option value=\"bpnsta-jtmzwr-bfuqtv-urbzhw-vgyboq\">IQNET 2023<\/option><option value=\"syetdc-tlmefx-tnawrf-crlbei-hrkztd\">ISO 9001 2023<\/option><\/select><\/p>\t\t\t\t\t\t\t\t\t\t\t\t<br \/>\r\n\t\t\t\t<input name=\"submit\" class=\"submit\" id=\"ed_form_submit_1775681351\" value=\"Send Download Link\" type=\"submit\" \/>\r\n\t\t\t\t<span class=\"ed_form_spinner\" id=\"loading-image\" style=\"display:none;\">\r\n\t\t\t\t\t<img src=\"https:\/\/vea.it\/wp-content\/plugins\/email-download-link\/images\/ajax-loader.gif\" \/>\r\n\t\t\t\t<\/span>\r\n\t\t\t\t<input name=\"guid\" id=\"guid\" value=\"group-option\" type=\"hidden\"\/>\r\n\t\t\t\t<input type=\"text\" style=\"display:none;\" id=\"email_name\" name=\"email_name\" value=\"\"\/>\r\n\t\t\t\t<input name=\"form_nonce\" id=\"form_nonce\" value=\"a02c878aca\" type=\"hidden\"\/>\r\n\t\t\t\t<input name=\"name_mand\" id=\"name_mand\" value=\"YES\" type=\"hidden\"\/>\r\n\t\t\t\t<input name=\"gdpr_mand\" id=\"gdpr_mand\" value=\"NO\" type=\"hidden\"\/>\r\n\t\t\t\t<input name=\"phone_mand\" id=\"phone_mand\" value=\"\" type=\"hidden\"\/>\r\n\t\t\t<input type=\"hidden\" name=\"trp-form-language\" value=\"de\"\/><\/form>\t\r\n\t\t\t<span class=\"ed_form_message\" id=\"ed_form_message_1775681351\"><\/span>\r\n\t\t<\/div>\r\n\t mit der Bitte um diesen Link erm\u00e4chtige ich VEA s.r.l. zur Aufbewahrung der Post<\/p>\n\t\t\t\t\t\tVERB\u00c4NDE\n\t\t\t\t\t\t\t\t\t\t\t<p><a href=\"https:\/\/www.confindustria-am.it\/\" target=\"_blank\" rel=\"noopener\"><img decoding=\"async\" loading=\"lazy\" src=\"https:\/\/vea.it\/wp-content\/uploads\/2025\/03\/confind-a-m-300x114.webp\" alt=\"Confindustria Alto Milanese\" width=\"300\" height=\"114\"><\/a><\/p>\n\t\t\t<a href=\"https:\/\/vea.it\/sistemi-di-visione\/\" target=\"_self\" rel=\"noopener\">\n\t\t\t\t\t\t\tVISIONSSYSTEME\n\t\t\t\t\t<\/a>","protected":false},"excerpt":{"rendered":"<p>Artificial Vision Seit mehr als 25 Jahren entwickeln wir Bildverarbeitungsmaschinen f\u00fcr die industrielle Umgebung L\u00f6sungen Nicht nur Produkte, sondern vor allem L\u00f6sungen f\u00fcr unsere Kunden Ad Hoc Electronics Entwicklung und Herstellung von kundenspezifischer Elektronik f\u00fcr den zivilen und industriellen Gebrauch, kundenspezifische Sensoren, CPU-Boards, Beleuchtungen Industrielle Projekte Wir entwickeln und fertigen komplexe Maschinen, die den Anforderungen ...<\/p>\n<p class=\"read-more\"> <a class=\"ast-button\" href=\"https:\/\/vea.it\/de\/\"> <span class=\"screen-reader-text\">Startseite<\/span> Lesen Sie mehr \"<\/a><\/p>","protected":false},"author":1,"featured_media":0,"parent":0,"menu_order":0,"comment_status":"closed","ping_status":"closed","template":"","meta":{"site-sidebar-layout":"no-sidebar","site-content-layout":"page-builder","ast-global-header-display":"","ast-main-header-display":"","ast-hfb-above-header-display":"","ast-hfb-below-header-display":"","ast-hfb-mobile-header-display":"","site-post-title":"disabled","ast-breadcrumbs-content":"","ast-featured-img":"disabled","footer-sml-layout":"","theme-transparent-header-meta":"default","adv-header-id-meta":"","stick-header-meta":"default","header-above-stick-meta":"","header-main-stick-meta":"","header-below-stick-meta":"","footnotes":""},"_links":{"self":[{"href":"https:\/\/vea.it\/de\/wp-json\/wp\/v2\/pages\/18"}],"collection":[{"href":"https:\/\/vea.it\/de\/wp-json\/wp\/v2\/pages"}],"about":[{"href":"https:\/\/vea.it\/de\/wp-json\/wp\/v2\/types\/page"}],"author":[{"embeddable":true,"href":"https:\/\/vea.it\/de\/wp-json\/wp\/v2\/users\/1"}],"replies":[{"embeddable":true,"href":"https:\/\/vea.it\/de\/wp-json\/wp\/v2\/comments?post=18"}],"version-history":[{"count":21,"href":"https:\/\/vea.it\/de\/wp-json\/wp\/v2\/pages\/18\/revisions"}],"predecessor-version":[{"id":3698,"href":"https:\/\/vea.it\/de\/wp-json\/wp\/v2\/pages\/18\/revisions\/3698"}],"wp:attachment":[{"href":"https:\/\/vea.it\/de\/wp-json\/wp\/v2\/media?parent=18"}],"curies":[{"name":"wp","href":"https:\/\/api.w.org\/{rel}","templated":true}]}}