{"id":1697,"date":"2020-07-30T09:41:56","date_gmt":"2020-07-30T09:41:56","guid":{"rendered":"https:\/\/vea.it\/?page_id=1697"},"modified":"2025-03-03T10:55:23","modified_gmt":"2025-03-03T10:55:23","slug":"illuminatori-lef-c-e-ler-c","status":"publish","type":"page","link":"https:\/\/vea.it\/de\/illuminators-lef-c-e-ler-c\/","title":{"rendered":"LEF-C und LER-C LICHTER"},"content":{"rendered":"<p>Verbindungen auf Aluminium-Profilnut<\/p>\t\t\t\t\t\t\n\t\t\t\t\t\t\t<p>Standard-Industriesteckverbinder M12<\/p>\t\t\t\t\t\t\n\t\t\t\t\t\t\t<p>Dauer \u00fcber 50000 Stunden ohne wahrnehmbare Lichtabf\u00e4lle<\/p>\t\t\t\t\t\t\n\t<h1>\n\t\tDIREKTES LICHT UND HINTERGRUNDBELEUCHTUNG F\u00dcR DIE INDUSTRIELLE BILDVERARBEITUNG, LER-C- UND LEF-C-BELEUCHTUNGEN\n\t<\/h1>\n\t<h2><a href=\"https:\/\/atelpi.com\/categories\/light\/\" target=\"_blank\" rel=\"noopener\">Jetzt direkt kaufen bei\u00a0<\/a> <a href=\"https:\/\/atelpi.com\/categories\/light\/\" target=\"_blank\" rel=\"noopener\"><img decoding=\"async\" loading=\"lazy\" src=\"https:\/\/vea.it\/wp-content\/uploads\/2025\/02\/logo-atelpi-su-bianco-mask-200x54-1.png\" alt=\"atelpi.com\" width=\"200\" height=\"54\" \/><\/a><\/h2>\n<h2>\n\t\tDie Industriebeleuchtungen LER-C und LEF-C haben gro\u00dfe Abmessungen und erhalten ein homogenes Licht \u00fcber ihre gesamte Fl\u00e4che.  Integrierte Kamerahalterung und modulare Montage. Hoch dissipative Aluminiumstruktur mit einer Delta-Temperatur von nur 5\u00b0. Spannungsversorgung bei 24V oder \u00fcber Regler. mit sehr hohem Diffusionsgrad. <br \/>Dauer \u00fcber 50000 Stunden ohne wahrnehmbare Lichttropfen durch stark \u00fcberdimensionierte LEDs. Gleichm\u00e4\u00dfige Ausleuchtung auch in der N\u00e4he des Kameralochs. \n\t<\/h2>\n\t<p>GERADLINIG<\/p>\n\t\t\t\t<a href=\"https:\/\/vea.it\/wp-content\/uploads\/2020\/07\/hcl-ler-c-800q.jpg\" target=\"_self\" itemprop=\"url\" rel=\"noopener\">\n\t\t\t\t<img decoding=\"async\" src=\"https:\/\/vea.it\/wp-content\/uploads\/2020\/07\/hcl-ler-c-800q.jpg\" alt=\"LEF-C\" itemprop=\"image\" title=\"hcl-ler-c 800q\" onerror=\"this.style.display='none'\"  \/>\n\t\t\t\t<\/a>\n\t<p>ROBOTERFAHREN<\/p>\n\t\t\t\t<a href=\"https:\/\/vea.it\/wp-content\/uploads\/2020\/07\/hcl-lef-c-800q.jpg\" target=\"_self\" itemprop=\"url\" rel=\"noopener\">\n\t\t\t\t<img decoding=\"async\" src=\"https:\/\/vea.it\/wp-content\/uploads\/2020\/07\/hcl-lef-c-800q.jpg\" alt=\"Kamera-Installation im LEF\" itemprop=\"image\" title=\"hcl-lef-c 800q\" onerror=\"this.style.display='none'\"  \/>\n\t\t\t\t<\/a>\n\t<p>BACKLIGHTING<\/p>\n\t\t\t\t<a href=\"https:\/\/vea.it\/wp-content\/uploads\/2020\/07\/hcl-ler-c-2-800q.jpg\" target=\"_self\" itemprop=\"url\" rel=\"noopener\">\n\t\t\t\t<img decoding=\"async\" src=\"https:\/\/vea.it\/wp-content\/uploads\/2020\/07\/hcl-ler-c-2-800q.jpg\" alt=\"LER-C\" itemprop=\"image\" title=\"hcl-ler-c 2 800q\" onerror=\"this.style.display='none'\"  \/>\n\t\t\t\t<\/a>\n<h3>\n\t\tDiffuses direktes Licht f\u00fcr die industrielle Bildverarbeitung, Beleuchtungen Serie LEF-C\n\t<\/h3>\n\t\t\t\t<a href=\"https:\/\/vea.it\/wp-content\/uploads\/2020\/07\/hcl-lef-c-002-800q.jpg\" target=\"_self\" itemprop=\"url\" rel=\"noopener\">\n\t\t\t\t<img decoding=\"async\" src=\"https:\/\/vea.it\/wp-content\/uploads\/2020\/07\/hcl-lef-c-002-800q.jpg\" alt=\"LEF-Beleuchtungen\" itemprop=\"image\" title=\"hcl-lef-c-002-800q\" onerror=\"this.style.display='none'\"  \/>\n\t\t\t\t<\/a>\n<h4>\n\t\tHauptmerkmale\n\t<\/h4>\n\t<ul>\n<li><b>Roboterf\u00fchrungs-Beleuchtungen<\/b>: speziell f\u00fcr die industrielle Bildverarbeitung im industriellen Bereich<\/li>\n<li><b>Beleuchtungstechnik <\/b>: LED-SMD<\/li>\n<li><b>Technologie-Unterst\u00fctzung:<\/b> Aluminium-Profile<\/li>\n<li><b>Technologie der Licht\u00fcbertragung:<\/b> Mehrschichtpolymer mit hoher Diffusion<\/li>\n<li><b>Verschiedene Formen und Gr\u00f6\u00dfen<\/b>von 170 X 170 mm bis zu 1200 X 600 mm (weitere Gr\u00f6\u00dfen auf Anfrage).<\/li>\n<li><b>F\u00e4rbung<\/b>wei\u00df<\/li>\n<\/ul>\n<h4>\n\t\tLeicht zu installieren\n\t<\/h4>\n\t<ul>\n<li>Ausgestattet mit verstellbarer Kamerahalterung und Loch<\/li>\n<li>Sie sind dank der Profilnuten an der Vorder-, R\u00fcck- und Au\u00dfenseite sehr einfach zu installieren<\/li>\n<li>Sie k\u00f6nnen mit 24 V oder mit dem Din-Bar-Regler HCL-LEA-5000 betrieben werden, um einen h\u00f6heren Lichtstrom und eine bessere thermische Kontrolle der LEDs zu erreichen.<\/li>\n<li>Anschluss \u00fcber Standard-Industriesteckverbinder M12<\/li>\n<\/ul>\n\t\t\t\t<a href=\"https:\/\/vea.it\/wp-content\/uploads\/2020\/07\/hcl-lef-c-2.jpg\" target=\"_self\" itemprop=\"url\" rel=\"noopener\">\n\t\t\t\t<img decoding=\"async\" src=\"https:\/\/vea.it\/wp-content\/uploads\/2020\/07\/hcl-lef-c-2.jpg\" alt=\"Installation von LER-Beleuchtungen\" itemprop=\"image\" title=\"OLYMPUS-DIGITALKAMERA\" onerror=\"this.style.display='none'\"  \/>\n\t\t\t\t<\/a>\n\t\t\t\t<a href=\"https:\/\/vea.it\/wp-content\/uploads\/2020\/07\/hcl-lef-c-4-800.jpg\" target=\"_self\" itemprop=\"url\" rel=\"noopener\">\n\t\t\t\t<img decoding=\"async\" src=\"https:\/\/vea.it\/wp-content\/uploads\/2020\/07\/hcl-lef-c-4-800.jpg\" alt=\"LER-C\" itemprop=\"image\" title=\"hcl-lef-c 4 800\" onerror=\"this.style.display='none'\"  \/>\n\t\t\t\t<\/a>\n<h4>\n\t\tLichtgleichm\u00e4\u00dfigkeit und Lebensdauer von mehr als 50000 Stunden ohne wahrnehmbare Lichtabf\u00e4lle\n\t<\/h4>\n\t<ul>\n<li>Durch die besondere Gleichm\u00e4\u00dfigkeit des Lichts k\u00f6nnen sie in allen Situationen der direkten Beleuchtung von reflektierenden oder polierten Teilen, insbesondere bei Roboterf\u00fchrungen, erfolgreich eingesetzt werden.<\/li>\n<li>Das zentrale Loch ist mit einem speziellen Spiegelglanz versehen, der es erm\u00f6glicht, die gleiche Helligkeit der gesamten Oberfl\u00e4che in der N\u00e4he des Lochs beizubehalten.<\/li>\n<li>Die montierten LEDs sind auf 150% \u00fcberdimensioniert, um eine Lebensdauer von mehr als 50000 Stunden bei Helligkeitsabf\u00e4llen unter 5% gegen\u00fcber einem 40% in einer Standardkonfiguration zu gew\u00e4hrleisten.<\/li>\n<li>Delta-Heiztemperatur von nur 5\u00b0.<\/li>\n<\/ul>\n<h3>\n\t\tIndirektes diffuses Licht und Hintergrundbeleuchtung f\u00fcr die industrielle Bildverarbeitung, Beleuchtungen der Serie LER-C\n\t<\/h3>\n\t\t\t\t<a href=\"https:\/\/vea.it\/wp-content\/uploads\/2020\/07\/HCL-LER-C-N01-800Q.jpg\" target=\"_self\" itemprop=\"url\" rel=\"noopener\">\n\t\t\t\t<img decoding=\"async\" src=\"https:\/\/vea.it\/wp-content\/uploads\/2020\/07\/HCL-LER-C-N01-800Q.jpg\" alt=\"LER-Beleuchtungen\" itemprop=\"image\" title=\"HCL-LER-C-N01-800Q\" onerror=\"this.style.display='none'\"  \/>\n\t\t\t\t<\/a>\n<h4>\n\t\tHauptmerkmale\n\t<\/h4>\n\t<ul>\n<li><b>Hintergrundbeleuchtung <\/b>besonders homogen<b>\u00a0<\/b><\/li>\n<li><b>indirektes diffuses Licht<\/b><\/li>\n<li><b>Beleuchtungstechnik <\/b>: LED-SMD<\/li>\n<li><b>Technologie-Unterst\u00fctzung:<\/b> Aluminium-Profile<\/li>\n<li><b>Technologie der Licht\u00fcbertragung:<\/b> Mehrschichtpolymer mit hoher Diffusion<\/li>\n<li><b>Verschiedene Formen und Gr\u00f6\u00dfen<\/b>von 170 X 170 mm bis zu 1200 X 600 mm (weitere Gr\u00f6\u00dfen auf Anfrage).<\/li>\n<li><b>F\u00e4rbung<\/b>wei\u00df<\/li>\n<\/ul>\n<h4>\n\t\tLeicht zu installieren\n\t<\/h4>\n\t<ul>\n<li>Sie sind dank der Profilnuten an der Vorder-, R\u00fcck- und Au\u00dfenseite sehr einfach zu installieren<\/li>\n<li>Sie k\u00f6nnen mit 24 V oder mit dem Din-Bar-Regler HCL-LEA-5000 betrieben werden, um einen h\u00f6heren Lichtstrom und eine bessere thermische Kontrolle der LEDs zu erreichen.<\/li>\n<li>Anschluss \u00fcber Standard-Industriesteckverbinder M12<\/li>\n<\/ul>\n\t\t\t\t<a href=\"https:\/\/vea.it\/wp-content\/uploads\/2020\/07\/hcl-lef-c-conn1-800.jpg\" target=\"_self\" itemprop=\"url\" rel=\"noopener\">\n\t\t\t\t<img decoding=\"async\" src=\"https:\/\/vea.it\/wp-content\/uploads\/2020\/07\/hcl-lef-c-conn1-800.jpg\" alt=\"M8\/M12-Stecker\" itemprop=\"image\" title=\"hcl-lef-c-conn1-800\" onerror=\"this.style.display='none'\"  \/>\n\t\t\t\t<\/a>\n\t\t\t\t<a href=\"https:\/\/vea.it\/wp-content\/uploads\/2020\/07\/hcl-ler-c-2-800q.jpg\" target=\"_self\" itemprop=\"url\" rel=\"noopener\">\n\t\t\t\t<img decoding=\"async\" src=\"https:\/\/vea.it\/wp-content\/uploads\/2020\/07\/hcl-ler-c-2-800q.jpg\" alt=\"LER-C\" itemprop=\"image\" title=\"hcl-ler-c 2 800q\" onerror=\"this.style.display='none'\"  \/>\n\t\t\t\t<\/a>\n<h4>\n\t\tLichtgleichm\u00e4\u00dfigkeit und Lebensdauer von mehr als 50000 Stunden ohne wahrnehmbare Lichtabf\u00e4lle\n\t<\/h4>\n\t<ul>\n<li>Die besondere Lichtgleichm\u00e4\u00dfigkeit erlaubt es, sie sowohl als Hintergrundbeleuchtung als auch als indirekte Beleuchtung zu verwenden.<\/li>\n<li>Die montierten LEDs sind auf 150% \u00fcberdimensioniert, um eine Lebensdauer von mehr als 50000 Stunden bei Helligkeitsabf\u00e4llen unter 5% gegen\u00fcber einem 40% in einer Standardkonfiguration zu gew\u00e4hrleisten.<\/li>\n<li>Delta-Heiztemperatur von nur 5\u00b0.<\/li>\n<\/ul>\n\t\t\t<a href=\"https:\/\/vea.it\/illuminatori\/\" target=\"_self\" rel=\"noopener\">\n\t\t\t\t\t\t\tILLUMINATOREN\n\t\t\t\t\t<\/a>\n\t<p>Spezifikationen k\u00f6nnen ohne Vorank\u00fcndigung ge\u00e4ndert werden<\/p>","protected":false},"excerpt":{"rendered":"<p>Befestigung an Aluminium-Profilnut Industrieller Standard-M12-Stecker Lebensdauer \u00fcber 50000 Stunden ohne wahrnehmbare Lichteinbr\u00fcche DIREKTE BELEUCHTUNG UND REFLECTION F\u00dcR K\u00dcNSTLICHE VISION, LER-C UND LEF-C ILLUMINATOREN Jetzt direkt kaufen bei Die industriellen Beleuchtungen LER-C und LEF-C sind gro\u00df und sorgen f\u00fcr ein homogenes Licht \u00fcber ihre gesamte Fl\u00e4che. Integrierte Kameraunterst\u00fctzung und ...<\/p>\n<p class=\"read-more\"> <a class=\"ast-button\" href=\"https:\/\/vea.it\/de\/illuminators-lef-c-e-ler-c\/\"> <span class=\"screen-reader-text\">LEF-C und LER-C LICHTER<\/span> Lesen Sie mehr \"<\/a><\/p>","protected":false},"author":2,"featured_media":0,"parent":0,"menu_order":0,"comment_status":"closed","ping_status":"closed","template":"","meta":{"site-sidebar-layout":"no-sidebar","site-content-layout":"page-builder","ast-global-header-display":"","ast-main-header-display":"","ast-hfb-above-header-display":"","ast-hfb-below-header-display":"","ast-hfb-mobile-header-display":"","site-post-title":"disabled","ast-breadcrumbs-content":"","ast-featured-img":"disabled","footer-sml-layout":"","theme-transparent-header-meta":"default","adv-header-id-meta":"","stick-header-meta":"default","header-above-stick-meta":"","header-main-stick-meta":"","header-below-stick-meta":"","footnotes":""},"_links":{"self":[{"href":"https:\/\/vea.it\/de\/wp-json\/wp\/v2\/pages\/1697"}],"collection":[{"href":"https:\/\/vea.it\/de\/wp-json\/wp\/v2\/pages"}],"about":[{"href":"https:\/\/vea.it\/de\/wp-json\/wp\/v2\/types\/page"}],"author":[{"embeddable":true,"href":"https:\/\/vea.it\/de\/wp-json\/wp\/v2\/users\/2"}],"replies":[{"embeddable":true,"href":"https:\/\/vea.it\/de\/wp-json\/wp\/v2\/comments?post=1697"}],"version-history":[{"count":11,"href":"https:\/\/vea.it\/de\/wp-json\/wp\/v2\/pages\/1697\/revisions"}],"predecessor-version":[{"id":3611,"href":"https:\/\/vea.it\/de\/wp-json\/wp\/v2\/pages\/1697\/revisions\/3611"}],"wp:attachment":[{"href":"https:\/\/vea.it\/de\/wp-json\/wp\/v2\/media?parent=1697"}],"curies":[{"name":"wp","href":"https:\/\/api.w.org\/{rel}","templated":true}]}}