{"id":1562,"date":"2020-07-27T15:03:41","date_gmt":"2020-07-27T15:03:41","guid":{"rendered":"https:\/\/vea.it\/?page_id=1562"},"modified":"2021-06-25T14:18:07","modified_gmt":"2021-06-25T14:18:07","slug":"illuminatori-elettroluminescenti","status":"publish","type":"page","link":"https:\/\/vea.it\/de\/elektrolumineszenz-beleuchtungen\/","title":{"rendered":"ELEKTROLUMINESZENZ-BELEUCHTUNGEN"},"content":{"rendered":"<p>Schneidbar<\/p>\t\t\t\t\t\t\n\t\t\t\t\t\t\t<p>Flexibel<\/p>\t\t\t\t\t\t\n\t<h1>\n\t\tELEKTROLUMINESZENZ-BELEUCHTUNGEN F\u00dcR DIE INDUSTRIELLE BILDVERARBEITUNG\n\t<\/h1>\n<h2>\n\t\tEL: Die Elektrolumineszenz-Beleuchtung ist ideal f\u00fcr spezielle Bildverarbeitungsanwendungen, bei denen geringe Dicke, Flexibilit\u00e4t, Formbarkeit und diffuse, gleichm\u00e4\u00dfige Helligkeit erforderlich sind.\n\t<\/h2>\n\t<p>Elektrolumineszenzbeleuchtungen mit einem extrem hohen Diffusionsgrad. VEA\u00ae Elektrolumineszenz-Beleuchtungen haben eine bis zu 10-mal gleichm\u00e4\u00dfigere Ausleuchtung als LED-Hintergrundbeleuchtungen, und zwar an jedem Punkt.  Sie sind nur 0,3 mm dick, flexibel und schneidbar.<\/p>\n\t<p>DIFFUSED<\/p>\n\t\t\t\t<a href=\"https:\/\/vea.it\/wp-content\/uploads\/2020\/07\/el-mani-02-800-4-3.jpg\" target=\"_self\" itemprop=\"url\" rel=\"noopener\">\n\t\t\t\t<img decoding=\"async\" src=\"https:\/\/vea.it\/wp-content\/uploads\/2020\/07\/el-mani-02-800-4-3.jpg\" alt=\"el-mani-02-800-4-3\" itemprop=\"image\" title=\"el-mani-02-800-4-3\" onerror=\"this.style.display='none'\">\n\t\t\t\t<\/a>\n\t<p>WINKEL<\/p>\n\t\t\t\t<a href=\"https:\/\/vea.it\/wp-content\/uploads\/2020\/07\/el-mani-01-800-4-3.jpg\" target=\"_self\" itemprop=\"url\" rel=\"noopener\">\n\t\t\t\t<img decoding=\"async\" src=\"https:\/\/vea.it\/wp-content\/uploads\/2020\/07\/el-mani-01-800-4-3.jpg\" alt=\"el-mani-01-800-4-3\" itemprop=\"image\" title=\"el-mani-01-800-4-3\" onerror=\"this.style.display='none'\">\n\t\t\t\t<\/a>\n\t<p>BACKLIGHTING<\/p>\n\t\t\t\t<a href=\"https:\/\/vea.it\/wp-content\/uploads\/2020\/07\/el-retro-01-800-4-3.jpg\" target=\"_self\" itemprop=\"url\" rel=\"noopener\">\n\t\t\t\t<img decoding=\"async\" src=\"https:\/\/vea.it\/wp-content\/uploads\/2020\/07\/el-retro-01-800-4-3.jpg\" alt=\"el-retro-01-800-4-3\" itemprop=\"image\" title=\"el-retro-01-800-4-3\" onerror=\"this.style.display='none'\">\n\t\t\t\t<\/a>\n<h3>\n\t\tEL: eine spezielle Beleuchtungseinrichtung f\u00fcr die industrielle Bildverarbeitung\n\t<\/h3>\n\t\t\t\t<a href=\"https:\/\/vea.it\/wp-content\/uploads\/2020\/07\/el-gen-01-800.jpg\" target=\"_self\" itemprop=\"url\" rel=\"noopener\">\n\t\t\t\t<img decoding=\"async\" src=\"https:\/\/vea.it\/wp-content\/uploads\/2020\/07\/el-gen-01-800.jpg\" alt=\"el-gen-01-800\" itemprop=\"image\" title=\"el-gen-01-800\" onerror=\"this.style.display='none'\">\n\t\t\t\t<\/a>\n<h4>\n\t\tHauptmerkmale\n\t<\/h4>\n\t<ul>\n<li><b>Reduzierte Dicke<\/b>Sie werden als lumineszierende Kunststoffplatten von etwa 0,3 mm Dicke pr\u00e4sentiert.<\/li>\n<li><b>Sehr leicht<\/b>von 2 g<\/li>\n<li><b>Verschiedene Formen und Gr\u00f6\u00dfen<\/b>von 10 X 10 mm bis zu 300 X 210 mm (auch andere Gr\u00f6\u00dfen auf Anfrage).<\/li>\n<li><b>Starker Gebrauch<\/b>Resistent gegen Vibrationen \u00fcber 20 G.<\/li>\n<li><b>F\u00e4rbung<\/b>Cyan.<\/li>\n<\/ul>\n<h4>\n\t\tSchneidbar und verformbar\n\t<\/h4>\n\t<ul>\n<li>Sie k\u00f6nnen mit normalen Werkzeugen wie Scheren oder Cutter geschnitten werden, so dass sie sich ideal f\u00fcr kundenspezifische Anwendungen eignen.<\/li>\n<li>&nbsp;Die Elektrolumineszenzplatten lassen sich leicht falten.<\/li>\n<\/ul>\n\t\t\t\t<a href=\"https:\/\/vea.it\/wp-content\/uploads\/2020\/07\/el-taglio-01-800.jpg\" target=\"_self\" itemprop=\"url\" rel=\"noopener\">\n\t\t\t\t<img decoding=\"async\" src=\"https:\/\/vea.it\/wp-content\/uploads\/2020\/07\/el-taglio-01-800.jpg\" alt=\"el-schnitt-01-800\" itemprop=\"image\" title=\"el-schnitt-01-800\" onerror=\"this.style.display='none'\">\n\t\t\t\t<\/a>\n\t\t\t\t<a href=\"https:\/\/vea.it\/wp-content\/uploads\/2020\/07\/el-taglio-02-480q.jpg\" target=\"_self\" itemprop=\"url\" rel=\"noopener\">\n\t\t\t\t<img decoding=\"async\" src=\"https:\/\/vea.it\/wp-content\/uploads\/2020\/07\/el-taglio-02-480q.jpg\" alt=\"el-cut-02-480q\" itemprop=\"image\" title=\"el-cut-02-480q\" onerror=\"this.style.display='none'\">\n\t\t\t\t<\/a>\n<h4>\n\t\tLeuchtende Gleichm\u00e4\u00dfigkeit\n\t<\/h4>\n\t<p>Unabh\u00e4ngig davon, in welchem Bereich des Beleuchtungsger\u00e4ts und bei welchem Schneidevorgang Sie arbeiten, bleibt die Helligkeit konstant.<\/p>\n<p>VEA-Elektrolumineszenz-Beleuchtungen haben eine bis zu 10-mal h\u00f6here Lichtgleichm\u00e4\u00dfigkeit als LED-Hintergrundbeleuchtungen.<\/p>\n<h4>\n\t\tHelligkeit und Haltbarkeit\n\t<\/h4>\n\t<p>Die Lichtst\u00e4rke von Elektrolumineszenz-Leuchten liegt zwischen 150 und 1000 LUX.<\/p>\n<p>Die Dauer liegt zwischen 3000 und 14000 Stunden.<\/p>\n<p>Dauer und Helligkeit sind zwei umgekehrt proportionale Parameter, mehr Helligkeit bewirkt weniger Dauer und umgekehrt.<\/p>\n<p>Es ist m\u00f6glich, diese Parameter durch \u00c4nderung der Spannung der Netzteile zu variieren.<\/p>\n\t\t\t\t<a href=\"https:\/\/vea.it\/wp-content\/uploads\/2020\/07\/el-mani-13-800.jpg\" target=\"_self\" itemprop=\"url\" rel=\"noopener\">\n\t\t\t\t<img decoding=\"async\" src=\"https:\/\/vea.it\/wp-content\/uploads\/2020\/07\/el-mani-13-800.jpg\" alt=\"OLYMPUS-DIGITALKAMERA\" itemprop=\"image\" title=\"OLYMPUS-DIGITALKAMERA\" onerror=\"this.style.display='none'\">\n\t\t\t\t<\/a>\n\t\t\t\t<a href=\"https:\/\/vea.it\/wp-content\/uploads\/2020\/07\/el-mani-12-800.jpg\" target=\"_self\" itemprop=\"url\" rel=\"noopener\">\n\t\t\t\t<img decoding=\"async\" src=\"https:\/\/vea.it\/wp-content\/uploads\/2020\/07\/el-mani-12-800.jpg\" alt=\"el-mani-12-800\" itemprop=\"image\" title=\"el-mani-12-800\" onerror=\"this.style.display='none'\">\n\t\t\t\t<\/a>\n<h4>\n\t\tKonstante Verformung\n\t<\/h4>\n\t<p>Es ist m\u00f6glich, die Elektrolumineszenz-Folie zu verformen, indem man einige Punkte erzwingt und dabei eine gebogene plastische Form beibeh\u00e4lt.<\/p>\n<p>Dies macht sie ideal f\u00fcr die Schaffung und das Experimentieren mit neuen Beleuchtungsarten.<\/p>\n<h4>\n\t\tStromversorgungen Serie HCL-ELA\n\t<\/h4>\n\tDiese Stromversorgungen akzeptieren eine variable Eingangsspannung von 6 V bis 24 V.<br>\nSie haben die Schutzart IP67.\n<p>Verschiedene Modelle f\u00fcr Lampen mit einer Fl\u00e4che von 10 cm\u00b2 bis 2000 cm\u00b2.<\/p>\n<p>Eine \u00c4nderung der Versorgungsspannung ver\u00e4ndert die Helligkeit.<\/p>\n\t\t\t\t<a href=\"https:\/\/vea.it\/wp-content\/uploads\/2020\/07\/HCL-ELA-MISC-640.jpg\" target=\"_self\" itemprop=\"url\" rel=\"noopener\">\n\t\t\t\t<img decoding=\"async\" src=\"https:\/\/vea.it\/wp-content\/uploads\/2020\/07\/HCL-ELA-MISC-640.jpg\" alt=\"HCL-ELA-MISC-640\" itemprop=\"image\" title=\"HCL-ELA-MISC-640\" onerror=\"this.style.display='none'\">\n\t\t\t\t<\/a>\n<h3>\n\t\tBeispiele f\u00fcr industrielle oder spezielle Anwendungen\n\t<\/h3>\n\t\t\t\t<a href=\"https:\/\/vea.it\/wp-content\/uploads\/2020\/07\/el-app-01-800-4-3.jpg\" target=\"_self\" itemprop=\"url\" rel=\"noopener\">\n\t\t\t\t<img decoding=\"async\" src=\"https:\/\/vea.it\/wp-content\/uploads\/2020\/07\/el-app-01-800-4-3.jpg\" alt=\"Elektrolumineszenz-Beleuchtungseinrichtung zur Erkennung von lasermarkierten Zeichen auf einer Kreisfl\u00e4che\" itemprop=\"image\" onerror=\"this.style.display='none'\">\n\t\t\t\t<\/a>\n\t<p>Elektrolumineszenz-Beleuchtungseinrichtung zur Erkennung von lasermarkierten Zeichen auf einer Kreisfl\u00e4che<\/p>\n\t\t\t\t<a href=\"https:\/\/vea.it\/wp-content\/uploads\/2020\/07\/el-app-12-800-4-3.jpg\" target=\"_self\" itemprop=\"url\" rel=\"noopener\">\n\t\t\t\t<img decoding=\"async\" src=\"https:\/\/vea.it\/wp-content\/uploads\/2020\/07\/el-app-12-800-4-3.jpg\" alt=\"OLYMPUS-DIGITALKAMERA\" itemprop=\"image\" title=\"OLYMPUS-DIGITALKAMERA\" onerror=\"this.style.display='none'\">\n\t\t\t\t<\/a>\n\t<p>Elektrolumineszierender modularer Beleuchtungsk\u00f6rper<\/p>\n\t\t\t\t<a href=\"https:\/\/vea.it\/wp-content\/uploads\/2020\/07\/el-app-02-640-4-3.jpg\" target=\"_self\" itemprop=\"url\" rel=\"noopener\">\n\t\t\t\t<img decoding=\"async\" loading=\"lazy\" src=\"https:\/\/vea.it\/wp-content\/uploads\/2020\/07\/el-app-02-640-4-3.jpg\" alt=\"el-app-02-640-4-3\" itemprop=\"image\" height=\"480\" width=\"640\" title=\"el-app-02-640-4-3\" onerror=\"this.style.display='none'\">\n\t\t\t\t<\/a>\n\t<p>Lasermarkierter Zeichenerkennungsschirm auf kreisf\u00f6rmiger Oberfl\u00e4che<\/p>\n\t\t\t\t<a href=\"https:\/\/vea.it\/wp-content\/uploads\/2020\/07\/el-app-11-800-4-3.jpg\" target=\"_self\" itemprop=\"url\" rel=\"noopener\">\n\t\t\t\t<img decoding=\"async\" src=\"https:\/\/vea.it\/wp-content\/uploads\/2020\/07\/el-app-11-800-4-3.jpg\" alt=\"OLYMPUS-DIGITALKAMERA\" itemprop=\"image\" title=\"OLYMPUS-DIGITALKAMERA\" onerror=\"this.style.display='none'\">\n\t\t\t\t<\/a>\n\t<p>Elektrolumineszierender modularer Beleuchtungsk\u00f6rper<\/p>\n\t<p>Elektrolumineszenz-Beleuchtungen haben sich f\u00fcr bestimmte Bildverarbeitungsanwendungen bew\u00e4hrt, die besonders komplex und mit anderen Technologien nur schwer zu realisieren sind. Mit einer Dicke von nur 0,3 mm lassen sich die elektrolumineszenten Beleuchtungen auf kleinstem Raum an Ger\u00e4ten und Maschinen anbringen - weniger als 1 mm ist ausreichend. Die Verformbarkeit von Elektrolumineszenzleuchten erm\u00f6glicht eine gleichm\u00e4\u00dfige Ausleuchtung von runden und spiegelnden Objekten. Die Elektrolumineszenz-Leuchten k\u00f6nnen beliebig montiert und geformt werden, so dass Sandwiches von Leuchten entstehen, die, wenn sie nacheinander leuchten, auf nur wenigen Millimetern Dicke unverwechselbare Lichteffekte erzeugen.<\/p>\n\t\t\t<a href=\"https:\/\/vea.it\/illuminatori\/\" target=\"_self\" role=\"button\" rel=\"noopener\">\n\t\t\t\t\t\t\tILLUMINATOREN\n\t\t\t\t\t<\/a>\n\t<p>Spezifikationen k\u00f6nnen ohne Vorank\u00fcndigung ge\u00e4ndert werden<\/p>","protected":false},"excerpt":{"rendered":"<p>ELECTROLUMINESCENT-BELEUCHTUNGEN F\u00dcR DIE MRI-VISION EL: Elektrolumineszenz-Beleuchtung ist ideal f\u00fcr spezielle Anwendungen der maschinellen Bildverarbeitung, bei denen eine geringere Dicke, Flexibilit\u00e4t, Formbarkeit und diffuse, gleichm\u00e4\u00dfige Helligkeit erforderlich sind Elektrolumineszenz-Beleuchtungen mit sehr hoher Streuung. VEA\u00ae Elektrolumineszenz-Leuchtmittel haben eine gleichm\u00e4\u00dfige Ausleuchtung ohne K\u00f6rnigkeit und eine bis zu 10-mal h\u00f6here Leuchtdichte als andere Elektrolumineszenz-Leuchtmittel.<\/p>\n<p class=\"read-more\"> <a class=\"ast-button\" href=\"https:\/\/vea.it\/de\/elektrolumineszenz-beleuchtungen\/\"> <span class=\"screen-reader-text\">ELEKTROLUMINESZENZ-BELEUCHTUNGEN<\/span> Lesen Sie mehr \"<\/a><\/p>","protected":false},"author":2,"featured_media":0,"parent":0,"menu_order":0,"comment_status":"closed","ping_status":"closed","template":"","meta":{"site-sidebar-layout":"no-sidebar","site-content-layout":"page-builder","ast-global-header-display":"","ast-main-header-display":"","ast-hfb-above-header-display":"","ast-hfb-below-header-display":"","ast-hfb-mobile-header-display":"","site-post-title":"disabled","ast-breadcrumbs-content":"","ast-featured-img":"disabled","footer-sml-layout":"","theme-transparent-header-meta":"default","adv-header-id-meta":"","stick-header-meta":"default","header-above-stick-meta":"","header-main-stick-meta":"","header-below-stick-meta":"","footnotes":""},"_links":{"self":[{"href":"https:\/\/vea.it\/de\/wp-json\/wp\/v2\/pages\/1562"}],"collection":[{"href":"https:\/\/vea.it\/de\/wp-json\/wp\/v2\/pages"}],"about":[{"href":"https:\/\/vea.it\/de\/wp-json\/wp\/v2\/types\/page"}],"author":[{"embeddable":true,"href":"https:\/\/vea.it\/de\/wp-json\/wp\/v2\/users\/2"}],"replies":[{"embeddable":true,"href":"https:\/\/vea.it\/de\/wp-json\/wp\/v2\/comments?post=1562"}],"version-history":[{"count":2,"href":"https:\/\/vea.it\/de\/wp-json\/wp\/v2\/pages\/1562\/revisions"}],"predecessor-version":[{"id":3194,"href":"https:\/\/vea.it\/de\/wp-json\/wp\/v2\/pages\/1562\/revisions\/3194"}],"wp:attachment":[{"href":"https:\/\/vea.it\/de\/wp-json\/wp\/v2\/media?parent=1562"}],"curies":[{"name":"wp","href":"https:\/\/api.w.org\/{rel}","templated":true}]}}