{"id":1242,"date":"2020-02-05T10:29:24","date_gmt":"2020-02-05T10:29:24","guid":{"rendered":"https:\/\/vea.it\/?page_id=1242"},"modified":"2025-03-20T15:28:04","modified_gmt":"2025-03-20T15:28:04","slug":"ottiche","status":"publish","type":"page","link":"https:\/\/vea.it\/de\/optik\/","title":{"rendered":"Optik"},"content":{"rendered":"<h1>\n\t\tTELEZENTRISCHE OPTIK UND C-TEILUNG\n\t<\/h1>\n\t<h2><a href=\"https:\/\/www.atelpi.com\/categories\/lens\/\" target=\"_blank\" rel=\"noopener\">Jetzt direkt kaufen bei\u00a0<\/a> <a href=\"https:\/\/atelpi.com\/\" target=\"_blank\" rel=\"noopener\"><img decoding=\"async\" loading=\"lazy\" src=\"https:\/\/vea.it\/wp-content\/uploads\/2025\/02\/logo-atelpi-su-bianco-mask-200x54-1.png\" alt=\"atelpi.com\" width=\"200\" height=\"54\" \/><\/a><\/h2>\n<h2>\n\t\tFEST- UND BI-TELZENTRISCHE OPTIK\n\t<\/h2>\n\t\t\t\t<img decoding=\"async\" src=\"https:\/\/vea.it\/wp-content\/uploads\/2020\/01\/micrometri_lenti_2.jpg\" alt=\"Vision-Systeme\" itemprop=\"image\" title=\"Mikrometer_Linsen_2\" onerror=\"this.style.display='none'\"  \/>\n\t<h4>TELEZENTRISCHE UND BI-TELEZENTRISCHE OPTIKEN<\/h4>\n<p>VEA fertigt und vertreibt telezentrische und bi-telezentrische Optiken von h\u00f6chster Pr\u00e4zision.<\/p>\n<p>VEA w\u00e4hlt seit Jahren die besten telezentrischen Optiken f\u00fcr seine optischen Mikrometer aus, was es uns erm\u00f6glicht, eine Reihe von telezentrischen und bi-telezentrischen Optiken von <strong>mehr als 1400 Modelle<\/strong> speziell f\u00fcr Fachleute ausgew\u00e4hlt.<\/p>\n<p>Rufen Sie uns an, unsere Techniker stehen bereit, um Ihnen das f\u00fcr Ihre Bed\u00fcrfnisse am besten geeignete Produkt zu liefern.<\/p>\n<strong>Grundlegende Merkmale:<br \/>\n<\/strong>kompakte optische Konstruktion: etwa 20% weniger lang f\u00fcr das gleiche Sichtfeld als viele telezentrische Optiken auf dem Markt.<strong><br \/>\n<\/strong>Sichtfeld:\u00a0 <strong>\u00a010 bis 300 mm Durchmesser<\/strong><br \/>\nSensoren:\u00a0 <strong>1\/2,5\u2033 bis 59 mm<\/strong><br \/>\nMontage:\u00a0 <strong>\"C, M42, M48, M58, M72<\/strong>\n\t<h4>Besondere Merkmale der telezentrischen VEA-Optik<\/h4>\n<p>VEA telezentrische Optiken geh\u00f6ren zu den wenigen auf dem Markt, die in <strong>5 Varianten f\u00fcr jedes optische Format:<\/strong><\/p>\n<ol>\n<li><strong>STD<\/strong>Standard-Optik<\/li>\n<li><strong>HP<\/strong>Hohe Pr\u00e4zision, bessere Genauigkeit und weniger optische Verzerrungen an jedem Punkt des Bildes<\/li>\n<li><strong>HDF<\/strong>Hohe Feldtiefe, optimal f\u00fcr die Steuerung sehr dicker Objekte \u00fcber ihre gesamte L\u00e4nge, wie z. B. Rotoren oder Statoren von Elektromotoren (urspr\u00fcnglich f\u00fcr die Steuerung von Motoren f\u00fcr <a href=\"https:\/\/www.tesla.com\/\" target=\"_blank\" rel=\"noopener\">Tesla<\/a>)<\/li>\n<li><strong>LDF<\/strong>Low Deep of Field, eine spezielle Optik, die es erm\u00f6glicht, gleichm\u00e4\u00dfige Innendurchmesser in verschiedenen H\u00f6hen zu messen, indem sie alles oberhalb und unterhalb der Fokusebene unscharf macht und \"aufweitet\".<\/li>\n<li><strong>CMP<\/strong>kompakt f\u00fcr quadratische oder kreisf\u00f6rmige Felder 30% k\u00fcrzer<\/li>\n<\/ol>\n\t\t\t\t<img decoding=\"async\" src=\"https:\/\/vea.it\/wp-content\/uploads\/2020\/01\/micrometri_lenti_1.jpg\" alt=\"Optische Gruppen\" itemprop=\"image\" title=\"Mikrometer_Linsen_1\" onerror=\"this.style.display='none'\"  \/>\n\t\t\t\t<img decoding=\"async\" loading=\"lazy\" src=\"https:\/\/vea.it\/wp-content\/uploads\/2020\/04\/05v.jpg\" alt=\"optisches Mikrometer in einer CheckBox\" itemprop=\"image\" height=\"720\" width=\"720\" title=\"05v\" onerror=\"this.style.display='none'\"  \/>\n\t<h4>Verstellbare Halterungen f\u00fcr telezentrische Optiken<\/h4>\n<p>Mit den Haltern der HAO-SMT-Serie kann jede Achse der telezentrischen Optik mikrometrisch eingestellt werden, um sie perfekt auf das Werkst\u00fcck auszurichten.<\/p>\n<p>Viele HAO-SMT Halter k\u00f6nnen mit telezentrischen Optiken beliebiger Hersteller verwendet werden.<\/p>\n\t<h4>Ausrichtger\u00e4te oder Kalibratoren f\u00fcr telezentrische Optiken.<\/h4>\n<p>Die Ausrichtger\u00e4te der HAO-GBT-Serie erm\u00f6glichen eine pr\u00e4zise Kalibrierung der telezentrischen Optik.<\/p>\n<p>HAO-GBT-Kalibratoren haben eine sehr hohe Konstruktionsgenauigkeit und sind f\u00fcr die Kalibrierung von mikrometrischen Systemen geeignet.<\/p>\n<p>Mit HAO-GBT-Kalibratoren k\u00f6nnen telezentrische Optiken im Raum ausgerichtet und die Fokuszone zentriert werden.<\/p>\n<p>Die nebenstehende Abbildung zeigt den HAO-GBT-44-Kalibrator (in einem 44-mm-W\u00fcrfel)<\/p>\n<p>Alle Kalibratoren werden in sto\u00dffesten, druckfesten Schutzkoffern verkauft.<\/p>\n\t\t\t\t<img decoding=\"async\" loading=\"lazy\" src=\"https:\/\/vea.it\/wp-content\/uploads\/2022\/09\/cad-HAO-GBT-44.png\" alt=\"KALIBRATOR F\u00dcR TELEZENTRISCHE OPTIKEN\" itemprop=\"image\" height=\"602\" width=\"529\" title=\"cad-HAO-GBT-44\" onerror=\"this.style.display='none'\"  \/>\n\t\t\t\t<img decoding=\"async\" loading=\"lazy\" src=\"https:\/\/vea.it\/wp-content\/uploads\/2022\/09\/HF-6MP-photo.jpg\" alt=\"6 MPixel-Optik\" itemprop=\"image\" height=\"277\" width=\"409\" title=\"HF-6MP-Foto\" onerror=\"this.style.display='none'\"  \/>\n\t\t6 MPixel-Optik\n\t\t\t\t<img decoding=\"async\" loading=\"lazy\" src=\"https:\/\/vea.it\/wp-content\/uploads\/2022\/09\/HF-10MP-photo.jpg\" alt=\"12-MPixel-Optik\" itemprop=\"image\" height=\"236\" width=\"309\" title=\"HF-10MP-Foto\" onerror=\"this.style.display='none'\"  \/>\n\t\t12-MPixel-Optik\n\t\t\t\t<img decoding=\"async\" loading=\"lazy\" src=\"https:\/\/vea.it\/wp-content\/uploads\/2022\/09\/KF-25MP-photo.jpg\" alt=\"25-Mpixel-Optik\" itemprop=\"image\" height=\"150\" width=\"296\" title=\"KF-25MP-Foto\" onerror=\"this.style.display='none'\"  \/>\n\t\t25-Mpixel-Optik\n\t<h2>C\"-Raster-Optik bereit zur Auslieferung<\/h2>\nVEA hat diese Objektivserie aus den Objektiven mit dem besten Preis-Leistungs-Verh\u00e4ltnis auf dem Markt ausgew\u00e4hlt.<br \/>\n<strong>UNGEBRANDETE VERSION F\u00dcR ERG\u00c4NZUNGEN ERH\u00c4LTLICH<\/strong>\n<h3><strong>LIEFERUNG DER LINSEN IN 2 TAGEN<\/strong><\/h3>\nMerkmale:<br \/>\nVielfalt der Modelle <strong>kompatibel mit Sensoren bis zu 1,2\u2033<\/strong><br \/>\nFestbrennweiten - 6, 8, 12, 16, 25, 35, 50 und 75 mm und <strong>neue Brennweiten 30 und 40 mm<\/strong><br \/>\nEntwickelt f\u00fcr hochaufl\u00f6sende Kameras bis zu <strong>25 Mpixel<\/strong><br \/>\nVibrationsfestigkeit bis zu 5G\n<p><a href=\"#doc\"><strong><em>DEN NEUEN KATALOG HERUNTERLADEN<\/em><\/strong><\/a><\/p>\n<p>Wir haben auch andere Optiken au\u00dferhalb des Katalogs auf Anfrage verf\u00fcgbar, bitte rufen Sie uns an, wir stehen Ihnen gerne zur Verf\u00fcgung.<\/p>\n<h2>\n\t\t<\/h2><h2 id=\"doc\">DOWNLOAD\n\t<\/h2>\n\t<h4>ACHTUNG: Zur Zeit funktioniert der Download nur bei Auswahl der italienischen Sprache.<\/h4>\n\t\t\t\t\t\t\t\t<a href=\"#\" id=\"fl-tabs--label-0\" data-index=\"0\" aria-selected=\"true\" aria-controls=\"fl-tabs--panel-0\" aria-expanded=\"true\" role=\"tab\" tabindex=\"0\">\t\t\t\tKATALOGE\t\t\t\t<\/a>\n\t\t\t\t\t\t\t\t<a href=\"#\" id=\"fl-tabs--label-1\" data-index=\"1\" aria-selected=\"false\" aria-controls=\"fl-tabs--panel-1\" aria-expanded=\"false\" role=\"tab\" tabindex=\"0\">\t\t\t\tDOKUMENTATION\t\t\t\t<\/a>\n\t\t\t\t\t\tKATALOGE\n\t\t\t\t\t\t\t\t\t\t\t<p>Das Suffix gibt die Sprache des Dokuments an.<\/p>\n<p>\t\t\t\t<div class=\"email_download_link\">\r\n\t\t\t\t\t\t<form action=\"#\" method=\"post\" class=\"ed_form\" id=\"ed_form_1778974872\" data-no-translation=\"\" data-no-auto-translation=\"\" data-trp-original-action=\"#\">\r\n\t\t\t\t<p><span class=\"name\">Name *<\/span><br><input type=\"text\" name=\"name\" id=\"name\" placeholder=\"Name\" value=\"\" maxlength=\"50\" required><\/p>\t\t\t\t<p><span class=\"email\">Email *<\/span><br><input class=\"\" type=\"email\" id=\"email\" name=\"email\" value=\"\" placeholder=\"Email *\"  maxlength=\"225\" required><\/p>\t\t\t\t\t\t\t\t<p><span class=\"email\">Downloads *<\/span><br><select name=\"group\" id=\"group\" required><option value=\"\">Select<\/option><option value=\"axgehf-ieaspm-pfskce-gkodil-tmdnwf\">Catalogo ottiche<\/option><\/select><\/p>\t\t\t\t\t\t\t\t\t\t\t\t<br \/>\r\n\t\t\t\t<input name=\"submit\" class=\"submit\" id=\"ed_form_submit_1778974872\" value=\"Send Download Link\" type=\"submit\" \/>\r\n\t\t\t\t<span class=\"ed_form_spinner\" id=\"loading-image\" style=\"display:none;\">\r\n\t\t\t\t\t<img src=\"https:\/\/vea.it\/wp-content\/plugins\/email-download-link\/images\/ajax-loader.gif\" \/>\r\n\t\t\t\t<\/span>\r\n\t\t\t\t<input name=\"guid\" id=\"guid\" value=\"group-option\" type=\"hidden\"\/>\r\n\t\t\t\t<input type=\"text\" style=\"display:none;\" id=\"email_name\" name=\"email_name\" value=\"\"\/>\r\n\t\t\t\t<input name=\"form_nonce\" id=\"form_nonce\" value=\"40065bab33\" type=\"hidden\"\/>\r\n\t\t\t\t<input name=\"name_mand\" id=\"name_mand\" value=\"YES\" type=\"hidden\"\/>\r\n\t\t\t\t<input name=\"gdpr_mand\" id=\"gdpr_mand\" value=\"NO\" type=\"hidden\"\/>\r\n\t\t\t\t<input name=\"phone_mand\" id=\"phone_mand\" value=\"\" type=\"hidden\"\/>\r\n\t\t\t<input type=\"hidden\" name=\"trp-form-language\" value=\"de\"\/><\/form>\t\r\n\t\t\t<span class=\"ed_form_message\" id=\"ed_form_message_1778974872\"><\/span>\r\n\t\t<\/div>\r\n\t mit der Bitte um diesen Link erm\u00e4chtige ich VEA s.r.l. zur Aufbewahrung der Post<\/p>\n\t\t\t\t\t\tDOKUMENTATION\n\t\t\t\t\t\t\t\t\t\t\t<p>Das Suffix gibt die Sprache des Dokuments an.<\/p>\n<p>\t\t\t\t<div class=\"email_download_link\">\r\n\t\t\t\t\t\t<form action=\"#\" method=\"post\" class=\"ed_form\" id=\"ed_form_1778974872\" data-no-translation=\"\" data-no-auto-translation=\"\" data-trp-original-action=\"#\">\r\n\t\t\t\t<p><span class=\"name\">Name *<\/span><br><input type=\"text\" name=\"name\" id=\"name\" placeholder=\"Name\" value=\"\" maxlength=\"50\" required><\/p>\t\t\t\t<p><span class=\"email\">Email *<\/span><br><input class=\"\" type=\"email\" id=\"email\" name=\"email\" value=\"\" placeholder=\"Email *\"  maxlength=\"225\" required><\/p>\t\t\t\t\t\t\t\t<p><span class=\"email\">Downloads *<\/span><br><select name=\"group\" id=\"group\" required><option value=\"\">Select<\/option><\/select><\/p>\t\t\t\t\t\t\t\t\t\t\t\t<br \/>\r\n\t\t\t\t<input name=\"submit\" class=\"submit\" id=\"ed_form_submit_1778974872\" value=\"Send Download Link\" type=\"submit\" \/>\r\n\t\t\t\t<span class=\"ed_form_spinner\" id=\"loading-image\" style=\"display:none;\">\r\n\t\t\t\t\t<img src=\"https:\/\/vea.it\/wp-content\/plugins\/email-download-link\/images\/ajax-loader.gif\" \/>\r\n\t\t\t\t<\/span>\r\n\t\t\t\t<input name=\"guid\" id=\"guid\" value=\"group-option\" type=\"hidden\"\/>\r\n\t\t\t\t<input type=\"text\" style=\"display:none;\" id=\"email_name\" name=\"email_name\" value=\"\"\/>\r\n\t\t\t\t<input name=\"form_nonce\" id=\"form_nonce\" value=\"40065bab33\" type=\"hidden\"\/>\r\n\t\t\t\t<input name=\"name_mand\" id=\"name_mand\" value=\"YES\" type=\"hidden\"\/>\r\n\t\t\t\t<input name=\"gdpr_mand\" id=\"gdpr_mand\" value=\"NO\" type=\"hidden\"\/>\r\n\t\t\t\t<input name=\"phone_mand\" id=\"phone_mand\" value=\"\" type=\"hidden\"\/>\r\n\t\t\t<input type=\"hidden\" name=\"trp-form-language\" value=\"de\"\/><\/form>\t\r\n\t\t\t<span class=\"ed_form_message\" id=\"ed_form_message_1778974872\"><\/span>\r\n\t\t<\/div>\r\n\t mit der Bitte um diesen Link erm\u00e4chtige ich VEA s.r.l. zur Aufbewahrung der Post<\/p>\n\t\t\t<a href=\"contatti\" target=\"_self\" rel=\"noopener\">\n\t\t\t\t\t\t\tSEHENSRAT\n\t\t\t\t\t<\/a>\n\t\t\t<a href=\"https:\/\/vea.it\/micrometri\/\" target=\"_self\" rel=\"noopener\">\n\t\t\t\t\t\tMIKROMETER\n\t\t\t\t\t<\/a>\n\t\t\t<a href=\"https:\/\/vea.it\/illuminatori\/\" target=\"_self\" rel=\"noopener\">\n\t\t\t\t\t\t\tILLUMINATOREN\n\t\t\t<\/a>\n\t<p>Spezifikationen k\u00f6nnen ohne Vorank\u00fcndigung ge\u00e4ndert werden<\/p>","protected":false},"excerpt":{"rendered":"<p>TELECENTRIC AND \"C\" PITCH OPTICS Kaufen Sie jetzt direkt auf FIXED AND BI-TELECENTRIC OPTICS TELECENTRIC AND BI-TELECENTRIC OPTICS VEA fertigt und vertreibt telezentrische und bi-telezentrische Optiken von h\u00f6chster Pr\u00e4zision. VEA w\u00e4hlt seit vielen Jahren die besten telezentrischen Optiken f\u00fcr seine optischen Mikrometer aus, was es uns erm\u00f6glicht, eine Reihe von telezentrischen und bi-telezentrischen Optiken mehr ...<\/p>\n<p class=\"read-more\"> <a class=\"ast-button\" href=\"https:\/\/vea.it\/de\/optik\/\"> <span class=\"screen-reader-text\">Optik<\/span> Lesen Sie mehr \"<\/a><\/p>","protected":false},"author":2,"featured_media":0,"parent":0,"menu_order":0,"comment_status":"closed","ping_status":"closed","template":"","meta":{"site-sidebar-layout":"no-sidebar","site-content-layout":"page-builder","ast-global-header-display":"","ast-main-header-display":"","ast-hfb-above-header-display":"","ast-hfb-below-header-display":"","ast-hfb-mobile-header-display":"","site-post-title":"disabled","ast-breadcrumbs-content":"","ast-featured-img":"disabled","footer-sml-layout":"","theme-transparent-header-meta":"default","adv-header-id-meta":"","stick-header-meta":"default","header-above-stick-meta":"","header-main-stick-meta":"","header-below-stick-meta":"","footnotes":""},"_links":{"self":[{"href":"https:\/\/vea.it\/de\/wp-json\/wp\/v2\/pages\/1242"}],"collection":[{"href":"https:\/\/vea.it\/de\/wp-json\/wp\/v2\/pages"}],"about":[{"href":"https:\/\/vea.it\/de\/wp-json\/wp\/v2\/types\/page"}],"author":[{"embeddable":true,"href":"https:\/\/vea.it\/de\/wp-json\/wp\/v2\/users\/2"}],"replies":[{"embeddable":true,"href":"https:\/\/vea.it\/de\/wp-json\/wp\/v2\/comments?post=1242"}],"version-history":[{"count":16,"href":"https:\/\/vea.it\/de\/wp-json\/wp\/v2\/pages\/1242\/revisions"}],"predecessor-version":[{"id":3654,"href":"https:\/\/vea.it\/de\/wp-json\/wp\/v2\/pages\/1242\/revisions\/3654"}],"wp:attachment":[{"href":"https:\/\/vea.it\/de\/wp-json\/wp\/v2\/media?parent=1242"}],"curies":[{"name":"wp","href":"https:\/\/api.w.org\/{rel}","templated":true}]}}