{"id":1213,"date":"2020-01-26T16:42:49","date_gmt":"2020-01-26T16:42:49","guid":{"rendered":"https:\/\/vea.it\/?page_id=1213"},"modified":"2022-10-21T13:12:51","modified_gmt":"2022-10-21T13:12:51","slug":"illuminatori-per-sistemi-di-visione","status":"publish","type":"page","link":"https:\/\/vea.it\/de\/illuminatoren\/","title":{"rendered":"Beleuchter"},"content":{"rendered":"<p>Direkt<\/p>\n\t\t\t\t<img decoding=\"async\" loading=\"lazy\" src=\"https:\/\/vea.it\/wp-content\/uploads\/2020\/07\/ico-ill-direct1.jpg\" alt=\"direktes Licht\" itemprop=\"image\" height=\"168\" width=\"250\" title=\"ico-ill-direkt1\" onerror=\"this.style.display='none'\"  \/>\n\t\t\t<a href=\"https:\/\/vea.it\/illuminatori-lec-c\/\" target=\"_self\" role=\"button\" rel=\"noopener\">\n\t\t\t\t\t\tModularer LEC-C\n\t\t\t\t\t<\/a>\n\t\t\t<a href=\"https:\/\/vea.it\/illuminatori-lef-c-e-ler-c\/\" target=\"_self\" role=\"button\" rel=\"noopener\">\n\t\t\t\t\t\tLEF-C gro\u00df\n\t\t\t\t\t<\/a>\n\t\t\t<a href=\"\" target=\"_self\" role=\"button\" rel=\"noopener\">\n\t\t\t\t\t\tLEC-80 entfernt\n\t\t\t\t\t<\/a>\n\t<p>Angewinkelt<\/p>\n\t\t\t\t<img decoding=\"async\" loading=\"lazy\" src=\"https:\/\/vea.it\/wp-content\/uploads\/2020\/07\/ico-ill-low-angle1.jpg\" alt=\"Flachwinkellicht\" itemprop=\"image\" height=\"168\" width=\"250\" title=\"ico-ill-niedriger-Winkel1\" onerror=\"this.style.display='none'\"  \/>\n\t\t\t<a href=\"https:\/\/vea.it\/illuminatori-lec-c\/\" target=\"_self\" role=\"button\" rel=\"noopener\">\n\t\t\t\t\t\tModularer LEC-C\n\t\t\t\t\t<\/a>\n\t\t\t<a href=\"https:\/\/vea.it\/illuminatori-lineari-per-sistemi-di-visione\/\" target=\"_self\" role=\"button\" rel=\"noopener\">\n\t\t\t\t\t\tUEG linear\n\t\t\t\t\t<\/a>\n\t\t\t<a href=\"\" target=\"_self\" role=\"button\" rel=\"noopener\">\n\t\t\t\t\t\tLER-S speziell\n\t\t\t\t\t<\/a>\n\t<p>Spot<\/p>\n\t\t\t\t<img decoding=\"async\" loading=\"lazy\" src=\"https:\/\/vea.it\/wp-content\/uploads\/2020\/07\/ico-ill-spot1.jpg\" alt=\"direktes Punktlicht\" itemprop=\"image\" height=\"168\" width=\"250\" title=\"ico-ill-spot1\" onerror=\"this.style.display='none'\"  \/>\n\t\t\t<a href=\"https:\/\/vea.it\/illuminatori-lineari-per-sistemi-di-visione\/\" target=\"_self\" role=\"button\" rel=\"noopener\">\n\t\t\t\t\t\tUEG linear\n\t\t\t\t\t<\/a>\n\t\t\t<a href=\"\" target=\"_self\" role=\"button\" rel=\"noopener\">\n\t\t\t\t\t\tLEF-Spot\n\t\t\t\t\t<\/a>\n\t\t\t<a href=\"\" target=\"_self\" role=\"button\" rel=\"noopener\">\n\t\t\t\t\t\tLEM-Marker\n\t\t\t\t\t<\/a>\n\t\t\t<a href=\"\" target=\"_self\" role=\"button\" rel=\"noopener\">\n\t\t\t\t\t\tLER-S speziell\n\t\t\t\t\t<\/a>\n\t<p>Kuppel<\/p>\n\t\t\t\t<img decoding=\"async\" loading=\"lazy\" src=\"https:\/\/vea.it\/wp-content\/uploads\/2020\/07\/ico-ill-dome1.jpg\" alt=\"Kuppel Streulicht\" itemprop=\"image\" height=\"168\" width=\"250\" title=\"ico-ill-dome1\" onerror=\"this.style.display='none'\"  \/>\n\t\t\t<a href=\"https:\/\/vea.it\/illuminatori-lec-c\/\" target=\"_self\" role=\"button\" rel=\"noopener\">\n\t\t\t\t\t\tModularer LEC-C\n\t\t\t\t\t<\/a>\n\t\t\t<a href=\"https:\/\/vea.it\/illuminatori-elettroluminescenti\/\" target=\"_self\" role=\"button\" rel=\"noopener\">\n\t\t\t\t\t\tEL Elektrolum.\n\t\t\t\t\t<\/a>\n\t<p>Hintergrundbeleuchtung<\/p>\n\t\t\t\t<img decoding=\"async\" loading=\"lazy\" src=\"https:\/\/vea.it\/wp-content\/uploads\/2020\/07\/ico-ill-retro1.jpg\" alt=\"Hintergrundbeleuchtung\" itemprop=\"image\" height=\"168\" width=\"250\" title=\"ico-ill-retro1\" onerror=\"this.style.display='none'\"  \/>\n\t\t\t<a href=\"https:\/\/vea.it\/illuminatori-elettroluminescenti\/\" target=\"_self\" role=\"button\" rel=\"noopener\">\n\t\t\t\t\t\tEL Elektrolum.\n\t\t\t\t\t<\/a>\n\t\t\t<a href=\"https:\/\/vea.it\/illuminatori-lef-c-e-ler-c\/\" target=\"_self\" role=\"button\" rel=\"noopener\">\n\t\t\t\t\t\tLER-C gro\u00df\n\t\t\t\t\t<\/a>\n\t\t\t<a href=\"\" target=\"_self\" role=\"button\" rel=\"noopener\">\n\t\t\t\t\t\tLER-S speziell\n\t\t\t\t\t<\/a>\n\t\t\t<a href=\"\" target=\"_self\" role=\"button\" rel=\"noopener\">\n\t\t\t\t\t\tTelezentrisches LEP\n\t\t\t\t\t<\/a>\n<h1>\n\t\tBELEUCHTUNGEN F\u00dcR DIE INDUSTRIELLE BILDVERARBEITUNG\n\t<\/h1>\n<h3>\n\t\tModularit\u00e4t, Funktionalit\u00e4t und Technologie waren schon immer ein Vorrecht der VEA-Beleuchtungen.\n\t<\/h3>\n\tVEA-Beleuchtungen werden mit der Erfahrung von jemandem entwickelt und hergestellt, der seit mehr als 25 Jahren Bildverarbeitungssysteme integriert.<br \/>\nWir sind mit den Problemen der Beleuchtung in der Bildverarbeitung bestens vertraut und kennen die Vorteile einer geeigneten und funktionellen Beleuchtung.\nDie LEF-C Beleuchtungen sind ideal f\u00fcr Anwendungen in der Roboterf\u00fchrung, da sie bereits einen Kameraaufsatz enthalten und dank der geschlitzten Profile leicht an jeder Halterung befestigt werden k\u00f6nnen.<br \/>\nDie Verwendung ausgew\u00e4hlter, unterdimensionierter LEDs erm\u00f6glicht eine Lebensdauer von mehr als 10 Jahren ohne Helligkeitsverlust.\nDie LEC-C-Serie erm\u00f6glicht dank ihrer Modularit\u00e4t die L\u00f6sung zahlreicher Bildverarbeitungsprobleme bei Bildverarbeitungssensoren, intelligenten Kameras und Bildverarbeitungssystemen.<br \/>\nIn dieser Serie kommen die neuesten Materialien und Technologien zum Einsatz.<br \/>\nDie Verwendung von Graphen verbessert die W\u00e4rmeleitung der Beleuchtungen, macht sie leicht und entspricht den aktuellen ISO-Richtlinien f\u00fcr Industrieanlagen.<br \/>\nDie FDC-LED (Full Dissipated Chip LED)-Technologie erm\u00f6glicht hohe Helligkeit, geringen Stromverbrauch und niedrige Temperaturen.<br \/>\nDie in der Struktur des Beleuchtungsger\u00e4ts enthaltene Elektronik erm\u00f6glicht es, die Helligkeit auch bei gro\u00dfen Schwankungen der Eingangsspannung konstant zu halten.\n<p>Die EL-Serie nutzt die Elektrolumineszenz-Technologie, die es erm\u00f6glicht, flexible Beleuchtungen mit einer Dicke von nur 0,3 mm zu produzieren.<\/p>\n<p>Auf Anfrage entwerfen und fertigen wir Beleuchtungen nach Ma\u00df.<\/p>\n<h4>\n\t\t<a href=\"https:\/\/vea.it\/illuminatori-lec-c\/\" title=\"LEC-C modular - &lt;b&gt;&lt;i&gt;BRANDNEU&lt;\/b&gt;&lt;\/i&gt;\" target=\"_self\" rel=\"noopener\">\n\t\tModulare LEC-C - <b><i>BRANDNEU<\/i><\/b>\n\t\t<\/a>\n\t<\/h4>\n\t<p><strong>Typologie<\/strong>:<\/p>\n<ul>\n<li>mehrwinklige Beleuchtung<\/li>\n<li>direkte Beleuchtung<\/li>\n<li>Koaxiale Beleuchtung<\/li>\n<li>Zirkul\u00e4rer niedriger Winkel<\/li>\n<li>Kuppel<\/li>\n<li>konzentrische Beleuchtung<\/li>\n<li>Leichtgewicht f\u00fcr Roboter-Handgelenk-Vision<\/li>\n<li>integrierte Stabilisierungselektronik<\/li>\n<\/ul>\n<h2>gro\u00dfe Kombinationsm\u00f6glichkeiten zur L\u00f6sung komplexer Beleuchtungsprobleme<\/h2>\n<h4>\n\t\t<a href=\"https:\/\/vea.it\/illuminatori-lef-c-e-ler-c\/\" title=\"LEF-C gro\u00dfformatig\" target=\"_self\" rel=\"noopener\">\n\t\tLEF-C gro\u00dfformatig\n\t\t<\/a>\n\t<\/h4>\n\t<p><strong>Typologie:<\/strong><\/p>\n<ul>\n<li>direktes diffuses Licht<\/li>\n<li>Koaxiale Beleuchtung<\/li>\n<li>Roboterf\u00fchrung<\/li>\n<\/ul>\n<h4>\n\t\t<a href=\"https:\/\/vea.it\/illuminatori-elettroluminescenti\/\" title=\"EL-Elektrolumineszenz\" target=\"_self\" rel=\"noopener\">\n\t\tEL-Elektrolumineszenz\n\t\t<\/a>\n\t<\/h4>\n\t<p><strong>Typologie:<\/strong><\/p>\n<ul>\n<li>Elektrolumineszenz-Folien<\/li>\n<li>Hintergrundbeleuchtung<\/li>\n<li>diffuses Licht<\/li>\n<li>Spezial-Beleuchtung<\/li>\n<\/ul>\n<h4>\n\t\t<a href=\"https:\/\/vea.it\/illuminatori-lineari-per-sistemi-di-visione\/\" title=\"UEG linear\" target=\"_self\" rel=\"noopener\">\n\t\tUEG linear\n\t\t<\/a>\n\t<\/h4>\n\t<p><strong>Typologie<\/strong>:<\/p>\n<ul>\n<li>direkte Beleuchtung<\/li>\n<li>Spot-Beleuchtung<\/li>\n<li>streifendes Licht<\/li>\n<\/ul>\n<h4>\n\t\t<a href=\"https:\/\/vea.it\/illuminatori-lef-c-e-ler-c\/\" title=\"LER-C gro\u00dfformatig\" target=\"_self\" rel=\"noopener\">\n\t\tLER-C gro\u00dfformatig\n\t\t<\/a>\n\t<\/h4>\n\t<p><strong>Typologie:<\/strong><\/p>\n<ul>\n<li>Hintergrundbeleuchtung<\/li>\n<li>indirektes diffuses Licht<\/li>\n<\/ul>\n<h4>\n\t\tTelezentrische LEPs\n\t<\/h4>\n\t<p><strong>Typologie:<\/strong><\/p>\n<ul>\n<li>Hintergrundbeleuchtung f\u00fcr die Metrologie<\/li>\n<li>Spot-Beleuchtung f\u00fcr die Metrologie<\/li>\n<\/ul>\n<h4>\n\t\tLEM-Marker\n\t<\/h4>\n\t<p><strong>Typologie<\/strong>:<\/p>\n<ul>\n<li>Metrologie-kodierte Marker f\u00fcr weite R\u00e4ume<\/li>\n<\/ul>\n<h4>\n\t\tLER-S Spezial \/ LEF-Spot\n\t<\/h4>\n\t<p><strong>Typologie:<\/strong><\/p>\n<ul>\n<li>Hintergrundbeleuchtung<\/li>\n<li>indirekte Beleuchtung<\/li>\n<li>Spot-Beleuchtung<\/li>\n<\/ul>\n<h4>\n\t\tLEC-80 koaxial\n\t<\/h4>\n\t<p><strong>Typologie:<\/strong><\/p>\n<ul>\n<li>direkte Beleuchtung<\/li>\n<li>Koaxiale Beleuchtung<\/li>\n<\/ul>","protected":false},"excerpt":{"rendered":"<p>Direct LEC-C modular LEF-C large LEC-80 distant Angled LEC-C modular LEL linear LER-S special Spot LEL linear LEF spot LEM marker LER-S special Dome LEC-C modular EL electrolum. Hintergrundbeleuchtung EL electrolum. LER-C large LER-S special LEP telecentric ARTIFICIAL VISION ILLUMINATORS Modularit\u00e4t, Funktionalit\u00e4t und Technologie waren schon immer ein Vorrecht von VEA Beleuchtungen.<\/p>\n<p class=\"read-more\"> <a class=\"ast-button\" href=\"https:\/\/vea.it\/de\/illuminatoren\/\"> <span class=\"screen-reader-text\">Beleuchter<\/span> Lesen Sie mehr \"<\/a><\/p>","protected":false},"author":2,"featured_media":0,"parent":0,"menu_order":0,"comment_status":"closed","ping_status":"closed","template":"","meta":{"site-sidebar-layout":"no-sidebar","site-content-layout":"page-builder","ast-global-header-display":"","ast-main-header-display":"","ast-hfb-above-header-display":"","ast-hfb-below-header-display":"","ast-hfb-mobile-header-display":"","site-post-title":"disabled","ast-breadcrumbs-content":"","ast-featured-img":"disabled","footer-sml-layout":"","theme-transparent-header-meta":"default","adv-header-id-meta":"","stick-header-meta":"default","header-above-stick-meta":"","header-main-stick-meta":"","header-below-stick-meta":"","footnotes":""},"_links":{"self":[{"href":"https:\/\/vea.it\/de\/wp-json\/wp\/v2\/pages\/1213"}],"collection":[{"href":"https:\/\/vea.it\/de\/wp-json\/wp\/v2\/pages"}],"about":[{"href":"https:\/\/vea.it\/de\/wp-json\/wp\/v2\/types\/page"}],"author":[{"embeddable":true,"href":"https:\/\/vea.it\/de\/wp-json\/wp\/v2\/users\/2"}],"replies":[{"embeddable":true,"href":"https:\/\/vea.it\/de\/wp-json\/wp\/v2\/comments?post=1213"}],"version-history":[{"count":5,"href":"https:\/\/vea.it\/de\/wp-json\/wp\/v2\/pages\/1213\/revisions"}],"predecessor-version":[{"id":3266,"href":"https:\/\/vea.it\/de\/wp-json\/wp\/v2\/pages\/1213\/revisions\/3266"}],"wp:attachment":[{"href":"https:\/\/vea.it\/de\/wp-json\/wp\/v2\/media?parent=1213"}],"curies":[{"name":"wp","href":"https:\/\/api.w.org\/{rel}","templated":true}]}}