{"id":1020,"date":"2020-01-16T17:11:27","date_gmt":"2020-01-16T17:11:27","guid":{"rendered":"https:\/\/vea.it\/?page_id=1020"},"modified":"2020-12-23T16:45:22","modified_gmt":"2020-12-23T16:45:22","slug":"case-study","status":"publish","type":"page","link":"https:\/\/vea.it\/de\/fallstudie\/","title":{"rendered":"FALLSTUDIE"},"content":{"rendered":"<h1>\n\t\tL\u00d6SUNGEN\n\t<\/h1>\n<h2>\n\t\tANWENDUNG VON VEA-L\u00d6SUNGEN\n\t<\/h2>\n\t<p>Wir stellen hier eine Reihe von Fallstudien vor, die Folgendes beschreiben sollen <strong>welche Vorteile unsere Kunden durch die \u00dcbernahme der von der VEA vorgeschlagenen L\u00f6sungen hatten<\/strong>. Im Allgemeinen ist die <strong>Bildverarbeitungssysteme<\/strong> ma\u00dfgeschneidert erlaubt <strong>niedrigere Kosten<\/strong> in der Lage sein, w\u00e4hrend der Produktionsphase direkt in die Teile einzugreifen. Nach dem gleichen Prinzip, nat\u00fcrlich auch <strong>die Zeiten werden k\u00fcrzer<\/strong> und die Systeme lassen sich leicht von einem einzigen Panel aus verwalten.<\/p>\n<p>Die Anwendung von <strong>Kontrollk\u00e4stchen<\/strong> hat die gleichen Vorteile und es gibt Modelle, die f\u00fcr unterschiedliche Anwendungen konzipiert sind. Es ist m\u00f6glich, Oberfl\u00e4chenanalysen, mikrometrische Messungen, Qualit\u00e4tskontrolle und Data-Matrix-Lesen durchzuf\u00fchren.<\/p>\n<p>Selbst die <strong>Zubeh\u00f6r<\/strong> sind Gegenstand unserer Fallstudien, die wir nach Themen und nicht nach Produkten unterteilt haben. <strong>Ma\u00dfnahme<\/strong>, <strong>Steuerung<\/strong> <strong>Qualit\u00e4t<\/strong>,<strong> Roboterf\u00fchrung<\/strong>, <strong>Automatische Sortierung<\/strong>, <strong>Korrekte Montage<\/strong>, <strong>Analyse der Oberfl\u00e4che<\/strong>, <strong>OCR - OCV - Datenmatrix<\/strong>. Wir machen all diese Aktionen automatisch und leicht handhabbar. Dar\u00fcber hinaus bietet jedes System oder Bildverarbeitungssystem zus\u00e4tzlich zum Entwurf eine angemessene Schulung, um seine Nutzung zu optimieren.<\/p>\n<p>Vea hat mehr als <strong>700 Bildverarbeitungssysteme installiert<\/strong> und mehr als <strong>250 integrierte Bildverarbeitungssysteme gebaut<\/strong>. Das VEA-Systemintegrationsnetzwerk bietet in Italien und weltweit Unterst\u00fctzung und garantiert auch bei komplexen Anwendungen leistungsstarke Bildverarbeitungssysteme. Das Anlagenintegrationsnetzwerk VEA realisiert Automatisierungs- und Steuerungssysteme unterschiedlicher Art auch ohne k\u00fcnstliche Bildverarbeitungssysteme.<\/p>\n<p><a href=\"https:\/\/vea.it\/contatti\/\"><strong>Kontaktieren Sie uns unter<\/strong> <\/a>um Informationen \u00fcber die Systeme zu erhalten oder um Teil unseres Integrationsnetzes zu werden.<\/p>\n\t\t\t\t<img decoding=\"async\" loading=\"lazy\" src=\"https:\/\/vea.it\/wp-content\/uploads\/bb-plugin\/cache\/checkbox_dettaglio3-landscape.jpg\" alt=\"Roboterf\u00fchrung\" itemprop=\"image\" height=\"1440\" width=\"1920\" title=\"OLYMPUS-DIGITALKAMERA\" onerror=\"this.style.display='none'\">\n<h4>MASSNAHME<\/h4>\t\t\n\t\t\t\t<img decoding=\"async\" loading=\"lazy\" src=\"https:\/\/vea.it\/wp-content\/uploads\/bb-plugin\/cache\/checkbox_dettaglio3-landscape.jpg\" alt=\"Roboterf\u00fchrung\" itemprop=\"image\" height=\"1440\" width=\"1920\" title=\"OLYMPUS-DIGITALKAMERA\" onerror=\"this.style.display='none'\">\n<h4>QUALIT\u00c4TSKONTROLLE<\/h4>\t\t\n\t\t\t\t<img decoding=\"async\" loading=\"lazy\" src=\"https:\/\/vea.it\/wp-content\/uploads\/bb-plugin\/cache\/checkbox_dettaglio3-landscape.jpg\" alt=\"Roboterf\u00fchrung\" itemprop=\"image\" height=\"1440\" width=\"1920\" title=\"OLYMPUS-DIGITALKAMERA\" onerror=\"this.style.display='none'\">\n<h4>ROBOTERFAHREN<\/h4>\t\t\n\t\t\t\t<img decoding=\"async\" loading=\"lazy\" src=\"https:\/\/vea.it\/wp-content\/uploads\/bb-plugin\/cache\/checkbox_dettaglio3-landscape.jpg\" alt=\"Roboterf\u00fchrung\" itemprop=\"image\" height=\"1440\" width=\"1920\" title=\"OLYMPUS-DIGITALKAMERA\" onerror=\"this.style.display='none'\">\n<h4>AUTOMATISCHE SORTIERUNG<\/h4>\t\t\n\t\t\t\t<img decoding=\"async\" loading=\"lazy\" src=\"https:\/\/vea.it\/wp-content\/uploads\/bb-plugin\/cache\/checkbox_dettaglio3-landscape.jpg\" alt=\"Roboterf\u00fchrung\" itemprop=\"image\" height=\"1440\" width=\"1920\" title=\"OLYMPUS-DIGITALKAMERA\" onerror=\"this.style.display='none'\">\n<h4>ORDNUNGSGEM\u00c4\u00dfE MONTAGE<\/h4>\t\t\n\t\t\t\t<img decoding=\"async\" loading=\"lazy\" src=\"https:\/\/vea.it\/wp-content\/uploads\/bb-plugin\/cache\/checkbox_dettaglio3-landscape.jpg\" alt=\"Roboterf\u00fchrung\" itemprop=\"image\" height=\"1440\" width=\"1920\" title=\"OLYMPUS-DIGITALKAMERA\" onerror=\"this.style.display='none'\">\n<h4>OBERFL\u00c4CHENANALYSE<\/h4>\t\t\n\t\t\t\t<img decoding=\"async\" loading=\"lazy\" src=\"https:\/\/vea.it\/wp-content\/uploads\/bb-plugin\/cache\/checkbox_dettaglio3-landscape.jpg\" alt=\"Roboterf\u00fchrung\" itemprop=\"image\" height=\"1440\" width=\"1920\" title=\"OLYMPUS-DIGITALKAMERA\" onerror=\"this.style.display='none'\">\n<h4>OCR - OCV-DATENMATRIX<\/h4>","protected":false},"excerpt":{"rendered":"<p>L\u00d6SUNGEN ANWENDUNG VON VEA-L\u00d6SUNGEN Wir stellen hier eine Reihe von Fallstudien vor, um die Vorteile zu beschreiben, die unsere Kunden durch den Einsatz von VEA-L\u00f6sungen erzielt haben. Im Allgemeinen erm\u00f6glichen kundenspezifische Bildverarbeitungssysteme eine Kostensenkung, da sie direkt w\u00e4hrend der Produktion in die Teile eingreifen k\u00f6nnen. Nach dem gleichen Prinzip nat\u00fcrlich ...<\/p>\n<p class=\"read-more\"> <a class=\"ast-button\" href=\"https:\/\/vea.it\/de\/fallstudie\/\"> <span class=\"screen-reader-text\">FALLSTUDIE<\/span> Lesen Sie mehr \"<\/a><\/p>","protected":false},"author":1,"featured_media":0,"parent":0,"menu_order":0,"comment_status":"closed","ping_status":"closed","template":"","meta":{"site-sidebar-layout":"no-sidebar","site-content-layout":"page-builder","ast-global-header-display":"","ast-main-header-display":"","ast-hfb-above-header-display":"","ast-hfb-below-header-display":"","ast-hfb-mobile-header-display":"","site-post-title":"disabled","ast-breadcrumbs-content":"","ast-featured-img":"disabled","footer-sml-layout":"","theme-transparent-header-meta":"default","adv-header-id-meta":"","stick-header-meta":"default","header-above-stick-meta":"","header-main-stick-meta":"","header-below-stick-meta":"","footnotes":""},"_links":{"self":[{"href":"https:\/\/vea.it\/de\/wp-json\/wp\/v2\/pages\/1020"}],"collection":[{"href":"https:\/\/vea.it\/de\/wp-json\/wp\/v2\/pages"}],"about":[{"href":"https:\/\/vea.it\/de\/wp-json\/wp\/v2\/types\/page"}],"author":[{"embeddable":true,"href":"https:\/\/vea.it\/de\/wp-json\/wp\/v2\/users\/1"}],"replies":[{"embeddable":true,"href":"https:\/\/vea.it\/de\/wp-json\/wp\/v2\/comments?post=1020"}],"version-history":[{"count":0,"href":"https:\/\/vea.it\/de\/wp-json\/wp\/v2\/pages\/1020\/revisions"}],"wp:attachment":[{"href":"https:\/\/vea.it\/de\/wp-json\/wp\/v2\/media?parent=1020"}],"curies":[{"name":"wp","href":"https:\/\/api.w.org\/{rel}","templated":true}]}}