{"id":1013,"date":"2020-01-16T17:04:00","date_gmt":"2020-01-16T17:04:00","guid":{"rendered":"https:\/\/vea.it\/?page_id=1013"},"modified":"2023-06-12T16:07:33","modified_gmt":"2023-06-12T16:07:33","slug":"prodotti","status":"publish","type":"page","link":"https:\/\/vea.it\/de\/produkte\/","title":{"rendered":"PRODUKTE"},"content":{"rendered":"<h1>\n\t\tPRODUKTE\n\t<\/h1>\n<h2>\n\t\tDIE PRODUKTE DER VEA \n\t<\/h2>\n\t\t\t\t<a href=\"https:\/\/vea.it\/checkbox\/\" target=\"_self\" itemprop=\"url\" rel=\"noopener\">\n\t\t\t\t<img decoding=\"async\" src=\"https:\/\/vea.it\/wp-content\/uploads\/bb-plugin\/cache\/checkbox_dettaglio5-panorama-8f29030194ca30164166b25ee2ee3f28-.jpg\" alt=\"Metrotronik\" itemprop=\"image\" title=\"Ankreuzfeld_Einzelhandel5\" onerror=\"this.style.display='none'\"  \/>\n\t\t\t\t<\/a>\n<h3><a href=\"https:\/\/vea.it\/checkbox\/\" target=\"_self\" rel=\"noopener\">CHECKBOX<\/a><\/h3>\t\t\n\t\t\t\t<a href=\"https:\/\/vea.it\/sistemi-di-visione\/\" target=\"_self\" itemprop=\"url\" rel=\"noopener\">\n\t\t\t\t<img decoding=\"async\" loading=\"lazy\" src=\"https:\/\/vea.it\/wp-content\/uploads\/bb-plugin\/cache\/Xsli-hus-ind-17-scaled-panorama-ed7d74e000ccb06a785324dc7743d0f3-.jpg\" alt=\"Integriertes Bildverarbeitungssystem\" itemprop=\"image\" height=\"1031\" width=\"1920\" title=\"Xsli-hus-ind-17\" onerror=\"this.style.display='none'\"  \/>\n\t\t\t\t<\/a>\n<h3><a href=\"https:\/\/vea.it\/sistemi-di-visione\/\" target=\"_self\" rel=\"noopener\">VISIONSSYSTEME<\/a><\/h3>\t\t\n\t\t\t\t<a href=\"https:\/\/vea.it\/micrometri\/\" target=\"_self\" itemprop=\"url\" rel=\"noopener\">\n\t\t\t\t<img decoding=\"async\" src=\"https:\/\/vea.it\/wp-content\/uploads\/bb-plugin\/cache\/micrometri_1-1-panorama-48002c4e63edafa69d40acb44b583bca-.jpg\" alt=\"Mikrometer\" itemprop=\"image\" title=\"Mikrometer 1\" onerror=\"this.style.display='none'\"  \/>\n\t\t\t\t<\/a>\n<h3><a href=\"https:\/\/vea.it\/micrometri\/\" target=\"_self\" rel=\"noopener\">OPTISCHE MIKROMETER<\/a><\/h3>\t\t\n\t\t\t\t<a href=\"https:\/\/vea.it\/altro\/\" target=\"_self\" itemprop=\"url\" rel=\"noopener\">\n\t\t\t\t<img decoding=\"async\" src=\"https:\/\/vea.it\/wp-content\/uploads\/bb-plugin\/cache\/micrometri_lenti_1-panorama-a167c7b1f1a13d121d91e8bf500318ce-.jpg\" alt=\"Optische Gruppen\" itemprop=\"image\" title=\"Mikrometer_Linsen_1\" onerror=\"this.style.display='none'\"  \/>\n\t\t\t\t<\/a>\n<h3><a href=\"https:\/\/vea.it\/altro\/\" target=\"_self\" rel=\"noopener\">SONSTIGES<\/a><\/h3>\t\t\n\t<p>Die Produkte von Vea sind das Ergebnis einer jahrelangen Entwicklung auf dem Gebiet der <strong>Bildverarbeitung<\/strong>. Unsere Bildverarbeitungssysteme k\u00f6nnen kundenspezifisch gestaltet werden und je nach Bedarf in verschiedenen Formaten geliefert werden. Dar\u00fcber hinaus kann jede Komponente einzeln verkauft werden.<\/p>\n<p>Hier sind einige m\u00f6gliche Anwendungen mit unseren Produkten:<\/p>\n<ul>\n<li><strong>Kontrollk\u00e4stchensysteme f\u00fcr Qualit\u00e4tskontrolle und Messung<\/strong><br \/>\nsind die Produkte der VEA-Reihe, die auf einfache und vielseitige Weise Qualit\u00e4tskontrollen durchf\u00fchren; sie umfassen Oberfl\u00e4chenanalyse, Montagekontrolle, Roboterf\u00fchrung, Zeichenkontrolle, Dimensionsmessung, Rissanalyse, Markierung und automatische Verpackung.<\/li>\n<li><strong>Industrielle Bildverarbeitungssysteme<\/strong><br \/>\nIVIS C1-Bildverarbeitungssysteme sind in drei vollst\u00e4ndig skalierbare Produktlinien unterteilt und in Hunderten von Kombinationen erh\u00e4ltlich.<\/li>\n<li><strong>Optische Mikrometer<\/strong><br \/>\nMit den optischen VEA-Mikrometern k\u00f6nnen mikrometrische Messungen mit sehr hoher Wiederholbarkeit bei gleichzeitiger Qualit\u00e4tskontrolle durchgef\u00fchrt werden.<\/li>\n<li><strong>Optik<\/strong><br \/>\nIndustrielle Bildverarbeitungsobjektive mit geringer chromatischer Aberration f\u00fcr nfx-Kameras bis zu 10 Mpx<br \/>\nTelezentrische, bi-telezentrische, perizentrische, infrarote und ultraviolette Optik.<\/li>\n<li><strong>Zubeh\u00f6r<\/strong><br \/>\nLasermarkierer, spezielle Kamerakabel, hochflexible Kabel f\u00fcr die Robotik, modulare IP68-Industriekamerageh\u00e4use, Montages\u00e4tze f\u00fcr Kameras und Beleuchtungen, Kamera + Beleuchtungssatz f\u00fcr die Roboterf\u00fchrung, Kalibrierkit f\u00fcr die Roboterf\u00fchrung, kalibrierte Strukturen f\u00fcr die stereoskopische 3D-Vision<\/li>\n<li><strong>E\/A-Module<\/strong><br \/>\nHCE-IOV-103 IRUINO ist ein industrielles optoisoliertes DIN-Schienen-E\/A-Modul, das \u00fcber einen USB-Port an einen PC angeschlossen werden kann. Das Modul erf\u00fcllt auch die Funktionen eines Hardware-Schl\u00fcssels mit programmierbaren Codes und eines Strobe-Steuerungsmoduls f\u00fcr LED-Lampen.<\/li>\n<li><strong>Beleuchtungsk\u00f6rper f\u00fcr k\u00fcnstliches Sehen<\/strong><br \/>\nUnsere Erfahrung auf dem Gebiet der industriellen Bildverarbeitung hat uns dazu gebracht, Beleuchtungen zu produzieren, die das Bildverarbeitungssystem noch zuverl\u00e4ssiger machen. VEA untersucht und realisiert hochzuverl\u00e4ssige, ma\u00dfgeschneiderte L\u00f6sungen auch im industriellen Umfeld.<\/li>\n<li><strong>Kameras<\/strong><br \/>\nVEA bietet eine Reihe innovativer Kameras an, die speziell f\u00fcr das industrielle Umfeld und die industrielle Bildverarbeitung entwickelt wurden. Der Aufbau ist so konzipiert, dass die Leistung von Roboterf\u00fchrungen und Messsystemen optimiert wird.<\/li>\n<\/ul>\n<p>Das VEA-Systemintegrationsnetzwerk gew\u00e4hrleistet <strong>Unterst\u00fctzung in Italien und weltweit<\/strong> Gew\u00e4hrleistung hochleistungsf\u00e4higer Bildverarbeitungssysteme auch bei komplexen Anwendungen<\/p>","protected":false},"excerpt":{"rendered":"<p>PRODUKTE VEA CHECKBOX VISION SYSTEME MIKROMETER OPTISCH SONSTIGE PRODUKTE Vea-Produkte sind das Ergebnis jahrelanger Entwicklung im Bereich der industriellen Bildverarbeitung. Unsere Bildverarbeitungssysteme k\u00f6nnen kundenspezifisch gestaltet werden und existieren in verschiedenen Formaten, je nach Ihren Anforderungen. Dar\u00fcber hinaus kann jede Komponente einzeln verkauft werden. Von ...<\/p>\n<p class=\"read-more\"> <a class=\"ast-button\" href=\"https:\/\/vea.it\/de\/produkte\/\"> <span class=\"screen-reader-text\">PRODUKTE<\/span> Lesen Sie mehr \"<\/a><\/p>","protected":false},"author":1,"featured_media":0,"parent":0,"menu_order":0,"comment_status":"closed","ping_status":"closed","template":"","meta":{"site-sidebar-layout":"no-sidebar","site-content-layout":"page-builder","ast-global-header-display":"","ast-main-header-display":"","ast-hfb-above-header-display":"","ast-hfb-below-header-display":"","ast-hfb-mobile-header-display":"","site-post-title":"disabled","ast-breadcrumbs-content":"","ast-featured-img":"disabled","footer-sml-layout":"","theme-transparent-header-meta":"default","adv-header-id-meta":"","stick-header-meta":"default","header-above-stick-meta":"","header-main-stick-meta":"","header-below-stick-meta":"","footnotes":""},"_links":{"self":[{"href":"https:\/\/vea.it\/de\/wp-json\/wp\/v2\/pages\/1013"}],"collection":[{"href":"https:\/\/vea.it\/de\/wp-json\/wp\/v2\/pages"}],"about":[{"href":"https:\/\/vea.it\/de\/wp-json\/wp\/v2\/types\/page"}],"author":[{"embeddable":true,"href":"https:\/\/vea.it\/de\/wp-json\/wp\/v2\/users\/1"}],"replies":[{"embeddable":true,"href":"https:\/\/vea.it\/de\/wp-json\/wp\/v2\/comments?post=1013"}],"version-history":[{"count":2,"href":"https:\/\/vea.it\/de\/wp-json\/wp\/v2\/pages\/1013\/revisions"}],"predecessor-version":[{"id":3375,"href":"https:\/\/vea.it\/de\/wp-json\/wp\/v2\/pages\/1013\/revisions\/3375"}],"wp:attachment":[{"href":"https:\/\/vea.it\/de\/wp-json\/wp\/v2\/media?parent=1013"}],"curies":[{"name":"wp","href":"https:\/\/api.w.org\/{rel}","templated":true}]}}